{"id":56,"date":"2024-06-23T15:33:26","date_gmt":"2024-06-23T19:33:26","guid":{"rendered":"https:\/\/tebl.education\/?page_id=56"},"modified":"2024-06-25T09:52:33","modified_gmt":"2024-06-25T13:52:33","slug":"teach-english-accounting-language","status":"publish","type":"page","link":"https:\/\/tebl.education\/bs\/poducava-engleski-racunovodstveni-jezik\/","title":{"rendered":"U\u010dite engleski ra\u010dunovodstveni jezik"},"content":{"rendered":"<p><\/p>\n\n\n\n<h1 class=\"wp-block-heading\"><a>Poglavlje 4: Ovladavanje jezikom ra\u010dunovodstva putem TEBL-a za budu\u0107e MBA studente<\/a><\/h1>\n\n\n\n<h2 class=\"wp-block-heading\"><a>Uvod u ra\u010dunovodstveni jezik u poslovnim kontekstima<\/a><\/h2>\n\n\n\n<p>Nastavljaju\u0107i va\u0161e pripremno putovanje sa podu\u010davanjem engleskog kao poslovnog jezika (TEBL), ovo poglavlje uranja u osnove ra\u010dunovodstvenog jezika \u2013 kamen temeljac za razumijevanje poslovnih operacija i finansijskog upravljanja. Kako se pribli\u017eavate svojim MBA studijama, poznavanje ra\u010dunovodstvene terminologije i koncepata je od su\u0161tinskog zna\u010daja, ne samo za akademski uspjeh ve\u0107 i za prakti\u010dnu primjenu u bilo kojoj poslovnoj ulozi.<\/p>\n\n\n\n<h2 class=\"wp-block-heading\"><a>Razumijevanje osnova ra\u010dunovodstva<\/a><\/h2>\n\n\n\n<h3 class=\"wp-block-heading\"><a>Uloga ra\u010dunovodstva u poslovanju<\/a><\/h3>\n\n\n\n<p>Ra\u010dunovodstvo se \u010desto naziva \u201ejezikom poslovanja\u201c jer pru\u017ea klju\u010dne informacije o finansijskim transakcijama, imovini, obavezama i jo\u0161 mnogo toga, \u0161to je klju\u010dno za dono\u0161enje odluka. Kroz TEBL \u0107ete nau\u010diti kako efikasno artikulirati ove koncepte na engleskom jeziku, pripremaju\u0107i vas za diskusije, izvje\u0161taje i analize s kojima \u0107ete se susresti u poslovnoj \u0161koli.<\/p>\n\n\n\n<h3 class=\"wp-block-heading\"><a>TEBL-ov pristup ra\u010dunovodstvenom jeziku<\/a><\/h3>\n\n\n\n<p>TEBL pobolj\u0161ava va\u0161e razumijevanje ra\u010dunovodstva integracijom u\u010denja jezika s prakti\u010dnim ra\u010dunovodstvenim vje\u017ebama, osiguravaju\u0107i da se mo\u017eete pouzdano kretati kroz slo\u017eenost finansijskih izvje\u0161taja, knjigovodstvenih praksi i standarda uskla\u0111enosti.<\/p>\n\n\n\n<h2 class=\"wp-block-heading\"><a>TEBL metodologija za ovladavanje ra\u010dunovodstvenim jezikom<\/a><\/h2>\n\n\n\n<h3 class=\"wp-block-heading\"><a>Sadr\u017eaj i struktura predmeta<\/a><\/h3>\n\n\n\n<p>Nastavni plan i program je pa\u017eljivo osmi\u0161ljen da pokrije:<\/p>\n\n\n\n<ul class=\"wp-block-list\">\n<li><strong>Klju\u010dni ra\u010dunovodstveni principi<\/strong>: Razumijevanje Op\u0107eprihva\u0107enih ra\u010dunovodstvenih principa (GAAP) i kako oni usmjeravaju finansijsko izvje\u0161tavanje.<\/li>\n\n\n\n<li><strong>Finansijski izvje\u0161taji<\/strong>: U\u010denje \u010ditanja i tuma\u010denja bilansa stanja, bilansa uspjeha, izvje\u0161taja o nov\u010danim tokovima i izvje\u0161taja o zadr\u017eanoj dobiti.<\/li>\n\n\n\n<li><strong>Knjigovodstvene tehnike<\/strong>: Razlikovanje jednostrukog i dvostrukog knjigovodstva i razumijevanje njihove primjene.<\/li>\n<\/ul>\n\n\n\n<h3 class=\"wp-block-heading\"><a>Ciljevi u\u010denja<\/a><\/h3>\n\n\n\n<p>Do kraja ovog poglavlja trebali biste biti u mogu\u0107nosti:<\/p>\n\n\n\n<ul class=\"wp-block-list\">\n<li>Razgovarajte o principima finansijskog ra\u010dunovodstva i menad\u017eerskog ra\u010dunovodstva.<\/li>\n\n\n\n<li>Pripremite osnovne finansijske izvje\u0161taje i objasnite njihove komponente.<\/li>\n\n\n\n<li>Primijeniti ra\u010dunovodstvenu terminologiju u kreiranju i analizi finansijskih izvje\u0161taja.<\/li>\n<\/ul>\n\n\n\n<h2 class=\"wp-block-heading\"><a>Pro\u0161irivanje vokabulara: Klju\u010dni ra\u010dunovodstveni pojmovi<\/a><\/h2>\n\n\n\n<p>Bitan dio savladavanja ra\u010dunovodstvenog jezika je upoznavanje sa vokabularom koji se svakodnevno koristi u finansijskim odjelima i diskusijama.<\/p>\n\n\n\n<h3 class=\"wp-block-heading\"><a>Klju\u010dne teme vokabulara uklju\u010duju:<\/a><\/h3>\n\n\n\n<ul class=\"wp-block-list\">\n<li><strong>Imovina i obaveze<\/strong>: Razumjeti \u0161ta \u010dini imovinu i obaveze kompanije i kako se o njima izvje\u0161tava.<\/li>\n\n\n\n<li><strong>Equity<\/strong>: Saznajte vi\u0161e o razli\u010ditim oblicima kapitala, uklju\u010duju\u0107i obi\u010dne dionice, zadr\u017eanu dobit i kako oni uti\u010du na bilans stanja kompanije.<\/li>\n\n\n\n<li><strong>Prihodi i rashodi<\/strong>: Istra\u017eite kako kompanije bilje\u017ee i upravljaju prihodima i rashodima, utje\u010du\u0107i na neto prihod.<\/li>\n<\/ul>\n\n\n\n<h2 class=\"wp-block-heading\"><a>Interaktivno u\u010denje kroz TEBL<\/a><\/h2>\n\n\n\n<h3 class=\"wp-block-heading\"><a>Prakti\u010dne ra\u010dunovodstvene vje\u017ebe<\/a><\/h3>\n\n\n\n<p>Uklju\u010dite se u vje\u017ebe koje uklju\u010duju unose u dnevnik, odr\u017eavanje glavne knjige i pripremu finansijskih izvje\u0161taja. Ove vje\u017ebe vam poma\u017eu da svoje ra\u010dunovodstveno znanje primijenite u praksi, oja\u010davaju\u0107i vokabular i nau\u010dene koncepte.<\/p>\n\n\n\n<h3 class=\"wp-block-heading\"><a>Studije slu\u010daja<\/a><\/h3>\n\n\n\n<p>Analizirajte detaljne studije slu\u010daja koje predstavljaju ra\u010dunovodstvene scenarije iz stvarnog svijeta. Razgovarajte o donesenim finansijskim odlukama, primijenjenim standardima izvje\u0161tavanja i implikacijama tih odluka na poslovanje i uskla\u0111enost.<\/p>\n\n\n\n<h2 class=\"wp-block-heading\"><a>Primjena ra\u010dunovodstvenog jezika u MBA spremnosti<\/a><\/h2>\n\n\n\n<h3 class=\"wp-block-heading\"><a>Integracija ra\u010dunovodstvenih diskusija u MBA pripremu<\/a><\/h3>\n\n\n\n<p>Iskoristite ra\u010dunovodstvene vje\u0161tine razvijene kroz TEBL da biste bili izvrsni u svojim MBA studijama, posebno na kursevima vezanim za finansije i onima koji zahtijevaju dobro razumijevanje poslovnih operacija.<\/p>\n\n\n\n<h3 class=\"wp-block-heading\"><a>Strate\u0161ka primjena ra\u010dunovodstva u poslovnim odlukama<\/a><\/h3>\n\n\n\n<p>Nau\u010dite primijeniti ra\u010dunovodstvene informacije za formuliranje strate\u0161kih poslovnih odluka. Ovo uklju\u010duje bud\u017eetiranje, finansijsko predvi\u0111anje i investicionu analizu, \u0161to je sve klju\u010dno za efikasno upravljanje poslovanjem.<\/p>\n\n\n\n<h3 class=\"wp-block-heading\"><a>Napredna finansijska analiza i izvje\u0161tavanje sa TEBL-om<\/a><\/h3>\n\n\n\n<p>Nadovezuju\u0107i se na va\u0161e osnovno znanje, TEBL vas vodi kroz slo\u017eenije aspekte finansijske analize i izvje\u0161tavanja. Ovo napredno razumevanje je od vitalnog zna\u010daja za analizu performansi kompanije, dono\u0161enje odluka o ulaganju i davanje strate\u0161kih saveta.<\/p>\n\n\n\n<h4 class=\"wp-block-heading\">Detaljna analiza finansijskih izvje\u0161taja<\/h4>\n\n\n\n<p>Nau\u010dite da obavljate analizu omjera, analizu trendova i vertikalne i horizontalne analize finansijskih izvje\u0161taja. TEBL radionice \u0107e vam pru\u017eiti prakti\u010dne vje\u017ebe za savladavanje ovih analiza, koje su klju\u010dne za tuma\u010denje finansijskog zdravlja i operativne efikasnosti poslovanja.<\/p>\n\n\n\n<h4 class=\"wp-block-heading\">Tehnike predvi\u0111anja i bud\u017eetiranja<\/h4>\n\n\n\n<p>Predvi\u0111anje i bud\u017eetiranje su klju\u010dne vje\u0161tine za svakog poslovnog lidera. Kroz TEBL \u0107ete nau\u010diti kako projektirati budu\u0107e prihode i rashode i kako pripremiti bud\u017eete koji su u skladu sa strate\u0161kim poslovnim ciljevima. Ovaj odjeljak uklju\u010duje:<\/p>\n\n\n\n<ul class=\"wp-block-list\">\n<li><strong>Kapitalno bud\u017eetiranje<\/strong>: Razumjeti tehnike kao \u0161to su NPV (neto sada\u0161nja vrijednost) i IRR (interna stopa prinosa) za procjenu mogu\u0107nosti ulaganja.<\/li>\n\n\n\n<li><strong>Operativno bud\u017eetiranje<\/strong>: Nau\u010dite kako pripremiti operativne bud\u017eete koji odra\u017eavaju takti\u010dke ciljeve razli\u010ditih poslovnih jedinica.<\/li>\n<\/ul>\n\n\n\n<h3 class=\"wp-block-heading\"><a>Integracija ra\u010dunovodstva sa strate\u0161kim poslovnim planiranjem<\/a><\/h3>\n\n\n\n<p>TEBL osigurava da va\u0161e ra\u010dunovodstvene vje\u0161tine nisu samo teorijske, ve\u0107 i primjenjive na strate\u0161ko poslovno planiranje.<\/p>\n\n\n\n<h4 class=\"wp-block-heading\">Strate\u0161ko upravljanje tro\u0161kovima<\/h4>\n\n\n\n<p>Istra\u017eite koncept strate\u0161kog upravljanja tro\u0161kovima koji poma\u017ee u identifikaciji pokreta\u010da tro\u0161kova i implementaciji strategija kontrole tro\u0161kova koje pove\u0107avaju profitabilnost bez ugro\u017eavanja kvaliteta ili zadovoljstva kupaca.<\/p>\n\n\n\n<h4 class=\"wp-block-heading\">Mjerenje performansi<\/h4>\n\n\n\n<p>Nau\u010dite kako koristiti ra\u010dunovodstvene informacije za mjerenje u\u010dinka. Razumeti razli\u010dite alate za merenje performansi kao \u0161to su balansirani rezultati i ekonomska dodana vrednost (EVA) koji poma\u017eu u proceni operativne efikasnosti kompanije.<\/p>\n\n\n\n<h2 class=\"wp-block-heading\"><a>Projekti prakti\u010dne primjene u TEBL<\/a><\/h2>\n\n\n\n<p>TEBL uklju\u010duje glavne projekte koji zahtijevaju primjenu va\u0161eg ra\u010dunovodstvenog znanja na stvarne poslovne scenarije, osiguravaju\u0107i da mo\u017eete rukovati slo\u017eenim finansijskim podacima i efikasno doprinijeti raspravama o poslovnoj strategiji.<\/p>\n\n\n\n<h3 class=\"wp-block-heading\"><a>Simulacije finansijske revizije kompanije<\/a><\/h3>\n\n\n\n<p>U\u010destvujte u simulacijama koje opona\u0161aju finansijsku reviziju. Vje\u017ebat \u0107ete ispitivanje finansijskih zapisa, osiguravanje uskla\u0111enosti sa ra\u010dunovodstvenim standardima i izvje\u0161tavanje o nalazima kako biste simulirali odbore ili regulatorna tijela.<\/p>\n\n\n\n<h3 class=\"wp-block-heading\"><a>Finansijsko planiranje pro\u0161irenja poslovanja<\/a><\/h3>\n\n\n\n<p>Uklju\u010dite se u vje\u017ebe planiranja za hipoteti\u010dke scenarije pro\u0161irenja poslovanja. Ovi projekti vam poma\u017eu da primijenite tehnike bud\u017eetiranja i predvi\u0111anja kako biste utvrdili izvodljivost planova pro\u0161irenja poslovanja.<\/p>\n\n\n\n<h2 class=\"wp-block-heading\"><a>Priprema za eti\u010dko finansijsko upravljanje<\/a><\/h2>\n\n\n\n<p>Eti\u010dka razmatranja su klju\u010dna u ra\u010dunovodstvu. TEBL se bavi eti\u010dkim aspektima finansijskog izvje\u0161tavanja i upravljanja, pripremaju\u0107i vas za odgovorne liderske uloge.<\/p>\n\n\n\n<h3 class=\"wp-block-heading\"><a>Korporativno upravljanje i etika<\/a><\/h3>\n\n\n\n<p>Shvatite ulogu ra\u010dunovodstva u korporativnom upravljanju. Istra\u017eite teme poput prevencije prevara, eti\u010dkog izvje\u0161tavanja i odgovornosti finansijskih slu\u017ebenika kako biste osigurali transparentnost i integritet u finansijskim izvje\u0161tajima.<\/p>\n\n\n\n<h3 class=\"wp-block-heading\"><a>Uskla\u0111enost i regulatorni okviri<\/a><\/h3>\n\n\n\n<p>Saznajte vi\u0161e o razli\u010ditim pitanjima uskla\u0111enosti i regulatornim okvirima koji reguli\u0161u finansijsko izvje\u0161tavanje i revizorske prakse. Ovo znanje je od su\u0161tinskog zna\u010daja za snala\u017eenje u slo\u017eenosti finansijskih propisa u razli\u010ditim zemljama i industrijama.<\/p>\n\n\n\n<h3 class=\"wp-block-heading\"><a>Napredna integracija sa drugim poslovnim disciplinama putem TEBL-a<\/a><\/h3>\n\n\n\n<p>Nadovezuju\u0107i se na va\u0161u ra\u010dunovodstvenu stru\u010dnost, TEBL olak\u0161ava dublje razumijevanje na\u010dina na koji se ra\u010dunovodstvo neprimjetno integrira s drugim klju\u010dnim poslovnim disciplinama. Ovaj integrisani pristup je klju\u010dan za MBA studente koji te\u017ee liderskim ulogama koje zahtevaju holisti\u010dki pogled na poslovanje.<\/p>\n\n\n\n<h4 class=\"wp-block-heading\">Ra\u010dunovodstvo i korporativne finansije<\/h4>\n\n\n\n<p>Istra\u017eite ukr\u0161tanje ra\u010dunovodstva i korporativnih finansija, fokusiraju\u0107i se na to kako ra\u010dunovodstvene informacije uti\u010du na dono\u0161enje finansijskih odluka. Shvatite kako procijeniti finansijsko zdravlje putem bilansa stanja i bilansa uspjeha kako biste donijeli informirane odluke o investicijama, finansiranju i dividendi.<\/p>\n\n\n\n<h4 class=\"wp-block-heading\">Ra\u010dunovodstvo i upravljanje rizicima<\/h4>\n\n\n\n<p>Nau\u010dite kako ra\u010dunovodstvo igra klju\u010dnu ulogu u prepoznavanju, mjerenju i upravljanju rizikom. Prou\u010dite razli\u010dite modele procjene rizika i shvatite kako finansijski podaci mogu signalizirati potencijalne rizike i pru\u017eiti uvid u strategije ubla\u017eavanja rizika.<\/p>\n\n\n\n<h4 class=\"wp-block-heading\">Ra\u010dunovodstvo i poslovna strategija<\/h4>\n\n\n\n<p>Ispitajte kako su strate\u0161ke poslovne odluke utemeljene na \u010dvrstim ra\u010dunovodstvenim principima. Uklju\u010dite se u aktivnosti koje simuliraju strate\u0161ko planiranje, gdje \u0107ete koristiti ra\u010dunovodstvene podatke za predvi\u0111anje poslovnih scenarija, procjenu strate\u0161kih inicijativa i procjenu poslovnih performansi.<\/p>\n\n\n\n<h2 class=\"wp-block-heading\"><a>TEBL Facilitated Collaborative Projects<\/a><\/h2>\n\n\n\n<p>Kako bi dodatno u\u010dvrstio va\u0161e razumijevanje ra\u010dunovodstva u sveobuhvatnom poslovnom kontekstu, TEBL uvodi kolaborativne projekte koji uklju\u010duju me\u0111ufunkcionalne timove.<\/p>\n\n\n\n<h3 class=\"wp-block-heading\"><a>Me\u0111uresorne sjednice o finansijskoj strategiji<\/a><\/h3>\n\n\n\n<p>U\u010destvujte u radionicama na kojima se studenti razli\u010ditih poslovnih specijalizacija okupljaju kako bi osmislili sveobuhvatne poslovne strategije. Ove sesije vam poma\u017eu da shvatite ulogu ra\u010dunovodstvenih informacija u \u0161irem poslovnom planiranju i izvr\u0161enju.<\/p>\n\n\n\n<h3 class=\"wp-block-heading\"><a>Poslovne konsultacije u stvarnom svijetu<\/a><\/h3>\n\n\n\n<p>Uklju\u010dite se u konsultativne projekte sa stvarnim ili simuliranim preduze\u0107ima kako biste pru\u017eili ra\u010dunovodstvene i finansijske savjete. Ovi projekti vam poma\u017eu da svoje u\u010denje primijenite u stvarnim kontekstima, pripremaju\u0107i vas za konsultantske i savjetodavne uloge koje biste mogli preuzeti nakon MBA.<\/p>\n\n\n\n<h2 class=\"wp-block-heading\"><a>Priprema za globalne poslovne izazove<\/a><\/h2>\n\n\n\n<p>Globalizacija postavlja jedinstvene izazove i mogu\u0107nosti u oblasti ra\u010dunovodstva. TEBL vas priprema da upravljate njima sa kompetentno\u0161\u0107u i samopouzdanjem.<\/p>\n\n\n\n<h3 class=\"wp-block-heading\"><a>Me\u0111unarodni ra\u010dunovodstveni standardi<\/a><\/h3>\n\n\n\n<p>Steknite stru\u010dnost u me\u0111unarodnim standardima finansijskog izvje\u0161tavanja (MSFI) i kako se oni razlikuju od op\u0107enito prihva\u0107enih ra\u010dunovodstvenih principa (GAAP) koji se koriste u Sjedinjenim Dr\u017eavama. Razumijevanje ovih standarda je klju\u010dno za rad u ili sa multinacionalnim korporacijama.<\/p>\n\n\n\n<h3 class=\"wp-block-heading\"><a>Prekograni\u010dne finansijske transakcije<\/a><\/h3>\n\n\n\n<p>Saznajte vi\u0161e o finansijskim i poreznim implikacijama prekograni\u010dnih transakcija. Prou\u010dite efekte deviznih kurseva na finansijsko izvje\u0161tavanje i strategije koje kompanije koriste za za\u0161titu od valutnih rizika.<\/p>\n\n\n\n<h2 class=\"wp-block-heading\"><a>Zaklju\u010dak: Strate\u0161ko finansijsko vodstvo kroz TEBL<\/a><\/h2>\n\n\n\n<h3 class=\"wp-block-heading\">&nbsp;<\/h3>\n\n\n\n<h3 class=\"wp-block-heading\"><a>Priprema za nadolaze\u0107a poglavlja<\/a><\/h3>\n\n\n\n<p>Kako napredujete u sljede\u0107a poglavlja, o\u010dekujte izgradnju na ovoj osnovi s dubljim uvidom u finansije<strong> Jezik<\/strong>. TEBL \u0107e vas nastaviti voditi kroz ove napredne teme, osiguravaju\u0107i da se va\u0161e poslovne engleske i prakti\u010dne poslovne vje\u0161tine razvijaju u tandemu.<\/p>\n\n\n\n<h2 class=\"wp-block-heading\">&nbsp;<\/h2>\n\n\n\n<h2 class=\"wp-block-heading\"><a>Pojmovnik ra\u010dunovodstvenih rije\u010di u poslovanju<\/a><\/h2>\n\n\n\n<figure class=\"wp-block-table\"><table><thead><tr><td><strong>Termin<\/strong><\/td><td><strong>Opis<\/strong><\/td><\/tr><\/thead><tbody><tr><td>Imovina<\/td><td>Resursi koje kontroli\u0161e preduze\u0107e, za koje se o\u010dekuje da \u0107e doneti budu\u0107e ekonomske dobitke.<\/td><\/tr><tr><td>Bilansi stanja<\/td><td>Finansijski izvje\u0161taji koji pokazuju finansijski status firme u odre\u0111enom trenutku, sa detaljima o imovini, obavezama i kapitalu.<\/td><\/tr><tr><td>Knjigovodstvo<\/td><td>Sistematsko evidentiranje i organizovanje svih finansijskih transakcija u preduze\u0107u.<\/td><\/tr><tr><td>Bud\u017eetiranje<\/td><td>Proces predvi\u0111anja budu\u0107ih prihoda i alokacije sredstava na razli\u010dite tro\u0161kove.<\/td><\/tr><tr><td>Poslovna strategija<\/td><td>Strukturirani plan koji opisuje kako organizacija namjerava da koristi svoje resurse da postigne postavljene ciljeve i pobolj\u0161a svoju tr\u017ei\u0161nu poziciju.<\/td><\/tr><tr><td>Kapitalno bud\u017eetiranje<\/td><td>Procedura za planiranje i procjenu ulaganja u zna\u010dajna sredstva, kori\u0161tenjem metoda kao \u0161to su NPV i IRR.<\/td><\/tr><tr><td>Izvje\u0161taji o nov\u010danim tokovima<\/td><td>Izjave koje detaljno opisuju prilive i odlive gotovine preduze\u0107a, nagla\u0161avaju\u0107i njegove operacije, investicije i finansijske aktivnosti.<\/td><\/tr><tr><td>Uskla\u0111enost<\/td><td>\u010cin pridr\u017eavanja zakona, pravila, smjernica i standarda relevantnih za poslovanje.<\/td><\/tr><tr><td>korporativne finansije<\/td><td>Oblast finansija koja se bavi na\u010dinom na koji kompanije rukuju izvorima finansiranja, strukturiranjem kapitala i odlukama o investicijama.<\/td><\/tr><tr><td>Korporativno upravljanje<\/td><td>Okvir pravila, smjernica, praksi i procesa koji se koriste za usmjeravanje i kontrolu kompanije.<\/td><\/tr><tr><td>Upravljanje tro\u0161kovima<\/td><td>Strategija planiranja i kontrole bud\u017eeta organizacije, sa akcentom na tro\u0161kovnu efikasnost.<\/td><\/tr><tr><td>Dvostruko knjigovodstvo<\/td><td>Knjigovodstveni sistem u kojem svaka finansijska transakcija uklju\u010duje odgovaraju\u0107e i suprotne unose na dva razli\u010dita ra\u010duna.<\/td><\/tr><tr><td>Ekonomska dodana vrijednost (EVA)<\/td><td>Mera koja se koristi za merenje finansijskog u\u010dinka firme na osnovu preostalog bogatstva izra\u010dunatog oduzimanjem cene kapitala od njenog operativnog profita.<\/td><\/tr><tr><td>Equity<\/td><td>Vlasni\u010dka vrijednost u kompaniji, obi\u010dno predstavljena dionicama koje dr\u017ee dioni\u010dari.<\/td><\/tr><tr><td>Tro\u0161kovi<\/td><td>Tro\u0161kovi koje preduze\u0107e ima tokom svojih operativnih aktivnosti radi ostvarivanja prihoda.<\/td><\/tr><tr><td>Finansijsko ra\u010dunovodstvo<\/td><td>Domen ra\u010dunovodstva koji se fokusira na sumiranje, analizu i izvje\u0161tavanje o finansijskim transakcijama koje se odnose na poslovanje.<\/td><\/tr><tr><td>Finansijska analiza<\/td><td>Ispitivanje preduze\u0107a, projekata, bud\u017eeta i drugih finansijskih subjekata radi utvr\u0111ivanja investicione podobnosti.<\/td><\/tr><tr><td>Finansijska revizija<\/td><td>Inspekcija finansijskih izvje\u0161taja kompanije i povezanih objelodanjivanja od strane nezavisnog revizora.<\/td><\/tr><tr><td>Finansijsko predvi\u0111anje<\/td><td>Proces predvi\u0111anja budu\u0107ih finansijskih ishoda koriste\u0107i istorijske i trenutne podatke.<\/td><\/tr><tr><td>Finansijski menad\u017ement<\/td><td>Administrativne aktivnosti koje se odnose na planiranje, organizovanje, usmjeravanje i kontrolu finansijskih poduhvata u organizaciji.<\/td><\/tr><tr><td>Finansijsko izvje\u0161tavanje<\/td><td>Proces kreiranja dokumenata koji odra\u017eavaju finansijski status kompanije za zainteresovane strane kao \u0161to su menad\u017ement, investitori i regulatorna tela.<\/td><\/tr><tr><td>Finansijski izvje\u0161taji<\/td><td>Dokumenti koji evidentiraju finansijske aktivnosti i uslove poslovanja, pojedinca ili drugog subjekta.<\/td><\/tr><tr><td>GAAP (op\u0107eprihva\u0107eni ra\u010dunovodstveni principi)<\/td><td>Skup ra\u010dunovodstvenih principa, standarda i procedura koje kompanije koriste za sastavljanje svojih finansijskih izvje\u0161taja.<\/td><\/tr><tr><td>Horizontalna analiza<\/td><td>Metoda finansijske analize koja upore\u0111uje finansijske podatke u vi\u0161e perioda da bi se identifikovali trendovi.<\/td><\/tr><tr><td>Bilans uspjeha<\/td><td>Izjave koje detaljno prikazuju dobit kompanije, prikazuju\u0107i prihod minus tro\u0161ak prodane robe i druge tro\u0161kove tokom odre\u0111enog perioda.<\/td><\/tr><tr><td>IRR (interna stopa povrata)<\/td><td>Finansijska metrika koja se koristi za procjenu profitabilnosti potencijalnih investicija na osnovu o\u010dekivanih stopa povrata.<\/td><\/tr><tr><td>Unosi u dnevnik<\/td><td>Unosi koji evidentiraju sve poslovne transakcije u ra\u010dunovodstvenom sistemu putem zadu\u017eenja i kredita.<\/td><\/tr><tr><td>Odr\u017eavanje knjige<\/td><td>Proces redovnog a\u017euriranja i odr\u017eavanja knjige u kojoj se evidentiraju sve ekonomske transakcije.<\/td><\/tr><tr><td>Obaveze<\/td><td>Dugovi ili finansijske obaveze koje kompanija duguje drugima.<\/td><\/tr><tr><td>Menad\u017eersko ra\u010dunovodstvo<\/td><td>Upotreba ra\u010dunovodstvenih tehnika za pru\u017eanje informacija menad\u017eerima za potrebe dono\u0161enja odluka.<\/td><\/tr><tr><td>Neto prihod<\/td><td>Ukupna zarada kompanije nakon odbijanja svih tro\u0161kova i poreza od njenih ukupnih prihoda.<\/td><\/tr><tr><td>NPV (neto sada\u0161nja vrijednost)<\/td><td>Finansijska metoda koja se koristi za odre\u0111ivanje sada\u0161nje vrijednosti svih budu\u0107ih nov\u010danih tokova generiranih projektom, nakon odbitka po\u010detnog ulaganja.<\/td><\/tr><tr><td>Operativno bud\u017eetiranje<\/td><td>Kreiranje bud\u017eeta koji predstavlja svakodnevne tro\u0161kove potrebne za rad kompanije.<\/td><\/tr><tr><td>Mjerenje performansi<\/td><td>Proces evaluacije napretka prema postavljenim ciljevima kori\u0161tenjem finansijskih i nefinansijskih mjera.<\/td><\/tr><tr><td>Analiza omjera<\/td><td>Tehnika analize koja koristi omjere izvedene iz finansijskih izvje\u0161taja kompanije za procjenu aspekata kao \u0161to su likvidnost, profitabilnost i solventnost.<\/td><\/tr><tr><td>Regulatorni okviri<\/td><td>Skup propisa i mehanizama za sprovo\u0111enje koji reguli\u0161u odre\u0111enu industriju ili aktivnost.<\/td><\/tr><tr><td>Prihodi<\/td><td>Prihodi ostvareni od uobi\u010dajenog poslovanja, obi\u010dno od prodaje roba i usluga.<\/td><\/tr><tr><td>Upravljanje rizikom<\/td><td>Proces identifikacije, procjene i prioritizacije rizika, kao i primjena resursa za minimiziranje, pra\u0107enje i ubla\u017eavanje rizika.<\/td><\/tr><tr><td>Strate\u0161ko upravljanje tro\u0161kovima<\/td><td>Upravljanje i smanjenje tro\u0161kova radi pobolj\u0161anja isplativosti projekta ili operacije.<\/td><\/tr><tr><td>Analiza trenda<\/td><td>\u010cin prikupljanja informacija za odre\u0111ivanje obrazaca ili trendova, koji se obi\u010dno koristi u finansijskoj analizi.<\/td><\/tr><tr><td>Vertikalna analiza<\/td><td>Metoda analize finansijskih izvje\u0161taja gdje je svaki unos predstavljen kao postotak druge zna\u010dajne brojke.<\/td><\/tr><\/tbody><\/table><\/figure>\n\n\n\n<h2 class=\"wp-block-heading\">&nbsp;<\/h2>\n\n\n\n<h2 class=\"wp-block-heading\"><a>Korisni resursi: Ra\u010dunovodstvene rije\u010di u poslovanju<\/a><\/h2>\n\n\n\n<p><a href=\"https:\/\/en.wikipedia.org\/wiki\/Accounting\">https:\/\/en.wikipedia.org\/wiki\/Accounting<\/a><\/p>","protected":false},"excerpt":{"rendered":"<p>Chapter 4: Mastering Accounting Language Through TEBL for Aspiring MBA Students Introduction to Accounting Language in Business Contexts Continuing your preparatory journey with Teaching English as a Business Language (TEBL), this chapter dives into the fundamentals of accounting language\u2014a cornerstone for understanding business operations and financial management. As you approach your MBA studies, proficiency in [&hellip;]<\/p>","protected":false},"author":1,"featured_media":88,"parent":0,"menu_order":0,"comment_status":"closed","ping_status":"closed","template":"","meta":{"footnotes":""},"class_list":["post-56","page","type-page","status-publish","has-post-thumbnail","hentry"],"_links":{"self":[{"href":"https:\/\/tebl.education\/bs\/wp-json\/wp\/v2\/pages\/56","targetHints":{"allow":["GET"]}}],"collection":[{"href":"https:\/\/tebl.education\/bs\/wp-json\/wp\/v2\/pages"}],"about":[{"href":"https:\/\/tebl.education\/bs\/wp-json\/wp\/v2\/types\/page"}],"author":[{"embeddable":true,"href":"https:\/\/tebl.education\/bs\/wp-json\/wp\/v2\/users\/1"}],"replies":[{"embeddable":true,"href":"https:\/\/tebl.education\/bs\/wp-json\/wp\/v2\/comments?post=56"}],"version-history":[{"count":1,"href":"https:\/\/tebl.education\/bs\/wp-json\/wp\/v2\/pages\/56\/revisions"}],"predecessor-version":[{"id":57,"href":"https:\/\/tebl.education\/bs\/wp-json\/wp\/v2\/pages\/56\/revisions\/57"}],"wp:featuredmedia":[{"embeddable":true,"href":"https:\/\/tebl.education\/bs\/wp-json\/wp\/v2\/media\/88"}],"wp:attachment":[{"href":"https:\/\/tebl.education\/bs\/wp-json\/wp\/v2\/media?parent=56"}],"curies":[{"name":"wp","href":"https:\/\/api.w.org\/{rel}","templated":true}]}}