{"id":62,"date":"2024-06-23T15:45:30","date_gmt":"2024-06-23T19:45:30","guid":{"rendered":"https:\/\/tebl.education\/?page_id=62"},"modified":"2024-06-25T10:02:12","modified_gmt":"2024-06-25T14:02:12","slug":"teach-english-operations-management-language","status":"publish","type":"page","link":"https:\/\/tebl.education\/bs\/teach-english-operations-management-language\/","title":{"rendered":"U\u010dite engleski jezik operacija (OPS)."},"content":{"rendered":"<p><\/p>\n\n\n\n<h1 class=\"wp-block-heading\"><a>Poglavlje 7: Ovladavanje jezikom upravljanja operacijama putem TEBL-a za budu\u0107e MBA studente<\/a><\/h1>\n\n\n\n<p><strong>Uvod u upravljanje operacijama<\/strong> U ovom poglavlju \u0107emo istra\u017eiti podru\u010dje upravljanja operacijama (OM) i njegovu klju\u010dnu ulogu u uspjehu poslovanja. Operativni menad\u017ement je upravljanje poslovnim praksama kako bi se maksimizirala efikasnost unutar organizacije. Ovo uklju\u010duje transformaciju resursa i rada u proizvode i usluge efikasno kako bi se pove\u0107ala profitabilnost organizacije. Ona se bavi pretvaranjem materijala i rada u dobra i usluge \u0161to je mogu\u0107e efikasnije kako bi se maksimizirao profit organizacije. Integracijom pristupa podu\u010davanja engleskog kao poslovnog jezika (TEBL), cilj nam je da opremimo kandidate za MBA neophodnim jezi\u010dkim i analiti\u010dkim vje\u0161tinama da se istaknu u ovoj vitalnoj oblasti poslovanja.<\/p>\n\n\n\n<p><strong>TEBL-ov pristup jeziku upravljanja operacijama<\/strong> Kroz TEBL studenti \u0107e nau\u010diti klju\u010dne terminologije i koncepte upravljanja operacijama integrirane s prakti\u010dnim vje\u017ebama kori\u0161tenja jezika. Ovaj pristup ne samo da poma\u017ee u savladavanju jezika, ve\u0107 iu primjeni koncepata u stvarnim poslovnim scenarijima.<\/p>\n\n\n\n<p><strong>Razumijevanje upravljanja operacijama<\/strong><\/p>\n\n\n\n<ol class=\"wp-block-list\" start=\"1\">\n<li><strong>Osnovne funkcije upravljanja operacijama<\/strong>: Nau\u010dite o planiranju, organizaciji, koordinaciji i kontroli svih resursa potrebnih za proizvodnju robe i usluga kompanije. Ovo uklju\u010duje upravljanje zalihama, opremom i tehnologijom.<\/li>\n\n\n\n<li><strong>Uloga poslovanja u poslovnoj strategiji<\/strong>: Upravljanje operacijama je klju\u010dno u implementaciji strategije u pogledu kvaliteta, tro\u0161kova i isporuke. Pobolj\u0161ava konkurentsku poziciju i optimizira zadovoljstvo kupaca.<\/li>\n<\/ol>\n\n\n\n<p><strong>Sadr\u017eaj i struktura predmeta<\/strong><\/p>\n\n\n\n<ul class=\"wp-block-list\">\n<li><strong>Uvod u klju\u010dne OM koncepte<\/strong>: Osnove analize procesa, raspored objekata i upravljanje lancem snabdevanja.<\/li>\n\n\n\n<li><strong>Strate\u0161ko planiranje operacija<\/strong>: Kako se operacije uskla\u0111uju sa \u0161irim poslovnim strategijama za pobolj\u0161anje performansi i profitabilnosti.<\/li>\n\n\n\n<li><strong>Tehnologija i inovacije u OM<\/strong>: Istra\u017eivanje napretka kao \u0161to su automatizacija, AI i ma\u0161insko u\u010denje u operacijama.<\/li>\n<\/ul>\n\n\n\n<p><strong>Ciljevi u\u010denja<\/strong><\/p>\n\n\n\n<ul class=\"wp-block-list\">\n<li><strong>Analizirajte i pobolj\u0161ajte operativne sisteme<\/strong>: Koristite TEBL metode za diskusiju, kritiku i pobolj\u0161anje operativnih procesa.<\/li>\n\n\n\n<li><strong>Razviti i primijeniti OM vokabular<\/strong>: Kroz studije slu\u010daja i simulacije, opi\u0161ite i efikasno koristite terminologiju upravljanja operacijama.<\/li>\n\n\n\n<li><strong>Strate\u0161ko odlu\u010divanje<\/strong>: Primijeniti znanje o upravljanju operacijama u strate\u0161kim ulogama u razli\u010ditim industrijama.<\/li>\n<\/ul>\n\n\n\n<p><strong>Interaktivno u\u010denje kroz TEBL<\/strong><\/p>\n\n\n\n<ul class=\"wp-block-list\">\n<li><strong>Simulacijske vje\u017ebe<\/strong>: Uklju\u010dite se u simulacije koje repliciraju operativne izazove, fokusiraju\u0107i se na logistiku, proizvodnju i upravljanje krizama.<\/li>\n\n\n\n<li><strong>Studije slu\u010daja iz stvarnog svijeta<\/strong>: Analizirajte i razgovarajte o slo\u017eenim slu\u010dajevima upravljanja operacijama iz vi\u0161e industrija kako biste identifikovali efikasne strategije i pobolj\u0161anja.<\/li>\n<\/ul>\n\n\n\n<p><strong>Napredne tehnike upravljanja operacijama<\/strong><\/p>\n\n\n\n<ul class=\"wp-block-list\">\n<li><strong>Lean operacije i Six Sigma<\/strong>: Saznajte vi\u0161e o metodologijama koje se fokusiraju na smanjenje otpada i pobolj\u0161anje kvaliteta.<\/li>\n\n\n\n<li><strong>Prakse odr\u017eivog poslovanja<\/strong>: Prou\u010dite kako upravljanje operacijama mo\u017ee doprinijeti ciljevima odr\u017eivosti kroz efikasno kori\u0161tenje resursa i smanjenje otpada.<\/li>\n\n\n\n<li><strong>Globalna operativna strategija<\/strong>: Razumjeti slo\u017eenost upravljanja operacijama preko me\u0111unarodnih granica, uklju\u010duju\u0107i kulturne, logisti\u010dke i regulatorne izazove.<\/li>\n<\/ul>\n\n\n\n<p><strong>Primjena OM jezika u MBA spremnosti<\/strong> Integriranje diskusija iz TEBL-a u va\u0161e MBA studije pripremit \u0107e vas za kurseve i uloge koje zahtijevaju duboko razumijevanje upravljanja operacijama. Ova priprema je klju\u010dna za rukovode\u0107e uloge koje zahtijevaju nadzor, pobolj\u0161anje i inoviranje operativnih procesa u bilo kojoj industriji.<\/p>\n\n\n\n<p><strong>Projekti prakti\u010dne primjene u TEBL<\/strong><\/p>\n\n\n\n<ol class=\"wp-block-list\">\n<li><strong>Projekti revizije operacija<\/strong>: U\u010destvujte u detaljnim projektima koji uklju\u010duju provo\u0111enje sveobuhvatne revizije postoje\u0107eg poslovanja. Ovi projekti vas u\u010de kako da kriti\u010dki procijenite sve aspekte upravljanja operacijama, od proizvodnih procesa do upravljanja zalihama, identificiraju\u0107i podru\u010dja za pobolj\u0161anje i inovacije.<\/li>\n\n\n\n<li><strong>Implementacija tehnologije u OM<\/strong>: Istra\u017eite integraciju najsavremenijih tehnologija kao \u0161to su Internet stvari (IoT) i blockchain u operacije. Projekti mogu uklju\u010divati dizajniranje i implementaciju rje\u0161enja zasnovanog na tehnologiji koje pove\u0107ava efikasnost, smanjuje tro\u0161kove i pobolj\u0161ava transparentnost u radu.<\/li>\n\n\n\n<li><strong>Izazovi optimizacije procesa<\/strong>: Uklju\u010dite se u izazove koji od vas zahtijevaju primjenu lean menad\u017ementa i tehnika Six Sigma kako biste pojednostavili poslovanje, pobolj\u0161ali kvalitet i smanjili otpad. Ova prakti\u010dna iskustva osmi\u0161ljena su da vas pripreme za primjene u stvarnom svijetu gdje je operativna izvrsnost klju\u010d poslovnog uspjeha.<\/li>\n<\/ol>\n\n\n\n<p><strong>Strate\u0161ko odlu\u010divanje u upravljanju operacijama<\/strong><\/p>\n\n\n\n<p>Kroz TEBL okvir \u0107ete razviti sposobnost dono\u0161enja strate\u0161kih odluka koje imaju dubok uticaj na poslovanje. Ovo uklju\u010duje odabir pravih tehnolo\u0161kih rje\u0161enja, dizajniranje efikasnih rasporeda objekata i optimizaciju konfiguracija lanca nabavke. Pobolj\u0161anje va\u0161ih vje\u0161tina dono\u0161enja odluka s fokusom na odr\u017eive i efikasne rezultate je glavni cilj ovog poglavlja.<\/p>\n\n\n\n<p><strong>Komunikacija i pregovaranje u upravljanju operacijama<\/strong><\/p>\n\n\n\n<p>U\u010dinkovita komunikacija i pregovori klju\u010dni su u upravljanju operacijama, posebno kada se koordinira sa dobavlja\u010dima, upravlja\u010dkim timovima i pregovara o ugovorima. TEBL pobolj\u0161ava ove vje\u0161tine kroz ciljane vje\u017ebe i scenarije igranja uloga koji odra\u017eavaju uobi\u010dajene izazove s kojima se suo\u010davaju u operativnim ulogama, kao \u0161to su pregovaranje o uvjetima s dobavlja\u010dima ili diskusija o pobolj\u0161anju procesa sa me\u0111ufunkcionalnim timovima.<\/p>\n\n\n\n<p><strong>Me\u0111ufunkcionalna integracija u upravljanju operacijama<\/strong><\/p>\n\n\n\n<p>Ovaj odeljak se fokusira na to kako se upravljanje operacijama integri\u0161e u razli\u010dite poslovne funkcije kako bi se pobolj\u0161ala ukupna performansa organizacije. Nau\u010di\u0107ete kako se operacije ukr\u0161taju sa oblastima kao \u0161to su finansije, marketing i ljudski resursi, uti\u010du\u0107i na sve, od bud\u017eetiranja i finansijskog planiranja do produktivnosti zaposlenih i zadovoljstva kupaca.<\/p>\n\n\n\n<p><strong>Operacije i finansijski u\u010dinak<\/strong><\/p>\n\n\n\n<p>Upravljanje operacijama direktno uti\u010de na finansijsko zdravlje organizacije. Kroz TEBL istra\u017eite kako optimizirane operacije doprinose tro\u0161kovnoj efikasnosti, pove\u0107avaju profitne mar\u017ee i podr\u017eavaju korporativne finansijske ciljeve. Studije slu\u010daja i simulacije \u0107e pokazati strate\u0161ke operativne odluke koje uti\u010du na klju\u010dne finansijske rezultate kao \u0161to su rast prihoda i ROI.<\/p>\n\n\n\n<p><strong>Operativna i marketin\u0161ka sinergija<\/strong><\/p>\n\n\n\n<p>Razumijevanje dinamike izme\u0111u upravljanja operacijama i marketin\u0161kih strategija je klju\u010dno. Operativne sposobnosti mogu omogu\u0107iti efikasniju segmentaciju tr\u017ei\u0161ta, blagovremeno lansiranje proizvoda i promotivne strategije koje osiguravaju dostupnost proizvoda i zadovoljstvo kupaca. TEBL sesije \u0107e detaljno pokriti ove raskrsnice, pru\u017eaju\u0107i holisti\u010dki pogled na poslovanje.<\/p>\n\n\n\n<p><strong>Tehnolo\u0161ke inovacije u upravljanju operacijama<\/strong><\/p>\n\n\n\n<p>Kako tehnologija nastavlja da se razvija, upravljanje operacijama se mora prilagoditi kako bi uklju\u010dilo inovacije koje mogu transformirati krajolik poslovnih procesa. Upoznat \u0107ete se s najnovijim tehnologijama digitalne transformacije, uklju\u010duju\u0107i umjetnu inteligenciju (AI) za automatizaciju procesa, prediktivnu analitiku za upravljanje zalihama i pro\u0161irenu stvarnost za obuku i razvoj.<\/p>\n\n\n\n<p><strong>Odr\u017eivost i eti\u010dke prakse u upravljanju operacijama<\/strong><\/p>\n\n\n\n<p>Odr\u017eivost i etika postaju sve va\u017eniji u upravljanju operacijama. TEBL nagla\u0161ava va\u017enost stvaranja operacija koje nisu samo efikasne, ve\u0107 i ekolo\u0161ki odr\u017eive i eti\u010dki ispravne. Nau\u010dite strategije za implementaciju odr\u017eivih praksi koje smanjuju uticaj na \u017eivotnu sredinu i promovi\u0161u dru\u0161tvenu odgovornost.<\/p>\n\n\n\n<p><strong>Priprema za globalne izazove upravljanja operacijama<\/strong><\/p>\n\n\n\n<p>Globalni pejza\u017e predstavlja jedinstvene izazove i mogu\u0107nosti u upravljanju operacijama. Kako se preduze\u0107a \u0161ire na me\u0111unarodnom planu, morate biti vje\u0161ti u upravljanju lancima nabavke, proizvodnje i operacija u razli\u010ditim zemljama i kulturama. TEBL vas priprema za ove slo\u017eenosti fokusiraju\u0107i se na globalne strategije, pitanja uskla\u0111enosti i me\u0111ukulturalno upravljanje.<\/p>\n\n\n\n<p><strong>Upravljanje globalnim lancem nabavke<\/strong><\/p>\n\n\n\n<ol class=\"wp-block-list\" start=\"1\">\n<li><strong>Razumijevanje globalne logistike<\/strong>: Udubite se u slo\u017eenost upravljanja logistikom na globalnom nivou, uklju\u010duju\u0107i kretanje kroz razli\u010dita regulatorna okru\u017eenja, optimizaciju transportnih ruta i upravljanje carinskim procesima.<\/li>\n\n\n\n<li><strong>Kulturolo\u0161ka razmatranja<\/strong>: Nau\u010dite kako efikasno upravljati operacijama u razli\u010ditim kulturnim kontekstima, razumjeti lokalne poslovne prakse, stilove pregovaranja i uskla\u0111enost sa propisima.<\/li>\n\n\n\n<li><strong>Upravljanje rizikom<\/strong>: Razviti strategije za ubla\u017eavanje rizika povezanih sa me\u0111unarodnim operacijama, kao \u0161to su politi\u010dka nestabilnost, fluktuacije valuta i poreme\u0107aji u lancu snabdevanja.<\/li>\n<\/ol>\n\n\n\n<p><strong>Globalni izvori i nabavka<\/strong><\/p>\n\n\n\n<p>Istra\u017eite izazove i strategije vezane za nabavku materijala i usluga na globalnom nivou. TEBL sesije \u0107e pokriti kako procijeniti globalne dobavlja\u010de, upravljati me\u0111unarodnim procesima nabavke i osigurati eti\u010dke prakse nabavke. Studije slu\u010daja \u0107e pru\u017eiti uvid u uspje\u0161ne globalne inicijative za pronala\u017eenje izvora i slo\u017eenosti koje su uklju\u010dene.<\/p>\n\n\n\n<p><strong>Uskla\u0111enost me\u0111unarodnih operacija<\/strong><\/p>\n\n\n\n<p>Uskla\u0111enost sa me\u0111unarodnim zakonima i propisima je klju\u010dna u globalnom upravljanju operacijama. Saznajte vi\u0161e o klju\u010dnim pravnim i regulatornim okvirima koji uti\u010du na globalno poslovanje, uklju\u010duju\u0107i zakone o za\u0161titi \u017eivotne sredine, standarde rada i trgovinske propise. TEBL \u0107e pru\u017eiti prakti\u010dne vje\u017ebe u navigaciji ovih propisa kako bi se osigurala uskla\u0111enost i izbjegle skupe kazne.<\/p>\n\n\n\n<p><strong>Projekti prakti\u010dnih aplikacija u Global OM<\/strong><\/p>\n\n\n\n<ol class=\"wp-block-list\" start=\"1\">\n<li><strong>Dizajn me\u0111unarodnog lanca nabavke<\/strong>: Uklju\u010dite se u projekte koji uklju\u010duju dizajniranje lanaca snabdijevanja koji pokrivaju vi\u0161e zemalja. Ovi projekti \u0107e vas nau\u010diti kako da uravnote\u017eite tro\u0161kove, efikasnost i rizik dok istovremeno zadovoljavate potrebe globalnih tr\u017ei\u0161ta.<\/li>\n\n\n\n<li><strong>Simulacije me\u0111ukulturalnog upravljanja<\/strong>: U\u010destvujte u simulacijama koje vas izazivaju da upravljate raznolikom radnom snagom i rje\u0161avate me\u0111ukulturna pitanja u operativnom kontekstu.<\/li>\n\n\n\n<li><strong>Globalne revizije uskla\u0111enosti<\/strong>: Sprovo\u0111enje revizije poslovanja u skladu sa globalnim standardima i propisima kako bi se osigurala uskla\u0111enost i najbolja praksa.<\/li>\n<\/ol>\n\n\n\n<p><strong>Priprema za liderstvo u globalnom upravljanju operacijama<\/strong><\/p>\n\n\n\n<p>Dok se pripremate da preuzmete vode\u0107u ulogu, TEBL se fokusira na razvoj va\u0161ih sposobnosti za upravljanje i inovacije u globalnim operativnim okru\u017eenjima. Ovo uklju\u010duje:<\/p>\n\n\n\n<ul class=\"wp-block-list\">\n<li><strong>Strate\u0161ko odlu\u010divanje<\/strong>: Pobolj\u0161ajte svoju sposobnost dono\u0161enja strate\u0161kih odluka koje uti\u010du na globalne operacije, od ulaska na nova tr\u017ei\u0161ta do upravljanja me\u0111unarodnim lancima nabavke.<\/li>\n\n\n\n<li><strong>Razvoj liderskih vje\u0161tina<\/strong>: Putem TEBL-a razvijajte vje\u0161tine vo\u0111enja koje su neophodne za vo\u0111enje razli\u010ditih timova i efikasno upravljanje slo\u017eenim me\u0111unarodnim operacijama.<\/li>\n\n\n\n<li><strong>Komunikacija i pregovaranje<\/strong>: Oja\u010dajte svoju sposobnost komuniciranja i pregovaranja u globalnom kontekstu, rje\u0161avaju\u0107i jedinstvene izazove me\u0111unarodnog upravljanja dionicima.<\/li>\n<\/ul>\n\n\n\n<p><strong>Zaklju\u010dak: Postati lider globalnih operacija kroz TEBL<\/strong><\/p>\n\n\n\n<h3 class=\"wp-block-heading\">&nbsp;<\/h3>\n\n\n\n<h3 class=\"wp-block-heading\"><a>Priprema za nadolaze\u0107a poglavlja<\/a><\/h3>\n\n\n\n<p>Kako napredujete u sljede\u0107a poglavlja, predvidite izgradnju na ovoj osnovi s dubljim uvidom u upravljanje ljudskim resursima<strong> Jezik<\/strong>. TEBL \u0107e vas nastaviti voditi kroz ove napredne teme, osiguravaju\u0107i da se va\u0161e poslovne engleske i prakti\u010dne poslovne vje\u0161tine razvijaju u tandemu.<\/p>\n\n\n\n<h2 class=\"wp-block-heading\">&nbsp;<\/h2>\n\n\n\n<h2 class=\"wp-block-heading\"><a>Rje\u010dnik rije\u010di upravljanja operacijama u poslovanju<\/a><\/h2>\n\n\n\n<figure class=\"wp-block-table\"><table><thead><tr><td><strong>Termin<\/strong><\/td><td><strong>Opis<\/strong><\/td><\/tr><\/thead><tbody><tr><td>Benchmarking<\/td><td>Praksa pore\u0111enja poslovnih procesa i metrika u\u010dinka sa industrijskim standardima ili najboljim praksama drugih organizacija.<\/td><\/tr><tr><td>Rein\u017eenjering poslovnih procesa<\/td><td>Strategija fokusirana na analizu i redizajn radnih tokova i procesa unutar organizacije kako bi se pobolj\u0161ali rezultati.<\/td><\/tr><tr><td>Iskori\u0161\u0107enost kapaciteta<\/td><td>Mjera koliko se raspolo\u017eivog proizvodnog kapaciteta koristi za proizvodnju dobara ili usluga.<\/td><\/tr><tr><td>Upravljanje ograni\u010denjima<\/td><td>Proces identifikacije, procjene i upravljanja ograni\u010denjima koja ometaju postizanje cilja.<\/td><\/tr><tr><td>Kontinuirano pobolj\u0161anje (Kaizen)<\/td><td>Filozofija u kojoj zaposleni na svim nivoima rade zajedno kako bi postigli redovna, postepena pobolj\u0161anja u procesima.<\/td><\/tr><tr><td>Me\u0111ufunkcionalna integracija<\/td><td>Praksa da timovi iz razli\u010ditih funkcionalnih oblasti rade zajedno na pobolj\u0161anju u\u010dinka u cijeloj organizaciji.<\/td><\/tr><tr><td>Kulturolo\u0161ka razmatranja<\/td><td>Priznavanje i prilago\u0111avanje kulturnim razlikama u kontekstu globalnog upravljanja operacijama.<\/td><\/tr><tr><td>Zadovoljstvo kupaca<\/td><td>Mjerenje toga kako roba ili usluge koje kompanija isporu\u010duje ispunjavaju ili nadma\u0161uju o\u010dekivanja kupaca.<\/td><\/tr><tr><td>Predvi\u0111anje potra\u017enje<\/td><td>Aktivnost procjene koli\u010dine proizvoda ili usluge koju \u0107e potro\u0161a\u010di kupiti.<\/td><\/tr><tr><td>Distributivna logistika<\/td><td>Nadzor kretanja robe od kraja proizvodnje do krajnjeg korisnika ili kupca.<\/td><\/tr><tr><td>Optimizacija efikasnosti<\/td><td>Proces maksimiziranja produktivnosti kori\u0161tenjem manje resursa uz odr\u017eavanje proizvodnje.<\/td><\/tr><tr><td>Facility Layout<\/td><td>Ure\u0111enje fizi\u010dkih prostora u poslovanju radi optimizacije procesa i radnih tokova.<\/td><\/tr><tr><td>Finansijski u\u010dinak<\/td><td>Analiza uticaja poslovanja na profitabilnost i finansijsko zdravlje kompanije.<\/td><\/tr><tr><td>Global Sourcing<\/td><td>Praksa nabave roba i usluga sa globalnog tr\u017ei\u0161ta preko geopoliti\u010dkih granica.<\/td><\/tr><tr><td>Integracija ljudskih resursa<\/td><td>Uskla\u0111ivanje operativnih strategija i strategija ljudskih resursa radi optimizacije efikasnosti radne snage.<\/td><\/tr><tr><td>Upravljanje zalihama<\/td><td>Administracija nivoa zaliha kako bi se osigurala dostupnost uz minimiziranje vi\u0161ka.<\/td><\/tr><tr><td>JIT (Just-in-Time) inventar<\/td><td>Strategija koja uskla\u0111uje narud\u017ebe sirovina od dobavlja\u010da direktno sa planovima proizvodnje.<\/td><\/tr><tr><td>Lean Operations<\/td><td>Sistematska metoda za minimiziranje otpada unutar proizvodnog sistema bez \u017ertvovanja produktivnosti.<\/td><\/tr><tr><td>Upravljanje logistikom<\/td><td>Detaljna koordinacija slo\u017eene operacije koja uklju\u010duje mnogo ljudi, objekata ili zaliha.<\/td><\/tr><tr><td>Upravljanje odr\u017eavanjem<\/td><td>Proces nadzora i upravljanja odr\u017eavanjem imovine kompanije kako bi se osigurao kontinuitet rada.<\/td><\/tr><tr><td>Analiza tr\u017ei\u0161ta<\/td><td>Prou\u010davanje atraktivnosti i dinamike posebnog tr\u017ei\u0161ta u okviru posebne industrije.<\/td><\/tr><tr><td>Ve\u0161tine pregovaranja<\/td><td>Sposobnost postizanja sporazuma izme\u0111u dvije ili vi\u0161e strana sa sukobljenim interesima.<\/td><\/tr><tr><td>Operations Analysis<\/td><td>Ispitivanje i optimizacija organizacionih operacija kroz razli\u010dite analiti\u010dke tehnike.<\/td><\/tr><tr><td>Operativna strategija<\/td><td>Politike i planovi visokog nivoa za iskori\u0161tavanje i razvoj operativnih sposobnosti u skladu sa poslovnom strategijom.<\/td><\/tr><tr><td>metrika performansi<\/td><td>Standardi ili mjere koje se koriste za procjenu u\u010dinka organizacije u smislu efikasnosti i efektivnosti.<\/td><\/tr><tr><td>Prediktivna analitika<\/td><td>Kori\u0161tenje historijskih podataka i analitike za pravljenje informiranih predvi\u0111anja o budu\u0107im ishodima.<\/td><\/tr><tr><td>Dizajn procesa<\/td><td>Planiranje rutina, prostora i tokova rada za postizanje odre\u0111enog cilja.<\/td><\/tr><tr><td>Optimizacija procesa<\/td><td>Praksa pove\u0107anja efikasnosti procesa smanjenjem otpada, racionalizacijom koraka i pobolj\u0161anjem rezultata.<\/td><\/tr><tr><td>Planiranje proizvodnje<\/td><td>Planiranje proizvodnje unaprijed, postavljanje faza proizvodnje, uskla\u0111ivanje resursa i planiranje proizvodnje.<\/td><\/tr><tr><td>Upravljanje projektima<\/td><td>Disciplina planiranja, organiziranja, osiguravanja, upravljanja, vo\u0111enja i kontrole resursa za postizanje specifi\u010dnih ciljeva.<\/td><\/tr><tr><td>Kontrola kvaliteta<\/td><td>Proces osiguravanja da proizvodi i usluge ispunjavaju o\u010dekivanja potro\u0161a\u010da i standarde kvaliteta.<\/td><\/tr><tr><td>Upravljanje kvalitetom<\/td><td>Nadgledanje svih aktivnosti i zadataka potrebnih za odr\u017eavanje \u017eeljenog nivoa izvrsnosti.<\/td><\/tr><tr><td>Alokacija resursa<\/td><td>Raspodjela resursa me\u0111u razli\u010ditim projektima, odjelima ili entitetima kako bi se maksimizirala efikasnost i efektivnost.<\/td><\/tr><tr><td>SCM (Upravljanje lancem nabavke)<\/td><td>Upravljanje tokovima roba i usluga, koje uklju\u010duje kretanje i skladi\u0161tenje sirovina, inventara u procesu proizvodnje i gotovih proizvoda od ta\u010dke porekla do ta\u010dke potro\u0161nje.<\/td><\/tr><tr><td>Service Delivery<\/td><td>Izvr\u0161enje i upravljanje uslugama kompanije kako bi se ispunila o\u010dekivanja kupaca.<\/td><\/tr><tr><td>Six Sigma<\/td><td>Skup tehnika i alata za pobolj\u0161anje procesa, \u010diji je cilj smanjenje gre\u0161aka i pobolj\u0161anje kvaliteta.<\/td><\/tr><tr><td>Anga\u017eman zainteresovanih strana<\/td><td>Proces uklju\u010divanja svih zainteresovanih strana u strate\u0161ke odluke organizacije kako bi se osigurali uskla\u0111eni ciljevi.<\/td><\/tr><tr><td>Strate\u0161ko odlu\u010divanje<\/td><td>Dono\u0161enje odluka koje imaju \u0161iroke implikacije na organizaciju, uklju\u010duju\u0107i postavljanje dugoro\u010dnih ciljeva i politika.<\/td><\/tr><tr><td>Strate\u0161ko planiranje operacija<\/td><td>Proces planiranja bitnih strategija kompanije za optimalno operativno izvr\u0161enje.<\/td><\/tr><tr><td>Integracija lanca snabdevanja<\/td><td>Proces integracije svih dijelova lanca opskrbe tako da roba nesmetano te\u010de od sirovine do krajnjeg korisnika.<\/td><\/tr><tr><td>Odr\u017eivost u poslovanju<\/td><td>Uklju\u010divanje ekolo\u0161ki prihvatljivih i odr\u017eivih praksi u proces upravljanja operacijama.<\/td><\/tr><tr><td>Tehnolo\u0161ke inovacije<\/td><td>Implementacija i upravljanje novim tehnologijama u poslovanju za pove\u0107anje efikasnosti i efektivnosti.<\/td><\/tr><tr><td>Implementacija tehnologije<\/td><td>Primjena novih tehnolo\u0161kih alata i okvira za pobolj\u0161anje poslovnih procesa i operacija.<\/td><\/tr><tr><td>Totalno upravljanje kvalitetom (TQM)<\/td><td>Napor cijele organizacije da se uspostavi trajna klima u kojoj organizacija kontinuirano pobolj\u0161ava svoju sposobnost da isporu\u010di visokokvalitetne proizvode i usluge kupcima.<\/td><\/tr><tr><td>Mapiranje toka vrijednosti<\/td><td>Metoda lean-managementa za analizu trenutnog stanja i dizajniranje budu\u0107eg stanja za niz doga\u0111aja koji vode proizvod\/uslugu od njegovog po\u010detka do kupca.<\/td><\/tr><tr><td>Upravljanje radnom snagom<\/td><td>Proces kojim se osigurava da je pravi broj ljudi sa pravim vje\u0161tinama dostupan u pravo vrijeme za obavljanje tra\u017eenih zadataka.<\/td><\/tr><tr><td>Optimizacija toka rada<\/td><td>Prou\u010davanje i pobolj\u0161anje toka procesa i sistema radi pove\u0107anja efikasnosti i produktivnosti.<\/td><\/tr><\/tbody><\/table><\/figure>\n\n\n\n<h2 class=\"wp-block-heading\">&nbsp;<\/h2>\n\n\n\n<h2 class=\"wp-block-heading\"><a>Korisni resursi: Rije\u010di upravljanja operacijama u poslovanju<\/a><\/h2>\n\n\n\n<p><a href=\"https:\/\/en.wikipedia.org\/wiki\/Operations_management\">https:\/\/en.wikipedia.org\/wiki\/Operations_management<\/a><\/p>","protected":false},"excerpt":{"rendered":"<p>Chapter 7: Mastering Operations Management Language Through TEBL for Aspiring MBA Students Introduction to Operations Management In this chapter, we will explore the realm of operations management (OM) and its critical role in the success of businesses. Operations management is the management of business practices to maximize efficiency within an organization. This involves transforming resources [&hellip;]<\/p>","protected":false},"author":1,"featured_media":92,"parent":0,"menu_order":0,"comment_status":"closed","ping_status":"closed","template":"","meta":{"footnotes":""},"class_list":["post-62","page","type-page","status-publish","has-post-thumbnail","hentry"],"_links":{"self":[{"href":"https:\/\/tebl.education\/bs\/wp-json\/wp\/v2\/pages\/62","targetHints":{"allow":["GET"]}}],"collection":[{"href":"https:\/\/tebl.education\/bs\/wp-json\/wp\/v2\/pages"}],"about":[{"href":"https:\/\/tebl.education\/bs\/wp-json\/wp\/v2\/types\/page"}],"author":[{"embeddable":true,"href":"https:\/\/tebl.education\/bs\/wp-json\/wp\/v2\/users\/1"}],"replies":[{"embeddable":true,"href":"https:\/\/tebl.education\/bs\/wp-json\/wp\/v2\/comments?post=62"}],"version-history":[{"count":1,"href":"https:\/\/tebl.education\/bs\/wp-json\/wp\/v2\/pages\/62\/revisions"}],"predecessor-version":[{"id":63,"href":"https:\/\/tebl.education\/bs\/wp-json\/wp\/v2\/pages\/62\/revisions\/63"}],"wp:featuredmedia":[{"embeddable":true,"href":"https:\/\/tebl.education\/bs\/wp-json\/wp\/v2\/media\/92"}],"wp:attachment":[{"href":"https:\/\/tebl.education\/bs\/wp-json\/wp\/v2\/media?parent=62"}],"curies":[{"name":"wp","href":"https:\/\/api.w.org\/{rel}","templated":true}]}}