{"id":96,"date":"2024-06-25T11:41:13","date_gmt":"2024-06-25T15:41:13","guid":{"rendered":"https:\/\/tebl.education\/?page_id=96"},"modified":"2024-06-25T11:41:15","modified_gmt":"2024-06-25T15:41:15","slug":"tebl-author","status":"publish","type":"page","link":"https:\/\/tebl.education\/bs\/tebl-author\/","title":{"rendered":"TEBL Autor"},"content":{"rendered":"<p><\/p>\n\n\n\n<p>Podu\u010davanje engleskog kao poslovnog jezika (TEBL) kreirao je 2017. godine profesor Thomas Hormaza Dow, kanadski istra\u017eiva\u010d i edukator poslovne agilnosti sa sjedi\u0161tem u Montrealu. Prepoznaju\u0107i potrebu za specijalizovanim podu\u010davanjem engleskog jezika prilago\u0111enom poslovnom svijetu, profesor Hormaza Dow se oslanjao na svoja akademska i korporativna iskustva kako bi razvio TEBL. Predavao je na Champlain Collegeu, Univerzitetu York i Univerzitetu Concordia, a govorio je i na institucijama kao \u0161to su McGill i Univerzitet u Torontu.<\/p>\n\n\n\n<p>Profesor Hormaza Dow je osigurao da TEBL bude ukorijenjen u obrazovnoj agilnosti, on je primijenio prakse agilnog podu\u010davanja i u\u010denja u stvaranju i evoluciji ovog obrazovnog pristupa poslovnog engleskog.<\/p>\n\n\n\n<p>Njegovo u\u010de\u0161\u0107e u Agile zajednici, uklju\u010duju\u0107i kao kokreator i potpisnik razli\u010ditih Agile manifesta, utjecalo je na dinami\u010dan i fleksibilan pristup TEBL-a, dizajniran da se prilagodi brzim poslovnim promjenama. Sa svojim iskustvom u marketingu i upravljanju tehnolo\u0161kim projektima u Major Corporations i njegovim diplomskim istra\u017eivanjima u oblasti poslovanja i obrazovne tehnologije na Univerzitetu Concordia, profesor Hormaza Dow kreirao je TEBL-ov nastavni plan i program koji kombinuje engleski za akademske svrhe (EAP) i engleski za profesionalne svrhe (EOP). Od svog pokretanja, TEBL je postao popularan u organizacijama i privatnom podu\u010davanju za rukovodioce, kontinuirano se razvijaju\u0107i kako bi zadovoljio moderne poslovne potrebe za stvarni svijet.<\/p>","protected":false},"excerpt":{"rendered":"<p>Teaching English as a Business Language (TEBL) was created in 2017 by Professor Thomas Hormaza Dow, a Canadian Business Agility Researcher and Educator based in Montreal. Recognizing a need for specialized English instruction tailored for the Business World, Professor Hormaza Dow drew on his Academic and Corporate experiences to develop TEBL. He has taught at [&hellip;]<\/p>","protected":false},"author":1,"featured_media":0,"parent":0,"menu_order":0,"comment_status":"closed","ping_status":"closed","template":"","meta":{"footnotes":""},"class_list":["post-96","page","type-page","status-publish","hentry"],"_links":{"self":[{"href":"https:\/\/tebl.education\/bs\/wp-json\/wp\/v2\/pages\/96","targetHints":{"allow":["GET"]}}],"collection":[{"href":"https:\/\/tebl.education\/bs\/wp-json\/wp\/v2\/pages"}],"about":[{"href":"https:\/\/tebl.education\/bs\/wp-json\/wp\/v2\/types\/page"}],"author":[{"embeddable":true,"href":"https:\/\/tebl.education\/bs\/wp-json\/wp\/v2\/users\/1"}],"replies":[{"embeddable":true,"href":"https:\/\/tebl.education\/bs\/wp-json\/wp\/v2\/comments?post=96"}],"version-history":[{"count":1,"href":"https:\/\/tebl.education\/bs\/wp-json\/wp\/v2\/pages\/96\/revisions"}],"predecessor-version":[{"id":97,"href":"https:\/\/tebl.education\/bs\/wp-json\/wp\/v2\/pages\/96\/revisions\/97"}],"wp:attachment":[{"href":"https:\/\/tebl.education\/bs\/wp-json\/wp\/v2\/media?parent=96"}],"curies":[{"name":"wp","href":"https:\/\/api.w.org\/{rel}","templated":true}]}}