{"id":21,"date":"2024-06-23T14:24:21","date_gmt":"2024-06-23T18:24:21","guid":{"rendered":"https:\/\/tebl.education\/?page_id=21"},"modified":"2024-07-24T11:09:26","modified_gmt":"2024-07-24T15:09:26","slug":"about-tebl","status":"publish","type":"page","link":"https:\/\/tebl.education\/de\/","title":{"rendered":"\u00dcber TEBL"},"content":{"rendered":"<p><\/p>\n\n\n\n<h2 class=\"wp-block-heading\">TEBL ist eine Lehrmethode f\u00fcr Gesch\u00e4ftsenglisch, die Gesch\u00e4ftsleuten hilft, Englisch zu lernen.<\/h2>\n\n\n\n<p><\/p>\n\n\n\n<p>In der heutigen globalen Gesch\u00e4ftswelt hat sich Englisch als die Lingua franca des Handels herausgebildet, was die Beherrschung von gesch\u00e4ftsspezifischem Englisch sowohl f\u00fcr den akademischen Erfolg als auch f\u00fcr das berufliche Fortkommen unerl\u00e4sslich macht. Teaching English as a Business Language (TEBL) wurde entwickelt, um diesen Bedarf zu decken, indem Elemente aus English for Academic Purposes (EAP) und English for Occupational Purposes (EOP) integriert wurden. Dieser innovative Ansatz stellt sicher, dass die Lernenden die erforderlichen Sprachkenntnisse sowohl f\u00fcr akademische als auch f\u00fcr praktische Anwendungen im Gesch\u00e4ftskontext erwerben.<\/p>\n\n\n\n<p>TEBL bietet ein umfassendes Curriculum, das auf Qualit\u00e4t, Professionalit\u00e4t und Respekt setzt und von qualifizierten und erfahrenen Lehrkr\u00e4ften in einer ansprechenden und aktuellen Form vermittelt wird. Das Programm konzentriert sich auf die Vermittlung von gesch\u00e4ftsspezifischem Vokabular, effektiven Schreib- und Pr\u00e4sentationsf\u00e4higkeiten und verbessert so die Kommunikationskompetenzen. Dar\u00fcber hinaus tr\u00e4gt TEBL dazu bei, Sprachbarrieren zu \u00fcberwinden, das Selbstvertrauen der Sch\u00fcler zu st\u00e4rken und die akademischen Leistungen zu verbessern, indem es das Verst\u00e4ndnis und die Besch\u00e4ftigung mit den Kursmaterialien f\u00f6rdert. <\/p>\n\n\n\n<p>Durch die Vorbereitung der Studierenden auf die Berufsreife bietet das TEBL Wettbewerbsvorteile bei der Sicherung von Praktika, Stellenangeboten und Networking-M\u00f6glichkeiten. Es f\u00f6rdert ganzheitliches Lernen durch die Einbeziehung interdisziplin\u00e4rer Gesch\u00e4ftskonzepte und die F\u00f6rderung einer globalen Perspektive. Der agile Lernansatz von TEBL gew\u00e4hrleistet Anpassungsf\u00e4higkeit und eine kontinuierliche Verbesserung der Sprachkenntnisse, so dass die Studierenden immer auf dem neuesten Stand der sich entwickelnden Gesch\u00e4ftspraktiken sind. Letztendlich bietet TEBL eine zielgerichtete Lernerfahrung mit praktischen Anwendungen, was es zu einem unverzichtbaren Bestandteil der modernen Wirtschaftsausbildung macht.<\/p>\n\n\n\n<p>TEBL ist eine Lehrmethodik, die idealerweise mit Professional Business Studies kombiniert wird (Minimum <em>BCom<\/em> Degree) und\/oder gleichwertige 2-3 Jahre Berufserfahrung sowie eine oder mehrere der folgenden Englischlehrbef\u00e4higungen:<\/p>\n\n\n\n<p><\/p>\n\n\n\n<h3 class=\"wp-block-heading\">1. TESOL (Teaching English to Speakers of Other Languages)<\/h3>\n\n\n\n<p><strong>Definition:<\/strong> TESOL ist ein Oberbegriff, der sowohl den Unterricht von Englisch als Zweitsprache (ESL) als auch den Unterricht von Englisch als Fremdsprache (EFL) umfasst. Er wird oft synonym mit TESL und TEFL verwendet, umfasst aber technisch gesehen beide.<\/p>\n\n\n\n<p><strong>Beschreibung:<\/strong> Eine TESOL-Zertifizierung richtet sich an Lehrer, die Englisch an Nicht-Muttersprachler unterrichten wollen, entweder in englischsprachigen L\u00e4ndern (ESL) oder im Ausland (EFL). TESOL-Programme umfassen in der Regel Schulungen in den Bereichen Spracherwerb, Lehrmethoden, Unterrichtsplanung und Klassenraummanagement.<\/p>\n\n\n\n<h3 class=\"wp-block-heading\">2. TESL (Unterrichten von Englisch als Zweitsprache)<\/h3>\n\n\n\n<p><strong>Definition:<\/strong> TESL konzentriert sich auf den Englischunterricht f\u00fcr Nicht-Muttersprachler, die in einem englischsprachigen Land leben.<\/p>\n\n\n\n<p><strong>Beschreibung:<\/strong> Eine TESL-Zertifizierung ist ideal f\u00fcr Lehrer, die mit Einwanderern oder internationalen Studenten in L\u00e4ndern arbeiten wollen, in denen Englisch die vorherrschende Sprache ist. Das Programm umfasst in der Regel kulturelle Anpassung, fortgeschrittene Grammatik und Techniken f\u00fcr den Englischunterricht in mehrsprachigen Klassenr\u00e4umen.<\/p>\n\n\n\n<h3 class=\"wp-block-heading\">3. TEFL (Englisch als Fremdsprache unterrichten)<\/h3>\n\n\n\n<p><strong>Definition:<\/strong> TEFL befasst sich mit dem Englischunterricht f\u00fcr Nicht-Muttersprachler in L\u00e4ndern, in denen Englisch nicht die Hauptsprache ist.<\/p>\n\n\n\n<p><strong>Beschreibung:<\/strong> Eine TEFL-Zertifizierung ist f\u00fcr diejenigen gedacht, die im Ausland Englisch unterrichten m\u00f6chten. Die Ausbildung umfasst h\u00e4ufig eine Unterweisung in der Anpassung von Lehrmethoden an unterschiedliche kulturelle Kontexte, die Entwicklung von Lehrpl\u00e4nen und praktische Unterrichtserfahrung.<\/p>\n\n\n\n<h3 class=\"wp-block-heading\">4. TEYA (Teaching English to Young Adults)<\/h3>\n\n\n\n<p><strong>Definition:<\/strong> TEYA hat sich auf den Englischunterricht f\u00fcr junge Erwachsene, in der Regel im Collegealter, spezialisiert.<\/p>\n\n\n\n<p><strong>Beschreibung:<\/strong> Eine TEYA-Zertifizierung konzentriert sich auf die Psychologie junger Erwachsener, altersgerechte Lehrtechniken und Aktivit\u00e4ten, die junge Erwachsene ansprechen.<\/p>\n\n\n\n<h3 class=\"wp-block-heading\">5. CELTA (Zertifikat f\u00fcr den Englischunterricht f\u00fcr Erwachsene)<\/h3>\n\n\n\n<p><strong>Definition:<\/strong> CELTA ist ein international anerkanntes Zertifikat f\u00fcr den Englischunterricht f\u00fcr Erwachsene.<\/p>\n\n\n\n<p><strong>Beschreibung:<\/strong> Das CELTA wird von Cambridge Assessment English verwaltet und ist hoch angesehen und weithin anerkannt. Der Kurs beinhaltet eine rigorose Mischung aus Theorie und praktischer Unterrichtserfahrung und konzentriert sich auf die Prinzipien der Erwachsenenbildung, die Entwicklung von Sprachkenntnissen und effektive Unterrichtsstrategien.<\/p>\n\n\n\n<h3 class=\"wp-block-heading\">6. DELTA (Diploma in English Language Teaching to Adults)<\/h3>\n\n\n\n<p><strong>Definition:<\/strong> DELTA ist eine fortgeschrittene Qualifikation f\u00fcr erfahrene Englischlehrer.<\/p>\n\n\n\n<p><strong>Beschreibung:<\/strong> Das DELTA, das ebenfalls von Cambridge Assessment English verwaltet wird, ist eine Qualifikation auf h\u00f6herem Niveau, die auf den durch das CELTA oder gleichwertige Erfahrungen erworbenen F\u00e4higkeiten aufbaut. Es umfasst Module zu Theorie und Praxis, beruflicher Entwicklung und Spezialisierungen in Bereichen wie Wirtschaftsenglisch oder Englisch f\u00fcr akademische Zwecke.<\/p>\n\n\n\n<h3 class=\"wp-block-heading\">7. TEFLi (TEFL International)<\/h3>\n\n\n\n<p><strong>Definition:<\/strong> TEFLi-Zertifizierungen werden von verschiedenen Organisationen und Institutionen weltweit angeboten und bieten eine standardisierte Ausbildung f\u00fcr den Englischunterricht im Ausland.<\/p>\n\n\n\n<p><strong>Beschreibung:<\/strong> TEFLi-Programme bieten in der Regel eine Mischung aus Online- und Pr\u00e4senzschulung, einschlie\u00dflich Klassenraummanagement, Unterrichtsplanung und Unterrichtspraxis. Die Qualit\u00e4t und Anerkennung von TEFLi-Zertifizierungen kann variieren, daher ist es wichtig, einen seri\u00f6sen Anbieter zu w\u00e4hlen.<\/p>\n\n\n\n<h3 class=\"wp-block-heading\">8. TEFLA (Teaching English as a Foreign Language to Adults)<\/h3>\n\n\n\n<p><strong>Definition:<\/strong> TEFLA ist ein weiterer Begriff f\u00fcr Zertifizierungen, die sich auf den Englischunterricht f\u00fcr Erwachsene konzentrieren und oft mit TEFL austauschbar sind.<\/p>\n\n\n\n<p><strong>Beschreibung:<\/strong> TEFLA-Programme legen den Schwerpunkt auf die Grunds\u00e4tze der Erwachsenenbildung, die Gestaltung von Lehrpl\u00e4nen f\u00fcr erwachsene Lernende und Techniken zur Einbindung erwachsener Studierender in den Lernprozess.<\/p>\n\n\n\n<h3 class=\"wp-block-heading\">9. EFL (Englisch als Fremdsprache)<\/h3>\n\n\n\n<p><strong>Definition:<\/strong> EFL bezieht sich auf den Englischunterricht f\u00fcr Nicht-Muttersprachler in L\u00e4ndern, in denen Englisch nicht die Hauptsprache ist.<\/p>\n\n\n\n<p><strong>Beschreibung:<\/strong> EFL-Zertifizierungen wie TEFL bereiten Lehrer auf die Arbeit in unterschiedlichen kulturellen Umgebungen vor und konzentrieren sich auf Sprachkenntnisse, Lehrmethoden und kulturelle Sensibilit\u00e4t.<\/p>\n\n\n\n<h3 class=\"wp-block-heading\">10. ESL (Englisch als Zweitsprache)<\/h3>\n\n\n\n<p><strong>Definition:<\/strong> ESL konzentriert sich auf den Englischunterricht f\u00fcr Nicht-Muttersprachler in englischsprachigen L\u00e4ndern.<\/p>\n\n\n\n<p><strong>Beschreibung:<\/strong> \u00c4hnlich wie beim TESL vermitteln ESL-Zertifizierungen Lehrern die F\u00e4higkeit, Sch\u00fcler bei der Integration in englischsprachige Umgebungen zu unterst\u00fctzen, wobei der Schwerpunkt auf dem Spracherwerb, der kulturellen Anpassung und dem praktischen Sprachgebrauch liegt. <\/p>\n\n\n\n<p><\/p>\n\n\n\n<p><\/p>\n\n\n\n<figure class=\"wp-block-embed is-type-video is-provider-youtube wp-block-embed-youtube wp-embed-aspect-16-9 wp-has-aspect-ratio\"><div class=\"wp-block-embed__wrapper\">\n<iframe loading=\"lazy\" title=\"TEBL Teaching English Business Language Introduction - Evolution of Agile Education\" width=\"580\" height=\"326\" src=\"https:\/\/www.youtube.com\/embed\/lzNj70cY47c?feature=oembed\" frameborder=\"0\" allow=\"accelerometer; autoplay; clipboard-write; encrypted-media; gyroscope; picture-in-picture; web-share\" referrerpolicy=\"strict-origin-when-cross-origin\" allowfullscreen><\/iframe>\n<\/div><figcaption class=\"wp-element-caption\">TEBL-Einf\u00fchrungsvideo<\/figcaption><\/figure>\n\n\n\n<p><\/p>\n\n\n\n<h3 class=\"wp-block-heading\"><a>Schl\u00fcsselw\u00f6rter<\/a><\/h3>\n\n\n\n<ul class=\"wp-block-list\">\n<li>Englisch als Gesch\u00e4ftssprache unterrichten (TEBL)<\/li>\n\n\n\n<li>Englisch f\u00fcr besondere Zwecke (ESP)<\/li>\n\n\n\n<li>Englisch f\u00fcr akademische Zwecke (EAP)<\/li>\n\n\n\n<li>Englisch f\u00fcr Berufszwecke (EOP)<\/li>\n\n\n\n<li>Wirtschaftsenglisch<\/li>\n\n\n\n<li>Akademischer Erfolg<\/li>\n\n\n\n<li>Berufliche Bereitschaft<\/li>\n\n\n\n<li>Globales Gesch\u00e4ft<\/li>\n<\/ul>\n\n\n\n<h3 class=\"wp-block-heading\"><a>Mission<\/a><\/h3>\n\n\n\n<ul class=\"wp-block-list\">\n<li><strong>Englisch als Gesch\u00e4ftssprache unterrichten<\/strong><\/li>\n<\/ul>\n\n\n\n<h3 class=\"wp-block-heading\"><a>Vision<\/a><\/h3>\n\n\n\n<ul class=\"wp-block-list\">\n<li><strong>F\u00f6rderung des gesch\u00e4ftlichen Erfolgs durch gezielte Englisch-Kenntnisse<\/strong><\/li>\n<\/ul>\n\n\n\n<h3 class=\"wp-block-heading\"><a>Werte<\/a><\/h3>\n\n\n\n<ul class=\"wp-block-list\">\n<li><strong>Qualit\u00e4t<\/strong>: Ein ansprechender, aktueller und effektiver Lehrplan, der auf bew\u00e4hrten p\u00e4dagogischen Grundlagen basiert und speziell auf die F\u00f6rderung des Lernens ausgerichtet ist.<\/li>\n\n\n\n<li><strong>Professionalit\u00e4t<\/strong>: Der Schwerpunkt liegt auf Englisch f\u00fcr bestimmte Zwecke, das von qualifizierten (ESL, TESL, TESOL, TEFL, IATEFL-Mitglieder) und erfahrenen Gesch\u00e4fts- und Englischlehrern vermittelt wird.<\/li>\n\n\n\n<li><strong>Relevanz<\/strong>: Respekt vor dem Sch\u00fcler und Konzentration auf angewandtes Wirtschaftsenglisch, damit die Lernenden die Kenntnisse und F\u00e4higkeiten, die sie in der realen Gesch\u00e4ftswelt ben\u00f6tigen, schnell anwenden k\u00f6nnen.<\/li>\n<\/ul>\n\n\n\n<p><\/p>\n\n\n\n<p>In der heutigen globalen Gesch\u00e4ftswelt hat sich Englisch als die Lingua franca des Handels herausgebildet und erfordert sowohl f\u00fcr den akademischen Erfolg als auch f\u00fcr das berufliche Fortkommen die Beherrschung von gesch\u00e4ftsspezifischem Englisch. Teaching English as a Business Language (TEBL) stellt einen speziellen Ansatz innerhalb des breiteren Rahmens von English for Specific Purposes (ESP) dar. Durch die Integration von Elementen aus Englisch f\u00fcr akademische Zwecke (EAP) und Englisch f\u00fcr berufliche Zwecke (EOP) bietet TEBL eine umfassende L\u00f6sung, die auf die Bed\u00fcrfnisse von Studenten und Fachleuten aus der Wirtschaft zugeschnitten ist.<\/p>\n\n\n\n<h3 class=\"wp-block-heading\"><a>Verst\u00e4ndnis von ESP, EAP und EOP<\/a><\/h3>\n\n\n\n<p>English for Specific Purposes (ESP) ist ein gezielter Ansatz f\u00fcr den Sprachunterricht, der auf die besonderen sprachlichen Bed\u00fcrfnisse von Lernenden in bestimmten Bereichen, einschlie\u00dflich der akademischen Welt und verschiedener Berufsfelder, eingeht. ESP wird traditionell in zwei Hauptbereiche unterteilt:<\/p>\n\n\n\n<p><strong>Englisch f\u00fcr akademische Zwecke (EAP)<\/strong><\/p>\n\n\n\n<p><strong>Schwerpunkt<\/strong>: EAP konzentriert sich auf die Sprachkenntnisse, die f\u00fcr den akademischen Erfolg erforderlich sind, z. B. das Schreiben von Forschungsarbeiten, die Teilnahme an Seminaren und das Verstehen akademischer Vorlesungen.<\/p>\n\n\n\n<p><strong>Fachzeitschriften und Forschung<\/strong>: Bedeutende Forschungsarbeiten im Bereich EAP werden in Fachzeitschriften ver\u00f6ffentlicht wie <em>Englisch f\u00fcr besondere Zwecke<\/em> und die <em>Zeitschrift f\u00fcr Englisch f\u00fcr akademische Zwecke<\/em>. Die Betonung des EAP im Rahmen des ESP wird durch die Zugeh\u00f6rigkeit vieler ESP-Forscher zu akademischen Einrichtungen und den gro\u00dfen Bedarf an EAP-Kenntnissen bei den Studierenden bestimmt.<\/p>\n\n\n\n<p><strong>Zielpublikum<\/strong>: Studenten und Akademiker, die fortgeschrittene Englischkenntnisse ben\u00f6tigen, um in ihrem Studium erfolgreich zu sein.<\/p>\n\n\n\n<p><strong>Englisch f\u00fcr Berufszwecke (EOP)<\/strong><\/p>\n\n\n\n<p><strong>Schwerpunkt<\/strong>: EOP befasst sich mit den Sprachkenntnissen, die f\u00fcr den Beruf und den Arbeitsplatz ben\u00f6tigt werden, einschlie\u00dflich spezifischer Gesch\u00e4ftsbereiche wie Marketing, Finanzen und Personalwesen.<\/p>\n\n\n\n<p><strong>Fachzeitschriften und Forschung<\/strong>: Es gibt zwar keine Fachzeitschrift, die sich ausschlie\u00dflich mit EOP befasst, doch finden sich einschl\u00e4gige Forschungsergebnisse in Publikationen wie <em>Englisch f\u00fcr besondere Zwecke<\/em>.<\/p>\n\n\n\n<p><strong>Zielpublikum<\/strong>: Berufst\u00e4tige, die ma\u00dfgeschneiderte Englischkenntnisse f\u00fcr ihre spezifischen beruflichen Aufgaben und Branchen ben\u00f6tigen.<\/p>\n\n\n\n<p><\/p>\n\n\n\n<h3 class=\"wp-block-heading\"><a>TEBL: Integration von EAP und EOP f\u00fcr die Wirtschaftsausbildung<\/a><\/h3>\n\n\n\n<p>TEBL kombiniert auf einzigartige Weise die St\u00e4rken von EAP und EOP, um auf die besonderen Bed\u00fcrfnisse von Studenten und Berufst\u00e4tigen in der Wirtschaft einzugehen. Diese Integration stellt sicher, dass die Lernenden sowohl die akademischen als auch die praktischen Sprachkenntnisse erwerben, die f\u00fcr den Erfolg notwendig sind.<\/p>\n\n\n\n<h4 class=\"wp-block-heading\">Vom EAP:<\/h4>\n\n\n\n<ul class=\"wp-block-list\">\n<li><strong>Akademische F\u00e4higkeiten f\u00fcr Wirtschaftsstudien<\/strong>: TEBL beinhaltet akademische Englischkenntnisse, die f\u00fcr ein Wirtschaftsstudium unerl\u00e4sslich sind, wie z. B. die Analyse von Wirtschaftstexten, das Verfassen von wissenschaftlichen Arbeiten und die Pr\u00e4sentation von Forschungsergebnissen.<\/li>\n\n\n\n<li><strong>Forschung und Theorieanwendung<\/strong>: Die Lernenden befassen sich mit wissenschaftlicher Literatur, wenden Wirtschaftstheorien an und nehmen an wissenschaftlichen Diskussionen teil, die f\u00fcr die akademische und berufliche Entwicklung von entscheidender Bedeutung sind.<\/li>\n<\/ul>\n\n\n\n<h4 class=\"wp-block-heading\">Von EOP:<\/h4>\n\n\n\n<ul class=\"wp-block-list\">\n<li><strong>Praktische Gesch\u00e4ftskommunikation<\/strong>: TEBL legt den Schwerpunkt auf praktische Sprachkenntnisse, die in der Gesch\u00e4ftswelt ben\u00f6tigt werden, wie z. B. das Verfassen von Berichten, das Verfassen professioneller E-Mails, das Aushandeln von Gesch\u00e4ften und das Erstellen von Pr\u00e4sentationen.<\/li>\n\n\n\n<li><strong>Branchenspezifisches Vokabular<\/strong>: Der Schwerpunkt liegt auf der Terminologie und dem Sprachgebrauch in verschiedenen Gesch\u00e4ftsbereichen, um eine effektive Kommunikation im beruflichen Kontext zu erm\u00f6glichen.<\/li>\n<\/ul>\n\n\n\n<h3 class=\"wp-block-heading\"><a>Vorteile von TEBL f\u00fcr zuk\u00fcnftige Wirtschaftsstudenten<\/a><\/h3>\n\n\n\n<p>Wirtschaftsstudenten k\u00f6nnen von einer TEBL-Kurs\u00fcberpr\u00fcfung vor Beginn ihres Studiums erheblich profitieren. Die wichtigsten Vorteile sind:<\/p>\n\n\n\n<p><strong>Verbesserte Kommunikationsf\u00e4higkeiten<\/strong><\/p>\n\n\n\n<p><strong>Business-spezifisches Vokabular<\/strong>: TEBL-Kurse konzentrieren sich auf die Vermittlung von englischem Vokabular und Terminologie, die speziell f\u00fcr den gesch\u00e4ftlichen Kontext relevant sind. Dies hilft den Studierenden, die Sprache zu verstehen und sie in ihrem Studium und ihrer zuk\u00fcnftigen Karriere effektiv zu nutzen.<\/p>\n\n\n\n<p><strong>Effektives Schreiben<\/strong>: Die Sch\u00fcler lernen, klare und pr\u00e4gnante Gesch\u00e4ftsberichte, E-Mails und andere Dokumente zu verfassen, was sowohl im akademischen als auch im beruflichen Umfeld von entscheidender Bedeutung ist.<\/p>\n\n\n\n<p><strong>Pr\u00e4sentationsf\u00e4higkeiten<\/strong>: In den TEBL-Kursen wird h\u00e4ufig ge\u00fcbt, wie man Ideen selbstbewusst und klar pr\u00e4sentiert - eine wichtige F\u00e4higkeit f\u00fcr Wirtschaftsstudenten.<\/p>\n\n\n\n<p><strong>Gest\u00e4rktes Selbstvertrauen<\/strong><\/p>\n\n\n\n<p><strong>Reduzierte Sprachbarrieren<\/strong>: Sch\u00fcler, deren Muttersprache nicht Englisch ist, k\u00f6nnen sprachbedingte \u00c4ngste abbauen und sich aktiver an Unterrichtsgespr\u00e4chen, Gruppenprojekten und Pr\u00e4sentationen beteiligen.<\/p>\n\n\n\n<p><strong>Bereitschaft<\/strong>: Mit einer soliden Grundlage in Wirtschaftsenglisch k\u00f6nnen die Studierenden ihr Studium mit gr\u00f6\u00dferer Zuversicht angehen, da sie wissen, dass sie f\u00fcr die sprachlichen Anforderungen ihrer Kursarbeit ger\u00fcstet sind.<\/p>\n\n\n\n<p><strong>Potenzielle akademische Leistung<\/strong><\/p>\n\n\n\n<p><strong>Verstehen<\/strong>: Kann zu einem besseren Verst\u00e4ndnis der Vorlesungen, der Lekt\u00fcre und der Aufgaben f\u00fchren, in denen h\u00e4ufig komplexe Wirtschaftsterminologie verwendet wird.<\/p>\n\n\n\n<p><strong>Verlobung<\/strong>: Kann die F\u00e4higkeit verbessern, sich intensiver mit dem Kursmaterial und den Diskussionen zu besch\u00e4ftigen, was zu einer reichhaltigeren Lernerfahrung f\u00fchrt.<\/p>\n\n\n\n<p><strong>Berufliche Bereitschaft<\/strong><\/p>\n\n\n\n<p><strong>Praktika und Stellenvermittlungen<\/strong>: In vielen Wirtschaftsstudieng\u00e4ngen sind Praktika und Stellenvermittlungen Teil des Lehrplans. Die Beherrschung von Wirtschaftsenglisch kann die Wettbewerbsf\u00e4higkeit der Studierenden bei diesen Gelegenheiten erh\u00f6hen.<\/p>\n\n\n\n<p><strong>Vernetzung<\/strong>: Die F\u00e4higkeit, im Gesch\u00e4ftsleben effektiv zu kommunizieren, hilft den Studierenden beim Aufbau beruflicher Netzwerke, die f\u00fcr die berufliche Entwicklung unerl\u00e4sslich sind.<\/p>\n\n\n\n<p><strong>Ganzheitliches Lernen<\/strong><\/p>\n\n\n\n<p><strong>Interdisziplin\u00e4re Verst\u00e4ndigung<\/strong>: In der Betriebswirtschaftslehre werden h\u00e4ufig Konzepte aus verschiedenen Disziplinen wie Wirtschaft, Marketing, Finanzen und Management integriert. TEBL-Kurse helfen den Studierenden, diese interdisziplin\u00e4ren Zusammenh\u00e4nge auf Englisch zu verstehen und zu artikulieren.<\/p>\n\n\n\n<p><strong>Globale Perspektive<\/strong>: Die Wirtschaft ist zunehmend global. Die Beherrschung von Wirtschaftsenglisch erm\u00f6glicht es den Studierenden, sich mit internationalen Fallstudien zu befassen, mit Gleichaltrigen aus verschiedenen L\u00e4ndern zusammenzuarbeiten und globale Wirtschaftstrends zu verstehen.<\/p>\n\n\n\n<p><strong>Agiler Lernansatz<\/strong><\/p>\n\n\n\n<p><strong>Anpassungsf\u00e4higkeit<\/strong>: TEBL legt Wert auf eine flexible Ausbildung, d. h. die Studierenden lernen, sich schnell an neue Informationen und Situationen anzupassen - eine entscheidende F\u00e4higkeit in der schnelllebigen Gesch\u00e4ftswelt.<\/p>\n\n\n\n<p><strong>Kontinuierliche Verbesserung<\/strong>: Der iterative Charakter des agilen Lernens ermutigt die Studierenden, ihre Sprachkenntnisse kontinuierlich zu verbessern und mit den sich entwickelnden Gesch\u00e4ftspraktiken Schritt zu halten.<\/p>\n\n\n\n<p><strong>Zeitersparnis durch Lernen von n\u00fctzlichem Gesch\u00e4ftsenglisch<\/strong><\/p>\n\n\n\n<p><strong>Konzentriertes Lernen<\/strong>: Anstatt Zeit auf allgemeines Englisch zu verwenden, k\u00f6nnen sich die Sch\u00fcler auf die spezifischen Sprachkenntnisse konzentrieren, die f\u00fcr die Gesch\u00e4ftswelt erforderlich sind, was ihren Lernprozess effizienter macht.<\/p>\n\n\n\n<p><strong>Praktische Anwendung<\/strong>: In den TEBL-Kursen k\u00f6nnen die Teilnehmer durch praktische \u00dcbungen und reale Szenarien sofort mit der Anwendung von Wirtschaftsenglisch beginnen. So wird sichergestellt, dass die erlernten F\u00e4higkeiten direkt f\u00fcr ihr Studium und ihre zuk\u00fcnftige Karriere relevant sind.<\/p>\n\n\n\n<p><strong>Umfassender \u00dcberblick \u00fcber die wichtigsten Gesch\u00e4ftsthemen<\/strong><\/p>\n\n\n\n<p><strong>Breite Wissensbasis<\/strong>: Durch die Auswahl aus einer Liste zahlreicher grundlegender Wirtschaftsthemen erwerben die Studierenden ein breites Verst\u00e4ndnis grundlegender Wirtschaftskonzepte, die als Grundlage f\u00fcr weiterf\u00fchrende Studien dienen k\u00f6nnen.<\/p>\n\n\n\n<p><strong>Aktuelle Relevanz<\/strong>: Die behandelten Themen orientieren sich an den wichtigsten aktuellen Wirtschaftsthemen, so dass die Studierenden \u00fcber aktuelle Gesch\u00e4ftspraktiken und -trends gut informiert sind.<\/p>\n\n\n\n<p><\/p>\n\n\n\n<h3 class=\"wp-block-heading\"><a>Beispielthemen in einem TEBL-Kurs f\u00fcr zuk\u00fcnftige MBA-Studenten<\/a><\/h3>\n\n\n\n<ul class=\"wp-block-list\">\n<li>Gesch\u00e4ftliche Ziele<\/li>\n\n\n\n<li>F\u00fchrung und Management<\/li>\n\n\n\n<li>Wirtschaft Sprache<\/li>\n\n\n\n<li>Sprache der Buchhaltung<\/li>\n\n\n\n<li>Finanzsprache<\/li>\n\n\n\n<li>Sprache der Lieferkette<\/li>\n\n\n\n<li>Sprache der Betriebsf\u00fchrung<\/li>\n\n\n\n<li>Sprache der Personalverwaltung<\/li>\n\n\n\n<li>Sprache des Vertriebsmanagements<\/li>\n\n\n\n<li>Marketing-Sprache<\/li>\n<\/ul>\n\n\n\n<p><\/p>\n\n\n\n<figure class=\"wp-block-image size-full\"><img loading=\"lazy\" decoding=\"async\" width=\"600\" height=\"300\" src=\"https:\/\/tebl.education\/wp-content\/uploads\/2024\/06\/TEBL-logo-600x300-1.png\" alt=\"TEBL Teaching English as a Business Language\" class=\"wp-image-19\" srcset=\"https:\/\/tebl.education\/wp-content\/uploads\/2024\/06\/TEBL-logo-600x300-1.png 600w, https:\/\/tebl.education\/wp-content\/uploads\/2024\/06\/TEBL-logo-600x300-1-300x150.png 300w, https:\/\/tebl.education\/wp-content\/uploads\/2024\/06\/TEBL-logo-600x300-1-18x9.png 18w\" sizes=\"auto, (max-width: 600px) 100vw, 600px\" \/><figcaption class=\"wp-element-caption\">TEBL Teaching English as a Business Language<\/figcaption><\/figure>","protected":false},"excerpt":{"rendered":"<p>TEBL is a Business English Teaching Method to Help Business People Learn English In the contemporary global business environment, English has emerged as the lingua franca of commerce, making proficiency in business-specific English essential for both academic success and professional advancement. Teaching English as a Business Language (TEBL) was developed to address this need by [&hellip;]<\/p>","protected":false},"author":1,"featured_media":76,"parent":0,"menu_order":0,"comment_status":"closed","ping_status":"closed","template":"","meta":{"footnotes":""},"class_list":["post-21","page","type-page","status-publish","has-post-thumbnail","hentry"],"_links":{"self":[{"href":"https:\/\/tebl.education\/de\/wp-json\/wp\/v2\/pages\/21","targetHints":{"allow":["GET"]}}],"collection":[{"href":"https:\/\/tebl.education\/de\/wp-json\/wp\/v2\/pages"}],"about":[{"href":"https:\/\/tebl.education\/de\/wp-json\/wp\/v2\/types\/page"}],"author":[{"embeddable":true,"href":"https:\/\/tebl.education\/de\/wp-json\/wp\/v2\/users\/1"}],"replies":[{"embeddable":true,"href":"https:\/\/tebl.education\/de\/wp-json\/wp\/v2\/comments?post=21"}],"version-history":[{"count":5,"href":"https:\/\/tebl.education\/de\/wp-json\/wp\/v2\/pages\/21\/revisions"}],"predecessor-version":[{"id":153,"href":"https:\/\/tebl.education\/de\/wp-json\/wp\/v2\/pages\/21\/revisions\/153"}],"wp:featuredmedia":[{"embeddable":true,"href":"https:\/\/tebl.education\/de\/wp-json\/wp\/v2\/media\/76"}],"wp:attachment":[{"href":"https:\/\/tebl.education\/de\/wp-json\/wp\/v2\/media?parent=21"}],"curies":[{"name":"wp","href":"https:\/\/api.w.org\/{rel}","templated":true}]}}