{"id":10,"date":"2024-06-23T14:07:24","date_gmt":"2024-06-23T18:07:24","guid":{"rendered":"https:\/\/tebl.education\/?page_id=10"},"modified":"2024-06-25T09:16:06","modified_gmt":"2024-06-25T13:16:06","slug":"tebl-agile-education","status":"publish","type":"page","link":"https:\/\/tebl.education\/es\/tebl-agile-education\/","title":{"rendered":"Filosof\u00eda educativa: Educaci\u00f3n \u00e1gil"},"content":{"rendered":"<p>Incorporaci\u00f3n de principios de educaci\u00f3n \u00e1gil en diferentes aspectos del programa TEBL:<\/p>\n\n\n\n<h3 class=\"wp-block-heading\"><a>1. Dise\u00f1o e impartici\u00f3n del plan de estudios<\/a><\/h3>\n\n\n\n<ul class=\"wp-block-list\">\n<li><strong>Plan de estudios adaptable<\/strong>: La educaci\u00f3n \u00e1gil da prioridad a la adaptabilidad, lo que permite a TEBL modificar su plan de estudios en respuesta a las nuevas tendencias empresariales, las opiniones de los estudiantes y los resultados educativos. Esto garantiza que el contenido siga siendo pertinente y eficaz.<\/li>\n\n\n\n<li><strong>Ciclos de aprendizaje iterativos<\/strong>: TEBL utiliza ciclos cortos e iterativos que permiten la mejora continua de los procesos de aprendizaje, reflejando la metodolog\u00eda \u00e1gil de los sprints.<\/li>\n\n\n\n<li><strong>Materiales de aprendizaje Lean<\/strong>: Haciendo hincapi\u00e9 en los contenidos esenciales sin sobrecargar a los estudiantes, el plan de estudios de TEBL se centra en los materiales m\u00e1s eficaces, reflejando el enfoque ajustado de las metodolog\u00edas \u00e1giles.<\/li>\n\n\n\n<li><strong>Aprendizaje justo a tiempo<\/strong>: Este enfoque proporciona a los estudiantes la informaci\u00f3n pertinente exactamente cuando la necesitan, lo que hace que el proceso de aprendizaje sea m\u00e1s eficaz y directamente aplicable a sus necesidades o proyectos inmediatos.<\/li>\n<\/ul>\n\n\n\n<h3 class=\"wp-block-heading\"><a>2. Aprendizaje centrado en el alumno<\/a><\/h3>\n\n\n\n<ul class=\"wp-block-list\">\n<li><strong>Rutas de aprendizaje personalizadas<\/strong>: La educaci\u00f3n \u00e1gil favorece la personalizaci\u00f3n de la experiencia de aprendizaje. TEBL ofrece itinerarios personalizados que se adaptan a los objetivos profesionales y los niveles de cualificaci\u00f3n de cada estudiante.<\/li>\n\n\n\n<li><strong>Aprendizaje colaborativo<\/strong>: El TEBL fomenta el trabajo en equipo y el aprendizaje entre iguales, aspectos clave de las metodolog\u00edas \u00e1giles, mejorando la comprensi\u00f3n a trav\u00e9s de interacciones y perspectivas diversas.<\/li>\n\n\n\n<li><strong>Prototipado r\u00e1pido de competencias ling\u00fc\u00edsticas<\/strong>: Los estudiantes aplican r\u00e1pidamente sus conocimientos ling\u00fc\u00edsticos en contextos pr\u00e1cticos, poniendo a prueba y perfeccionando sus habilidades en tiempo real.<\/li>\n\n\n\n<li><strong>Aprendizaje orientado al valor<\/strong>: Cada aspecto de TEBL est\u00e1 dise\u00f1ado para maximizar el valor para los estudiantes, desde conocimientos ling\u00fc\u00edsticos directamente aplicables hasta oportunidades de creaci\u00f3n de redes y crecimiento profesional.<\/li>\n<\/ul>\n\n\n\n<h3 class=\"wp-block-heading\"><a>3. Evaluaci\u00f3n y retroalimentaci\u00f3n<\/a><\/h3>\n\n\n\n<ul class=\"wp-block-list\">\n<li><strong>Evaluaci\u00f3n continua<\/strong>: La educaci\u00f3n \u00e1gil implica comprobaciones peri\u00f3dicas del progreso, y el TEBL incorpora evaluaciones continuas para supervisar los avances de los alumnos y orientar futuras estrategias de aprendizaje.<\/li>\n\n\n\n<li><strong>Bucles de realimentaci\u00f3n normales<\/strong>: La retroalimentaci\u00f3n forma parte integrante de los m\u00e9todos \u00e1giles y del TEBL, ya que permite a los estudiantes comprender continuamente sus progresos y sus \u00e1reas de mejora.<\/li>\n\n\n\n<li><strong>Reflexi\u00f3n y mejora continua<\/strong>: En el TEBL se fomentan las pr\u00e1cticas reflexivas, lo que permite a los estudiantes interiorizar lo que han aprendido y c\u00f3mo pueden aplicarlo a sus actividades profesionales y acad\u00e9micas.<\/li>\n<\/ul>\n\n\n\n<h3 class=\"wp-block-heading\"><a>4. 4. Integraci\u00f3n de la tecnolog\u00eda<\/a><\/h3>\n\n\n\n<ul class=\"wp-block-list\">\n<li><strong>Integraci\u00f3n de aplicaciones de aprendizaje de idiomas<\/strong>: TEBL integra modernas tecnolog\u00edas educativas, incluidas aplicaciones que apoyan la repetici\u00f3n espaciada, el aprendizaje interactivo y mucho m\u00e1s.<\/li>\n\n\n\n<li><strong>Simulaciones de realidad virtual<\/strong>: Se utilizan para experiencias de aprendizaje inmersivas, simulando entornos empresariales en los que se pueden practicar los conocimientos ling\u00fc\u00edsticos.<\/li>\n\n\n\n<li><strong>Uso de herramientas y plataformas de colaboraci\u00f3n<\/strong>: Herramientas como las plataformas de escritura colaborativa y las aplicaciones de comunicaci\u00f3n facilitan un entorno de aprendizaje moderno e interactivo.<\/li>\n<\/ul>\n\n\n\n<h3 class=\"wp-block-heading\"><a>5. Aplicaci\u00f3n en el mundo real<\/a><\/h3>\n\n\n\n<ul class=\"wp-block-list\">\n<li><strong>Desarrollo de competencias interfuncionales<\/strong>: El aprendizaje en TEBL no se limita a la lengua, sino que incluye el desarrollo de otras competencias empresariales a trav\u00e9s del aprendizaje de idiomas.<\/li>\n\n\n\n<li><strong>Participaci\u00f3n de las partes interesadas<\/strong>: La participaci\u00f3n directa de los agentes empresariales garantiza que el material did\u00e1ctico sea pertinente y responda a las necesidades reales del mundo empresarial.<\/li>\n\n\n\n<li><strong>Asociaciones con empresas<\/strong>: Estas asociaciones ofrecen a los estudiantes contextos y retos del mundo real, reforzando el car\u00e1cter pr\u00e1ctico de la experiencia de aprendizaje.<\/li>\n<\/ul>\n\n\n\n<h3 class=\"wp-block-heading\"><a>6. Metodolog\u00edas \u00e1giles de ense\u00f1anza<\/a><\/h3>\n\n\n\n<ul class=\"wp-block-list\">\n<li><strong>Sprints de aprendizaje breves y focalizados<\/strong>: Los cursos TEBL est\u00e1n estructurados en segmentos cortos que permiten concentrarse en el aprendizaje, la retroalimentaci\u00f3n y la revisi\u00f3n.<\/li>\n\n\n\n<li><strong>Revisi\u00f3n y adaptaci\u00f3n peri\u00f3dicas de los objetivos<\/strong>: Los cursos se actualizan peri\u00f3dicamente para reflejar los cambios en el entorno empresarial, manteniendo su pertinencia y eficacia.<\/li>\n\n\n\n<li><strong>\u00c9nfasis en los proyectos de grupo<\/strong>: Los proyectos en grupo facilitan experiencias de aprendizaje din\u00e1micas, fomentando la participaci\u00f3n activa y la aplicaci\u00f3n pr\u00e1ctica de las competencias.<\/li>\n<\/ul>\n\n\n\n<h3 class=\"wp-block-heading\"><a>7. Conocimientos ling\u00fc\u00edsticos espec\u00edficos para los negocios<\/a><\/h3>\n\n\n\n<ul class=\"wp-block-list\">\n<li><strong>Incorporaci\u00f3n de noticias empresariales de actualidad y estudios de casos<\/strong>: Esto mantiene el plan de estudios actualizado y relevante, proporcionando a los estudiantes el contexto de c\u00f3mo sus habilidades ling\u00fc\u00edsticas se aplican en el mundo empresarial real.<\/li>\n\n\n\n<li><strong>Ejercicios de escenificaci\u00f3n en contextos empresariales<\/strong>: Estos ejercicios simulan situaciones empresariales reales, lo que permite a los estudiantes practicar y perfeccionar sus conocimientos ling\u00fc\u00edsticos y empresariales.<\/li>\n\n\n\n<li><strong>Enfoque pr\u00e1ctico del ingl\u00e9s comercial<\/strong>: Garantiza que los estudiantes puedan aplicar lo aprendido directamente a su entorno profesional.<\/li>\n<\/ul>\n\n\n\n<h3 class=\"wp-block-heading\"><a>8. Mejora continua y adaptaci\u00f3n<\/a><\/h3>\n\n\n\n<ul class=\"wp-block-list\">\n<li><strong>Retrospectivas peri\u00f3dicas<\/strong>: Se celebran sesiones de reflexi\u00f3n para revisar lo que se ha aprendido y lo que se puede mejorar, reflejando la pr\u00e1ctica \u00e1gil de las retrospectivas.<\/li>\n\n\n\n<li><strong>Autoevaluaci\u00f3n y revisi\u00f3n inter pares<\/strong>: Estos procesos fomentan la responsabilidad personal y el aprendizaje comunitario, fundamentales para la mejora continua.<\/li>\n\n\n\n<li><strong>Actualizaciones r\u00e1pidas para reflejar las pr\u00e1cticas empresariales actuales<\/strong>: El plan de estudios se actualiza peri\u00f3dicamente para garantizar que refleje las pr\u00e1cticas empresariales y los usos ling\u00fc\u00edsticos m\u00e1s recientes.<\/li>\n<\/ul>\n\n\n\n<p>Esta completa integraci\u00f3n de los principios \u00e1giles en el programa TEBL garantiza que los estudiantes no s\u00f3lo aprendan de forma eficaz, sino que tambi\u00e9n est\u00e9n preparados para utilizar sus habilidades en entornos empresariales din\u00e1micos y en evoluci\u00f3n.<\/p>\n\n\n\n<p><\/p>","protected":false},"excerpt":{"rendered":"<p>Agile Education Principles incorporation across Different Aspects of the TEBL Program: 1. Curriculum Design and Delivery 2. Student-Centered Learning 3. Assessment and Feedback 4. Technology Integration 5. Real-World Application 6. Agile Teaching Methodologies 7. Business-Specific Language Skills 8. Continuous Improvement and Adaptation This comprehensive integration of agile principles into the TEBL program ensures that students [&hellip;]<\/p>","protected":false},"author":1,"featured_media":78,"parent":0,"menu_order":0,"comment_status":"closed","ping_status":"closed","template":"","meta":{"footnotes":""},"class_list":["post-10","page","type-page","status-publish","has-post-thumbnail","hentry"],"_links":{"self":[{"href":"https:\/\/tebl.education\/es\/wp-json\/wp\/v2\/pages\/10","targetHints":{"allow":["GET"]}}],"collection":[{"href":"https:\/\/tebl.education\/es\/wp-json\/wp\/v2\/pages"}],"about":[{"href":"https:\/\/tebl.education\/es\/wp-json\/wp\/v2\/types\/page"}],"author":[{"embeddable":true,"href":"https:\/\/tebl.education\/es\/wp-json\/wp\/v2\/users\/1"}],"replies":[{"embeddable":true,"href":"https:\/\/tebl.education\/es\/wp-json\/wp\/v2\/comments?post=10"}],"version-history":[{"count":1,"href":"https:\/\/tebl.education\/es\/wp-json\/wp\/v2\/pages\/10\/revisions"}],"predecessor-version":[{"id":17,"href":"https:\/\/tebl.education\/es\/wp-json\/wp\/v2\/pages\/10\/revisions\/17"}],"wp:featuredmedia":[{"embeddable":true,"href":"https:\/\/tebl.education\/es\/wp-json\/wp\/v2\/media\/78"}],"wp:attachment":[{"href":"https:\/\/tebl.education\/es\/wp-json\/wp\/v2\/media?parent=10"}],"curies":[{"name":"wp","href":"https:\/\/api.w.org\/{rel}","templated":true}]}}