{"id":21,"date":"2024-06-23T14:24:21","date_gmt":"2024-06-23T18:24:21","guid":{"rendered":"https:\/\/tebl.education\/?page_id=21"},"modified":"2024-07-24T11:09:26","modified_gmt":"2024-07-24T15:09:26","slug":"about-tebl","status":"publish","type":"page","link":"https:\/\/tebl.education\/es\/","title":{"rendered":"Acerca de TEBL"},"content":{"rendered":"<p><\/p>\n\n\n\n<h2 class=\"wp-block-heading\">TEBL es un m\u00e9todo de ense\u00f1anza de ingl\u00e9s comercial para ayudar a los empresarios a aprender ingl\u00e9s<\/h2>\n\n\n\n<p><\/p>\n\n\n\n<p>En el entorno empresarial global contempor\u00e1neo, el ingl\u00e9s se ha convertido en la lengua franca del comercio, por lo que el dominio de un ingl\u00e9s espec\u00edfico para los negocios es esencial tanto para el \u00e9xito acad\u00e9mico como para la promoci\u00f3n profesional. La ense\u00f1anza del ingl\u00e9s como lengua de negocios (Teaching English as a Business Language, TEBL) se desarroll\u00f3 para responder a esta necesidad integrando elementos del ingl\u00e9s con fines acad\u00e9micos (English for Academic Purposes, EAP) y del ingl\u00e9s con fines profesionales (English for Occupational Purposes, EOP). Este enfoque innovador garantiza que los alumnos adquieran las destrezas ling\u00fc\u00edsticas necesarias para las aplicaciones acad\u00e9micas y pr\u00e1cticas en contextos empresariales.<\/p>\n\n\n\n<p>TEBL ofrece un plan de estudios integral que hace hincapi\u00e9 en la calidad, la profesionalidad y el respeto, proporcionando una experiencia educativa atractiva y actualizada impartida por educadores cualificados y experimentados. El programa se centra en impartir vocabulario espec\u00edfico de negocios, redacci\u00f3n eficaz y habilidades de presentaci\u00f3n, mejorando as\u00ed las competencias comunicativas. Adem\u00e1s, el TEBL ayuda a derribar las barreras ling\u00fc\u00edsticas, aumenta la confianza de los estudiantes y mejora el rendimiento acad\u00e9mico al potenciar la comprensi\u00f3n y el compromiso con los materiales del curso. <\/p>\n\n\n\n<p>Al preparar a los estudiantes para la vida profesional, el TEBL ofrece ventajas competitivas a la hora de conseguir pr\u00e1cticas, puestos de trabajo y oportunidades de establecer contactos. Promueve el aprendizaje hol\u00edstico incorporando conceptos empresariales interdisciplinarios y fomentando una perspectiva global. El enfoque de aprendizaje \u00e1gil del TEBL garantiza la adaptabilidad y la mejora continua de las competencias ling\u00fc\u00edsticas, manteniendo a los estudiantes al d\u00eda de la evoluci\u00f3n de las pr\u00e1cticas empresariales. En definitiva, el TEBL proporciona una experiencia de aprendizaje centrada en aplicaciones pr\u00e1cticas, lo que lo convierte en un componente indispensable de la educaci\u00f3n empresarial contempor\u00e1nea.<\/p>\n\n\n\n<p>TEBL es una Metodolog\u00eda de Ense\u00f1anza idealmente combinada con Estudios Empresariales Profesionales (M\u00ednimo <em>BCom<\/em> Degree) y\/o Equivalente 2-3 A\u00f1os de Experiencia Laboral as\u00ed como una o m\u00e1s de las Credenciales de Ense\u00f1anza de Ingl\u00e9s como las siguientes:<\/p>\n\n\n\n<p><\/p>\n\n\n\n<h3 class=\"wp-block-heading\">1. TESOL (Ense\u00f1anza del ingl\u00e9s a hablantes de otras lenguas)<\/h3>\n\n\n\n<p><strong>Definici\u00f3n:<\/strong> TESOL es un t\u00e9rmino gen\u00e9rico que abarca tanto la ense\u00f1anza del ingl\u00e9s como segunda lengua (ESL) como la ense\u00f1anza del ingl\u00e9s como lengua extranjera (EFL). A menudo se utiliza indistintamente con TESL y TEFL, pero t\u00e9cnicamente engloba a ambos.<\/p>\n\n\n\n<p><strong>Descripci\u00f3n:<\/strong> Un certificado TESOL est\u00e1 pensado para profesores que quieren ense\u00f1ar ingl\u00e9s a hablantes no nativos, ya sea en pa\u00edses de habla inglesa (ESL) o en el extranjero (EFL). Los programas TESOL suelen incluir formaci\u00f3n en adquisici\u00f3n del idioma, metodolog\u00edas de ense\u00f1anza, planificaci\u00f3n de clases y gesti\u00f3n del aula.<\/p>\n\n\n\n<h3 class=\"wp-block-heading\">2. TESL (Ense\u00f1anza del ingl\u00e9s como segunda lengua)<\/h3>\n\n\n\n<p><strong>Definici\u00f3n:<\/strong> TESL se centra en la ense\u00f1anza del ingl\u00e9s a hablantes no nativos que viven en un pa\u00eds angl\u00f3fono.<\/p>\n\n\n\n<p><strong>Descripci\u00f3n:<\/strong> Una certificaci\u00f3n TESL es ideal para profesores que planean trabajar con inmigrantes o estudiantes internacionales en pa\u00edses donde el ingl\u00e9s es la lengua dominante. El programa suele abarcar adaptaci\u00f3n cultural, gram\u00e1tica avanzada y t\u00e9cnicas para ense\u00f1ar ingl\u00e9s en aulas multiling\u00fces.<\/p>\n\n\n\n<h3 class=\"wp-block-heading\">3. TEFL (Ense\u00f1anza del ingl\u00e9s como lengua extranjera)<\/h3>\n\n\n\n<p><strong>Definici\u00f3n:<\/strong> El TEFL se ocupa de ense\u00f1ar ingl\u00e9s a hablantes no nativos en pa\u00edses donde el ingl\u00e9s no es la lengua principal.<\/p>\n\n\n\n<p><strong>Descripci\u00f3n:<\/strong> Un certificado TEFL est\u00e1 destinado a quienes desean ense\u00f1ar ingl\u00e9s en el extranjero. La formaci\u00f3n suele incluir instrucci\u00f3n sobre c\u00f3mo adaptar los m\u00e9todos de ense\u00f1anza a diferentes contextos culturales, desarrollo curricular y experiencia pr\u00e1ctica docente.<\/p>\n\n\n\n<h3 class=\"wp-block-heading\">4. TEYA (Ense\u00f1anza de ingl\u00e9s a j\u00f3venes adultos)<\/h3>\n\n\n\n<p><strong>Definici\u00f3n:<\/strong> TEYA se especializa en la ense\u00f1anza del ingl\u00e9s a j\u00f3venes adultos, normalmente en edad universitaria.<\/p>\n\n\n\n<p><strong>Descripci\u00f3n:<\/strong> La certificaci\u00f3n TEYA se centra en la psicolog\u00eda de los adultos j\u00f3venes, las t\u00e9cnicas de ense\u00f1anza adecuadas a la edad y las actividades que atraen a los adultos j\u00f3venes.<\/p>\n\n\n\n<h3 class=\"wp-block-heading\">5. CELTA (Certificado de Ense\u00f1anza de Ingl\u00e9s para Adultos)<\/h3>\n\n\n\n<p><strong>Definici\u00f3n:<\/strong> CELTA es una certificaci\u00f3n reconocida internacionalmente para ense\u00f1ar ingl\u00e9s a adultos.<\/p>\n\n\n\n<p><strong>Descripci\u00f3n:<\/strong> Administrado por Cambridge Assessment English, el CELTA goza de gran prestigio y reconocimiento. El curso incluye una rigurosa combinaci\u00f3n de teor\u00eda y experiencia pr\u00e1ctica en la ense\u00f1anza, centrada en los principios del aprendizaje de adultos, el desarrollo de habilidades ling\u00fc\u00edsticas y estrategias de ense\u00f1anza eficaces.<\/p>\n\n\n\n<h3 class=\"wp-block-heading\">6. DELTA (Diploma de Ense\u00f1anza de Ingl\u00e9s para Adultos)<\/h3>\n\n\n\n<p><strong>Definici\u00f3n:<\/strong> DELTA es una titulaci\u00f3n avanzada para profesores de ingl\u00e9s con experiencia.<\/p>\n\n\n\n<p><strong>Descripci\u00f3n:<\/strong> Tambi\u00e9n administrado por Cambridge Assessment English, el DELTA es un t\u00edtulo de nivel superior que se basa en las competencias adquiridas a trav\u00e9s del CELTA o de una experiencia equivalente. Incluye m\u00f3dulos sobre teor\u00eda y pr\u00e1ctica, desarrollo profesional y especializaciones en \u00e1reas como ingl\u00e9s comercial o ingl\u00e9s con fines acad\u00e9micos.<\/p>\n\n\n\n<h3 class=\"wp-block-heading\">7. TEFLi (TEFL Internacional)<\/h3>\n\n\n\n<p><strong>Definici\u00f3n:<\/strong> Diversas organizaciones e instituciones de todo el mundo ofrecen certificaciones TEFLi, que proporcionan una formaci\u00f3n estandarizada para ense\u00f1ar ingl\u00e9s en el extranjero.<\/p>\n\n\n\n<p><strong>Descripci\u00f3n:<\/strong> Los programas TEFLi suelen ofrecer una combinaci\u00f3n de formaci\u00f3n en l\u00ednea y presencial, que incluye gesti\u00f3n del aula, planificaci\u00f3n de clases y pr\u00e1ctica docente. La calidad y el reconocimiento de las certificaciones TEFLi pueden variar, por lo que es importante elegir un proveedor de confianza.<\/p>\n\n\n\n<h3 class=\"wp-block-heading\">8. TEFLA (Ense\u00f1anza del ingl\u00e9s como lengua extranjera para adultos)<\/h3>\n\n\n\n<p><strong>Definici\u00f3n:<\/strong> TEFLA es otro t\u00e9rmino utilizado para las certificaciones centradas en la ense\u00f1anza del ingl\u00e9s a estudiantes adultos, a menudo intercambiable con TEFL.<\/p>\n\n\n\n<p><strong>Descripci\u00f3n:<\/strong> Los programas de TEFLA hacen hincapi\u00e9 en los principios de la educaci\u00f3n de adultos, el dise\u00f1o de planes de estudios para estudiantes adultos y las t\u00e9cnicas para implicar a los estudiantes adultos en el proceso de aprendizaje.<\/p>\n\n\n\n<h3 class=\"wp-block-heading\">9. EFL (ingl\u00e9s como lengua extranjera)<\/h3>\n\n\n\n<p><strong>Definici\u00f3n:<\/strong> EFL se refiere a la ense\u00f1anza del ingl\u00e9s a hablantes no nativos en pa\u00edses donde el ingl\u00e9s no es la lengua principal.<\/p>\n\n\n\n<p><strong>Descripci\u00f3n:<\/strong> Las certificaciones EFL, como el TEFL, preparan a los profesores para trabajar en entornos culturales diversos, centr\u00e1ndose en las destrezas ling\u00fc\u00edsticas, las metodolog\u00edas de ense\u00f1anza y la sensibilidad cultural.<\/p>\n\n\n\n<h3 class=\"wp-block-heading\">10. ESL (ingl\u00e9s como segunda lengua)<\/h3>\n\n\n\n<p><strong>Definici\u00f3n:<\/strong> ESL se centra en la ense\u00f1anza del ingl\u00e9s a hablantes no nativos en pa\u00edses de habla inglesa.<\/p>\n\n\n\n<p><strong>Descripci\u00f3n:<\/strong> Al igual que el TESL, las certificaciones de ESL dotan a los profesores de habilidades para ayudar a los estudiantes a integrarse en entornos angloparlantes, haciendo hincapi\u00e9 en la adquisici\u00f3n del idioma, la adaptaci\u00f3n cultural y el uso pr\u00e1ctico de la lengua. <\/p>\n\n\n\n<p><\/p>\n\n\n\n<p><\/p>\n\n\n\n<figure class=\"wp-block-embed is-type-video is-provider-youtube wp-block-embed-youtube wp-embed-aspect-16-9 wp-has-aspect-ratio\"><div class=\"wp-block-embed__wrapper\">\n<iframe loading=\"lazy\" title=\"TEBL Teaching English Business Language Introduction - Evolution of Agile Education\" width=\"580\" height=\"326\" src=\"https:\/\/www.youtube.com\/embed\/lzNj70cY47c?feature=oembed\" frameborder=\"0\" allow=\"accelerometer; autoplay; clipboard-write; encrypted-media; gyroscope; picture-in-picture; web-share\" referrerpolicy=\"strict-origin-when-cross-origin\" allowfullscreen><\/iframe>\n<\/div><figcaption class=\"wp-element-caption\">TEBL Introduction Video<\/figcaption><\/figure>\n\n\n\n<p><\/p>\n\n\n\n<h3 class=\"wp-block-heading\"><a>Palabras clave<\/a><\/h3>\n\n\n\n<ul class=\"wp-block-list\">\n<li>Ense\u00f1anza del ingl\u00e9s como lengua de negocios (TEBL)<\/li>\n\n\n\n<li>Ingl\u00e9s para fines espec\u00edficos (ESP)<\/li>\n\n\n\n<li>Ingl\u00e9s para fines acad\u00e9micos (EAP)<\/li>\n\n\n\n<li>Ingl\u00e9s con fines profesionales (EOP)<\/li>\n\n\n\n<li>Ingl\u00e9s comercial<\/li>\n\n\n\n<li>\u00c9xito acad\u00e9mico<\/li>\n\n\n\n<li>Preparaci\u00f3n profesional<\/li>\n\n\n\n<li>Negocio global<\/li>\n<\/ul>\n\n\n\n<h3 class=\"wp-block-heading\"><a>Misi\u00f3n<\/a><\/h3>\n\n\n\n<ul class=\"wp-block-list\">\n<li><strong>Ense\u00f1anza del ingl\u00e9s como lengua de negocios<\/strong><\/li>\n<\/ul>\n\n\n\n<h3 class=\"wp-block-heading\"><a>Visi\u00f3n<\/a><\/h3>\n\n\n\n<ul class=\"wp-block-list\">\n<li><strong>Potenciar el \u00e9xito empresarial mediante el dominio del ingl\u00e9s<\/strong><\/li>\n<\/ul>\n\n\n\n<h3 class=\"wp-block-heading\"><a>Valores<\/a><\/h3>\n\n\n\n<ul class=\"wp-block-list\">\n<li><strong>Calidad<\/strong>: Un plan de estudios atractivo, actual y eficaz basado en fundamentos educativos probados, espec\u00edfico para posibilitar el aprendizaje.<\/li>\n\n\n\n<li><strong>Profesionalidad<\/strong>: Centrado en el ingl\u00e9s para fines espec\u00edficos, impartido por profesores cualificados (ESL, TESL, TESOL, TEFL, miembros de IATEFL) y con experiencia en ingl\u00e9s y negocios.<\/li>\n\n\n\n<li><strong>Relevancia<\/strong>: Respetando al alumno y centr\u00e1ndose en el ingl\u00e9s comercial aplicado, permitiendo a los alumnos utilizar r\u00e1pidamente los conocimientos y habilidades que necesitan en el mundo empresarial real.<\/li>\n<\/ul>\n\n\n\n<p><\/p>\n\n\n\n<p>En el actual entorno empresarial mundial, el ingl\u00e9s se ha convertido en la lingua franca del comercio, lo que exige un dominio del ingl\u00e9s espec\u00edfico de los negocios tanto para el \u00e9xito acad\u00e9mico como para la promoci\u00f3n profesional. La ense\u00f1anza del ingl\u00e9s como lengua de negocios (TEBL) representa un enfoque especializado dentro del marco m\u00e1s amplio del ingl\u00e9s con fines espec\u00edficos (ESP). Al integrar elementos tanto del ingl\u00e9s con fines acad\u00e9micos (EAP) como del ingl\u00e9s con fines profesionales (EOP), el TEBL ofrece una soluci\u00f3n global adaptada a las necesidades de los estudiantes y profesionales de los negocios.<\/p>\n\n\n\n<h3 class=\"wp-block-heading\"><a>Comprensi\u00f3n de ESP, EAP y EOP<\/a><\/h3>\n\n\n\n<p>El ingl\u00e9s con fines espec\u00edficos (ESP, English for Specific Purposes) es un enfoque espec\u00edfico de la ense\u00f1anza de idiomas que aborda las necesidades ling\u00fc\u00edsticas concretas de los alumnos en \u00e1mbitos particulares, como el acad\u00e9mico y diversos campos profesionales. Tradicionalmente, el ESP se divide en dos ramas principales:<\/p>\n\n\n\n<p><strong>Ingl\u00e9s para fines acad\u00e9micos (EAP)<\/strong><\/p>\n\n\n\n<p><strong>Enfoque<\/strong>: El EAP se centra en las destrezas ling\u00fc\u00edsticas necesarias para el \u00e9xito acad\u00e9mico, como la redacci\u00f3n de trabajos de investigaci\u00f3n, la participaci\u00f3n en seminarios y la comprensi\u00f3n de conferencias acad\u00e9micas.<\/p>\n\n\n\n<p><strong>Revistas e investigaci\u00f3n<\/strong>: En revistas como <em>Ingl\u00e9s para fines espec\u00edficos<\/em> y el <em>Revista de Ingl\u00e9s con Fines Acad\u00e9micos<\/em>. El \u00e9nfasis en la PAE dentro de la ESP se debe a la afiliaci\u00f3n de muchos investigadores de la ESP a instituciones acad\u00e9micas y a la gran necesidad de competencias de PAE entre los estudiantes.<\/p>\n\n\n\n<p><strong>P\u00fablico destinatario<\/strong>: Estudiantes y acad\u00e9micos que necesitan conocimientos avanzados de ingl\u00e9s para prosperar en sus estudios.<\/p>\n\n\n\n<p><strong>Ingl\u00e9s con fines profesionales (EOP)<\/strong><\/p>\n\n\n\n<p><strong>Enfoque<\/strong>: EOP aborda las competencias ling\u00fc\u00edsticas necesarias para los entornos profesionales y laborales, incluidas funciones empresariales espec\u00edficas como marketing, finanzas y recursos humanos.<\/p>\n\n\n\n<p><strong>Revistas e investigaci\u00f3n<\/strong>: Aunque no existe una revista dedicada exclusivamente a la EOP, se pueden encontrar investigaciones relevantes en publicaciones como <em>Ingl\u00e9s para fines espec\u00edficos<\/em>.<\/p>\n\n\n\n<p><strong>P\u00fablico destinatario<\/strong>: Profesionales que necesitan conocimientos de ingl\u00e9s adaptados a sus funciones laborales y sectores espec\u00edficos.<\/p>\n\n\n\n<p><\/p>\n\n\n\n<h3 class=\"wp-block-heading\"><a>TEBL: Integraci\u00f3n de EAP y EOP para la educaci\u00f3n empresarial<\/a><\/h3>\n\n\n\n<p>TEBL combina de forma \u00fanica los puntos fuertes de EAP y EOP para satisfacer las distintas necesidades de los estudiantes y profesionales del mundo de los negocios. Esta integraci\u00f3n garantiza que los alumnos adquieran las competencias ling\u00fc\u00edsticas acad\u00e9micas y pr\u00e1cticas necesarias para el \u00e9xito.<\/p>\n\n\n\n<h4 class=\"wp-block-heading\">De EAP:<\/h4>\n\n\n\n<ul class=\"wp-block-list\">\n<li><strong>Habilidades acad\u00e9micas para estudios empresariales<\/strong>: El TEBL incorpora destrezas de ingl\u00e9s acad\u00e9mico esenciales para los estudios empresariales, como el an\u00e1lisis de textos empresariales, la redacci\u00f3n de trabajos acad\u00e9micos y la presentaci\u00f3n de resultados de investigaci\u00f3n.<\/li>\n\n\n\n<li><strong>Investigaci\u00f3n y aplicaci\u00f3n de la teor\u00eda<\/strong>: Los estudiantes se comprometen con la literatura acad\u00e9mica, aplican teor\u00edas empresariales y participan en debates acad\u00e9micos, cruciales para el desarrollo acad\u00e9mico y profesional.<\/li>\n<\/ul>\n\n\n\n<h4 class=\"wp-block-heading\">De EOP:<\/h4>\n\n\n\n<ul class=\"wp-block-list\">\n<li><strong>Comunicaci\u00f3n empresarial pr\u00e1ctica<\/strong>: El TEBL hace hincapi\u00e9 en las competencias ling\u00fc\u00edsticas pr\u00e1cticas necesarias en el mundo de los negocios, como la redacci\u00f3n de informes, la redacci\u00f3n de correos electr\u00f3nicos profesionales, la negociaci\u00f3n de acuerdos y la realizaci\u00f3n de presentaciones.<\/li>\n\n\n\n<li><strong>Vocabulario espec\u00edfico del sector<\/strong>: Se centra en la terminolog\u00eda y el uso del lenguaje espec\u00edficos de las distintas funciones empresariales, lo que permite una comunicaci\u00f3n eficaz en contextos profesionales.<\/li>\n<\/ul>\n\n\n\n<h3 class=\"wp-block-heading\"><a>Ventajas del TEBL para los futuros estudiantes de empresariales<\/a><\/h3>\n\n\n\n<p>Los estudiantes de empresariales pueden beneficiarse significativamente de una revisi\u00f3n del curso TEBL antes de comenzar sus estudios. Los beneficios clave incluyen:<\/p>\n\n\n\n<p><strong>Mejora de las capacidades de comunicaci\u00f3n<\/strong><\/p>\n\n\n\n<p><strong>Vocabulario espec\u00edfico de la empresa<\/strong>: Los cursos TEBL se centran en la ense\u00f1anza del vocabulario y la terminolog\u00eda ingleses espec\u00edficos de los contextos empresariales. Esto ayuda a los estudiantes a comprender y utilizar el idioma con eficacia en sus estudios y futuras carreras.<\/p>\n\n\n\n<p><strong>Escritura eficaz<\/strong>: Los alumnos aprenden a redactar de forma clara y concisa informes comerciales, correos electr\u00f3nicos y otros documentos, habilidades cruciales tanto en el \u00e1mbito acad\u00e9mico como en el profesional.<\/p>\n\n\n\n<p><strong>Habilidades de presentaci\u00f3n<\/strong>: Los cursos TEBL suelen incluir formaci\u00f3n sobre c\u00f3mo presentar ideas con seguridad y claridad, una habilidad vital para los estudiantes de empresariales.<\/p>\n\n\n\n<p><strong>Mayor confianza<\/strong><\/p>\n\n\n\n<p><strong>Reducci\u00f3n de las barreras ling\u00fc\u00edsticas<\/strong>: Los estudiantes cuya lengua materna no es el ingl\u00e9s pueden reducir la ansiedad relacionada con el idioma y participar m\u00e1s activamente en los debates de clase, los proyectos de grupo y las presentaciones.<\/p>\n\n\n\n<p><strong>Preparaci\u00f3n<\/strong>: Con una base s\u00f3lida en ingl\u00e9s de negocios, los estudiantes pueden abordar sus estudios con mayor confianza, sabiendo que est\u00e1n equipados para manejar las demandas ling\u00fc\u00edsticas de su curso.<\/p>\n\n\n\n<p><strong>Rendimiento acad\u00e9mico potencial<\/strong><\/p>\n\n\n\n<p><strong>Comprensi\u00f3n<\/strong>: Puede dar lugar a una mejor comprensi\u00f3n de las conferencias, lecturas y tareas que a menudo utilizan terminolog\u00eda empresarial compleja.<\/p>\n\n\n\n<p><strong>Compromiso<\/strong>: Puede proporcionar una mayor capacidad para comprometerse m\u00e1s profundamente con los materiales del curso y los debates, lo que lleva a una experiencia de aprendizaje m\u00e1s rica.<\/p>\n\n\n\n<p><strong>Preparaci\u00f3n profesional<\/strong><\/p>\n\n\n\n<p><strong>Pr\u00e1cticas y puestos de trabajo<\/strong>: Muchos programas de negocios incluyen pr\u00e1cticas y puestos de trabajo como parte del plan de estudios. El dominio del ingl\u00e9s comercial puede hacer que los estudiantes sean candidatos m\u00e1s competitivos para estas oportunidades.<\/p>\n\n\n\n<p><strong>Red<\/strong>: Ser capaz de comunicarse eficazmente en entornos empresariales ayuda a los estudiantes a crear redes profesionales, esenciales para el desarrollo de su carrera.<\/p>\n\n\n\n<p><strong>Aprendizaje hol\u00edstico<\/strong><\/p>\n\n\n\n<p><strong>Comprensi\u00f3n interdisciplinar<\/strong>: Los estudios empresariales suelen integrar conceptos de varias disciplinas, como la econom\u00eda, el marketing, las finanzas y la gesti\u00f3n. Los cursos TEBL ayudan a los estudiantes a comprender y articular estas conexiones interdisciplinares en ingl\u00e9s.<\/p>\n\n\n\n<p><strong>Perspectiva mundial<\/strong>: Los negocios son cada vez m\u00e1s globales. El dominio del ingl\u00e9s de los negocios permite a los estudiantes participar en estudios de casos internacionales, colaborar con compa\u00f1eros de diferentes pa\u00edses y comprender las tendencias empresariales mundiales.<\/p>\n\n\n\n<p><strong>Enfoque de aprendizaje \u00e1gil<\/strong><\/p>\n\n\n\n<p><strong>Adaptabilidad<\/strong>: TEBL hace hincapi\u00e9 en la educaci\u00f3n \u00e1gil, lo que significa que los estudiantes aprenden a adaptarse r\u00e1pidamente a la nueva informaci\u00f3n y situaciones, una habilidad crucial en el acelerado mundo de los negocios.<\/p>\n\n\n\n<p><strong>Mejora continua<\/strong>: La naturaleza iterativa del aprendizaje \u00e1gil anima a los estudiantes a mejorar continuamente sus conocimientos ling\u00fc\u00edsticos, manteni\u00e9ndolos al d\u00eda de la evoluci\u00f3n de las pr\u00e1cticas empresariales.<\/p>\n\n\n\n<p><strong>Ahorrar tiempo aprendiendo ingl\u00e9s comercial \u00fatil<\/strong><\/p>\n\n\n\n<p><strong>Aprendizaje centrado<\/strong>: En lugar de dedicar tiempo al ingl\u00e9s general, los estudiantes pueden concentrarse en las destrezas ling\u00fc\u00edsticas espec\u00edficas necesarias para los negocios, lo que hace que su proceso de aprendizaje sea m\u00e1s eficaz.<\/p>\n\n\n\n<p><strong>Aplicaci\u00f3n pr\u00e1ctica<\/strong>: Los cursos TEBL permiten a los estudiantes empezar a aplicar el ingl\u00e9s comercial inmediatamente mediante ejercicios pr\u00e1cticos y situaciones del mundo real, garantizando que las habilidades que aprenden son directamente relevantes para sus estudios y futuras carreras.<\/p>\n\n\n\n<p><strong>Panorama general de los principales temas empresariales<\/strong><\/p>\n\n\n\n<p><strong>Amplia base de conocimientos<\/strong>: Al elegir entre una lista de numerosos temas empresariales b\u00e1sicos, los estudiantes adquieren una amplia comprensi\u00f3n de los conceptos empresariales esenciales, que pueden servir de base para estudios m\u00e1s avanzados.<\/p>\n\n\n\n<p><strong>Relevancia actual<\/strong>: Los temas tratados est\u00e1n en consonancia con las cuestiones empresariales m\u00e1s importantes de la actualidad, lo que garantiza que los estudiantes est\u00e9n bien informados sobre las pr\u00e1cticas y tendencias empresariales contempor\u00e1neas.<\/p>\n\n\n\n<p><\/p>\n\n\n\n<h3 class=\"wp-block-heading\"><a>Ejemplos de temas de un curso TEBL para futuros estudiantes de MBA<\/a><\/h3>\n\n\n\n<ul class=\"wp-block-list\">\n<li>Objetivos empresariales<\/li>\n\n\n\n<li>Liderazgo y gesti\u00f3n<\/li>\n\n\n\n<li>Econom\u00eda Lengua<\/li>\n\n\n\n<li>Lenguaje contable<\/li>\n\n\n\n<li>Lenguaje financiero<\/li>\n\n\n\n<li>Lenguaje de la cadena de suministro<\/li>\n\n\n\n<li>Lenguaje de gesti\u00f3n de operaciones<\/li>\n\n\n\n<li>Lengua de gesti\u00f3n de recursos humanos<\/li>\n\n\n\n<li>Lenguaje de gesti\u00f3n de ventas<\/li>\n\n\n\n<li>Lenguaje de marketing<\/li>\n<\/ul>\n\n\n\n<p><\/p>\n\n\n\n<figure class=\"wp-block-image size-full\"><img loading=\"lazy\" decoding=\"async\" width=\"600\" height=\"300\" src=\"https:\/\/tebl.education\/wp-content\/uploads\/2024\/06\/TEBL-logo-600x300-1.png\" alt=\"TEBL Teaching English as a Business Language\" class=\"wp-image-19\" srcset=\"https:\/\/tebl.education\/wp-content\/uploads\/2024\/06\/TEBL-logo-600x300-1.png 600w, https:\/\/tebl.education\/wp-content\/uploads\/2024\/06\/TEBL-logo-600x300-1-300x150.png 300w, https:\/\/tebl.education\/wp-content\/uploads\/2024\/06\/TEBL-logo-600x300-1-18x9.png 18w\" sizes=\"auto, (max-width: 600px) 100vw, 600px\" \/><figcaption class=\"wp-element-caption\">TEBL Teaching English as a Business Language<\/figcaption><\/figure>","protected":false},"excerpt":{"rendered":"<p>TEBL is a Business English Teaching Method to Help Business People Learn English In the contemporary global business environment, English has emerged as the lingua franca of commerce, making proficiency in business-specific English essential for both academic success and professional advancement. Teaching English as a Business Language (TEBL) was developed to address this need by [&hellip;]<\/p>","protected":false},"author":1,"featured_media":76,"parent":0,"menu_order":0,"comment_status":"closed","ping_status":"closed","template":"","meta":{"footnotes":""},"class_list":["post-21","page","type-page","status-publish","has-post-thumbnail","hentry"],"_links":{"self":[{"href":"https:\/\/tebl.education\/es\/wp-json\/wp\/v2\/pages\/21","targetHints":{"allow":["GET"]}}],"collection":[{"href":"https:\/\/tebl.education\/es\/wp-json\/wp\/v2\/pages"}],"about":[{"href":"https:\/\/tebl.education\/es\/wp-json\/wp\/v2\/types\/page"}],"author":[{"embeddable":true,"href":"https:\/\/tebl.education\/es\/wp-json\/wp\/v2\/users\/1"}],"replies":[{"embeddable":true,"href":"https:\/\/tebl.education\/es\/wp-json\/wp\/v2\/comments?post=21"}],"version-history":[{"count":5,"href":"https:\/\/tebl.education\/es\/wp-json\/wp\/v2\/pages\/21\/revisions"}],"predecessor-version":[{"id":153,"href":"https:\/\/tebl.education\/es\/wp-json\/wp\/v2\/pages\/21\/revisions\/153"}],"wp:featuredmedia":[{"embeddable":true,"href":"https:\/\/tebl.education\/es\/wp-json\/wp\/v2\/media\/76"}],"wp:attachment":[{"href":"https:\/\/tebl.education\/es\/wp-json\/wp\/v2\/media?parent=21"}],"curies":[{"name":"wp","href":"https:\/\/api.w.org\/{rel}","templated":true}]}}