{"id":52,"date":"2024-06-23T15:22:39","date_gmt":"2024-06-23T19:22:39","guid":{"rendered":"https:\/\/tebl.education\/?page_id=52"},"modified":"2024-06-25T09:48:41","modified_gmt":"2024-06-25T13:48:41","slug":"teach-english-management-language","status":"publish","type":"page","link":"https:\/\/tebl.education\/es\/teach-english-management-language\/","title":{"rendered":"Ense\u00f1ar ingl\u00e9s Lengua de Gesti\u00f3n"},"content":{"rendered":"<p><\/p>\n\n\n\n<h1 class=\"wp-block-heading\"><a>Cap\u00edtulo 2: Navegar por la gesti\u00f3n y el liderazgo a trav\u00e9s de TEBL<\/a><\/h1>\n\n\n\n<h2 class=\"wp-block-heading\"><a>Introducci\u00f3n a la gesti\u00f3n y el liderazgo en ingl\u00e9s comercial<\/a><\/h2>\n\n\n\n<p>A medida que contin\u00fae su viaje para dominar el ingl\u00e9s de los negocios a trav\u00e9s del m\u00e9todo Teaching English as a Business Language (TEBL), este cap\u00edtulo pasa del establecimiento de objetivos estrat\u00e9gicos a la comprensi\u00f3n de los elementos esenciales de la gesti\u00f3n y el liderazgo. Para prepararse para un MBA no s\u00f3lo es necesario dominar el ingl\u00e9s, sino tambi\u00e9n comprender en profundidad los conceptos empresariales clave. En este cap\u00edtulo, explorar\u00e1 c\u00f3mo el TEBL facilita una comprensi\u00f3n m\u00e1s profunda de las din\u00e1micas de gesti\u00f3n y liderazgo, que son cruciales para su \u00e9xito en la escuela de negocios.<\/p>\n\n\n\n<h2 class=\"wp-block-heading\"><a>Comprender la gesti\u00f3n y el liderazgo<\/a><\/h2>\n\n\n\n<h3 class=\"wp-block-heading\"><a>Definici\u00f3n de gesti\u00f3n y liderazgo<\/a><\/h3>\n\n\n\n<p>Aunque a menudo se utilizan indistintamente, la gesti\u00f3n y el liderazgo implican habilidades y responsabilidades distintas que son vitales en el entorno empresarial:<\/p>\n\n\n\n<ul class=\"wp-block-list\">\n<li><strong>Gesti\u00f3n<\/strong>: Se centra en la organizaci\u00f3n, planificaci\u00f3n y ejecuci\u00f3n de actividades empresariales. Implica dirigir equipos hacia objetivos comunes utilizando procesos establecidos y las mejores pr\u00e1cticas.<\/li>\n\n\n\n<li><strong>Liderazgo<\/strong>: Consiste en inspirar y motivar a los equipos para que alcancen los objetivos de la organizaci\u00f3n. El liderazgo consiste en establecer una visi\u00f3n, fomentar la innovaci\u00f3n y propiciar un entorno favorable al cambio.<\/li>\n<\/ul>\n\n\n\n<p>A trav\u00e9s del TEBL, aprender\u00e1 el ingl\u00e9s comercial necesario para articular estos conceptos con eficacia, prepar\u00e1ndole tanto para los debates acad\u00e9micos como para las aplicaciones pr\u00e1cticas en su programa de MBA.<\/p>\n\n\n\n<h3 class=\"wp-block-heading\"><a>El papel de TEBL en la comprensi\u00f3n de las jerarqu\u00edas empresariales<\/a><\/h3>\n\n\n\n<p>TEBL mejora su comprensi\u00f3n de las estructuras organizativas integrando el aprendizaje de idiomas con la teor\u00eda empresarial, ayud\u00e1ndole a comprender las complejas jerarqu\u00edas de gesti\u00f3n y las funciones de liderazgo dentro de un contexto corporativo. Esto incluye el estudio de las funciones de los diferentes puestos directivos, desde los jefes de equipo hasta los directores generales, y el impacto de estas funciones en el rendimiento de la empresa.<\/p>\n\n\n\n<h2 class=\"wp-block-heading\"><a>Metodolog\u00eda TEBL para la gesti\u00f3n y el liderazgo<\/a><\/h2>\n\n\n\n<h3 class=\"wp-block-heading\"><a>Contenido y estructura del curso<\/a><\/h3>\n\n\n\n<p>El plan de estudios de gesti\u00f3n y liderazgo del TEBL incluye:<\/p>\n\n\n\n<ul class=\"wp-block-list\">\n<li><strong>Pruebas previas<\/strong>: Eval\u00fae su comprensi\u00f3n inicial del vocabulario y los conceptos clave de gesti\u00f3n y liderazgo.<\/li>\n\n\n\n<li><strong>Ejercicios de comprensi\u00f3n y expresi\u00f3n oral<\/strong>: Participe en di\u00e1logos y debates que reflejan situaciones empresariales reales, mejorando sus habilidades de comunicaci\u00f3n verbal.<\/li>\n\n\n\n<li><strong>Resoluci\u00f3n de problemas y estudio de casos<\/strong>: Analizar y presentar soluciones a retos t\u00edpicos de gesti\u00f3n, fomentando el pensamiento cr\u00edtico y la capacidad de toma de decisiones.<\/li>\n<\/ul>\n\n\n\n<h3 class=\"wp-block-heading\"><a>Objetivos de aprendizaje<\/a><\/h3>\n\n\n\n<p>Al final de este cap\u00edtulo, deber\u00edas ser capaz de:<\/p>\n\n\n\n<ul class=\"wp-block-list\">\n<li>Describir diversos estilos de gesti\u00f3n y cualidades de liderazgo.<\/li>\n\n\n\n<li>Comprender y debatir las implicaciones de las diferentes estructuras organizativas.<\/li>\n\n\n\n<li>Aplicar eficazmente la terminolog\u00eda de gesti\u00f3n y liderazgo en ingl\u00e9s comercial.<\/li>\n<\/ul>\n\n\n\n<h2 class=\"wp-block-heading\"><a>Aprendizaje interactivo a trav\u00e9s de TEBL<\/a><\/h2>\n\n\n\n<h3 class=\"wp-block-heading\"><a>Casos pr\u00e1cticos y juegos de rol<\/a><\/h3>\n\n\n\n<p>Participe en estudios de casos facilitados por TEBL en los que asumir\u00e1 los papeles de diferentes l\u00edderes empresariales, abordando retos como la gesti\u00f3n de equipos, la resoluci\u00f3n de conflictos y la toma de decisiones estrat\u00e9gicas. Este enfoque pr\u00e1ctico ayuda a consolidar su comprensi\u00f3n de los matices entre la gesti\u00f3n y el liderazgo.<\/p>\n\n\n\n<h3 class=\"wp-block-heading\"><a>Foros de debate<\/a><\/h3>\n\n\n\n<p>Participe en debates moderados que le permitir\u00e1n debatir y explorar diversas teor\u00edas de liderazgo y pr\u00e1cticas de gesti\u00f3n. Estos foros est\u00e1n dise\u00f1ados para mejorar tus habilidades comunicativas en ingl\u00e9s de negocios, a la vez que profundizas en tu comprensi\u00f3n de las din\u00e1micas de gesti\u00f3n y liderazgo.<\/p>\n\n\n\n<h2 class=\"wp-block-heading\"><a>Ampliar el vocabulario con TEBL<\/a><\/h2>\n\n\n\n<p>Una de las principales ventajas del m\u00e9todo TEBL es la ampliaci\u00f3n selectiva de su vocabulario empresarial. Este cap\u00edtulo incluye una lista exhaustiva de t\u00e9rminos de gesti\u00f3n y liderazgo esenciales para los estudiantes de MBA. Mediante ejercicios interactivos y ayudas para la memoria, TEBL le ayuda a dominar el uso de este vocabulario en los contextos adecuados.<\/p>\n\n\n\n<h3 class=\"wp-block-heading\"><a>Los temas clave del vocabulario incluyen:<\/a><\/h3>\n\n\n\n<ul class=\"wp-block-list\">\n<li><strong>Dise\u00f1o organizativo<\/strong>: T\u00e9rminos como \"estructura matricial\", \"estructura divisional\" y \"jerarqu\u00eda plana\".<\/li>\n\n\n\n<li><strong>Estilos de liderazgo<\/strong>: Definiciones y ejemplos de \"liderazgo transformacional\", \"liderazgo autocr\u00e1tico\" y \"liderazgo de servicio\".<\/li>\n\n\n\n<li><strong>T\u00e9cnicas de gesti\u00f3n<\/strong>: Comprender conceptos como \"gesti\u00f3n del rendimiento\", \"planificaci\u00f3n estrat\u00e9gica\" y \"asignaci\u00f3n de recursos\".<\/li>\n<\/ul>\n\n\n\n<h2 class=\"wp-block-heading\"><a>Prepararse para el \u00e9xito en un MBA<\/a><\/h2>\n\n\n\n<h3 class=\"wp-block-heading\"><a>Integraci\u00f3n del TEBL en su preparaci\u00f3n para el MBA<\/a><\/h3>\n\n\n\n<p>Utilice las habilidades y conocimientos adquiridos a trav\u00e9s de TEBL para prepararse para los tipos de discusiones, presentaciones y ex\u00e1menes que se encontrar\u00e1 en la escuela de negocios. La capacidad de articular sus pensamientos con claridad y eficacia en Ingl\u00e9s es crucial, y TEBL asegura que est\u00e1 bien preparado para hacer frente a estos desaf\u00edos.<\/p>\n\n\n\n<h3 class=\"wp-block-heading\"><a>Aplicaci\u00f3n estrat\u00e9gica de los conceptos aprendidos<\/a><\/h3>\n\n\n\n<p>Aplique los conceptos de gesti\u00f3n y liderazgo aprendidos en el TEBL a la elaboraci\u00f3n de un plan estrat\u00e9gico para sus futuras iniciativas empresariales. Este ejercicio no s\u00f3lo mejora su comprensi\u00f3n pr\u00e1ctica, sino que tambi\u00e9n le prepara para tareas similares en su programa de MBA.<\/p>\n\n\n\n<h3 class=\"wp-block-heading\"><a>Conceptos avanzados de liderazgo con TEBL<\/a><\/h3>\n\n\n\n<p>A medida que se profundiza en los \u00e1mbitos de la gesti\u00f3n y el liderazgo, TEBL introduce conceptos m\u00e1s sofisticados que son fundamentales para cualquier estudiante de MBA.<\/p>\n\n\n\n<h4 class=\"wp-block-heading\">Inteligencia emocional y liderazgo<\/h4>\n\n\n\n<p>Comprender y gestionar sus emociones y las de los dem\u00e1s es una habilidad clave para el liderazgo. Los cursos TEBL abarcan el vocabulario y los escenarios relacionados con la inteligencia emocional, lo que le permitir\u00e1 debatir y poner en pr\u00e1ctica la conciencia emocional en entornos empresariales de forma eficaz.<\/p>\n\n\n\n<h4 class=\"wp-block-heading\">Liderazgo intercultural<\/h4>\n\n\n\n<p>En el actual entorno empresarial globalizado, los l\u00edderes deben ser capaces de gestionar y motivar a equipos de diversos or\u00edgenes culturales. TEBL incorpora lecciones sobre comunicaci\u00f3n intercultural, mejorando su capacidad para dirigir equipos multinacionales y manejar con elegancia las interacciones comerciales internacionales.<\/p>\n\n\n\n<h3 class=\"wp-block-heading\"><a>Incorporaci\u00f3n del TEBL al an\u00e1lisis de los estilos de liderazgo<\/a><\/h3>\n\n\n\n<p>A trav\u00e9s de varios ejercicios TEBL, explorar\u00e1 diferentes estilos de liderazgo y sus aplicaciones en los negocios. Cada estilo tiene su contexto, sus ventajas y sus inconvenientes, y entenderlos puede influir significativamente en tu eficacia como l\u00edder.<\/p>\n\n\n\n<h4 class=\"wp-block-heading\">Liderazgo transformacional<\/h4>\n\n\n\n<p>Aprenda c\u00f3mo los l\u00edderes transformacionales inspiran y motivan a los empleados para que superen el rendimiento esperado, y analice ejemplos reales en los que este estilo condujo a cambios organizativos notables.<\/p>\n\n\n\n<h4 class=\"wp-block-heading\">Liderazgo de servicio<\/h4>\n\n\n\n<p>El TEBL introduce el concepto de liderazgo de servicio, en el que el principal objetivo del l\u00edder es servir. Este estilo se explora mediante estudios de casos y juegos de rol para ilustrar su eficacia a la hora de fomentar la lealtad y la moral alta entre los miembros del equipo.<\/p>\n\n\n\n<h3 class=\"wp-block-heading\"><a>Herramientas de aprendizaje interactivo de TEBL<\/a><\/h3>\n\n\n\n<p>Para consolidar su aprendizaje, TEBL emplea diversas herramientas y t\u00e9cnicas interactivas:<\/p>\n\n\n\n<h4 class=\"wp-block-heading\">Simulaciones<\/h4>\n\n\n\n<p>Participe en simulaciones que imitan entornos empresariales reales en los que las decisiones de liderazgo tienen consecuencias directas sobre los resultados. Est\u00e1n dise\u00f1adas para ayudarle a practicar y perfeccionar sus estrategias de liderazgo en un entorno sin riesgos.<\/p>\n\n\n\n<h4 class=\"wp-block-heading\">An\u00e1lisis de v\u00eddeos<\/h4>\n\n\n\n<p>Analice casos pr\u00e1cticos en v\u00eddeo protagonizados por l\u00edderes notables de todo el mundo. Analiza sus t\u00e9cnicas y decisiones para comprender mejor las aplicaciones pr\u00e1cticas de las distintas teor\u00edas del liderazgo.<\/p>\n\n\n\n<h4 class=\"wp-block-heading\">Talleres de liderazgo<\/h4>\n\n\n\n<p>Asista a talleres centrados en el desarrollo de cualidades de liderazgo espec\u00edficas como la decisi\u00f3n, la responsabilidad y la empat\u00eda. Estos talleres son interactivos y proporcionan informaci\u00f3n inmediata sobre su enfoque del liderazgo.<\/p>\n\n\n\n<h2 class=\"wp-block-heading\"><a>TEBL y la preparaci\u00f3n para el MBA: Teor\u00eda y pr\u00e1ctica<\/a><\/h2>\n\n\n\n<p>Mientras te preparas para tu MBA, TEBL se asegura de que no s\u00f3lo est\u00e9s preparado para afrontar los retos acad\u00e9micos, sino tambi\u00e9n para asumir funciones de liderazgo. La integraci\u00f3n de las metodolog\u00edas TEBL en tu preparaci\u00f3n une el conocimiento te\u00f3rico con la aplicaci\u00f3n pr\u00e1ctica, mejorando tu preparaci\u00f3n para la escuela de negocios.<\/p>\n\n\n\n<h3 class=\"wp-block-heading\"><a>Aplicaci\u00f3n pr\u00e1ctica en los estudios de MBA<\/a><\/h3>\n\n\n\n<p>Utiliza las habilidades de liderazgo y gesti\u00f3n desarrolladas a trav\u00e9s del TEBL para destacar en proyectos de grupo, dirigir debates en clase y gestionar iniciativas lideradas por estudiantes. Esta aplicaci\u00f3n pr\u00e1ctica refuerza tus conocimientos te\u00f3ricos y te prepara para los retos empresariales del mundo real.<\/p>\n\n\n\n<h3 class=\"wp-block-heading\"><a>Aprendizaje y desarrollo continuos<\/a><\/h3>\n\n\n\n<p>TEBL fomenta el aprendizaje y el desarrollo continuos a trav\u00e9s de sus completos sistemas de revisi\u00f3n y el acceso permanente a los recursos de aprendizaje. A medida que evolucionan las tendencias de negocio, tambi\u00e9n lo hace el plan de estudios TEBL, asegurando que se mantenga a la vanguardia de la educaci\u00f3n de negocios y el pensamiento de liderazgo.<\/p>\n\n\n\n<h2 class=\"wp-block-heading\"><a>Conclusiones: Dominar la gesti\u00f3n y el liderazgo para triunfar en el MBA<\/a><\/h2>\n\n\n\n<h3 class=\"wp-block-heading\">&nbsp;<\/h3>\n\n\n\n<h3 class=\"wp-block-heading\"><a>Preparaci\u00f3n de los pr\u00f3ximos cap\u00edtulos<\/a><\/h3>\n\n\n\n<p>A medida que avance hacia los siguientes cap\u00edtulos, prevea construir sobre esta base con conocimientos m\u00e1s profundos sobre <strong>Econom\u00eda Lengua<\/strong>Adem\u00e1s, ofrece una amplia comprensi\u00f3n de los principios econ\u00f3micos que afectan a las decisiones empresariales, cruciales para una gesti\u00f3n eficaz. TEBL continuar\u00e1 gui\u00e1ndole a trav\u00e9s de estos temas avanzados, asegur\u00e1ndose de que su ingl\u00e9s de negocios y sus habilidades empresariales pr\u00e1cticas se desarrollen a la par.<\/p>\n\n\n\n<h2 class=\"wp-block-heading\">&nbsp;<\/h2>\n\n\n\n<h2 class=\"wp-block-heading\"><a>Glosario de palabras de liderazgo y gesti\u00f3n empresarial<\/a><\/h2>\n\n\n\n<figure class=\"wp-block-table\"><table><thead><tr><td><strong>Plazo<\/strong><\/td><td><strong>Descripci\u00f3n<\/strong><\/td><\/tr><\/thead><tbody><tr><td><strong>Rendici\u00f3n de cuentas<\/strong><\/td><td>Obligaci\u00f3n de una persona u organizaci\u00f3n de rendir cuentas de sus actividades, aceptar la responsabilidad por ellas y divulgar los resultados de forma transparente.<\/td><\/tr><tr><td><strong>Liderazgo autocr\u00e1tico<\/strong><\/td><td>Estilo de liderazgo en el que el l\u00edder toma las decisiones de forma unilateral y sin tener demasiado en cuenta las opiniones o sugerencias de los subordinados.<\/td><\/tr><tr><td><strong>Evaluaci\u00f3n comparativa<\/strong><\/td><td>Analizar las operaciones y los indicadores clave de rendimiento de una empresa compar\u00e1ndolos con los mejores resultados del sector o con las mejores pr\u00e1cticas utilizadas por otras empresas. Es un m\u00e9todo para identificar las \u00e1reas que necesitan mejoras y evaluar el rendimiento de una empresa en relaci\u00f3n con sus rivales.<\/td><\/tr><tr><td><strong>Consejo de Administraci\u00f3n<\/strong><\/td><td>Grupo de personas elegidas para representar a los accionistas y gobernar la organizaci\u00f3n estableciendo pol\u00edticas y objetivos generales.<\/td><\/tr><tr><td><strong>Administraci\u00f3n de empresas<\/strong><\/td><td>La gesti\u00f3n de una empresa, incluidas las tareas administrativas y la supervisi\u00f3n de operaciones y pol\u00edticas.<\/td><\/tr><tr><td><strong>Gesti\u00f3n del cambio<\/strong><\/td><td>Un enfoque para cambiar\/transformar a personas, grupos y empresas de su situaci\u00f3n actual a un resultado preferido con el fin de lograr una visi\u00f3n y un plan.<\/td><\/tr><tr><td><strong>Director General (CEO)<\/strong><\/td><td>El ejecutivo de m\u00e1s alto rango en una empresa u organizaci\u00f3n, cuyas principales responsabilidades incluyen la toma de decisiones corporativas importantes, la gesti\u00f3n de las operaciones generales y los recursos de una empresa, y actuar como el principal punto de comunicaci\u00f3n entre el consejo de administraci\u00f3n y las operaciones corporativas.<\/td><\/tr><tr><td><strong>Coaching<\/strong><\/td><td>M\u00e9todo de dirigir, instruir y entrenar a una persona o grupo de personas, con el fin de alcanzar alg\u00fan objetivo o desarrollar habilidades espec\u00edficas.<\/td><\/tr><tr><td><strong>Colaboraci\u00f3n<\/strong><\/td><td>La acci\u00f3n de trabajar con alguien para producir o crear algo. A menudo se considera crucial para fomentar la innovaci\u00f3n y completar tareas complejas dentro de la gesti\u00f3n.<\/td><\/tr><tr><td><strong>Resoluci\u00f3n de conflictos<\/strong><\/td><td>Proceso por el que dos o m\u00e1s partes llegan a una soluci\u00f3n pac\u00edfica de un conflicto.<\/td><\/tr><tr><td><strong>Gobierno corporativo<\/strong><\/td><td>Sistema de normas, pr\u00e1cticas y procesos mediante los cuales se dirige y controla una empresa, lo que implica equilibrar los intereses de sus partes interesadas.<\/td><\/tr><tr><td><strong>Derecho de sociedades<\/strong><\/td><td>Estudio jur\u00eddico relativo a la constituci\u00f3n, el funcionamiento y la disoluci\u00f3n de las sociedades.<\/td><\/tr><tr><td><strong>Liderazgo intercultural<\/strong><\/td><td>Capacidad para gestionar y dirigir eficazmente equipos de diversos or\u00edgenes culturales, algo crucial en un entorno empresarial globalizado.<\/td><\/tr><tr><td><strong>Toma de decisiones<\/strong><\/td><td>Proceso de toma de decisiones mediante la identificaci\u00f3n de una decisi\u00f3n, la recopilaci\u00f3n de informaci\u00f3n y la evaluaci\u00f3n de resoluciones alternativas.<\/td><\/tr><tr><td><strong>Delegaci\u00f3n<\/strong><\/td><td>La asignaci\u00f3n de responsabilidad o autoridad a otra persona para llevar a cabo actividades espec\u00edficas, un aspecto clave de la gesti\u00f3n y el liderazgo.<\/td><\/tr><tr><td><strong>Gesti\u00f3n de la diversidad<\/strong><\/td><td>El proceso de reconocer, comprender, aceptar, valorar y celebrar las diferencias entre las personas en cuanto a edad, clase, etnia, sexo, capacidad f\u00edsica y mental, raza, orientaci\u00f3n sexual, pr\u00e1ctica espiritual y situaci\u00f3n de asistencia p\u00fablica.<\/td><\/tr><tr><td><strong>Econom\u00eda<\/strong><\/td><td>Ciencia social que estudia c\u00f3mo los individuos, los gobiernos, las empresas y las naciones toman decisiones sobre la asignaci\u00f3n de recursos para satisfacer sus deseos y necesidades, y trata de determinar c\u00f3mo estos grupos deben organizar y coordinar sus esfuerzos para lograr el m\u00e1ximo rendimiento.<\/td><\/tr><tr><td><strong>Inteligencia emocional<\/strong><\/td><td>La capacidad de percibir, controlar y evaluar las emociones. Algunos investigadores sugieren que la inteligencia emocional puede aprenderse y reforzarse, mientras que otros afirman que es una caracter\u00edstica innata.<\/td><\/tr><tr><td><strong>Capacitaci\u00f3n<\/strong><\/td><td>El proceso de capacitar a los individuos para pensar, comportarse, actuar y controlar el trabajo y la toma de decisiones de forma aut\u00f3noma.<\/td><\/tr><tr><td><strong>\u00c9tica<\/strong><\/td><td>Principios morales que rigen el comportamiento de una persona o la realizaci\u00f3n de una actividad. La gesti\u00f3n y el liderazgo est\u00e1n profundamente relacionados con las pr\u00e1cticas \u00e9ticas.<\/td><\/tr><tr><td><strong>Coaching ejecutivo<\/strong><\/td><td>Una relaci\u00f3n profesional entre un coach formado y un cliente (que puede ser un individuo o un equipo) con el objetivo de mejorar el rendimiento y el desarrollo de gesti\u00f3n o liderazgo del cliente.<\/td><\/tr><tr><td><strong>Comentarios<\/strong><\/td><td>Informaci\u00f3n proporcionada por un agente (por ejemplo, un individuo, grupo o sistema) sobre aspectos de la propia actuaci\u00f3n o comprensi\u00f3n.<\/td><\/tr><tr><td><strong>Finanzas<\/strong><\/td><td>La gesti\u00f3n, creaci\u00f3n y estudio del dinero, la banca, el cr\u00e9dito, las inversiones, los activos y los pasivos que conforman los sistemas financieros.<\/td><\/tr><tr><td><strong>Fijaci\u00f3n de objetivos<\/strong><\/td><td>Proceso de identificaci\u00f3n de objetivos espec\u00edficos, mensurables y con un plazo determinado.<\/td><\/tr><tr><td><strong>Recursos Humanos<\/strong><\/td><td>El departamento de una empresa u organizaci\u00f3n que se centra en las actividades relacionadas con los empleados. Estas actividades incluyen el reclutamiento y la contrataci\u00f3n de nuevos empleados, la orientaci\u00f3n, la incorporaci\u00f3n y la formaci\u00f3n de los empleados, las prestaciones de los empleados, la retenci\u00f3n y el despido.<\/td><\/tr><tr><td><strong>Innovaci\u00f3n<\/strong><\/td><td>El proceso de transformar una idea o invenci\u00f3n en un bien o servicio que cree valor por el que los clientes est\u00e9n dispuestos a pagar.<\/td><\/tr><tr><td><strong>Estilos de liderazgo<\/strong><\/td><td>Diferentes enfoques para proporcionar direcci\u00f3n, aplicar planes y motivar a las personas. Los estilos m\u00e1s comunes son el autocr\u00e1tico, el democr\u00e1tico y el laissez-faire.<\/td><\/tr><tr><td><strong>Gesti\u00f3n<\/strong><\/td><td>Organizaci\u00f3n y coordinaci\u00f3n de las actividades de una empresa para alcanzar objetivos definidos.<\/td><\/tr><tr><td><strong>T\u00e9cnicas de gesti\u00f3n<\/strong><\/td><td>M\u00e9todos o estrategias que se aplican para lograr los resultados de gesti\u00f3n deseados. Algunos ejemplos son la planificaci\u00f3n estrat\u00e9gica, la asignaci\u00f3n eficaz de recursos y la gesti\u00f3n del rendimiento.<\/td><\/tr><tr><td><strong>Estructura matricial<\/strong><\/td><td>Estructura organizativa que facilita el flujo horizontal de competencias e informaci\u00f3n. Se utiliza sobre todo en empresas multinacionales.<\/td><\/tr><tr><td><strong>Motivaci\u00f3n<\/strong><\/td><td>El deseo o la voluntad general de alguien de hacer algo. En un contexto de gesti\u00f3n, suele referirse al proceso mediante el cual un directivo puede impulsar la acci\u00f3n o el comportamiento de un miembro del equipo.<\/td><\/tr><tr><td><strong>Negociaci\u00f3n<\/strong><\/td><td>Una discusi\u00f3n estrat\u00e9gica que resuelve un problema de forma aceptable para ambas partes. En la gesti\u00f3n, la capacidad de negociaci\u00f3n suele ser necesaria para resolver conflictos y cerrar acuerdos dentro y fuera de la empresa.<\/td><\/tr><tr><td><strong>Dise\u00f1o organizativo<\/strong><\/td><td>Se refiere a la estructura y disposici\u00f3n de una organizaci\u00f3n, incluyendo t\u00e9rminos como \"estructura matricial\", \"estructura divisional\" y \"jerarqu\u00eda plana\".<\/td><\/tr><tr><td><strong>Gesti\u00f3n del rendimiento<\/strong><\/td><td>El proceso de crear un entorno o ambiente de trabajo en el que las personas puedan rendir al m\u00e1ximo de sus capacidades.<\/td><\/tr><tr><td><strong>Asignaci\u00f3n de recursos<\/strong><\/td><td>Es una actividad de gesti\u00f3n fundamental que consiste en asignar los recursos disponibles de la manera m\u00e1s eficiente posible para alcanzar metas y objetivos.<\/td><\/tr><tr><td><strong>Gesti\u00f3n de riesgos<\/strong><\/td><td>La previsi\u00f3n y evaluaci\u00f3n de los riesgos financieros junto con la identificaci\u00f3n de procedimientos para evitar o minimizar su impacto.<\/td><\/tr><tr><td><strong>Alta direcci\u00f3n<\/strong><\/td><td>Suele incluir a altos ejecutivos responsables de la direcci\u00f3n estrat\u00e9gica general de una organizaci\u00f3n. Este grupo puede incluir cargos como el de director general, presidente y otros ejecutivos de nivel C.<\/td><\/tr><tr><td><strong>Liderazgo de servicio<\/strong><\/td><td>Filosof\u00eda de liderazgo en la que un individuo interact\u00faa con los dem\u00e1s con el objetivo de alcanzar la autoridad en lugar del poder y servir mejor a las necesidades de los dem\u00e1s.<\/td><\/tr><tr><td><strong>Gesti\u00f3n de las partes interesadas<\/strong><\/td><td>La identificaci\u00f3n, el an\u00e1lisis, la planificaci\u00f3n y la ejecuci\u00f3n sistem\u00e1ticos de acciones dise\u00f1adas para implicar a las partes interesadas.<\/td><\/tr><tr><td><strong>Planificaci\u00f3n estrat\u00e9gica<\/strong><\/td><td>Proceso de una organizaci\u00f3n para definir su estrategia, o direcci\u00f3n, y tomar decisiones sobre la asignaci\u00f3n de sus recursos para perseguir esta estrategia, incluyendo su capital y personal.<\/td><\/tr><tr><td><strong>Creaci\u00f3n de equipos<\/strong><\/td><td>Proceso de dirigir un grupo de empleados que contribuyen individualmente a formar un equipo cohesionado y armonioso que trabaja conjuntamente para alcanzar objetivos comunes.<\/td><\/tr><tr><td><strong>Liderazgo de equipos<\/strong><\/td><td>El ejercicio de conductas de liderazgo en un equipo. En gesti\u00f3n, implica dirigir y coordinar a un grupo de individuos para que trabajen en pos de objetivos compartidos.<\/td><\/tr><tr><td><strong>Liderazgo visionario<\/strong><\/td><td>Estilo de liderazgo en el que el l\u00edder inspira y motiva a los miembros del equipo para que trabajen en pos de un objetivo futuro, a menudo m\u00e1s all\u00e1 de los objetivos empresariales inmediatos.<\/td><\/tr><\/tbody><\/table><\/figure>\n\n\n\n<h2 class=\"wp-block-heading\">&nbsp;<\/h2>\n\n\n\n<h2 class=\"wp-block-heading\"><a>Recursos \u00fatiles:  Palabras de liderazgo y gesti\u00f3n en la empresa<\/a><\/h2>\n\n\n\n<p><a href=\"https:\/\/en.wikipedia.org\/wiki\/Leadership\">https:\/\/en.wikipedia.org\/wiki\/Leadership<\/a><a href=\"https:\/\/en.wikipedia.org\/wiki\/Management\">https:\/\/en.wikipedia.org\/wiki\/Management<\/a><\/p>","protected":false},"excerpt":{"rendered":"<p>Chapter 2: Navigating Management and Leadership Through TEBL Introduction to Management and Leadership in Business English As you continue your journey to master business English through the Teaching English as a Business Language (TEBL) method, this chapter transitions from setting strategic goals to understanding the essential elements of management and leadership. Preparing for an MBA [&hellip;]<\/p>","protected":false},"author":1,"featured_media":87,"parent":0,"menu_order":0,"comment_status":"closed","ping_status":"closed","template":"","meta":{"footnotes":""},"class_list":["post-52","page","type-page","status-publish","has-post-thumbnail","hentry"],"_links":{"self":[{"href":"https:\/\/tebl.education\/es\/wp-json\/wp\/v2\/pages\/52","targetHints":{"allow":["GET"]}}],"collection":[{"href":"https:\/\/tebl.education\/es\/wp-json\/wp\/v2\/pages"}],"about":[{"href":"https:\/\/tebl.education\/es\/wp-json\/wp\/v2\/types\/page"}],"author":[{"embeddable":true,"href":"https:\/\/tebl.education\/es\/wp-json\/wp\/v2\/users\/1"}],"replies":[{"embeddable":true,"href":"https:\/\/tebl.education\/es\/wp-json\/wp\/v2\/comments?post=52"}],"version-history":[{"count":1,"href":"https:\/\/tebl.education\/es\/wp-json\/wp\/v2\/pages\/52\/revisions"}],"predecessor-version":[{"id":53,"href":"https:\/\/tebl.education\/es\/wp-json\/wp\/v2\/pages\/52\/revisions\/53"}],"wp:featuredmedia":[{"embeddable":true,"href":"https:\/\/tebl.education\/es\/wp-json\/wp\/v2\/media\/87"}],"wp:attachment":[{"href":"https:\/\/tebl.education\/es\/wp-json\/wp\/v2\/media?parent=52"}],"curies":[{"name":"wp","href":"https:\/\/api.w.org\/{rel}","templated":true}]}}