{"id":56,"date":"2024-06-23T15:33:26","date_gmt":"2024-06-23T19:33:26","guid":{"rendered":"https:\/\/tebl.education\/?page_id=56"},"modified":"2024-06-25T09:52:33","modified_gmt":"2024-06-25T13:52:33","slug":"teach-english-accounting-language","status":"publish","type":"page","link":"https:\/\/tebl.education\/es\/ensenar-ingles-lengua-contable\/","title":{"rendered":"Ense\u00f1ar ingl\u00e9s de contabilidad"},"content":{"rendered":"<p><\/p>\n\n\n\n<h1 class=\"wp-block-heading\"><a>Cap\u00edtulo 4: Dominio del lenguaje contable a trav\u00e9s del TEBL para aspirantes a MBA<\/a><\/h1>\n\n\n\n<h2 class=\"wp-block-heading\"><a>Introducci\u00f3n al lenguaje contable en contextos empresariales<\/a><\/h2>\n\n\n\n<p>Continuando su viaje de preparaci\u00f3n con Teaching English as a Business Language (TEBL), este cap\u00edtulo se sumerge en los fundamentos del lenguaje contable, una piedra angular para comprender las operaciones empresariales y la gesti\u00f3n financiera. A medida que te acercas a tus estudios de MBA, el dominio de la terminolog\u00eda y los conceptos contables es esencial, no s\u00f3lo para el \u00e9xito acad\u00e9mico, sino tambi\u00e9n para la aplicaci\u00f3n pr\u00e1ctica en cualquier funci\u00f3n empresarial.<\/p>\n\n\n\n<h2 class=\"wp-block-heading\"><a>Comprender los fundamentos de la contabilidad<\/a><\/h2>\n\n\n\n<h3 class=\"wp-block-heading\"><a>El papel de la contabilidad en la empresa<\/a><\/h3>\n\n\n\n<p>La contabilidad se denomina a menudo el \"lenguaje de los negocios\" porque proporciona la informaci\u00f3n clave sobre transacciones financieras, activos, pasivos y mucho m\u00e1s, que son cruciales para la toma de decisiones. A trav\u00e9s de TEBL, aprender\u00e1s a articular estos conceptos de manera efectiva en ingl\u00e9s, prepar\u00e1ndote para las discusiones, informes y an\u00e1lisis que encontrar\u00e1s en la escuela de negocios.<\/p>\n\n\n\n<h3 class=\"wp-block-heading\"><a>Enfoque TEBL del lenguaje contable<\/a><\/h3>\n\n\n\n<p>TEBL mejora su comprensi\u00f3n de la contabilidad integrando el aprendizaje de idiomas con ejercicios pr\u00e1cticos de contabilidad, asegurando que pueda navegar con confianza a trav\u00e9s de las complejidades de los estados financieros, las pr\u00e1cticas contables y las normas de cumplimiento.<\/p>\n\n\n\n<h2 class=\"wp-block-heading\"><a>Metodolog\u00eda TEBL para dominar el lenguaje contable<\/a><\/h2>\n\n\n\n<h3 class=\"wp-block-heading\"><a>Contenido y estructura del curso<\/a><\/h3>\n\n\n\n<p>El plan de estudios est\u00e1 meticulosamente dise\u00f1ado para cubrir:<\/p>\n\n\n\n<ul class=\"wp-block-list\">\n<li><strong>Principios contables fundamentales<\/strong>: Comprender los Principios de Contabilidad Generalmente Aceptados (PCGA) y c\u00f3mo orientan la informaci\u00f3n financiera.<\/li>\n\n\n\n<li><strong>Estados financieros<\/strong>: Aprender a leer e interpretar balances, cuentas de resultados, estados de flujos de caja y estados de beneficios no distribuidos.<\/li>\n\n\n\n<li><strong>T\u00e9cnicas de contabilidad<\/strong>: Diferenciaci\u00f3n entre la contabilidad por partida simple y la contabilidad por partida doble y comprensi\u00f3n de sus aplicaciones.<\/li>\n<\/ul>\n\n\n\n<h3 class=\"wp-block-heading\"><a>Objetivos de aprendizaje<\/a><\/h3>\n\n\n\n<p>Al final de este cap\u00edtulo, deber\u00edas ser capaz de:<\/p>\n\n\n\n<ul class=\"wp-block-list\">\n<li>Analice los principios de la contabilidad financiera y de la contabilidad de gesti\u00f3n.<\/li>\n\n\n\n<li>Elaborar estados financieros b\u00e1sicos y explicar sus componentes.<\/li>\n\n\n\n<li>Aplicar la terminolog\u00eda contable en la creaci\u00f3n y el an\u00e1lisis de informes financieros.<\/li>\n<\/ul>\n\n\n\n<h2 class=\"wp-block-heading\"><a>Ampliar el vocabulario: T\u00e9rminos contables clave<\/a><\/h2>\n\n\n\n<p>Una parte esencial del dominio del lenguaje contable es familiarizarse con el vocabulario que se utiliza a diario en los departamentos y debates financieros.<\/p>\n\n\n\n<h3 class=\"wp-block-heading\"><a>Los temas clave del vocabulario incluyen:<\/a><\/h3>\n\n\n\n<ul class=\"wp-block-list\">\n<li><strong>Activo y pasivo<\/strong>: Entender en qu\u00e9 consisten los activos y pasivos de una empresa y c\u00f3mo se declaran.<\/li>\n\n\n\n<li><strong>Equidad<\/strong>: Conozca las diferentes formas de capital, incluidas las acciones ordinarias y los beneficios no distribuidos, y c\u00f3mo afectan al balance de la empresa.<\/li>\n\n\n\n<li><strong>Ingresos y gastos<\/strong>: Explora c\u00f3mo las empresas registran y gestionan los ingresos y los gastos, influyendo en los ingresos netos.<\/li>\n<\/ul>\n\n\n\n<h2 class=\"wp-block-heading\"><a>Aprendizaje interactivo a trav\u00e9s de TEBL<\/a><\/h2>\n\n\n\n<h3 class=\"wp-block-heading\"><a>Ejercicios pr\u00e1cticos de contabilidad<\/a><\/h3>\n\n\n\n<p>Participe en ejercicios que incluyen asientos contables, mantenimiento de libros mayores y preparaci\u00f3n de estados financieros. Estos ejercicios le ayudar\u00e1n a aplicar sus conocimientos de contabilidad en la pr\u00e1ctica, reforzando el vocabulario y los conceptos aprendidos.<\/p>\n\n\n\n<h3 class=\"wp-block-heading\"><a>Casos pr\u00e1cticos<\/a><\/h3>\n\n\n\n<p>Analizar casos pr\u00e1cticos detallados que presenten escenarios contables del mundo real. Discutir las decisiones financieras tomadas, las normas de informaci\u00f3n aplicadas y las implicaciones de esas decisiones en las operaciones comerciales y el cumplimiento.<\/p>\n\n\n\n<h2 class=\"wp-block-heading\"><a>Aplicaci\u00f3n del lenguaje contable a la preparaci\u00f3n para el MBA<\/a><\/h2>\n\n\n\n<h3 class=\"wp-block-heading\"><a>Integraci\u00f3n de los debates contables en la preparaci\u00f3n del MBA<\/a><\/h3>\n\n\n\n<p>Utiliza las habilidades contables desarrolladas a trav\u00e9s de TEBL para sobresalir en tus estudios de MBA, en particular en los cursos relacionados con las finanzas y los que requieren una s\u00f3lida comprensi\u00f3n de las operaciones comerciales.<\/p>\n\n\n\n<h3 class=\"wp-block-heading\"><a>Aplicaci\u00f3n estrat\u00e9gica de la contabilidad en las decisiones empresariales<\/a><\/h3>\n\n\n\n<p>Aprenda a aplicar la informaci\u00f3n contable para formular decisiones empresariales estrat\u00e9gicas. Esto incluye la elaboraci\u00f3n de presupuestos, previsiones financieras y an\u00e1lisis de inversiones, todos ellos cruciales para una gesti\u00f3n empresarial eficaz.<\/p>\n\n\n\n<h3 class=\"wp-block-heading\"><a>An\u00e1lisis e informes financieros avanzados con TEBL<\/a><\/h3>\n\n\n\n<p>Partiendo de sus conocimientos b\u00e1sicos, el TEBL le gu\u00eda a trav\u00e9s de aspectos m\u00e1s complejos del an\u00e1lisis y la elaboraci\u00f3n de informes financieros. Estos conocimientos avanzados son vitales para analizar el rendimiento de las empresas, tomar decisiones de inversi\u00f3n y ofrecer asesoramiento estrat\u00e9gico.<\/p>\n\n\n\n<h4 class=\"wp-block-heading\">An\u00e1lisis detallado de los estados financieros<\/h4>\n\n\n\n<p>Aprenda a realizar an\u00e1lisis de ratios, an\u00e1lisis de tendencias y an\u00e1lisis verticales y horizontales de los estados financieros. Los talleres TEBL le proporcionar\u00e1n ejercicios pr\u00e1cticos para dominar estos an\u00e1lisis, cruciales para interpretar la salud financiera y la eficiencia operativa de una empresa.<\/p>\n\n\n\n<h4 class=\"wp-block-heading\">T\u00e9cnicas de previsi\u00f3n y presupuestaci\u00f3n<\/h4>\n\n\n\n<p>La previsi\u00f3n y la elaboraci\u00f3n de presupuestos son habilidades cr\u00edticas para cualquier l\u00edder empresarial. A trav\u00e9s de TEBL, aprender\u00e1 a proyectar futuros ingresos y gastos, y a preparar presupuestos que se alineen con los objetivos estrat\u00e9gicos de la empresa. Esta secci\u00f3n incluye:<\/p>\n\n\n\n<ul class=\"wp-block-list\">\n<li><strong>Presupuestos de capital<\/strong>: Comprender t\u00e9cnicas como el VAN (valor actual neto) y la TIR (tasa interna de rentabilidad) para evaluar las oportunidades de inversi\u00f3n.<\/li>\n\n\n\n<li><strong>Presupuestos operativos<\/strong>: Aprenda a elaborar presupuestos operativos que reflejen los objetivos t\u00e1cticos de las distintas unidades de negocio.<\/li>\n<\/ul>\n\n\n\n<h3 class=\"wp-block-heading\"><a>Integraci\u00f3n de la contabilidad en la planificaci\u00f3n estrat\u00e9gica de la empresa<\/a><\/h3>\n\n\n\n<p>El TEBL garantiza que tus conocimientos de contabilidad no sean s\u00f3lo te\u00f3ricos, sino aplicables a la planificaci\u00f3n estrat\u00e9gica de la empresa.<\/p>\n\n\n\n<h4 class=\"wp-block-heading\">Gesti\u00f3n estrat\u00e9gica de costes<\/h4>\n\n\n\n<p>Explorar el concepto de gesti\u00f3n estrat\u00e9gica de costes, que ayuda a identificar los inductores de costes y a aplicar estrategias de control de costes que mejoren la rentabilidad sin comprometer la calidad ni la satisfacci\u00f3n del cliente.<\/p>\n\n\n\n<h4 class=\"wp-block-heading\">Medici\u00f3n del rendimiento<\/h4>\n\n\n\n<p>Aprender a utilizar la informaci\u00f3n contable para la medici\u00f3n del rendimiento. Comprender diferentes herramientas de medici\u00f3n del rendimiento, como los cuadros de mando integral y el valor econ\u00f3mico a\u00f1adido (EVA), que ayudan a evaluar la eficiencia operativa de una empresa.<\/p>\n\n\n\n<h2 class=\"wp-block-heading\"><a>Proyectos de aplicaci\u00f3n pr\u00e1ctica en TEBL<\/a><\/h2>\n\n\n\n<p>TEBL incluye proyectos de culminaci\u00f3n que requieren la aplicaci\u00f3n de sus conocimientos de contabilidad a escenarios de negocios del mundo real, lo que garantiza que pueda manejar datos financieros complejos y contribuir eficazmente a los debates de estrategia empresarial.<\/p>\n\n\n\n<h3 class=\"wp-block-heading\"><a>Simulaciones de auditor\u00eda financiera de empresas<\/a><\/h3>\n\n\n\n<p>Participe en simulaciones que imitan una auditor\u00eda financiera. Practicar\u00e1s examinando registros financieros, garantizando el cumplimiento de las normas contables y comunicando los resultados a consejos u organismos reguladores simulados.<\/p>\n\n\n\n<h3 class=\"wp-block-heading\"><a>Planificaci\u00f3n financiera de la expansi\u00f3n empresarial<\/a><\/h3>\n\n\n\n<p>Participe en ejercicios de planificaci\u00f3n de escenarios hipot\u00e9ticos de expansi\u00f3n empresarial. Estos proyectos le ayudar\u00e1n a aplicar t\u00e9cnicas presupuestarias y de previsi\u00f3n para determinar la viabilidad de los planes de expansi\u00f3n empresarial.<\/p>\n\n\n\n<h2 class=\"wp-block-heading\"><a>Preparaci\u00f3n para una gesti\u00f3n financiera \u00e9tica<\/a><\/h2>\n\n\n\n<p>Las consideraciones \u00e9ticas son cruciales en contabilidad. TEBL aborda los aspectos \u00e9ticos de la informaci\u00f3n financiera y la gesti\u00f3n, prepar\u00e1ndote para funciones de liderazgo responsable.<\/p>\n\n\n\n<h3 class=\"wp-block-heading\"><a>Gobierno corporativo y \u00e9tica<\/a><\/h3>\n\n\n\n<p>Comprender el papel de la contabilidad en el gobierno corporativo. Explorar temas como la prevenci\u00f3n del fraude, la informaci\u00f3n \u00e9tica y las responsabilidades de los responsables financieros para garantizar la transparencia y la integridad de los informes financieros.<\/p>\n\n\n\n<h3 class=\"wp-block-heading\"><a>Cumplimiento y marcos reglamentarios<\/a><\/h3>\n\n\n\n<p>Conozca las distintas cuestiones de cumplimiento y los marcos normativos que rigen la informaci\u00f3n financiera y las pr\u00e1cticas de auditor\u00eda. Este conocimiento es esencial para navegar por las complejidades de la normativa financiera en diferentes pa\u00edses e industrias.<\/p>\n\n\n\n<h3 class=\"wp-block-heading\"><a>Integraci\u00f3n avanzada con otras disciplinas empresariales a trav\u00e9s de TEBL<\/a><\/h3>\n\n\n\n<p>Bas\u00e1ndose en sus conocimientos de contabilidad, el TEBL facilita una comprensi\u00f3n m\u00e1s profunda de c\u00f3mo la contabilidad se integra perfectamente con otras disciplinas empresariales clave. Este enfoque integrado es crucial para los estudiantes de MBA que aspiran a puestos de liderazgo que requieren una visi\u00f3n hol\u00edstica de las operaciones comerciales.<\/p>\n\n\n\n<h4 class=\"wp-block-heading\">Contabilidad y Finanzas Corporativas<\/h4>\n\n\n\n<p>Explorar la intersecci\u00f3n entre la contabilidad y las finanzas corporativas, centr\u00e1ndose en c\u00f3mo la informaci\u00f3n contable influye en la toma de decisiones financieras. Comprender c\u00f3mo evaluar la salud financiera a trav\u00e9s de balances y cuentas de resultados para tomar decisiones informadas de inversi\u00f3n, financiaci\u00f3n y dividendos.<\/p>\n\n\n\n<h4 class=\"wp-block-heading\">Contabilidad y gesti\u00f3n de riesgos<\/h4>\n\n\n\n<p>Aprenda c\u00f3mo la contabilidad desempe\u00f1a un papel fundamental en la identificaci\u00f3n, medici\u00f3n y gesti\u00f3n del riesgo. Estudie varios modelos de evaluaci\u00f3n de riesgos y comprenda c\u00f3mo los datos financieros pueden se\u00f1alar riesgos potenciales y proporcionar informaci\u00f3n sobre estrategias de mitigaci\u00f3n de riesgos.<\/p>\n\n\n\n<h4 class=\"wp-block-heading\">Contabilidad y estrategia empresarial<\/h4>\n\n\n\n<p>Examine c\u00f3mo las decisiones empresariales estrat\u00e9gicas se basan en principios contables s\u00f3lidos. Participar en actividades que simulan la planificaci\u00f3n estrat\u00e9gica, en el que va a utilizar los datos de contabilidad para predecir escenarios de negocio, evaluar las iniciativas estrat\u00e9gicas, y evaluar el desempe\u00f1o del negocio.<\/p>\n\n\n\n<h2 class=\"wp-block-heading\"><a>Proyectos de colaboraci\u00f3n facilitados por TEBL<\/a><\/h2>\n\n\n\n<p>Para consolidar a\u00fan m\u00e1s su comprensi\u00f3n de la contabilidad en un contexto empresarial global, TEBL introduce proyectos de colaboraci\u00f3n que involucran a equipos multifuncionales.<\/p>\n\n\n\n<h3 class=\"wp-block-heading\"><a>Sesiones interservicios sobre estrategia financiera<\/a><\/h3>\n\n\n\n<p>Participe en talleres en los que estudiantes de distintas especialidades empresariales se re\u00fanen para dise\u00f1ar estrategias empresariales integrales. Estas sesiones te ayudar\u00e1n a comprender el papel de la informaci\u00f3n contable en la planificaci\u00f3n y ejecuci\u00f3n empresarial m\u00e1s amplia.<\/p>\n\n\n\n<h3 class=\"wp-block-heading\"><a>Consultas empresariales reales<\/a><\/h3>\n\n\n\n<p>Participar en proyectos de consultor\u00eda con empresas reales o simuladas para proporcionar asesoramiento contable y financiero. Estos proyectos le ayudan a aplicar su aprendizaje en contextos del mundo real, la preparaci\u00f3n para las funciones de consultor\u00eda y asesoramiento que podr\u00eda asumir despu\u00e9s de MBA.<\/p>\n\n\n\n<h2 class=\"wp-block-heading\"><a>Prepararse para los retos empresariales mundiales<\/a><\/h2>\n\n\n\n<p>La globalizaci\u00f3n plantea retos y oportunidades \u00fanicos en el campo de la contabilidad. TEBL le prepara para navegar estos con competencia y confianza.<\/p>\n\n\n\n<h3 class=\"wp-block-heading\"><a>Normas Internacionales de Contabilidad<\/a><\/h3>\n\n\n\n<p>Conozca las Normas Internacionales de Informaci\u00f3n Financiera (NIIF) y sus diferencias con los Principios de Contabilidad Generalmente Aceptados (PCGA) utilizados en Estados Unidos. Comprender estas normas es crucial para trabajar en o con empresas multinacionales.<\/p>\n\n\n\n<h3 class=\"wp-block-heading\"><a>Transacciones financieras transfronterizas<\/a><\/h3>\n\n\n\n<p>Conozca las implicaciones financieras y fiscales de las transacciones transfronterizas. Estudie los efectos de los tipos de cambio en la informaci\u00f3n financiera y las estrategias que utilizan las empresas para protegerse de los riesgos cambiarios.<\/p>\n\n\n\n<h2 class=\"wp-block-heading\"><a>Conclusiones: Liderazgo financiero estrat\u00e9gico a trav\u00e9s del TEBL<\/a><\/h2>\n\n\n\n<h3 class=\"wp-block-heading\">&nbsp;<\/h3>\n\n\n\n<h3 class=\"wp-block-heading\"><a>Preparaci\u00f3n de los pr\u00f3ximos cap\u00edtulos<\/a><\/h3>\n\n\n\n<p>A medida que avance en los siguientes cap\u00edtulos, prevea la posibilidad de ampliar esta base con conocimientos m\u00e1s profundos sobre Finanzas<strong> Idioma<\/strong>. TEBL continuar\u00e1 gui\u00e1ndole a trav\u00e9s de estos temas avanzados, garantizando que su ingl\u00e9s comercial y sus habilidades empresariales pr\u00e1cticas se desarrollen a la par.<\/p>\n\n\n\n<h2 class=\"wp-block-heading\">&nbsp;<\/h2>\n\n\n\n<h2 class=\"wp-block-heading\"><a>Glosario de t\u00e9rminos contables<\/a><\/h2>\n\n\n\n<figure class=\"wp-block-table\"><table><thead><tr><td><strong>Plazo<\/strong><\/td><td><strong>Descripci\u00f3n<\/strong><\/td><\/tr><\/thead><tbody><tr><td>Activos<\/td><td>Recursos controlados por una empresa, de los que se espera obtener beneficios econ\u00f3micos en el futuro.<\/td><\/tr><tr><td>Balances<\/td><td>Estados financieros que muestran la situaci\u00f3n financiera de una empresa en un momento determinado, detallando el activo, el pasivo y el patrimonio neto.<\/td><\/tr><tr><td>Contabilidad<\/td><td>Registro y organizaci\u00f3n sistem\u00e1ticos de todas las transacciones financieras de una empresa.<\/td><\/tr><tr><td>Presupuestos<\/td><td>Proceso de previsi\u00f3n de ingresos futuros y asignaci\u00f3n de fondos a diversos gastos.<\/td><\/tr><tr><td>Estrategia empresarial<\/td><td>Un plan estructurado que describe c\u00f3mo una organizaci\u00f3n pretende utilizar sus recursos para alcanzar los objetivos fijados y mejorar su posici\u00f3n en el mercado.<\/td><\/tr><tr><td>Presupuestos de capital<\/td><td>Procedimiento de planificaci\u00f3n y evaluaci\u00f3n de inversiones en activos significativos, utilizando m\u00e9todos como el VAN y la TIR.<\/td><\/tr><tr><td>Estados de flujo de caja<\/td><td>Estados que detallan las entradas y salidas de efectivo de una empresa, destacando sus operaciones, inversiones y actividades financieras.<\/td><\/tr><tr><td>Conformidad<\/td><td>El acto de cumplir las leyes, reglas, directrices y normas pertinentes para las operaciones empresariales.<\/td><\/tr><tr><td>Finanzas corporativas<\/td><td>\u00c1rea de las finanzas que se ocupa de c\u00f3mo las empresas gestionan las fuentes de financiaci\u00f3n, la estructuraci\u00f3n del capital y las decisiones de inversi\u00f3n.<\/td><\/tr><tr><td>Gobierno corporativo<\/td><td>Marco de normas, directrices, pr\u00e1cticas y procesos utilizados para dirigir y controlar una empresa.<\/td><\/tr><tr><td>Gesti\u00f3n de costes<\/td><td>Estrategia de planificaci\u00f3n y control del presupuesto de una organizaci\u00f3n, que hace hincapi\u00e9 en la rentabilidad.<\/td><\/tr><tr><td>Contabilidad por partida doble<\/td><td>Sistema de contabilidad en el que cada transacci\u00f3n financiera implica asientos correspondientes y opuestos en dos cuentas diferentes.<\/td><\/tr><tr><td>Valor Econ\u00f3mico A\u00f1adido (VEA)<\/td><td>Medida de los resultados financieros de una empresa basada en la riqueza residual calculada restando el coste del capital de su beneficio de explotaci\u00f3n.<\/td><\/tr><tr><td>Equidad<\/td><td>Valor de la propiedad de una empresa, normalmente representado por las acciones que poseen los accionistas.<\/td><\/tr><tr><td>Gastos<\/td><td>Costes en los que incurre una empresa durante sus actividades operativas para generar ingresos.<\/td><\/tr><tr><td>Contabilidad financiera<\/td><td>\u00c1mbito de la contabilidad que se centra en resumir, analizar e informar sobre las transacciones financieras relacionadas con una empresa.<\/td><\/tr><tr><td>An\u00e1lisis financiero<\/td><td>Examen de empresas, proyectos, presupuestos y otras entidades financieras para determinar la idoneidad de la inversi\u00f3n.<\/td><\/tr><tr><td>Auditor\u00eda financiera<\/td><td>Inspecci\u00f3n de los estados financieros de una empresa y de la informaci\u00f3n correspondiente por parte de un auditor independiente.<\/td><\/tr><tr><td>Previsi\u00f3n financiera<\/td><td>Proceso de predicci\u00f3n de futuros resultados financieros a partir de datos hist\u00f3ricos y actuales.<\/td><\/tr><tr><td>Gesti\u00f3n financiera<\/td><td>Las actividades administrativas relacionadas con la planificaci\u00f3n, organizaci\u00f3n, direcci\u00f3n y control de las empresas financieras de una organizaci\u00f3n.<\/td><\/tr><tr><td>Informaci\u00f3n financiera<\/td><td>Proceso de creaci\u00f3n de documentos que reflejan la situaci\u00f3n financiera de una empresa a las partes interesadas, como la direcci\u00f3n, los inversores y las autoridades reguladoras.<\/td><\/tr><tr><td>Estados financieros<\/td><td>Documentos que registran las actividades y condiciones financieras de una empresa, individuo u otra entidad.<\/td><\/tr><tr><td>GAAP (Principios Contables Generalmente Aceptados)<\/td><td>Conjunto de principios, normas y procedimientos contables que utilizan las empresas para elaborar sus estados financieros.<\/td><\/tr><tr><td>An\u00e1lisis horizontal<\/td><td>M\u00e9todo de an\u00e1lisis financiero que compara datos financieros de varios periodos para identificar tendencias.<\/td><\/tr><tr><td>Cuentas de resultados<\/td><td>Estados que detallan los beneficios de una empresa, mostrando los ingresos menos los costes de los bienes vendidos y otros gastos durante un periodo.<\/td><\/tr><tr><td>TIR (Tasa Interna de Rentabilidad)<\/td><td>Medida financiera utilizada para estimar la rentabilidad de posibles inversiones bas\u00e1ndose en las tasas de rendimiento esperadas.<\/td><\/tr><tr><td>Anotaciones en el diario<\/td><td>Asientos que registran todas las transacciones comerciales de un sistema contable mediante cargos y abonos.<\/td><\/tr><tr><td>Mantenimiento del libro mayor<\/td><td>Proceso de actualizaci\u00f3n peri\u00f3dica y mantenimiento del libro mayor, que registra todas las transacciones econ\u00f3micas.<\/td><\/tr><tr><td>Pasivo<\/td><td>Deudas u obligaciones financieras que una empresa debe a terceros.<\/td><\/tr><tr><td>Contabilidad de gesti\u00f3n<\/td><td>Utilizaci\u00f3n de t\u00e9cnicas contables para proporcionar informaci\u00f3n a los gestores con vistas a la toma de decisiones.<\/td><\/tr><tr><td>Ingresos netos<\/td><td>Los beneficios totales de una empresa tras deducir todos los gastos e impuestos de sus ingresos totales.<\/td><\/tr><tr><td>VAN (Valor Actual Neto)<\/td><td>M\u00e9todo financiero utilizado para determinar el valor actual de todos los flujos de caja futuros generados por un proyecto, una vez deducida la inversi\u00f3n inicial.<\/td><\/tr><tr><td>Presupuestos operativos<\/td><td>La creaci\u00f3n de presupuestos que representen los gastos cotidianos necesarios para el funcionamiento de una empresa.<\/td><\/tr><tr><td>Medici\u00f3n del rendimiento<\/td><td>Proceso de evaluaci\u00f3n de los avances hacia los objetivos fijados utilizando medidas financieras y no financieras.<\/td><\/tr><tr><td>An\u00e1lisis de ratios<\/td><td>T\u00e9cnica de an\u00e1lisis que utiliza ratios derivados de los estados financieros de una empresa para evaluar aspectos como la liquidez, la rentabilidad y la solvencia.<\/td><\/tr><tr><td>Marcos reglamentarios<\/td><td>Conjunto de normas y mecanismos de aplicaci\u00f3n que rigen una industria o actividad espec\u00edfica.<\/td><\/tr><tr><td>Ingresos<\/td><td>Ingresos generados por las operaciones normales de una empresa, normalmente por la venta de bienes y servicios.<\/td><\/tr><tr><td>Gesti\u00f3n de riesgos<\/td><td>El proceso de identificaci\u00f3n, evaluaci\u00f3n y priorizaci\u00f3n de riesgos, as\u00ed como la aplicaci\u00f3n de recursos para minimizar, controlar y mitigar el riesgo.<\/td><\/tr><tr><td>Gesti\u00f3n estrat\u00e9gica de costes<\/td><td>La gesti\u00f3n y reducci\u00f3n de costes para mejorar la rentabilidad de un proyecto u operaci\u00f3n.<\/td><\/tr><tr><td>An\u00e1lisis de tendencias<\/td><td>Acto de recopilar informaci\u00f3n para determinar pautas o tendencias, utilizado habitualmente en el an\u00e1lisis financiero.<\/td><\/tr><tr><td>An\u00e1lisis vertical<\/td><td>M\u00e9todo de an\u00e1lisis de estados financieros en el que cada asiento se representa como porcentaje de otra cifra significativa.<\/td><\/tr><\/tbody><\/table><\/figure>\n\n\n\n<h2 class=\"wp-block-heading\">&nbsp;<\/h2>\n\n\n\n<h2 class=\"wp-block-heading\"><a>Recursos \u00fatiles:  Palabras contables en la empresa<\/a><\/h2>\n\n\n\n<p><a href=\"https:\/\/en.wikipedia.org\/wiki\/Accounting\">https:\/\/en.wikipedia.org\/wiki\/Accounting<\/a><\/p>","protected":false},"excerpt":{"rendered":"<p>Chapter 4: Mastering Accounting Language Through TEBL for Aspiring MBA Students Introduction to Accounting Language in Business Contexts Continuing your preparatory journey with Teaching English as a Business Language (TEBL), this chapter dives into the fundamentals of accounting language\u2014a cornerstone for understanding business operations and financial management. As you approach your MBA studies, proficiency in [&hellip;]<\/p>","protected":false},"author":1,"featured_media":88,"parent":0,"menu_order":0,"comment_status":"closed","ping_status":"closed","template":"","meta":{"footnotes":""},"class_list":["post-56","page","type-page","status-publish","has-post-thumbnail","hentry"],"_links":{"self":[{"href":"https:\/\/tebl.education\/es\/wp-json\/wp\/v2\/pages\/56","targetHints":{"allow":["GET"]}}],"collection":[{"href":"https:\/\/tebl.education\/es\/wp-json\/wp\/v2\/pages"}],"about":[{"href":"https:\/\/tebl.education\/es\/wp-json\/wp\/v2\/types\/page"}],"author":[{"embeddable":true,"href":"https:\/\/tebl.education\/es\/wp-json\/wp\/v2\/users\/1"}],"replies":[{"embeddable":true,"href":"https:\/\/tebl.education\/es\/wp-json\/wp\/v2\/comments?post=56"}],"version-history":[{"count":1,"href":"https:\/\/tebl.education\/es\/wp-json\/wp\/v2\/pages\/56\/revisions"}],"predecessor-version":[{"id":57,"href":"https:\/\/tebl.education\/es\/wp-json\/wp\/v2\/pages\/56\/revisions\/57"}],"wp:featuredmedia":[{"embeddable":true,"href":"https:\/\/tebl.education\/es\/wp-json\/wp\/v2\/media\/88"}],"wp:attachment":[{"href":"https:\/\/tebl.education\/es\/wp-json\/wp\/v2\/media?parent=56"}],"curies":[{"name":"wp","href":"https:\/\/api.w.org\/{rel}","templated":true}]}}