{"id":96,"date":"2024-06-25T11:41:13","date_gmt":"2024-06-25T15:41:13","guid":{"rendered":"https:\/\/tebl.education\/?page_id=96"},"modified":"2024-06-25T11:41:15","modified_gmt":"2024-06-25T15:41:15","slug":"tebl-author","status":"publish","type":"page","link":"https:\/\/tebl.education\/es\/tebl-author\/","title":{"rendered":"TEBL Author"},"content":{"rendered":"<p><\/p>\n\n\n\n<p>Teaching English as a Business Language (TEBL) fue creado en 2017 por el profesor Thomas Hormaza Dow, un investigador y educador canadiense de agilidad empresarial con sede en Montreal. Reconociendo la necesidad de una ense\u00f1anza especializada del ingl\u00e9s adaptada al mundo de los negocios, el profesor Hormaza Dow se bas\u00f3 en su experiencia acad\u00e9mica y empresarial para desarrollar TEBL. Ha impartido clases en el Champlain College, la Universidad de York y la Universidad de Concordia, y ha sido ponente en instituciones como McGill y la Universidad de Toronto.<\/p>\n\n\n\n<p>El profesor Hormaza Dow se asegur\u00f3 de que el TEBL se arraigara en la agilidad educativa, aplic\u00f3 pr\u00e1cticas \u00e1giles de ense\u00f1anza y aprendizaje en la creaci\u00f3n y evoluci\u00f3n de este enfoque educativo del ingl\u00e9s comercial.<\/p>\n\n\n\n<p>Su participaci\u00f3n en la comunidad Agile, como cocreador y firmante de varios Manifiestos Agile, influy\u00f3 en el enfoque din\u00e1mico y flexible de TEBL, dise\u00f1ado para adaptarse a los r\u00e1pidos cambios empresariales. Gracias a su experiencia en marketing y gesti\u00f3n de proyectos tecnol\u00f3gicos en grandes empresas y a su investigaci\u00f3n de posgrado en empresas y tecnolog\u00eda educativa en la Universidad Concordia, el profesor Hormaza Dow elabor\u00f3 el plan de estudios de TEBL para combinar el ingl\u00e9s con fines acad\u00e9micos (EAP) y el ingl\u00e9s con fines profesionales (EOP). Desde su lanzamiento, TEBL ha ganado tracci\u00f3n en las Organizaciones y en la Tutor\u00eda Privada para Ejecutivos, evolucionando continuamente para satisfacer las Necesidades Empresariales modernas para el Mundo Real.<\/p>","protected":false},"excerpt":{"rendered":"<p>Teaching English as a Business Language (TEBL) was created in 2017 by Professor Thomas Hormaza Dow, a Canadian Business Agility Researcher and Educator based in Montreal. Recognizing a need for specialized English instruction tailored for the Business World, Professor Hormaza Dow drew on his Academic and Corporate experiences to develop TEBL. He has taught at [&hellip;]<\/p>","protected":false},"author":1,"featured_media":0,"parent":0,"menu_order":0,"comment_status":"closed","ping_status":"closed","template":"","meta":{"footnotes":""},"class_list":["post-96","page","type-page","status-publish","hentry"],"_links":{"self":[{"href":"https:\/\/tebl.education\/es\/wp-json\/wp\/v2\/pages\/96","targetHints":{"allow":["GET"]}}],"collection":[{"href":"https:\/\/tebl.education\/es\/wp-json\/wp\/v2\/pages"}],"about":[{"href":"https:\/\/tebl.education\/es\/wp-json\/wp\/v2\/types\/page"}],"author":[{"embeddable":true,"href":"https:\/\/tebl.education\/es\/wp-json\/wp\/v2\/users\/1"}],"replies":[{"embeddable":true,"href":"https:\/\/tebl.education\/es\/wp-json\/wp\/v2\/comments?post=96"}],"version-history":[{"count":1,"href":"https:\/\/tebl.education\/es\/wp-json\/wp\/v2\/pages\/96\/revisions"}],"predecessor-version":[{"id":97,"href":"https:\/\/tebl.education\/es\/wp-json\/wp\/v2\/pages\/96\/revisions\/97"}],"wp:attachment":[{"href":"https:\/\/tebl.education\/es\/wp-json\/wp\/v2\/media?parent=96"}],"curies":[{"name":"wp","href":"https:\/\/api.w.org\/{rel}","templated":true}]}}