{"id":21,"date":"2024-06-23T14:24:21","date_gmt":"2024-06-23T18:24:21","guid":{"rendered":"https:\/\/tebl.education\/?page_id=21"},"modified":"2024-07-24T11:09:26","modified_gmt":"2024-07-24T15:09:26","slug":"about-tebl","status":"publish","type":"page","link":"https:\/\/tebl.education\/et\/","title":{"rendered":"TEBLi kohta"},"content":{"rendered":"<p><\/p>\n\n\n\n<h2 class=\"wp-block-heading\">TEBL on \u00e4riinglise keele \u00f5petamise meetod, mis aitab \u00e4riinimestel inglise keelt \u00f5ppida.<\/h2>\n\n\n\n<p><\/p>\n\n\n\n<p>Kaasaegses \u00fclemaailmses \u00e4rikeskkonnas on inglise keel muutunud kaubanduskeeleks, mist\u00f5ttu \u00e4rispetsiifilise inglise keele oskus on oluline nii akadeemilise edu kui ka ametialase edasij\u00f5udmise jaoks. Inglise keele kui \u00e4rikeele \u00f5petamine (TEBL) t\u00f6\u00f6tati v\u00e4lja selle vajaduse rahuldamiseks, integreerides elemente inglise keelest akadeemilistel eesm\u00e4rkidel (EAP) ja inglise keelest t\u00f6\u00f6alastel eesm\u00e4rkidel (EOP). See uuenduslik l\u00e4henemisviis tagab, et \u00f5ppijad omandavad vajalikud keeleoskused nii akadeemilisteks kui ka praktilisteks rakendusteks \u00e4rikontekstides.<\/p>\n\n\n\n<p>TEBL pakub terviklikku \u00f5ppekava, mis r\u00f5hutab kvaliteeti, professionaalsust ja austust, pakkudes huvitavat ja ajakohast hariduskogemust, mida pakuvad kvalifitseeritud ja kogenud \u00f5petajad. Programm keskendub \u00e4rispetsiifilise s\u00f5navara, t\u00f5husa kirjutamise ja esinemisoskuse edasiandmisele, suurendades seel\u00e4bi suhtlusp\u00e4devust. Lisaks aitab TEBL murda keelebarj\u00e4\u00e4re, suurendada \u00f5pilaste enesekindlust ja parandada akadeemilisi tulemusi, parandades arusaamist ja \u00f5ppematerjalidega tegelemist. <\/p>\n\n\n\n<p>Valmistades \u00f5pilasi ette kutsealaseks valmisolekuks, pakub TEBL konkurentsieeliseid praktikav\u00f5imaluste, t\u00f6\u00f6kohtade ja v\u00f5rgustike loomise v\u00f5imaluste tagamisel. See edendab terviklikku \u00f5ppimist, h\u00f5lmates interdistsiplinaarseid \u00e4rikontseptsioone ja edendades globaalset perspektiivi. TEBLi paindlik \u00f5pik\u00e4situs tagab kohanemisv\u00f5ime ja keeleoskuse pideva t\u00e4iustamise, mis hoiab \u00f5pilased kursis arenevate \u00e4ritavadega. L\u00f5puks pakub TEBL praktiliste rakendustega keskendunud \u00f5pikogemust, mis muudab selle kaasaegse \u00e4ri\u00f5ppe asendamatuks komponendiks.<\/p>\n\n\n\n<p>TEBL on \u00f5petamismetoodika, mis on ideaalis kombineeritud professionaalse \u00e4ri\u00f5ppega (minimaalne <em>BCom<\/em> kraad) ja\/v\u00f5i samav\u00e4\u00e4rne 2-3-aastane t\u00f6\u00f6kogemus ning \u00fcks v\u00f5i mitu inglise keele \u00f5petaja kutsetunnistust, n\u00e4iteks j\u00e4rgmised:<\/p>\n\n\n\n<p><\/p>\n\n\n\n<h3 class=\"wp-block-heading\">1. TESOL (inglise keele \u00f5petamine teistele keeltele)<\/h3>\n\n\n\n<p><strong>M\u00e4\u00e4ratlus:<\/strong> TESOL on \u00fcldm\u00f5iste, mis h\u00f5lmab nii inglise keele kui teise keele \u00f5petamist (ESL) kui ka inglise keele \u00f5petamist v\u00f5\u00f5rkeelena (EFL). Seda kasutatakse sageli vaheldumisi TESLi ja TEFLiga, kuid tehniliselt h\u00f5lmab m\u00f5lemat.<\/p>\n\n\n\n<p><strong>Kirjeldus:<\/strong> TESOL-sertifikaat on m\u00f5eldud \u00f5petajatele, kes soovivad \u00f5petada inglise keelt mittekodanikele kas ingliskeelsetes riikides (ESL) v\u00f5i v\u00e4lismaal (EFL). TESOL-programmid h\u00f5lmavad tavaliselt keele omandamise, \u00f5petamismetoodika, tunniplaneerimise ja klassiruumi juhtimise alast koolitust.<\/p>\n\n\n\n<h3 class=\"wp-block-heading\">2. TESL (inglise keele kui teise keele \u00f5petamine)<\/h3>\n\n\n\n<p><strong>M\u00e4\u00e4ratlus:<\/strong> TESL keskendub inglise keele \u00f5petamisele inglise keelt mitte emakeelena k\u00f5nelevatele inimestele, kes elavad ingliskeelses riigis.<\/p>\n\n\n\n<p><strong>Kirjeldus:<\/strong> TESL-sertifikaat sobib ideaalselt \u00f5petajatele, kes kavatsevad t\u00f6\u00f6tada sisser\u00e4ndajate v\u00f5i rahvusvaheliste \u00f5pilastega riikides, kus inglise keel on valdav keel. Programm h\u00f5lmab tavaliselt kultuurilist kohanemist, t\u00e4iustatud grammatikat ja inglise keele \u00f5petamise tehnikaid mitmekeelsetes klassiruumides.<\/p>\n\n\n\n<h3 class=\"wp-block-heading\">3. TEFL (inglise keele \u00f5petamine v\u00f5\u00f5rkeelena)<\/h3>\n\n\n\n<p><strong>M\u00e4\u00e4ratlus:<\/strong> TEFL tegeleb inglise keele \u00f5petamisega mitte-maakeelsetele inimestele riikides, kus inglise keel ei ole p\u00f5hikeel.<\/p>\n\n\n\n<p><strong>Kirjeldus:<\/strong> TEFL-sertifikaat on m\u00f5eldud neile, kes soovivad \u00f5petada inglise keelt v\u00e4lismaal. Koolitus h\u00f5lmab sageli \u00f5petust, kuidas kohandada \u00f5petamismeetodeid erinevatele kultuurikeskkondadele, \u00f5ppekava arendamist ja praktilist \u00f5petamiskogemust.<\/p>\n\n\n\n<h3 class=\"wp-block-heading\">4. TEYA (inglise keele \u00f5petamine noortele t\u00e4iskasvanutele)<\/h3>\n\n\n\n<p><strong>M\u00e4\u00e4ratlus:<\/strong> TEYA on spetsialiseerunud inglise keele \u00f5petamisele noortele t\u00e4iskasvanutele, tavaliselt alates kolled\u017ei vanusest.<\/p>\n\n\n\n<p><strong>Kirjeldus:<\/strong> TEYA sertifikaat keskendub noorte t\u00e4iskasvanute ps\u00fchholoogiale, eakohastele \u00f5petamistehnikatele ja tegevustele, mis kaasavad noori t\u00e4iskasvanuid.<\/p>\n\n\n\n<h3 class=\"wp-block-heading\">5. CELTA (inglise keele \u00f5petamise tunnistus t\u00e4iskasvanutele)<\/h3>\n\n\n\n<p><strong>M\u00e4\u00e4ratlus:<\/strong> CELTA on rahvusvaheliselt tunnustatud sertifikaat inglise keele \u00f5petamiseks t\u00e4iskasvanutele.<\/p>\n\n\n\n<p><strong>Kirjeldus:<\/strong> CELTA, mida haldab Cambridge Assessment English, on k\u00f5rgelt hinnatud ja laialdaselt tunnustatud. Kursus h\u00f5lmab ranget teooriat ja praktilist \u00f5petamiskogemust, keskendudes t\u00e4iskasvanute \u00f5ppimise p\u00f5him\u00f5tetele, keeleoskuse arendamisele ja t\u00f5husatele \u00f5petamisstrateegiatele.<\/p>\n\n\n\n<h3 class=\"wp-block-heading\">6. DELTA (diplom inglise keele \u00f5petamisel t\u00e4iskasvanutele)<\/h3>\n\n\n\n<p><strong>M\u00e4\u00e4ratlus:<\/strong> DELTA on edasij\u00f5udnud inglise keele \u00f5petajatele m\u00f5eldud kvalifikatsioon.<\/p>\n\n\n\n<p><strong>Kirjeldus:<\/strong> DELTA on samuti Cambridge Assessment English poolt korraldatav k\u00f5rgematasemeline kvalifikatsioon, mis p\u00f5hineb CELTA v\u00f5i samav\u00e4\u00e4rse kogemuse kaudu omandatud oskustel. See sisaldab teooria- ja praktikamooduleid, erialast arengut ning spetsialiseerumist sellistes valdkondades nagu \u00e4riingliseerimine v\u00f5i akadeemilise otstarbega inglise keel.<\/p>\n\n\n\n<h3 class=\"wp-block-heading\">7. TEFLi (TEFL International)<\/h3>\n\n\n\n<p><strong>M\u00e4\u00e4ratlus:<\/strong> TEFLi sertifikaate pakuvad erinevad organisatsioonid ja institutsioonid \u00fcle maailma, pakkudes standardiseeritud koolitust inglise keele \u00f5petamiseks v\u00e4lismaal.<\/p>\n\n\n\n<p><strong>Kirjeldus:<\/strong> TEFLi programmid pakuvad tavaliselt kombinatsiooni veebip\u00f5hisest ja personaalsest koolitusest, sealhulgas klassiruumi haldamine, tunniplaneerimine ja \u00f5petamispraktika. TEFLi sertifikaatide kvaliteet ja tunnustamine v\u00f5ib varieeruda, seega on oluline valida usaldusv\u00e4\u00e4rne pakkuja.<\/p>\n\n\n\n<h3 class=\"wp-block-heading\">8. TEFLA (inglise keele kui v\u00f5\u00f5rkeele \u00f5petamine t\u00e4iskasvanutele)<\/h3>\n\n\n\n<p><strong>M\u00e4\u00e4ratlus:<\/strong> TEFLA on teine termin, mida kasutatakse t\u00e4iskasvanud \u00f5ppijatele inglise keele \u00f5petamisele suunatud sertifikaatide puhul, mida sageli v\u00f5ib asendada TEFLiga.<\/p>\n\n\n\n<p><strong>Kirjeldus:<\/strong> TEFLA programmides r\u00f5hutatakse t\u00e4iskasvanuhariduse p\u00f5him\u00f5tteid, t\u00e4iskasvanud \u00f5ppijatele m\u00f5eldud \u00f5ppekavade koostamist ja meetodeid t\u00e4iskasvanud \u00f5ppijate kaasamiseks \u00f5ppeprotsessi.<\/p>\n\n\n\n<h3 class=\"wp-block-heading\">9. EFL (inglise keel v\u00f5\u00f5rkeelena)<\/h3>\n\n\n\n<p><strong>M\u00e4\u00e4ratlus:<\/strong> EFL viitab inglise keele \u00f5petamisele mitte emakeelena r\u00e4\u00e4kivatele inimestele riikides, kus inglise keel ei ole p\u00f5hikeel.<\/p>\n\n\n\n<p><strong>Kirjeldus:<\/strong> \u00d5petajaid valmistatakse keele\u00f5ppe sertifikaatidega, nagu ka keele\u00f5ppej\u00f5ud, ette t\u00f6\u00f6tamiseks erinevates kultuurikeskkondades, keskendudes keeleoskusele, \u00f5petamismetoodikale ja kultuuritundlikkusele.<\/p>\n\n\n\n<h3 class=\"wp-block-heading\">10. ESL (inglise keel teise keelena)<\/h3>\n\n\n\n<p><strong>M\u00e4\u00e4ratlus:<\/strong> ESL keskendub inglise keele \u00f5petamisele inglise keelt mitte emakeelena k\u00f5nelejatele ingliskeelsetes riikides.<\/p>\n\n\n\n<p><strong>Kirjeldus:<\/strong> Sarnaselt TESL-ile annavad v\u00f5\u00f5rkeele\u00f5petaja sertifikaadid \u00f5petajatele oskusi, mis aitavad \u00f5pilastel integreeruda ingliskeelsesse keskkonda, r\u00f5hutades keele omandamist, kultuurilist kohanemist ja praktilist keelekasutust. <\/p>\n\n\n\n<p><\/p>\n\n\n\n<p><\/p>\n\n\n\n<figure class=\"wp-block-embed is-type-video is-provider-youtube wp-block-embed-youtube wp-embed-aspect-16-9 wp-has-aspect-ratio\"><div class=\"wp-block-embed__wrapper\">\n<iframe loading=\"lazy\" title=\"TEBL Teaching English Business Language Sissejuhatus - Evolution of Agile Education\" width=\"580\" height=\"326\" src=\"https:\/\/www.youtube.com\/embed\/lzNj70cY47c?feature=oembed\" frameborder=\"0\" allow=\"accelerometer; autoplay; clipboard-write; encrypted-media; gyroscope; picture-in-picture; web-share\" referrerpolicy=\"strict-origin-when-cross-origin\" allowfullscreen><\/iframe>\n<\/div><figcaption class=\"wp-element-caption\">TEBLi tutvustav video<\/figcaption><\/figure>\n\n\n\n<p><\/p>\n\n\n\n<h3 class=\"wp-block-heading\"><a>M\u00e4rks\u00f5nad<\/a><\/h3>\n\n\n\n<ul class=\"wp-block-list\">\n<li>Inglise keele kui \u00e4rikeele \u00f5petamine (TEBL)<\/li>\n\n\n\n<li>Inglise keel erieesm\u00e4rkidel (ESP)<\/li>\n\n\n\n<li>Inglise keel akadeemilistel eesm\u00e4rkidel (EAP)<\/li>\n\n\n\n<li>Inglise keel ametialaseks kasutamiseks (EOP)<\/li>\n\n\n\n<li>\u00c4riinglise keel<\/li>\n\n\n\n<li>Akadeemiline edu<\/li>\n\n\n\n<li>Kutsealane valmisolek<\/li>\n\n\n\n<li>\u00dclemaailmne \u00e4ri<\/li>\n<\/ul>\n\n\n\n<h3 class=\"wp-block-heading\"><a>Missioon<\/a><\/h3>\n\n\n\n<ul class=\"wp-block-list\">\n<li><strong>Inglise keele kui \u00e4rikeele \u00f5petamine<\/strong><\/li>\n<\/ul>\n\n\n\n<h3 class=\"wp-block-heading\"><a>Visioon<\/a><\/h3>\n\n\n\n<ul class=\"wp-block-list\">\n<li><strong>Ettev\u00f5tluse edu suurendamine suunatud inglise keele oskuse kaudu<\/strong><\/li>\n<\/ul>\n\n\n\n<h3 class=\"wp-block-heading\"><a>V\u00e4\u00e4rtused<\/a><\/h3>\n\n\n\n<ul class=\"wp-block-list\">\n<li><strong>Kvaliteet<\/strong>: kaasahaarav, ajakohane ja t\u00f5hus \u00f5ppekava, mis p\u00f5hineb t\u00f5estatud hariduslikel alustel, mis v\u00f5imaldavad \u00f5ppimist.<\/li>\n\n\n\n<li><strong>Professionaalsus<\/strong>: Keskendudes inglise keele \u00f5petamisele konkreetsetel eesm\u00e4rkidel, mida annavad kvalifitseeritud (ESL, TESL, TESOL, TEFL, IATEFL liikmed) ja kogenud \u00e4ri- ja inglise keele \u00f5petajad.<\/li>\n\n\n\n<li><strong>Asjakohasus<\/strong>: Austades \u00f5pilast ja keskendudes rakenduslikule \u00e4riinglise keelele, v\u00f5imaldades \u00f5ppijatel kiiresti kasutada teadmisi ja oskusi, mida nad vajavad reaalses \u00e4rimaailmas.<\/li>\n<\/ul>\n\n\n\n<p><\/p>\n\n\n\n<p>Kaasaegses \u00fclemaailmses \u00e4rikeskkonnas on inglise keel muutunud kaubanduskeeleks, mis n\u00f5uab nii akadeemilise edu kui ka ametialase edasiliikumise jaoks \u00e4rispetsiifilise inglise keele oskust. Inglise keele \u00f5petamine \u00e4rikeelena (TEBL) on eriline l\u00e4henemisviis inglise keele \u00f5petamise laiemas raamistikus (ESP). TEBL pakub terviklikku lahendust, mis on kohandatud \u00e4ri\u00f5ppe \u00fcli\u00f5pilaste ja spetsialistide vajadustele, integreerides elemente nii akadeemilisel eesm\u00e4rgil kasutatavast inglise keelest kui ka kutsealal kasutatavast inglise keelest.<\/p>\n\n\n\n<h3 class=\"wp-block-heading\"><a>ESP, EAP ja EOP m\u00f5istmine<\/a><\/h3>\n\n\n\n<p>Eriotstarbeline inglise keel (ESP) on keele\u00f5petuse sihtotstarbeline l\u00e4henemisviis, mis on suunatud \u00f5ppijate spetsiifilistele keelelistele vajadustele teatud valdkondades, sealhulgas akadeemilistes ja erinevates kutsealades. ESP jaguneb traditsiooniliselt kaheks peamiseks haruks:<\/p>\n\n\n\n<p><strong>Inglise keel akadeemilistel eesm\u00e4rkidel (EAP)<\/strong><\/p>\n\n\n\n<p><strong>Fookus<\/strong>: EAP keskendub akadeemilise edu saavutamiseks vajalikele keeleoskustele, nagu uurimist\u00f6\u00f6de kirjutamine, seminarides osalemine ja akadeemiliste loengute m\u00f5istmine.<\/p>\n\n\n\n<p><strong>Ajakirjad ja teadusuuringud<\/strong>: Olulisi teadusuuringuid EAP valdkonnas on avaldatud sellistes ajakirjades nagu <em>Inglise keel konkreetsetel eesm\u00e4rkidel<\/em> ja <em>Journal of English for Academic Purposes (ajakiri \"Inglise keel akadeemilistel eesm\u00e4rkidel\")<\/em>. EAP r\u00f5huasetust ESP-s on ajendatud paljude ESP-uurijate seotusest akadeemiliste institutsioonidega ja suurest vajadusest \u00fcli\u00f5pilaste EAP-oskuste j\u00e4rele.<\/p>\n\n\n\n<p><strong>Sihtr\u00fchm<\/strong>: \u00dcli\u00f5pilased ja akadeemikud, kes vajavad edasij\u00f5udnuks oma \u00f5pingutes edukaks toimetulekuks k\u00f5rgtasemel inglise keele oskust.<\/p>\n\n\n\n<p><strong>Inglise keel ametialaseks kasutamiseks (EOP)<\/strong><\/p>\n\n\n\n<p><strong>Fookus<\/strong>: EOP k\u00e4sitleb keeleoskust, mida on vaja kutse- ja t\u00f6\u00f6keskkonnas, sealhulgas konkreetsetes \u00e4ritegevuses, n\u00e4iteks turunduses, finants- ja personalit\u00f6\u00f6s.<\/p>\n\n\n\n<p><strong>Ajakirjad ja teadusuuringud<\/strong>: Kuigi ei ole olemas ainult EOP-le p\u00fchendatud ajakirja, v\u00f5ib asjakohaseid uurimusi leida sellistest v\u00e4ljaannetest nagu <em>Inglise keel konkreetsetel eesm\u00e4rkidel<\/em>.<\/p>\n\n\n\n<p><strong>Sihtr\u00fchm<\/strong>: Spetsialistid, kes vajavad oma konkreetsete t\u00f6\u00f6\u00fclesannete ja t\u00f6\u00f6stusharude jaoks kohandatud inglise keele oskust.<\/p>\n\n\n\n<p><\/p>\n\n\n\n<h3 class=\"wp-block-heading\"><a>TEBL: EAP ja EOP integreerimine ettev\u00f5tlus\u00f5ppe jaoks<\/a><\/h3>\n\n\n\n<p>TEBL \u00fchendab ainulaadselt EAP ja EOP tugevused, et rahuldada \u00e4ri\u00fcli\u00f5pilaste ja -spetsialistide erinevaid vajadusi. Selline integratsioon tagab, et \u00f5ppijad omandavad nii akadeemilise kui ka praktilise keeleoskuse, mis on vajalik edu saavutamiseks.<\/p>\n\n\n\n<h4 class=\"wp-block-heading\">EAP-st:<\/h4>\n\n\n\n<ul class=\"wp-block-list\">\n<li><strong>\u00c4ri\u00f5ppe akadeemilised oskused<\/strong>: TEBL sisaldab \u00e4ri\u00f5ppes vajalikke akadeemilisi inglise keele oskusi, nagu n\u00e4iteks \u00e4ritekstide anal\u00fc\u00fcs, akadeemiliste dokumentide kirjutamine ja uurimistulemuste esitamine.<\/li>\n\n\n\n<li><strong>Uuringud ja teooria rakendamine<\/strong>: \u00d5ppijad tegelevad akadeemilise kirjandusega, rakendavad \u00e4riteooriaid ja osalevad teaduslikes aruteludes, mis on akadeemilise ja professionaalse arengu seisukohalt \u00fcliolulised.<\/li>\n<\/ul>\n\n\n\n<h4 class=\"wp-block-heading\">EOP-st:<\/h4>\n\n\n\n<ul class=\"wp-block-list\">\n<li><strong>Praktiline \u00e4rikommunikatsioon<\/strong>: TEBL r\u00f5hutab \u00e4rimaailmas vajalikke praktilisi keeleoskusi, sealhulgas aruannete koostamine, professionaalsete e-kirjade koostamine, l\u00e4bir\u00e4\u00e4kimiste pidamine ja esitluste tegemine.<\/li>\n\n\n\n<li><strong>T\u00f6\u00f6stusspetsiifiline s\u00f5navara<\/strong>: Keskendub erinevatele \u00e4rirollidele iseloomulikule terminoloogiale ja keelekasutusele, mis v\u00f5imaldab t\u00f5husat suhtlemist erialases kontekstis.<\/li>\n<\/ul>\n\n\n\n<h3 class=\"wp-block-heading\"><a>TEBL-i eelised tulevastele \u00e4rikoolitajatele<\/a><\/h3>\n\n\n\n<p>\u00c4ri\u00f5ppe \u00fcli\u00f5pilased saavad enne \u00f5pingute alustamist oluliselt kasu TEBLi kursuse l\u00e4bivaatamisest. Peamised eelised on j\u00e4rgmised:<\/p>\n\n\n\n<p><strong>T\u00e4iustatud suhtlemisoskused<\/strong><\/p>\n\n\n\n<p><strong>\u00c4rispetsiifiline s\u00f5navara<\/strong>: TEBL-kursused keskenduvad inglise keele s\u00f5navara ja terminoloogia \u00f5petamisele \u00e4rikontekstides. See aitab \u00f5pilastel m\u00f5ista ja kasutada keelt t\u00f5husalt oma \u00f5pingutes ja tulevases karj\u00e4\u00e4ris.<\/p>\n\n\n\n<p><strong>T\u00f5hus kirjutamine<\/strong>: \u00d5pilased \u00f5pivad kirjutama selgeid ja kokkuv\u00f5tlikke \u00e4riaruandeid, e-kirju ja muid dokumente, mis on \u00fcliolulised oskused nii akadeemilises kui ka t\u00f6\u00f6alases keskkonnas.<\/p>\n\n\n\n<p><strong>Esitlusoskused<\/strong>: TEBLi kursused sisaldavad sageli koolitust selle kohta, kuidas esitada ideid enesekindlalt ja selgelt, mis on \u00e4ri\u00fcli\u00f5pilaste jaoks oluline oskus.<\/p>\n\n\n\n<p><strong>Suurenenud usaldus<\/strong><\/p>\n\n\n\n<p><strong>V\u00e4hendatud keelebarj\u00e4\u00e4rid<\/strong>: \u00d5pilased, kelle emakeeleks ei ole inglise keel, saavad v\u00e4hendada keelega seotud \u00e4revust ja osaleda aktiivsemalt klasside aruteludes, grupiprojektides ja esitlustes.<\/p>\n\n\n\n<p><strong>Valmisolek<\/strong>: Tugeva \u00e4riinglise keele baasiga saavad \u00fcli\u00f5pilased l\u00e4heneda oma \u00f5pingutele suurema enesekindlusega, teades, et nad on varustatud, et tulla toime \u00f5ppet\u00f6\u00f6ga seotud keelen\u00f5uetega.<\/p>\n\n\n\n<p><strong>V\u00f5imalikud akadeemilised tulemused<\/strong><\/p>\n\n\n\n<p><strong>Arusaamine<\/strong>: V\u00f5ib aidata paremini m\u00f5ista loenguid, lugemisi ja \u00fclesandeid, milles kasutatakse sageli keerulist \u00e4riterminoloogiat.<\/p>\n\n\n\n<p><strong>Kihlus<\/strong>: V\u00f5ib anda parema v\u00f5ime s\u00fcveneda kursuse materjalidesse ja aruteludesse, mis viib rikkalikuma \u00f5pikogemuse saavutamiseni.<\/p>\n\n\n\n<p><strong>Kutsealane valmisolek<\/strong><\/p>\n\n\n\n<p><strong>Praktika ja t\u00f6\u00f6praktika<\/strong>: Paljud \u00e4rikavad sisaldavad \u00f5ppekava osana praktika- ja t\u00f6\u00f6kohti. \u00c4riinglise keele oskus v\u00f5ib muuta \u00fcli\u00f5pilased nende v\u00f5imaluste puhul konkurentsiv\u00f5imelisemaks.<\/p>\n\n\n\n<p><strong>V\u00f5rgustik<\/strong>: Oskus suhelda t\u00f5husalt \u00e4rikeskkonnas aitab \u00f5pilastel luua ametialaseid v\u00f5rgustikke, mis on karj\u00e4\u00e4ri arenguks h\u00e4davajalikud.<\/p>\n\n\n\n<p><strong>Terviklik \u00f5ppimine<\/strong><\/p>\n\n\n\n<p><strong>Interdistsiplinaarne m\u00f5istmine<\/strong>: \u00c4ri\u00f5pingud integreerivad sageli erinevate erialade, n\u00e4iteks majanduse, turunduse, rahanduse ja juhtimise kontseptsioone. TEBLi kursused aitavad \u00f5pilastel neid interdistsiplinaarseid seoseid m\u00f5ista ja s\u00f5nastada inglise keeles.<\/p>\n\n\n\n<p><strong>\u00dclemaailmne perspektiiv<\/strong>: \u00c4ri on \u00fcha enam globaalne. \u00c4riinglise keele valdamine v\u00f5imaldab \u00f5pilastel tegeleda rahvusvaheliste juhtumiuuringutega, teha koost\u00f6\u00f6d eri riikidest p\u00e4rit kolleegidega ja m\u00f5ista \u00fclemaailmseid \u00e4risuundumusi.<\/p>\n\n\n\n<p><strong>Agiilne \u00f5pik\u00e4situs<\/strong><\/p>\n\n\n\n<p><strong>Kohanemisv\u00f5ime<\/strong>: TEBL r\u00f5hutab agiilset haridust, mis t\u00e4hendab, et \u00f5pilased \u00f5pivad kiiresti kohanema uue teabe ja olukordadega, mis on kiire \u00e4rimaailmas \u00fclioluline oskus.<\/p>\n\n\n\n<p><strong>Pidev t\u00e4iustamine<\/strong>: Kergema \u00f5ppimise iteratiivne olemus julgustab \u00f5pilasi oma keeleoskust pidevalt t\u00e4iustama, hoides neid kursis arenevate \u00e4ritavadega.<\/p>\n\n\n\n<p><strong>Aja kokkuhoid kasulikku \u00e4ri inglise keelt \u00f5ppides<\/strong><\/p>\n\n\n\n<p><strong>Keskendatud \u00f5ppimine<\/strong>: Selle asemel, et kulutada aega \u00fcldisele inglise keelele, saavad \u00f5pilased keskenduda konkreetsetele keeleoskustele, mida on vaja \u00e4ritegevuseks, mis muudab nende \u00f5ppeprotsessi t\u00f5husamaks.<\/p>\n\n\n\n<p><strong>Praktiline rakendamine<\/strong>: TEBLi kursused v\u00f5imaldavad \u00f5pilastel praktiliste harjutuste ja reaalsete stsenaariumide kaudu kohe hakata rakendama \u00e4riinglise keelt, tagades, et \u00f5pitud oskused on nende \u00f5pingute ja tulevase karj\u00e4\u00e4ri jaoks otseselt asjakohased.<\/p>\n\n\n\n<p><strong>P\u00f5hjalik \u00fclevaade peamistest \u00e4riteemadest<\/strong><\/p>\n\n\n\n<p><strong>Lai teadmistebaas<\/strong>: Valides arvukate p\u00f5hiliste \u00e4riteemade hulgast, omandavad \u00fcli\u00f5pilased laiap\u00f5hjalise arusaama olulistest \u00e4rikontseptsioonidest, mis v\u00f5ib olla aluseks edasij\u00f5udnute \u00f5pingutele.<\/p>\n\n\n\n<p><strong>Praegune t\u00e4htsus<\/strong>: K\u00e4sitletavad teemad on koosk\u00f5las t\u00e4nap\u00e4eva k\u00f5ige olulisemate \u00e4rik\u00fcsimustega, tagades, et \u00f5pilased on h\u00e4sti kursis kaasaegsete \u00e4ritavade ja suundumustega.<\/p>\n\n\n\n<p><\/p>\n\n\n\n<h3 class=\"wp-block-heading\"><a>TEBL-kursuse n\u00e4idisteemad tulevastele MBA-tudengitele<\/a><\/h3>\n\n\n\n<ul class=\"wp-block-list\">\n<li>\u00c4ri eesm\u00e4rgid<\/li>\n\n\n\n<li>Juhtimine ja juhtimine<\/li>\n\n\n\n<li>Majandusteaduse keel<\/li>\n\n\n\n<li>Raamatupidamiskeel<\/li>\n\n\n\n<li>Rahanduskeel<\/li>\n\n\n\n<li>Tarneahela keel<\/li>\n\n\n\n<li>Operatsioonide juhtimise keel<\/li>\n\n\n\n<li>Personalijuhtimise keel<\/li>\n\n\n\n<li>M\u00fc\u00fcgijuhtimise keel<\/li>\n\n\n\n<li>Turunduskeel<\/li>\n<\/ul>\n\n\n\n<p><\/p>\n\n\n\n<figure class=\"wp-block-image size-full\"><img loading=\"lazy\" decoding=\"async\" width=\"600\" height=\"300\" src=\"https:\/\/tebl.education\/wp-content\/uploads\/2024\/06\/TEBL-logo-600x300-1.png\" alt=\"TEBL Inglise keele kui \u00e4rikeele \u00f5petamine\" class=\"wp-image-19\" srcset=\"https:\/\/tebl.education\/wp-content\/uploads\/2024\/06\/TEBL-logo-600x300-1.png 600w, https:\/\/tebl.education\/wp-content\/uploads\/2024\/06\/TEBL-logo-600x300-1-300x150.png 300w, https:\/\/tebl.education\/wp-content\/uploads\/2024\/06\/TEBL-logo-600x300-1-18x9.png 18w\" sizes=\"auto, (max-width: 600px) 100vw, 600px\" \/><figcaption class=\"wp-element-caption\">TEBL Inglise keele kui \u00e4rikeele \u00f5petamine<\/figcaption><\/figure>","protected":false},"excerpt":{"rendered":"<p>TEBL is a Business English Teaching Method to Help Business People Learn English In the contemporary global business environment, English has emerged as the lingua franca of commerce, making proficiency in business-specific English essential for both academic success and professional advancement. Teaching English as a Business Language (TEBL) was developed to address this need by [&hellip;]<\/p>","protected":false},"author":1,"featured_media":76,"parent":0,"menu_order":0,"comment_status":"closed","ping_status":"closed","template":"","meta":{"footnotes":""},"class_list":["post-21","page","type-page","status-publish","has-post-thumbnail","hentry"],"_links":{"self":[{"href":"https:\/\/tebl.education\/et\/wp-json\/wp\/v2\/pages\/21","targetHints":{"allow":["GET"]}}],"collection":[{"href":"https:\/\/tebl.education\/et\/wp-json\/wp\/v2\/pages"}],"about":[{"href":"https:\/\/tebl.education\/et\/wp-json\/wp\/v2\/types\/page"}],"author":[{"embeddable":true,"href":"https:\/\/tebl.education\/et\/wp-json\/wp\/v2\/users\/1"}],"replies":[{"embeddable":true,"href":"https:\/\/tebl.education\/et\/wp-json\/wp\/v2\/comments?post=21"}],"version-history":[{"count":5,"href":"https:\/\/tebl.education\/et\/wp-json\/wp\/v2\/pages\/21\/revisions"}],"predecessor-version":[{"id":153,"href":"https:\/\/tebl.education\/et\/wp-json\/wp\/v2\/pages\/21\/revisions\/153"}],"wp:featuredmedia":[{"embeddable":true,"href":"https:\/\/tebl.education\/et\/wp-json\/wp\/v2\/media\/76"}],"wp:attachment":[{"href":"https:\/\/tebl.education\/et\/wp-json\/wp\/v2\/media?parent=21"}],"curies":[{"name":"wp","href":"https:\/\/api.w.org\/{rel}","templated":true}]}}