{"id":10,"date":"2024-06-23T14:07:24","date_gmt":"2024-06-23T18:07:24","guid":{"rendered":"https:\/\/tebl.education\/?page_id=10"},"modified":"2024-06-25T09:16:06","modified_gmt":"2024-06-25T13:16:06","slug":"tebl-agile-education","status":"publish","type":"page","link":"https:\/\/tebl.education\/fr\/tebl-agile-education\/","title":{"rendered":"Philosophie \u00e9ducative : L'\u00e9ducation agile"},"content":{"rendered":"<p>Int\u00e9gration des principes de l'\u00e9ducation agile dans les diff\u00e9rents aspects du programme TEBL :<\/p>\n\n\n\n<h3 class=\"wp-block-heading\"><a>1. Conception et mise en \u0153uvre du programme d'\u00e9tudes<\/a><\/h3>\n\n\n\n<ul class=\"wp-block-list\">\n<li><strong>Programme d'\u00e9tudes adapt\u00e9<\/strong>: L'enseignement agile donne la priorit\u00e9 \u00e0 l'adaptabilit\u00e9, ce qui permet \u00e0 TEBL de modifier son programme en fonction des tendances commerciales \u00e9mergentes, des commentaires des \u00e9tudiants et des r\u00e9sultats de l'enseignement. Cela garantit que le contenu reste pertinent et efficace.<\/li>\n\n\n\n<li><strong>Cycles d'apprentissage it\u00e9ratif<\/strong>: TEBL utilise des cycles courts et it\u00e9ratifs qui permettent une am\u00e9lioration continue des processus d'apprentissage, refl\u00e9tant la m\u00e9thodologie agile du sprint.<\/li>\n\n\n\n<li><strong>Mat\u00e9riel d'apprentissage Lean<\/strong>: En mettant l'accent sur le contenu essentiel sans surcharger les \u00e9tudiants, le programme d'\u00e9tudes de TEBL se concentre sur les mat\u00e9riaux les plus efficaces, refl\u00e9tant l'approche all\u00e9g\u00e9e des m\u00e9thodologies agiles.<\/li>\n\n\n\n<li><strong>Apprentissage juste \u00e0 temps<\/strong>: Cette approche fournit aux \u00e9tudiants des informations pertinentes exactement au moment o\u00f9 ils en ont besoin, ce qui rend le processus d'apprentissage plus efficace et directement applicable \u00e0 leurs besoins ou projets imm\u00e9diats.<\/li>\n<\/ul>\n\n\n\n<h3 class=\"wp-block-heading\"><a>2. L'apprentissage centr\u00e9 sur l'\u00e9tudiant<\/a><\/h3>\n\n\n\n<ul class=\"wp-block-list\">\n<li><strong>Parcours d'apprentissage personnalis\u00e9s<\/strong>: L'\u00e9ducation agile favorise la personnalisation de l'exp\u00e9rience d'apprentissage. TEBL propose des parcours personnalis\u00e9s qui r\u00e9pondent aux objectifs de carri\u00e8re et aux niveaux de comp\u00e9tence de chaque \u00e9tudiant.<\/li>\n\n\n\n<li><strong>Apprentissage collaboratif<\/strong>: TEBL encourage le travail en \u00e9quipe et l'apprentissage par les pairs, qui sont des aspects cl\u00e9s des m\u00e9thodologies agiles, en am\u00e9liorant la compr\u00e9hension par le biais d'interactions et de perspectives diverses.<\/li>\n\n\n\n<li><strong>Prototypage rapide des comp\u00e9tences linguistiques<\/strong>: Les \u00e9tudiants appliquent rapidement leurs comp\u00e9tences linguistiques dans des contextes pratiques, testant et affinant leurs capacit\u00e9s en temps r\u00e9el.<\/li>\n\n\n\n<li><strong>L'apprentissage ax\u00e9 sur la valeur<\/strong>: Chaque aspect de TEBL est con\u00e7u pour maximiser la valeur pour les \u00e9tudiants, qu'il s'agisse de comp\u00e9tences linguistiques directement applicables ou d'opportunit\u00e9s de mise en r\u00e9seau et de d\u00e9veloppement professionnel.<\/li>\n<\/ul>\n\n\n\n<h3 class=\"wp-block-heading\"><a>3. \u00c9valuation et retour d'information<\/a><\/h3>\n\n\n\n<ul class=\"wp-block-list\">\n<li><strong>\u00c9valuation continue<\/strong>: L'\u00e9ducation agile implique des contr\u00f4les r\u00e9guliers des progr\u00e8s, et TEBL incorpore des \u00e9valuations continues pour suivre les progr\u00e8s des \u00e9tudiants et orienter les strat\u00e9gies d'apprentissage futures.<\/li>\n\n\n\n<li><strong>Boucles de r\u00e9troaction r\u00e9guli\u00e8res<\/strong>: Le retour d'information fait partie int\u00e9grante des m\u00e9thodes agiles et de la TEBL, permettant aux \u00e9tudiants de comprendre leurs progr\u00e8s et les domaines \u00e0 am\u00e9liorer en permanence.<\/li>\n\n\n\n<li><strong>R\u00e9flexion et am\u00e9lioration continue<\/strong>: Les pratiques r\u00e9flexives sont encourag\u00e9es au sein de TEBL, ce qui permet aux \u00e9tudiants d'int\u00e9rioriser ce qu'ils ont appris et de voir comment ils peuvent l'appliquer \u00e0 leurs activit\u00e9s professionnelles et acad\u00e9miques.<\/li>\n<\/ul>\n\n\n\n<h3 class=\"wp-block-heading\"><a>4. Int\u00e9gration des technologies<\/a><\/h3>\n\n\n\n<ul class=\"wp-block-list\">\n<li><strong>Int\u00e9gration des applications d'apprentissage des langues<\/strong>: TEBL int\u00e8gre des technologies \u00e9ducatives modernes, y compris des applications qui soutiennent la r\u00e9p\u00e9tition espac\u00e9e, l'apprentissage interactif, et plus encore.<\/li>\n\n\n\n<li><strong>Simulations de r\u00e9alit\u00e9 virtuelle<\/strong>: Ils sont utilis\u00e9s pour des exp\u00e9riences d'apprentissage immersives, simulant des environnements professionnels o\u00f9 les comp\u00e9tences linguistiques peuvent \u00eatre mises en pratique.<\/li>\n\n\n\n<li><strong>Utilisation d'outils et de plateformes de collaboration<\/strong>: Des outils tels que les plateformes d'\u00e9criture collaborative et les applications de communication facilitent un environnement d'apprentissage moderne et interactif.<\/li>\n<\/ul>\n\n\n\n<h3 class=\"wp-block-heading\"><a>5. Application dans le monde r\u00e9el<\/a><\/h3>\n\n\n\n<ul class=\"wp-block-list\">\n<li><strong>D\u00e9veloppement des comp\u00e9tences transversales<\/strong>: L'apprentissage dans le cadre de la TEBL ne se limite pas \u00e0 la langue, mais inclut le d\u00e9veloppement d'autres comp\u00e9tences utiles \u00e0 l'entreprise par le biais de l'apprentissage de la langue.<\/li>\n\n\n\n<li><strong>Participation des parties prenantes<\/strong>: L'implication directe des acteurs du monde de l'entreprise garantit que le mat\u00e9riel p\u00e9dagogique est pertinent et r\u00e9pond aux besoins r\u00e9els du monde de l'entreprise.<\/li>\n\n\n\n<li><strong>Partenariats avec les entreprises<\/strong>: Ces partenariats offrent aux \u00e9tudiants des contextes et des d\u00e9fis concrets, ce qui renforce le caract\u00e8re pratique de l'exp\u00e9rience d'apprentissage.<\/li>\n<\/ul>\n\n\n\n<h3 class=\"wp-block-heading\"><a>6. M\u00e9thodes d'enseignement agiles<\/a><\/h3>\n\n\n\n<ul class=\"wp-block-list\">\n<li><strong>Des sprints d'apprentissage courts et cibl\u00e9s<\/strong>: Les cours TEBL sont structur\u00e9s en segments courts qui permettent de se concentrer sur l'apprentissage, le retour d'information et la r\u00e9vision.<\/li>\n\n\n\n<li><strong>R\u00e9vision et adaptation r\u00e9guli\u00e8res des objectifs<\/strong>: Les cours sont r\u00e9guli\u00e8rement mis \u00e0 jour pour refl\u00e9ter les changements dans l'environnement des entreprises, afin de maintenir leur pertinence et leur efficacit\u00e9.<\/li>\n\n\n\n<li><strong>Accent mis sur les projets de groupe<\/strong>: Les projets de groupe facilitent les exp\u00e9riences d'apprentissage dynamiques, en encourageant la participation active et l'application pratique des comp\u00e9tences.<\/li>\n<\/ul>\n\n\n\n<h3 class=\"wp-block-heading\"><a>7. Comp\u00e9tences linguistiques sp\u00e9cifiques aux entreprises<\/a><\/h3>\n\n\n\n<ul class=\"wp-block-list\">\n<li><strong>Incorporation d'actualit\u00e9s commerciales et d'\u00e9tudes de cas<\/strong>: Cela permet de maintenir le programme d'\u00e9tudes \u00e0 jour et pertinent, en fournissant aux \u00e9tudiants le contexte de l'application de leurs comp\u00e9tences linguistiques dans le monde r\u00e9el des affaires.<\/li>\n\n\n\n<li><strong>Exercices de jeux de r\u00f4les dans des contextes professionnels<\/strong>: Ces exercices simulent des sc\u00e9narios commerciaux r\u00e9els, permettant aux \u00e9tudiants de pratiquer et d'affiner leurs comp\u00e9tences linguistiques et commerciales.<\/li>\n\n\n\n<li><strong>L'accent est mis sur les comp\u00e9tences pratiques en anglais des affaires<\/strong>: Veille \u00e0 ce que les \u00e9tudiants puissent appliquer ce qu'ils apprennent directement dans leur environnement professionnel.<\/li>\n<\/ul>\n\n\n\n<h3 class=\"wp-block-heading\"><a>8. Am\u00e9lioration continue et adaptation<\/a><\/h3>\n\n\n\n<ul class=\"wp-block-list\">\n<li><strong>R\u00e9trospectives r\u00e9guli\u00e8res<\/strong>: Des s\u00e9ances de r\u00e9flexion sont organis\u00e9es pour examiner ce qui a \u00e9t\u00e9 appris et ce qui peut \u00eatre am\u00e9lior\u00e9, refl\u00e9tant la pratique agile des r\u00e9trospectives.<\/li>\n\n\n\n<li><strong>Auto-\u00e9valuation et examen par les pairs<\/strong>: Ces processus encouragent la responsabilit\u00e9 personnelle et l'apprentissage communautaire, essentiels \u00e0 l'am\u00e9lioration continue.<\/li>\n\n\n\n<li><strong>Mises \u00e0 jour rapides pour refl\u00e9ter les pratiques commerciales actuelles<\/strong>: Le programme d'\u00e9tudes est r\u00e9guli\u00e8rement mis \u00e0 jour pour s'assurer qu'il refl\u00e8te les pratiques commerciales et les usages linguistiques les plus r\u00e9cents.<\/li>\n<\/ul>\n\n\n\n<p>Cette int\u00e9gration compl\u00e8te des principes agiles dans le programme TEBL garantit que les \u00e9tudiants non seulement apprennent efficacement, mais sont \u00e9galement pr\u00e9par\u00e9s \u00e0 utiliser leurs comp\u00e9tences dans des environnements commerciaux dynamiques et \u00e9volutifs.<\/p>\n\n\n\n<p><\/p>","protected":false},"excerpt":{"rendered":"<p>Agile Education Principles incorporation across Different Aspects of the TEBL Program: 1. Curriculum Design and Delivery 2. Student-Centered Learning 3. Assessment and Feedback 4. Technology Integration 5. Real-World Application 6. Agile Teaching Methodologies 7. Business-Specific Language Skills 8. Continuous Improvement and Adaptation This comprehensive integration of agile principles into the TEBL program ensures that students [&hellip;]<\/p>","protected":false},"author":1,"featured_media":78,"parent":0,"menu_order":0,"comment_status":"closed","ping_status":"closed","template":"","meta":{"footnotes":""},"class_list":["post-10","page","type-page","status-publish","has-post-thumbnail","hentry"],"_links":{"self":[{"href":"https:\/\/tebl.education\/fr\/wp-json\/wp\/v2\/pages\/10","targetHints":{"allow":["GET"]}}],"collection":[{"href":"https:\/\/tebl.education\/fr\/wp-json\/wp\/v2\/pages"}],"about":[{"href":"https:\/\/tebl.education\/fr\/wp-json\/wp\/v2\/types\/page"}],"author":[{"embeddable":true,"href":"https:\/\/tebl.education\/fr\/wp-json\/wp\/v2\/users\/1"}],"replies":[{"embeddable":true,"href":"https:\/\/tebl.education\/fr\/wp-json\/wp\/v2\/comments?post=10"}],"version-history":[{"count":1,"href":"https:\/\/tebl.education\/fr\/wp-json\/wp\/v2\/pages\/10\/revisions"}],"predecessor-version":[{"id":17,"href":"https:\/\/tebl.education\/fr\/wp-json\/wp\/v2\/pages\/10\/revisions\/17"}],"wp:featuredmedia":[{"embeddable":true,"href":"https:\/\/tebl.education\/fr\/wp-json\/wp\/v2\/media\/78"}],"wp:attachment":[{"href":"https:\/\/tebl.education\/fr\/wp-json\/wp\/v2\/media?parent=10"}],"curies":[{"name":"wp","href":"https:\/\/api.w.org\/{rel}","templated":true}]}}