{"id":39,"date":"2024-06-23T14:45:30","date_gmt":"2024-06-23T18:45:30","guid":{"rendered":"https:\/\/tebl.education\/?page_id=39"},"modified":"2024-06-25T09:44:03","modified_gmt":"2024-06-25T13:44:03","slug":"teach-english-business-goals","status":"publish","type":"page","link":"https:\/\/tebl.education\/fr\/teach-english-business-goals\/","title":{"rendered":"Enseigner l'anglais Objectifs commerciaux"},"content":{"rendered":"<p><\/p>\n\n\n\n<h1 class=\"wp-block-heading\"><a>Chapitre 1 : Ma\u00eetriser l'art des objectifs commerciaux gr\u00e2ce \u00e0 TEBL<\/a><\/h1>\n\n\n\n<h2 class=\"wp-block-heading\"><a>Introduction \u00e0 TEBL pour les candidats au MBA<\/a><\/h2>\n\n\n\n<p>Bienvenue dans votre voyage pr\u00e9paratoire \u00e0 travers la m\u00e9thode TEBL (Teaching English as a Business Language), con\u00e7ue pour vous doter des comp\u00e9tences en anglais des affaires n\u00e9cessaires \u00e0 la r\u00e9ussite d'un programme MBA. Ce chapitre pr\u00e9sente les comp\u00e9tences fondamentales de la fixation d'objectifs efficaces, qui sont essentielles non seulement pour naviguer dans vos \u00e9tudes \u00e0 venir, mais aussi pour prosp\u00e9rer dans le monde complexe des affaires.<\/p>\n\n\n\n<h2 class=\"wp-block-heading\"><a>L'importance strat\u00e9gique de la fixation d'objectifs dans l'entreprise<\/a><\/h2>\n\n\n\n<h3 class=\"wp-block-heading\"><a>Pourquoi se fixer des objectifs ?<\/a><\/h3>\n\n\n\n<p>Les objectifs sont la boussole qui guide les professionnels vers le succ\u00e8s, en leur offrant un chemin clair \u00e0 suivre et des \u00e9tapes \u00e0 franchir. Pour les candidats au MBA, il est essentiel de se fixer des objectifs bien d\u00e9finis pour structurer sa pr\u00e9paration et s'assurer de r\u00e9pondre aux exigences acad\u00e9miques et linguistiques rigoureuses de l'\u00e9cole de commerce.<\/p>\n\n\n\n<h3 class=\"wp-block-heading\"><a>Croissance professionnelle par la fixation d'objectifs<\/a><\/h3>\n\n\n\n<p>La fixation d'objectifs efficaces facilite le d\u00e9veloppement personnel et professionnel, ce qui est essentiel dans l'environnement comp\u00e9titif et rapide d'un MBA. Elle permet d'\u00e9tablir des priorit\u00e9s dans l'apprentissage, de g\u00e9rer efficacement son temps et de rester en phase avec ses aspirations professionnelles.<\/p>\n\n\n\n<h2 class=\"wp-block-heading\"><a>L'approche de TEBL pour une fixation efficace des objectifs<\/a><\/h2>\n\n\n\n<p>TEBL pr\u00e9sente des strat\u00e9gies sur mesure qui sont particuli\u00e8rement efficaces pour les personnes dont l'anglais n'est pas la langue maternelle et qui souhaitent ma\u00eetriser l'anglais des affaires.<\/p>\n\n\n\n<h3 class=\"wp-block-heading\"><a>Les objectifs SMART revisit\u00e9s avec TEBL<\/a><\/h3>\n\n\n\n<p>En incorporant la m\u00e9thode TEBL, nous adaptons le cadre des objectifs SMART pour r\u00e9pondre \u00e0 vos besoins sp\u00e9cifiques en mati\u00e8re d'apprentissage de l'anglais des affaires :<\/p>\n\n\n\n<ul class=\"wp-block-list\">\n<li><strong>Sp\u00e9cifique<\/strong>: Les objectifs doivent d\u00e9finir pr\u00e9cis\u00e9ment ce que vous souhaitez atteindre en mati\u00e8re de comp\u00e9tences linguistiques.<\/li>\n\n\n\n<li><strong>Mesurable<\/strong>: Fixez des crit\u00e8res de r\u00e9f\u00e9rence pour mesurer vos am\u00e9liorations en mati\u00e8re de communication d'entreprise.<\/li>\n\n\n\n<li><strong>R\u00e9alisable<\/strong>: Veillez \u00e0 ce que les objectifs soient r\u00e9alistes, compte tenu de vos comp\u00e9tences actuelles et du temps que vous pouvez y consacrer.<\/li>\n\n\n\n<li><strong>Pertinent<\/strong>: Alignez vos objectifs sur les exigences sp\u00e9cifiques du programme de MBA que vous envisagez.<\/li>\n\n\n\n<li><strong>Limit\u00e9 dans le temps<\/strong>: Fixez des \u00e9ch\u00e9ances afin de maintenir votre pr\u00e9paration sur la bonne voie et de vous motiver \u00e0 progresser en permanence.<\/li>\n<\/ul>\n\n\n\n<h3 class=\"wp-block-heading\"><a>Le cadre SPIRIT am\u00e9lior\u00e9 par TEBL<\/a><\/h3>\n\n\n\n<p>TEBL am\u00e9liore l'approche traditionnelle de fixation d'objectifs avec le cadre SPIRIT, la rendant plus dynamique et align\u00e9e sur les d\u00e9fis de l'apprentissage de l'anglais des affaires :<\/p>\n\n\n\n<ul class=\"wp-block-list\">\n<li><strong>Sp\u00e9cifique<\/strong>: Des objectifs d\u00e9taill\u00e9s adapt\u00e9s \u00e0 votre style d'apprentissage et \u00e0 vos besoins.<\/li>\n\n\n\n<li><strong>Prix<\/strong>: Des mesures incitatives qui motivent et r\u00e9compensent l'atteinte des objectifs linguistiques.<\/li>\n\n\n\n<li><strong>Individuel<\/strong>: Personnalis\u00e9 en fonction de votre parcours, de vos aspirations et de vos objectifs de carri\u00e8re.<\/li>\n\n\n\n<li><strong>R\u00e9vision<\/strong>: \u00c9valuation r\u00e9guli\u00e8re par le biais des m\u00e9canismes de retour d'information structur\u00e9s de TEBL.<\/li>\n\n\n\n<li><strong>Inspirant<\/strong>: Des objectifs qui correspondent \u00e0 vos aspirations \u00e0 utiliser l'anglais comme un outil puissant dans le monde des affaires.<\/li>\n\n\n\n<li><strong>Limit\u00e9 dans le temps<\/strong>: Des d\u00e9lais clairs qui correspondent \u00e0 votre calendrier d'entr\u00e9e dans les programmes MBA.<\/li>\n<\/ul>\n\n\n\n<h2 class=\"wp-block-heading\"><a>Mise en \u0153uvre de la d\u00e9finition d'objectifs TEBL dans votre pr\u00e9paration au MBA<\/a><\/h2>\n\n\n\n<h3 class=\"wp-block-heading\"><a>Int\u00e9grer TEBL dans votre routine d'\u00e9tude<\/a><\/h3>\n\n\n\n<p>L'adoption des m\u00e9thodologies TEBL implique une int\u00e9gration structur\u00e9e dans vos routines d'\u00e9tude quotidiennes, garantissant que chaque objectif contribue directement \u00e0 la ma\u00eetrise de l'anglais des affaires.<\/p>\n\n\n\n<h4 class=\"wp-block-heading\">Activit\u00e9s en classe<\/h4>\n\n\n\n<p>Utilisez les activit\u00e9s sp\u00e9cifiques \u00e0 TEBL qui simulent des sc\u00e9narios commerciaux r\u00e9els n\u00e9cessitant une communication avanc\u00e9e en anglais. Il peut s'agir de n\u00e9gociations, de pr\u00e9sentations ou de la r\u00e9daction de propositions commerciales en anglais, toutes adapt\u00e9es aux situations de communication courantes que vous rencontrerez dans les \u00e9coles de commerce.<\/p>\n\n\n\n<h4 class=\"wp-block-heading\">Ateliers interactifs TEBL<\/h4>\n\n\n\n<p>Participez \u00e0 des ateliers qui se concentrent sp\u00e9cifiquement sur des domaines tels que le jargon des affaires, la r\u00e9daction formelle et l'art oratoire persuasif. Ces ateliers sont con\u00e7us pour am\u00e9liorer non seulement la fluidit\u00e9, mais aussi l'utilisation strat\u00e9gique de la langue dans des contextes professionnels.<\/p>\n\n\n\n<h3 class=\"wp-block-heading\"><a>Technologie et outils recommand\u00e9s par TEBL<\/a><\/h3>\n\n\n\n<p>Adopter des technologies qui soutiennent les r\u00e9sultats d'apprentissage de TEBL :<\/p>\n\n\n\n<ul class=\"wp-block-list\">\n<li><strong>Apps d'apprentissage des langues<\/strong>: Comme Duolingo for Business English ou Babbel, qui proposent des modules sp\u00e9cialis\u00e9s sur la communication d'entreprise.<\/li>\n\n\n\n<li><strong>Outils de gestion de projet<\/strong>: Comme Asana ou Trello, qui peuvent \u00eatre utilis\u00e9s pour g\u00e9rer vos projets d'apprentissage des langues et suivre les progr\u00e8s r\u00e9alis\u00e9s pour atteindre vos objectifs.<\/li>\n<\/ul>\n\n\n\n<h2 class=\"wp-block-heading\"><a>\u00c9tude de cas TEBL : L'application dans la r\u00e9ussite de l'admission au MBA<\/a><\/h2>\n\n\n\n<h3 class=\"wp-block-heading\"><a>Sc\u00e9nario : Pr\u00e9paration \u00e0 l'admission au MBA<\/a><\/h3>\n\n\n\n<p>Imaginez un aspirant au MBA issu d'un milieu non anglophone qui cherche \u00e0 am\u00e9liorer ses comp\u00e9tences en communication en anglais afin d'exceller dans son dossier de candidature et dans les entretiens qui suivront.<\/p>\n\n\n\n<h4 class=\"wp-block-heading\">Application de l'exemple d'objectif TEBL-SMART<\/h4>\n\n\n\n<ul class=\"wp-block-list\">\n<li><strong>Sp\u00e9cifique<\/strong>: Obtenir un score de 7,5 \u00e0 l'IELTS pour r\u00e9pondre aux exigences de comp\u00e9tence linguistique des meilleurs programmes de MBA.<\/li>\n\n\n\n<li><strong>Mesurable<\/strong>: Suivez vos progr\u00e8s gr\u00e2ce \u00e0 des tests pratiques r\u00e9guliers et \u00e0 des sessions de feedback.<\/li>\n\n\n\n<li><strong>R\u00e9alisable<\/strong>: Participez \u00e0 un programme TEBL intensif de 6 mois con\u00e7u pour les aspirants au MBA.<\/li>\n\n\n\n<li><strong>Pertinent<\/strong>: directement align\u00e9s sur les crit\u00e8res d'admission des programmes de MBA mondiaux.<\/li>\n\n\n\n<li><strong>Limit\u00e9 dans le temps<\/strong>: Achever la pr\u00e9paration \u00e0 temps pour le prochain cycle d'admission.<\/li>\n<\/ul>\n\n\n\n<h3 class=\"wp-block-heading\"><a>R\u00e9sultats et r\u00e9flexion<\/a><\/h3>\n\n\n\n<p>Apr\u00e8s la pr\u00e9paration, l'\u00e9tudiant examine ses r\u00e9alisations par rapport aux objectifs fix\u00e9s en utilisant le processus d'examen structur\u00e9 de TEBL, en ajustant les strat\u00e9gies d'apprentissage si n\u00e9cessaire et en fixant d'autres objectifs pour une am\u00e9lioration continue tout au long de son parcours MBA.<\/p>\n\n\n\n<h2 class=\"wp-block-heading\"><a>D\u00e9passer les objectifs : Comp\u00e9tences essentielles pour la pr\u00e9paration au MBA<\/a><\/h2>\n\n\n\n<p>Outre les comp\u00e9tences linguistiques, TEBL encourage le d\u00e9veloppement de la pens\u00e9e critique, des comp\u00e9tences analytiques et du travail en r\u00e9seau, des qualit\u00e9s essentielles que les programmes de MBA valorisent.<\/p>\n\n\n\n<h3 class=\"wp-block-heading\"><a>Am\u00e9liorer les comp\u00e9tences critiques et analytiques gr\u00e2ce au TEBL<\/a><\/h3>\n\n\n\n<p>Participez aux activit\u00e9s de TEBL qui mettent \u00e0 l'\u00e9preuve votre compr\u00e9hension de concepts commerciaux complexes, favorisant une approche analytique plus approfondie qui vous sera utile dans les \u00e9tudes de cas du MBA et les discussions de recherche.<\/p>\n\n\n\n<h3 class=\"wp-block-heading\"><a>D\u00e9velopper des comp\u00e9tences de communication efficaces<\/a><\/h3>\n\n\n\n<p>Une communication efficace est essentielle pour r\u00e9ussir dans les programmes de MBA, o\u00f9 vous devrez souvent pr\u00e9senter des id\u00e9es, argumenter des points et n\u00e9gocier des r\u00e9sultats de mani\u00e8re efficace. Les ateliers TEBL se concentrent sur l'am\u00e9lioration de vos comp\u00e9tences en communication orale et \u00e9crite, afin que vous puissiez exprimer des id\u00e9es complexes de mani\u00e8re claire et convaincante en anglais.<\/p>\n\n\n\n<h3 class=\"wp-block-heading\"><a>Construire un r\u00e9seau mondial<\/a><\/h3>\n\n\n\n<p>Le r\u00e9seautage est un aspect essentiel de l'exp\u00e9rience du MBA. TEBL encourage le d\u00e9veloppement pr\u00e9coce de cette comp\u00e9tence en participant \u00e0 des conf\u00e9rences internationales, \u00e0 des forums en ligne et \u00e0 des projets de collaboration avec des pairs du monde entier. Cela vous permet non seulement d'am\u00e9liorer vos comp\u00e9tences linguistiques, mais aussi de mieux comprendre les diff\u00e9rentes cultures d'entreprise.<\/p>\n\n\n\n<h2 class=\"wp-block-heading\"><a>TEBL Strat\u00e9gies pour une r\u00e9ussite \u00e0 long terme dans les \u00e9coles de commerce<\/a><\/h2>\n\n\n\n<p>TEBL ne se contente pas de vous pr\u00e9parer aux aspects linguistiques d'un MBA ; il vous dote de strat\u00e9gies pour une r\u00e9ussite acad\u00e9mique et professionnelle \u00e0 long terme.<\/p>\n\n\n\n<h3 class=\"wp-block-heading\"><a>Am\u00e9lioration continue et apprentissage tout au long de la vie<\/a><\/h3>\n\n\n\n<p>Adoptez la philosophie d'am\u00e9lioration continue de TEBL en vous fixant des objectifs progressifs tout au long de votre parcours MBA. Il peut s'agir de passer d'une communication commerciale de base \u00e0 la ma\u00eetrise de comp\u00e9tences en mati\u00e8re de n\u00e9gociation et de communication de leadership.<\/p>\n\n\n\n<h3 class=\"wp-block-heading\"><a>S'adapter aux nouvelles tendances commerciales<\/a><\/h3>\n\n\n\n<p>Restez au courant des derni\u00e8res tendances commerciales et du vocabulaire gr\u00e2ce aux modules et ressources \u00e9ducatifs continus de TEBL. Cette approche proactive vous permet de rester comp\u00e9titif et pertinent dans un monde des affaires en constante \u00e9volution.<\/p>\n\n\n\n<h3 class=\"wp-block-heading\"><a>Utiliser le retour d'information pour progresser<\/a><\/h3>\n\n\n\n<p>Le retour d'information est la pierre angulaire de la m\u00e9thode TEBL. Des sessions r\u00e9guli\u00e8res de feedback avec les formateurs et les pairs vous aident \u00e0 identifier les domaines \u00e0 am\u00e9liorer, \u00e0 affiner vos strat\u00e9gies et \u00e0 renforcer efficacement vos comp\u00e9tences en mati\u00e8re de communication.<\/p>\n\n\n\n<h2 class=\"wp-block-heading\"><a>Conclusion : Le chemin de TEBL vers la pr\u00e9paration au MBA<\/a><\/h2>\n\n\n\n<p>Alors que vous concluez ce chapitre et que vous poursuivez votre pr\u00e9paration, n'oubliez pas que les comp\u00e9tences et les strat\u00e9gies de fixation d'objectifs que vous avez apprises ici ne sont qu'un d\u00e9but. L'approche globale de TEBL est con\u00e7ue non seulement pour vous pr\u00e9parer sur le plan linguistique, mais aussi pour vous doter des comp\u00e9tences en mati\u00e8re de r\u00e9flexion strat\u00e9gique et de communication n\u00e9cessaires \u00e0 la r\u00e9ussite du MBA et au-del\u00e0.<\/p>\n\n\n\n<h3 class=\"wp-block-heading\"><a>R\u00e9sum\u00e9 des points cl\u00e9s<\/a><\/h3>\n\n\n\n<ul class=\"wp-block-list\">\n<li><strong>Fixation d'objectifs avec TEBL<\/strong>: Nous avons abord\u00e9 la mani\u00e8re de fixer des objectifs efficaces et personnalis\u00e9s \u00e0 l'aide des cadres SMART et SPIRIT, afin d'am\u00e9liorer votre pr\u00e9paration au MBA.<\/li>\n\n\n\n<li><strong>Int\u00e9gration des strat\u00e9gies TEBL<\/strong>: Vous avez appris \u00e0 int\u00e9grer TEBL dans vos \u00e9tudes quotidiennes, en utilisant ses m\u00e9thodologies pour am\u00e9liorer votre ma\u00eetrise de l'anglais et vos comp\u00e9tences en mati\u00e8re de communication commerciale.<\/li>\n\n\n\n<li><strong>Aper\u00e7u des \u00e9tudes de cas<\/strong>: L'\u00e9tude de cas illustre comment l'application des objectifs TEBL-SMART contribue directement \u00e0 l'obtention de l'admission au MBA et garantit le succ\u00e8s continu de votre parcours acad\u00e9mique et professionnel.<\/li>\n<\/ul>\n\n\n\n<h3 class=\"wp-block-heading\"><a>Perspectives d'avenir<\/a><\/h3>\n\n\n\n<p>Au fur et \u00e0 mesure que vous avancerez dans ce livre, chaque chapitre s'appuiera sur ces fondations, explorant des comp\u00e9tences sp\u00e9cifiques en communication d'entreprise et des strat\u00e9gies avanc\u00e9es de TEBL. Le voyage que vous entreprenez avec TEBL transformera votre approche de l'apprentissage, vous pr\u00e9parant \u00e0 r\u00e9ussir votre programme de MBA et votre future carri\u00e8re dans l'ar\u00e8ne commerciale mondiale. Relevez les d\u00e9fis qui vous attendent avec la certitude que TEBL vous a donn\u00e9 les outils pour exceller.<\/p>\n\n\n\n<h2 class=\"wp-block-heading\">&nbsp;<\/h2>\n\n\n\n<h2 class=\"wp-block-heading\"><a>Glossaire des termes relatifs \u00e0 la fixation d'objectifs dans le monde des affaires<\/a><\/h2>\n\n\n\n<figure class=\"wp-block-table\"><table><thead><tr><td><strong>Dur\u00e9e<\/strong><\/td><td><strong>Description<\/strong><\/td><\/tr><\/thead><tbody><tr><td><strong>Plan d'action<\/strong><\/td><td>Un plan d\u00e9taill\u00e9 qui d\u00e9crit les \u00e9tapes n\u00e9cessaires pour atteindre un objectif sp\u00e9cifique.<\/td><\/tr><tr><td><strong>Analyse comparative<\/strong><\/td><td>Le processus de comparaison des processus commerciaux et des mesures de performance d'une entreprise avec les meilleures pratiques de l'industrie.<\/td><\/tr><tr><td><strong>Engagement<\/strong><\/td><td>L'\u00e9tat ou la qualit\u00e9 d'\u00eatre d\u00e9vou\u00e9 \u00e0 une cause, une activit\u00e9, etc., cruciale pour atteindre des objectifs.<\/td><\/tr><tr><td><strong>Am\u00e9lioration continue<\/strong><\/td><td>Un effort continu pour am\u00e9liorer les produits, les services ou les processus, qui font souvent partie des objectifs de l'entreprise.<\/td><\/tr><tr><td><strong>Efficacit\u00e9<\/strong><\/td><td>La capacit\u00e9 \u00e0 accomplir un travail avec un minimum de temps et d'efforts.<\/td><\/tr><tr><td><strong>Retour d'information<\/strong><\/td><td>Informations sur les r\u00e9actions \u00e0 un produit, sur l'ex\u00e9cution d'une t\u00e2che par une personne, etc., utilis\u00e9es comme base d'am\u00e9lioration.<\/td><\/tr><tr><td><strong>Objectif<\/strong><\/td><td>Un objectif sp\u00e9cifique et planifi\u00e9 qu'une personne ou un syst\u00e8me vise \u00e0 atteindre dans un d\u00e9lai sp\u00e9cifique.<\/td><\/tr><tr><td><strong>Engagement sur les objectifs<\/strong><\/td><td>La d\u00e9termination \u00e0 atteindre un objectif, souvent renforc\u00e9e par l'importance des r\u00e9sultats attendus de la r\u00e9alisation de l'objectif.<\/td><\/tr><tr><td><strong>Orientation des objectifs<\/strong><\/td><td>La disposition ou la tendance d'un individu \u00e0 pr\u00e9f\u00e9rer ou \u00e0 adopter certains types d'objectifs, tels que les objectifs de performance ou d'apprentissage.<\/td><\/tr><tr><td><strong>Fixation des objectifs<\/strong><\/td><td>Le processus d'identification d'objectifs sp\u00e9cifiques, mesurables et cibl\u00e9s dans le temps.<\/td><\/tr><tr><td><strong>Intervention<\/strong><\/td><td>Actions entreprises pour am\u00e9liorer un processus ou une performance en vue d'atteindre un objectif, souvent utilis\u00e9es dans des contextes \u00e9ducatifs et organisationnels.<\/td><\/tr><tr><td><strong>Indicateur cl\u00e9 de performance (ICP)<\/strong><\/td><td>Une valeur mesurable qui d\u00e9montre l'efficacit\u00e9 avec laquelle une entreprise atteint ses objectifs cl\u00e9s.<\/td><\/tr><tr><td><strong>Objectifs d'apprentissage<\/strong><\/td><td>Objectifs ax\u00e9s sur l'acquisition de connaissances ou de comp\u00e9tences plut\u00f4t que sur des r\u00e9sultats imm\u00e9diats.<\/td><\/tr><tr><td><strong>Jalon<\/strong><\/td><td>Un point important dans le d\u00e9veloppement d'un projet, repr\u00e9sentant une r\u00e9alisation claire et un progr\u00e8s vers un objectif.<\/td><\/tr><tr><td><strong>Motivation<\/strong><\/td><td>Le d\u00e9sir g\u00e9n\u00e9ral ou la volont\u00e9 d'une personne de faire quelque chose, ce qui est crucial pour atteindre les objectifs.<\/td><\/tr><tr><td><strong>Objectif<\/strong><\/td><td>R\u00e9sultat sp\u00e9cifique qu'une personne ou un syst\u00e8me vise \u00e0 atteindre dans un d\u00e9lai donn\u00e9, avec des \u00e9tapes claires et mesurables.<\/td><\/tr><tr><td><strong>Objectifs de performance<\/strong><\/td><td>Objectifs visant \u00e0 satisfaire des crit\u00e8res de performance sp\u00e9cifiques au niveau d'une organisation ou d'un individu.<\/td><\/tr><tr><td><strong>Persistance<\/strong><\/td><td>L'effort soutenu n\u00e9cessaire pour atteindre un objectif, en particulier face \u00e0 des obstacles.<\/td><\/tr><tr><td><strong>Planification<\/strong><\/td><td>Le processus d'\u00e9laboration de plans pour quelque chose, y compris la fixation d'objectifs et la d\u00e9termination des actions n\u00e9cessaires pour les atteindre.<\/td><\/tr><tr><td><strong>Auto-efficacit\u00e9<\/strong><\/td><td>La croyance d'une personne en sa capacit\u00e9 \u00e0 r\u00e9ussir dans des situations sp\u00e9cifiques ou \u00e0 accomplir une t\u00e2che, cruciale pour la r\u00e9alisation d'un objectif.<\/td><\/tr><tr><td><strong>Crit\u00e8res SMART<\/strong><\/td><td>Un cadre permettant de fixer des objectifs sp\u00e9cifiques, mesurables, r\u00e9alisables, pertinents et limit\u00e9s dans le temps.<\/td><\/tr><tr><td><strong>Planification strat\u00e9gique<\/strong><\/td><td>Processus syst\u00e9matique de pr\u00e9paration active d'un r\u00e9sultat futur souhait\u00e9 et de traduction de cet objectif g\u00e9n\u00e9ral en un plan.<\/td><\/tr><tr><td><strong>Objectifs interm\u00e9diaires<\/strong><\/td><td>Objectifs extr\u00eamement difficiles ou ambitieux qui poussent un individu ou une organisation au-del\u00e0 de ses capacit\u00e9s actuelles.<\/td><\/tr><tr><td><strong>Sous-objectifs<\/strong><\/td><td>Les objectifs interm\u00e9diaires sont fix\u00e9s pour aider \u00e0 atteindre des objectifs plus importants \u00e0 long terme.<\/td><\/tr><tr><td><strong>Objectifs sup\u00e9rieurs<\/strong><\/td><td>Objectifs plus \u00e9lev\u00e9s dans la hi\u00e9rarchie, plus abstraits et qui ne sont pas n\u00e9cessairement directement r\u00e9alisables.<\/td><\/tr><\/tbody><\/table><\/figure>\n\n\n\n<h2 class=\"wp-block-heading\">&nbsp;<\/h2>\n\n\n\n<h2 class=\"wp-block-heading\"><a>Ressources utiles :  Les mots de la fixation d'objectifs dans l'entreprise<\/a><\/h2>\n\n\n\n<p><a href=\"https:\/\/en.wikipedia.org\/wiki\/Goal_setting\">https:\/\/en.wikipedia.org\/wiki\/Goal_setting<\/a><\/p>","protected":false},"excerpt":{"rendered":"<p>Chapter 1: Mastering the Art of Business Goals Through TEBL Introduction to TEBL for MBA Aspirants Welcome to your preparatory journey through the Teaching English as a Business Language (TEBL) method, designed to equip you with the business English proficiency necessary for success in an MBA program. This chapter lays the foundational skills of effective [&hellip;]<\/p>","protected":false},"author":1,"featured_media":85,"parent":0,"menu_order":0,"comment_status":"closed","ping_status":"closed","template":"","meta":{"footnotes":""},"class_list":["post-39","page","type-page","status-publish","has-post-thumbnail","hentry"],"_links":{"self":[{"href":"https:\/\/tebl.education\/fr\/wp-json\/wp\/v2\/pages\/39","targetHints":{"allow":["GET"]}}],"collection":[{"href":"https:\/\/tebl.education\/fr\/wp-json\/wp\/v2\/pages"}],"about":[{"href":"https:\/\/tebl.education\/fr\/wp-json\/wp\/v2\/types\/page"}],"author":[{"embeddable":true,"href":"https:\/\/tebl.education\/fr\/wp-json\/wp\/v2\/users\/1"}],"replies":[{"embeddable":true,"href":"https:\/\/tebl.education\/fr\/wp-json\/wp\/v2\/comments?post=39"}],"version-history":[{"count":1,"href":"https:\/\/tebl.education\/fr\/wp-json\/wp\/v2\/pages\/39\/revisions"}],"predecessor-version":[{"id":40,"href":"https:\/\/tebl.education\/fr\/wp-json\/wp\/v2\/pages\/39\/revisions\/40"}],"wp:featuredmedia":[{"embeddable":true,"href":"https:\/\/tebl.education\/fr\/wp-json\/wp\/v2\/media\/85"}],"wp:attachment":[{"href":"https:\/\/tebl.education\/fr\/wp-json\/wp\/v2\/media?parent=39"}],"curies":[{"name":"wp","href":"https:\/\/api.w.org\/{rel}","templated":true}]}}