{"id":96,"date":"2024-06-25T11:41:13","date_gmt":"2024-06-25T15:41:13","guid":{"rendered":"https:\/\/tebl.education\/?page_id=96"},"modified":"2024-06-25T11:41:15","modified_gmt":"2024-06-25T15:41:15","slug":"tebl-author","status":"publish","type":"page","link":"https:\/\/tebl.education\/fr\/tebl-author\/","title":{"rendered":"TEBL Author"},"content":{"rendered":"<p><\/p>\n\n\n\n<p>Teaching English as a Business Language (TEBL) a \u00e9t\u00e9 cr\u00e9\u00e9 en 2017 par le professeur Thomas Hormaza Dow, chercheur et \u00e9ducateur canadien en agilit\u00e9 commerciale bas\u00e9 \u00e0 Montr\u00e9al. Reconnaissant le besoin d'un enseignement sp\u00e9cialis\u00e9 de l'anglais adapt\u00e9 au monde des affaires, le professeur Hormaza Dow s'est appuy\u00e9 sur ses exp\u00e9riences acad\u00e9miques et en entreprise pour d\u00e9velopper TEBL. Il a enseign\u00e9 au Champlain College, \u00e0 l'Universit\u00e9 York et \u00e0 l'Universit\u00e9 Concordia, et est intervenu dans des institutions telles que McGill et l'Universit\u00e9 de Toronto.<\/p>\n\n\n\n<p>Le professeur Hormaza Dow a veill\u00e9 \u00e0 ce que TEBL soit ancr\u00e9 dans l'agilit\u00e9 \u00e9ducative, il a appliqu\u00e9 des pratiques d'enseignement et d'apprentissage agiles dans la cr\u00e9ation et l'\u00e9volution de cette approche \u00e9ducative de l'anglais des affaires.<\/p>\n\n\n\n<p>Son implication dans la communaut\u00e9 Agile, notamment en tant que co-cr\u00e9ateur et signataire de plusieurs manifestes Agile, a influenc\u00e9 l'approche dynamique et flexible de TEBL, con\u00e7ue pour s'adapter aux changements rapides des entreprises. Gr\u00e2ce \u00e0 son exp\u00e9rience en marketing et en gestion de projets technologiques au sein de grandes entreprises et \u00e0 ses \u00e9tudes sup\u00e9rieures en affaires et en technologie \u00e9ducative \u00e0 l'Universit\u00e9 Concordia, le professeur Hormaza Dow a con\u00e7u le programme d'\u00e9tudes de TEBL de mani\u00e8re \u00e0 combiner l'anglais \u00e0 des fins acad\u00e9miques (EAP) et l'anglais \u00e0 des fins professionnelles (EOP). Depuis son lancement, TEBL a gagn\u00e9 du terrain dans les organisations et dans les cours particuliers pour les cadres, \u00e9voluant continuellement pour r\u00e9pondre aux besoins modernes des entreprises dans le monde r\u00e9el.<\/p>","protected":false},"excerpt":{"rendered":"<p>Teaching English as a Business Language (TEBL) was created in 2017 by Professor Thomas Hormaza Dow, a Canadian Business Agility Researcher and Educator based in Montreal. Recognizing a need for specialized English instruction tailored for the Business World, Professor Hormaza Dow drew on his Academic and Corporate experiences to develop TEBL. He has taught at [&hellip;]<\/p>","protected":false},"author":1,"featured_media":0,"parent":0,"menu_order":0,"comment_status":"closed","ping_status":"closed","template":"","meta":{"footnotes":""},"class_list":["post-96","page","type-page","status-publish","hentry"],"_links":{"self":[{"href":"https:\/\/tebl.education\/fr\/wp-json\/wp\/v2\/pages\/96","targetHints":{"allow":["GET"]}}],"collection":[{"href":"https:\/\/tebl.education\/fr\/wp-json\/wp\/v2\/pages"}],"about":[{"href":"https:\/\/tebl.education\/fr\/wp-json\/wp\/v2\/types\/page"}],"author":[{"embeddable":true,"href":"https:\/\/tebl.education\/fr\/wp-json\/wp\/v2\/users\/1"}],"replies":[{"embeddable":true,"href":"https:\/\/tebl.education\/fr\/wp-json\/wp\/v2\/comments?post=96"}],"version-history":[{"count":1,"href":"https:\/\/tebl.education\/fr\/wp-json\/wp\/v2\/pages\/96\/revisions"}],"predecessor-version":[{"id":97,"href":"https:\/\/tebl.education\/fr\/wp-json\/wp\/v2\/pages\/96\/revisions\/97"}],"wp:attachment":[{"href":"https:\/\/tebl.education\/fr\/wp-json\/wp\/v2\/media?parent=96"}],"curies":[{"name":"wp","href":"https:\/\/api.w.org\/{rel}","templated":true}]}}