{"id":96,"date":"2024-06-25T11:41:13","date_gmt":"2024-06-25T15:41:13","guid":{"rendered":"https:\/\/tebl.education\/?page_id=96"},"modified":"2024-06-25T11:41:15","modified_gmt":"2024-06-25T15:41:15","slug":"tebl-author","status":"publish","type":"page","link":"https:\/\/tebl.education\/hu\/tebl-author\/","title":{"rendered":"TEBL Szerz\u0151"},"content":{"rendered":"<p><\/p>\n\n\n\n<p>A Teaching English as a Business Language (TEBL) programot 2017-ben hozta l\u00e9tre Thomas Hormaza Dow professzor, kanadai \u00fczleti agilit\u00e1skutat\u00f3 \u00e9s oktat\u00f3 Montrealban. Felismerve a speci\u00e1lis, az \u00fczleti vil\u00e1gra szabott angol nyelvoktat\u00e1s ir\u00e1nti ig\u00e9nyt, Hormaza Dow professzor a TEBL kifejleszt\u00e9s\u00e9hez akad\u00e9miai \u00e9s v\u00e1llalati tapasztalataira t\u00e1maszkodott. Tan\u00edtott a Champlain College-ban, a York Egyetemen \u00e9s a Concordia Egyetemen, \u00e9s olyan int\u00e9zm\u00e9nyekben tartott el\u0151ad\u00e1sokat, mint a McGill \u00e9s a Toront\u00f3i Egyetem.<\/p>\n\n\n\n<p>Hormaza Dow professzor gondoskodott arr\u00f3l, hogy a TEBL az oktat\u00e1si agilit\u00e1sban gy\u00f6kerezz\u00e9k, \u00e9s alkalmazta az agilis tan\u00edt\u00e1si \u00e9s tanul\u00e1si gyakorlatokat az \u00fczleti angol oktat\u00e1si megk\u00f6zel\u00edt\u00e9s l\u00e9trehoz\u00e1s\u00e1ban \u00e9s fejleszt\u00e9s\u00e9ben.<\/p>\n\n\n\n<p>Az agilis k\u00f6z\u00f6ss\u00e9gben val\u00f3 r\u00e9szv\u00e9tele, t\u00f6bbek k\u00f6z\u00f6tt k\u00fcl\u00f6nb\u00f6z\u0151 agilis ki\u00e1ltv\u00e1nyok t\u00e1rsalkot\u00f3jak\u00e9nt \u00e9s al\u00e1\u00edr\u00f3jak\u00e9nt befoly\u00e1solta a TEBL dinamikus \u00e9s rugalmas megk\u00f6zel\u00edt\u00e9s\u00e9t, amelyet a gyors \u00fczleti v\u00e1ltoz\u00e1sokhoz val\u00f3 alkalmazkod\u00e1sra terveztek. A nagyv\u00e1llalatokn\u00e1l marketing \u00e9s technol\u00f3giai projektmenedzsment ter\u00fcleten szerzett tapasztalataival, valamint a Concordia Egyetemen v\u00e9gzett \u00fczleti \u00e9s oktat\u00e1si technol\u00f3giai doktori kutat\u00e1s\u00e1val Hormaza Dow professzor a TEBL tanterv\u00e9t \u00fagy alak\u00edtotta ki, hogy az egyes\u00edti az angol nyelvet akad\u00e9miai c\u00e9lokra (EAP) \u00e9s az angol nyelvet szakmai c\u00e9lokra (EOP). Ind\u00edt\u00e1sa \u00f3ta a TEBL egyre nagyobb teret h\u00f3d\u00edt a szervezetekben \u00e9s a vezet\u0151k mag\u00e1ntan\u00edt\u00e1s\u00e1ban, folyamatosan fejl\u0151dik, hogy megfeleljen a modern \u00fczleti ig\u00e9nyeknek a val\u00f3 vil\u00e1g sz\u00e1m\u00e1ra.<\/p>","protected":false},"excerpt":{"rendered":"<p>Teaching English as a Business Language (TEBL) was created in 2017 by Professor Thomas Hormaza Dow, a Canadian Business Agility Researcher and Educator based in Montreal. Recognizing a need for specialized English instruction tailored for the Business World, Professor Hormaza Dow drew on his Academic and Corporate experiences to develop TEBL. He has taught at [&hellip;]<\/p>","protected":false},"author":1,"featured_media":0,"parent":0,"menu_order":0,"comment_status":"closed","ping_status":"closed","template":"","meta":{"footnotes":""},"class_list":["post-96","page","type-page","status-publish","hentry"],"_links":{"self":[{"href":"https:\/\/tebl.education\/hu\/wp-json\/wp\/v2\/pages\/96","targetHints":{"allow":["GET"]}}],"collection":[{"href":"https:\/\/tebl.education\/hu\/wp-json\/wp\/v2\/pages"}],"about":[{"href":"https:\/\/tebl.education\/hu\/wp-json\/wp\/v2\/types\/page"}],"author":[{"embeddable":true,"href":"https:\/\/tebl.education\/hu\/wp-json\/wp\/v2\/users\/1"}],"replies":[{"embeddable":true,"href":"https:\/\/tebl.education\/hu\/wp-json\/wp\/v2\/comments?post=96"}],"version-history":[{"count":1,"href":"https:\/\/tebl.education\/hu\/wp-json\/wp\/v2\/pages\/96\/revisions"}],"predecessor-version":[{"id":97,"href":"https:\/\/tebl.education\/hu\/wp-json\/wp\/v2\/pages\/96\/revisions\/97"}],"wp:attachment":[{"href":"https:\/\/tebl.education\/hu\/wp-json\/wp\/v2\/media?parent=96"}],"curies":[{"name":"wp","href":"https:\/\/api.w.org\/{rel}","templated":true}]}}