{"id":21,"date":"2024-06-23T14:24:21","date_gmt":"2024-06-23T18:24:21","guid":{"rendered":"https:\/\/tebl.education\/?page_id=21"},"modified":"2024-07-24T11:09:26","modified_gmt":"2024-07-24T15:09:26","slug":"about-tebl","status":"publish","type":"page","link":"https:\/\/tebl.education\/lt\/","title":{"rendered":"Apie TEBL"},"content":{"rendered":"<p><\/p>\n\n\n\n<h2 class=\"wp-block-heading\">TEBL - verslo angl\u0173 kalbos mokymo metodas, padedantis verslininkams mokytis angl\u0173 kalbos<\/h2>\n\n\n\n<p><\/p>\n\n\n\n<p>\u0160iuolaikin\u0117je pasaulin\u0117je verslo aplinkoje angl\u0173 kalba tapo prekybos lingua franca, tod\u0117l norint s\u0117kmingai mokytis ir tobul\u0117ti profesin\u0117je veikloje b\u016btina mok\u0117ti verslo angl\u0173 kalb\u0105. Angl\u0173 kalbos kaip verslo kalbos mokymas (TEBL) buvo sukurtas siekiant patenkinti \u0161\u012f poreik\u012f, integruojant angl\u0173 kalbos akademiniams tikslams (EAP) ir angl\u0173 kalbos profesiniams tikslams (EOP) elementus. \u0160is novatori\u0161kas metodas u\u017etikrina, kad besimokantieji \u012fgyt\u0173 reikiam\u0173 kalbos \u012fg\u016bd\u017ei\u0173 tiek akademiniam, tiek praktiniam naudojimui verslo kontekste.<\/p>\n\n\n\n<p>TEBL si\u016blo i\u0161sami\u0105 mokymo program\u0105, kurioje pabr\u0117\u017eiama kokyb\u0117, profesionalumas ir pagarba, o kvalifikuoti ir patyr\u0119 pedagogai teikia \u012fdomi\u0105 ir \u0161iuolaiki\u0161k\u0105 mokymo patirt\u012f. Programoje daugiausia d\u0117mesio skiriama verslui b\u016bdingam \u017eodynui, efektyviam ra\u0161ymui ir pristatymo \u012fg\u016bd\u017eiams, taip stiprinant bendravimo kompetencijas. Be to, TEBL padeda \u012fveikti kalbos barjerus, padidinti student\u0173 pasitik\u0117jim\u0105 savimi ir pagerinti akademinius rezultatus, nes padeda geriau suprasti ir \u012fsitraukti \u012f kurso med\u017eiag\u0105. <\/p>\n\n\n\n<p>Rengdama studentus profesiniam pasirengimui, TEBL suteikia konkurencin\u012f prana\u0161um\u0105 u\u017etikrinant sta\u017euotes, darbo vietas ir bendravimo galimybes. Ji skatina holistin\u012f mokym\u0105si, \u012ftraukiant tarpdisciplinines verslo koncepcijas ir puosel\u0117jant pasaulin\u0119 perspektyv\u0105. Judrus TEBL mokymosi metodas u\u017etikrina geb\u0117jim\u0105 prisitaikyti ir nuolat tobulinti kalb\u0173 \u012fg\u016bd\u017eius, tod\u0117l studentai neatsilieka nuo besikei\u010dian\u010dios verslo praktikos. Galiausiai, TEBL suteikia krypting\u0105 mokymosi patirt\u012f ir praktin\u012f pritaikym\u0105, tod\u0117l yra nepakei\u010diamas \u0161iuolaikinio verslo mokymo komponentas.<\/p>\n\n\n\n<p>TEBL - tai mokymo metodika, kuri\u0105 geriausia derinti su profesin\u0117mis verslo studijomis (minimalus <em>BCom<\/em> laipsnis) ir (arba) lygiavert\u0117 2-3 met\u0173 darbo patirtis, taip pat vienas ar daugiau angl\u0173 kalbos mokytojo pa\u017eym\u0117jim\u0173, pvz:<\/p>\n\n\n\n<p><\/p>\n\n\n\n<h3 class=\"wp-block-heading\">1. TESOL (angl\u0173 kalbos mokymas kitakalbiams)<\/h3>\n\n\n\n<p><strong>Apibr\u0117\u017eimas:<\/strong> TESOL yra bendras terminas, apimantis tiek angl\u0173 kalbos kaip antrosios kalbos mokym\u0105 (ESL), tiek angl\u0173 kalbos kaip u\u017esienio kalbos mokym\u0105 (EFL). Jis da\u017enai vartojamas pakaitomis su TESL ir TEFL, ta\u010diau techni\u0161kai apima abu \u0161iuos terminus.<\/p>\n\n\n\n<p><strong>Apra\u0161ymas:<\/strong> TESOL sertifikatas skirtas mokytojams, norintiems mokyti angl\u0173 kalbos kitakalbius angliakalbius angli\u0161kai kalban\u010diose \u0161alyse (ESL) arba u\u017esienyje (EFL). TESOL programose paprastai mokoma kalbos mokymosi, mokymo metodikos, pamok\u0173 planavimo ir vadovavimo klasei.<\/p>\n\n\n\n<h3 class=\"wp-block-heading\">2. TESL (angl\u0173 kalbos kaip antrosios kalbos mokymas)<\/h3>\n\n\n\n<p><strong>Apibr\u0117\u017eimas:<\/strong> TESL daugiausia d\u0117mesio skiriama angl\u0173 kalbos mokymui kitakalbiams, gyvenantiems angli\u0161kai kalban\u010dioje \u0161alyje.<\/p>\n\n\n\n<p><strong>Apra\u0161ymas:<\/strong> TESL sertifikatas puikiai tinka mokytojams, kurie ketina dirbti su imigrantais ar u\u017esienio mokiniais \u0161alyse, kuriose vyraujanti kalba yra angl\u0173. Programoje paprastai aptariama kult\u016brin\u0117 adaptacija, pa\u017eangi gramatika ir angl\u0173 kalbos mokymo daugiakalb\u0117se klas\u0117se metodai.<\/p>\n\n\n\n<h3 class=\"wp-block-heading\">3. TEFL (angl\u0173 kalbos kaip u\u017esienio kalbos mokymas)<\/h3>\n\n\n\n<p><strong>Apibr\u0117\u017eimas:<\/strong> TEFL - tai angl\u0173 kalbos mokymas asmenims, kuriems angl\u0173 kalba n\u0117ra gimtoji, tose \u0161alyse, kuriose angl\u0173 kalba n\u0117ra pagrindin\u0117.<\/p>\n\n\n\n<p><strong>Apra\u0161ymas:<\/strong> TEFL sertifikatas skirtas tiems, kurie nori mokyti angl\u0173 kalbos u\u017esienyje. Mokymuose da\u017enai mokoma, kaip pritaikyti mokymo metodus skirtingoms kult\u016broms, rengiamos mokymo programos ir \u012fgyjama praktin\u0117s mokymo patirties.<\/p>\n\n\n\n<h3 class=\"wp-block-heading\">4. TEYA (angl\u0173 kalbos mokymas jauniems suaugusiems)<\/h3>\n\n\n\n<p><strong>Apibr\u0117\u017eimas:<\/strong> TEYA specializuojasi mokydama angl\u0173 kalbos jaunus suaugusiuosius, paprastai nuo koled\u017eo am\u017eiaus.<\/p>\n\n\n\n<p><strong>Apra\u0161ymas:<\/strong> TEYA sertifikate daugiausia d\u0117mesio skiriama jaun\u0173 suaugusi\u0173j\u0173 psichologijai, am\u017ei\u0173 atitinkantiems mokymo metodams ir jaun\u0173 suaugusi\u0173j\u0173 \u012ftraukimo veiklai.<\/p>\n\n\n\n<h3 class=\"wp-block-heading\">5. CELTA (angl\u0173 kalbos mokymo suaugusiesiems sertifikatas)<\/h3>\n\n\n\n<p><strong>Apibr\u0117\u017eimas:<\/strong> CELTA - tai tarptautiniu mastu pripa\u017eintas angl\u0173 kalbos mokymo suaugusiesiems sertifikatas.<\/p>\n\n\n\n<p><strong>Apra\u0161ymas:<\/strong> Kembrid\u017eo \"Cambridge Assessment English\" administruojama CELTA yra labai vertinama ir pla\u010diai pripa\u017einta. Kursuose grie\u017etai derinama teorija ir praktin\u0117 mokymo patirtis, daugiausia d\u0117mesio skiriama suaugusi\u0173j\u0173 mokymosi principams, kalbos \u012fg\u016bd\u017ei\u0173 ugdymui ir veiksmingoms mokymo strategijoms.<\/p>\n\n\n\n<h3 class=\"wp-block-heading\">6. DELTA (angl\u0173 kalbos mokymo suaugusiems diplomas)<\/h3>\n\n\n\n<p><strong>Apibr\u0117\u017eimas:<\/strong> DELTA - tai auk\u0161tesn\u0117 kvalifikacija patyrusiems angl\u0173 kalbos mokytojams.<\/p>\n\n\n\n<p><strong>Apra\u0161ymas:<\/strong> DELTA - tai auk\u0161tesnio lygio kvalifikacija, kuri\u0105 taip pat administruoja \"Cambridge Assessment English\" ir kuri suteikia galimyb\u0119 tobulinti CELTA arba lygiavert\u0117s patirties \u012fg\u016bd\u017eius. J\u0105 sudaro teorijos ir praktikos, profesinio tobul\u0117jimo ir specializacijos moduliai, pavyzd\u017eiui, verslo angl\u0173 kalbos arba akademin\u0117s angl\u0173 kalbos.<\/p>\n\n\n\n<h3 class=\"wp-block-heading\">7. TEFLi (TEFL International)<\/h3>\n\n\n\n<p><strong>Apibr\u0117\u017eimas:<\/strong> TEFLi sertifikatus si\u016blo \u012fvairios organizacijos ir institucijos visame pasaulyje, teikian\u010dios standartizuotus angl\u0173 kalbos mokymo u\u017esienyje mokymus.<\/p>\n\n\n\n<p><strong>Apra\u0161ymas:<\/strong> TEFLi programose paprastai si\u016blomi \u012fvair\u016bs internetiniai ir asmeniniai mokymai, \u012fskaitant vadovavim\u0105 klasei, pamok\u0173 planavim\u0105 ir mokymo praktik\u0105. TEFLi sertifikat\u0173 kokyb\u0117 ir pripa\u017einimas gali skirtis, tod\u0117l svarbu pasirinkti patikim\u0105 teik\u0117j\u0105.<\/p>\n\n\n\n<h3 class=\"wp-block-heading\">8. TEFLA (angl\u0173 kalbos kaip u\u017esienio kalbos mokymas suaugusiesiems)<\/h3>\n\n\n\n<p><strong>Apibr\u0117\u017eimas:<\/strong> TEFLA - tai dar vienas terminas, kuriuo vadinami sertifikatai, skirti mokyti angl\u0173 kalbos suaugusius besimokan\u010diuosius, ir kuris da\u017enai kei\u010diamas su terminu TEFL.<\/p>\n\n\n\n<p><strong>Apra\u0161ymas:<\/strong> TEFLA programose akcentuojami suaugusi\u0173j\u0173 \u0161vietimo principai, mokymo program\u0173 k\u016brimas suaugusiems besimokantiesiems ir metodai, kaip \u012ftraukti suaugusius studentus \u012f mokymosi proces\u0105.<\/p>\n\n\n\n<h3 class=\"wp-block-heading\">9. EFL (angl\u0173 kalba kaip u\u017esienio kalba)<\/h3>\n\n\n\n<p><strong>Apibr\u0117\u017eimas:<\/strong> EFL - tai angl\u0173 kalbos mokymas asmenims, kuriems angl\u0173 kalba n\u0117ra gimtoji, tose \u0161alyse, kuriose angl\u0173 kalba n\u0117ra pagrindin\u0117.<\/p>\n\n\n\n<p><strong>Apra\u0161ymas:<\/strong> EFL sertifikatai, kaip ir TEFL, rengia mokytojus dirbti \u012fvairiose kult\u016brin\u0117se aplinkose, daugiausia d\u0117mesio skiriant kalbos \u012fg\u016bd\u017eiams, mokymo metodikoms ir kult\u016briniam jautrumui.<\/p>\n\n\n\n<h3 class=\"wp-block-heading\">10. ESL (angl\u0173 kalba kaip antroji kalba)<\/h3>\n\n\n\n<p><strong>Apibr\u0117\u017eimas:<\/strong> ESL daugiausia d\u0117mesio skiriama angl\u0173 kalbos mokymui kitakalbiams angli\u0161kai kalban\u010diose \u0161alyse.<\/p>\n\n\n\n<p><strong>Apra\u0161ymas:<\/strong> Pana\u0161iai kaip ir TESL, ESL sertifikatai suteikia mokytojams \u012fg\u016bd\u017ei\u0173, padedan\u010di\u0173 mokiniams integruotis \u012f angli\u0161kai kalban\u010di\u0105 aplink\u0105, pabr\u0117\u017eiant kalbos \u012fsisavinim\u0105, kult\u016brin\u0119 adaptacij\u0105 ir praktin\u012f kalbos vartojim\u0105. <\/p>\n\n\n\n<p><\/p>\n\n\n\n<p><\/p>\n\n\n\n<figure class=\"wp-block-embed is-type-video is-provider-youtube wp-block-embed-youtube wp-embed-aspect-16-9 wp-has-aspect-ratio\"><div class=\"wp-block-embed__wrapper\">\n<iframe loading=\"lazy\" title=\"TEBL Verslo kalbos mokymas angl\u0173 kalba \u012evadas - Agile Education evoliucija\" width=\"580\" height=\"326\" src=\"https:\/\/www.youtube.com\/embed\/lzNj70cY47c?feature=oembed\" frameborder=\"0\" allow=\"accelerometer; autoplay; clipboard-write; encrypted-media; gyroscope; picture-in-picture; web-share\" referrerpolicy=\"strict-origin-when-cross-origin\" allowfullscreen><\/iframe>\n<\/div><figcaption class=\"wp-element-caption\">TEBL \u012fvadinis vaizdo \u012fra\u0161as<\/figcaption><\/figure>\n\n\n\n<p><\/p>\n\n\n\n<h3 class=\"wp-block-heading\"><a>Raktiniai \u017eod\u017eiai<\/a><\/h3>\n\n\n\n<ul class=\"wp-block-list\">\n<li>Angl\u0173 kalbos kaip verslo kalbos mokymas (TEBL)<\/li>\n\n\n\n<li>Angl\u0173 kalba specifiniams tikslams (ESP)<\/li>\n\n\n\n<li>Angl\u0173 kalba akademiniais tikslais (EAP)<\/li>\n\n\n\n<li>Angl\u0173 kalba profesiniams tikslams (EOP)<\/li>\n\n\n\n<li>Verslo angl\u0173 kalba<\/li>\n\n\n\n<li>Akademin\u0117 s\u0117km\u0117<\/li>\n\n\n\n<li>Profesinis pasirengimas<\/li>\n\n\n\n<li>Pasaulinis verslas<\/li>\n<\/ul>\n\n\n\n<h3 class=\"wp-block-heading\"><a>Misija<\/a><\/h3>\n\n\n\n<ul class=\"wp-block-list\">\n<li><strong>Angl\u0173 kalbos kaip verslo kalbos mokymas<\/strong><\/li>\n<\/ul>\n\n\n\n<h3 class=\"wp-block-heading\"><a>Vizija<\/a><\/h3>\n\n\n\n<ul class=\"wp-block-list\">\n<li><strong>Verslo s\u0117km\u0117s skatinimas per tikslin\u012f angl\u0173 kalbos mok\u0117jim\u0105<\/strong><\/li>\n<\/ul>\n\n\n\n<h3 class=\"wp-block-heading\"><a>Vertyb\u0117s<\/a><\/h3>\n\n\n\n<ul class=\"wp-block-list\">\n<li><strong>Kokyb\u0117<\/strong>: \u012etraukianti, aktuali ir veiksminga mokymo programa, pagr\u012fsta \u012frodytais \u0161vietimo pagrindais ir skirta mokymosi \u012fgalinimui.<\/li>\n\n\n\n<li><strong>Profesionalumas<\/strong>: Daugiausia d\u0117mesio skiriama angl\u0173 kalbai, kuri\u0105 d\u0117sto kvalifikuoti (ESL, TESL, TESOL, TEFL, IATEFL nariai) ir patyr\u0119 verslo ir angl\u0173 kalbos mokytojai.<\/li>\n\n\n\n<li><strong>Aktualumas<\/strong>: Gerbdami mokin\u012f ir sutelkdami d\u0117mes\u012f \u012f taikom\u0105j\u0105 verslo angl\u0173 kalb\u0105, mokiniai gali greitai panaudoti \u017einias ir \u012fg\u016bd\u017eius, kuri\u0173 jiems reikia realiame verslo pasaulyje.<\/li>\n<\/ul>\n\n\n\n<p><\/p>\n\n\n\n<p>\u0160iuolaikin\u0117je pasaulin\u0117je verslo aplinkoje angl\u0173 kalba tapo prekybos lingua franca, tod\u0117l norint s\u0117kmingai mokytis ir tobul\u0117ti profesin\u0117je srityje, reikia mok\u0117ti verslo angl\u0173 kalb\u0105. Angl\u0173 kalbos kaip verslo kalbos mokymas (TEBL) yra specializuotas metodas platesn\u0117je angl\u0173 kalbos specifin\u0117ms reikm\u0117ms (ESP) sistemoje. Integruodama tiek angl\u0173 kalbos akademiniams tikslams (EAP), tiek angl\u0173 kalbos profesiniams tikslams (EOP) elementus, TEBL si\u016blo visapusi\u0161k\u0105 sprendim\u0105, pritaikyt\u0105 verslo student\u0173 ir specialist\u0173 poreikiams.<\/p>\n\n\n\n<h3 class=\"wp-block-heading\"><a>ESP, EAP ir EOP supratimas<\/a><\/h3>\n\n\n\n<p>Angl\u0173 kalba konkretiems tikslams (angl. English for Specific Purposes, ESP) - tai tikslinis kalbos mokymo metodas, kuriuo atsi\u017evelgiama \u012f konkre\u010dius besimokan\u010di\u0173j\u0173 kalbinius poreikius tam tikrose srityse, \u012fskaitant akademin\u0119 veikl\u0105 ir \u012fvairias profesines sritis. Tradici\u0161kai ESP skirstoma \u012f dvi pagrindines \u0161akas:<\/p>\n\n\n\n<p><strong>Angl\u0173 kalba akademiniais tikslais (EAP)<\/strong><\/p>\n\n\n\n<p><strong>Focus<\/strong>: EAP daugiausia d\u0117mesio skiriama kalbos \u012fg\u016bd\u017eiams, reikalingiems s\u0117kmingai akademinei veiklai, pavyzd\u017eiui, ra\u0161yti tiriamuosius darbus, dalyvauti seminaruose ir suprasti akademines paskaitas.<\/p>\n\n\n\n<p><strong>\u017durnalai ir moksliniai tyrimai<\/strong>: Reik\u0161mingi APP moksliniai tyrimai skelbiami tokiuose \u017eurnaluose kaip <em>Angl\u0173 kalba konkretiems tikslams<\/em> ir <em>Journal of English for Academic Purposes<\/em>. D\u0117mes\u012f ESP programai skiria daugelis ESP tyr\u0117j\u0173, kurie yra susij\u0119 su akademin\u0117mis institucijomis, ir didelis poreikis, kad studentai \u012fgyt\u0173 ESP \u012fg\u016bd\u017ei\u0173.<\/p>\n\n\n\n<p><strong>Tikslin\u0117 auditorija<\/strong>: Studentai ir mokslininkai, kuriems reikia pa\u017eangi\u0173 angl\u0173 kalbos \u012fg\u016bd\u017ei\u0173, kad gal\u0117t\u0173 s\u0117kmingai mokytis.<\/p>\n\n\n\n<p><strong>Angl\u0173 kalba profesiniams tikslams (EOP)<\/strong><\/p>\n\n\n\n<p><strong>Focus<\/strong>: EOP skirta kalb\u0173 \u012fg\u016bd\u017eiams, reikalingiems profesin\u0117je veikloje ir darbo vietoje, \u012fskaitant konkre\u010dias verslo sritis, pavyzd\u017eiui, rinkodar\u0105, finansus ir \u017emogi\u0161kuosius i\u0161teklius.<\/p>\n\n\n\n<p><strong>\u017durnalai ir moksliniai tyrimai<\/strong>: Nors n\u0117ra specialaus \u017eurnalo, skirto tik EOP, atitinkam\u0173 tyrim\u0173 galima rasti tokiuose leidiniuose kaip <em>Angl\u0173 kalba konkretiems tikslams<\/em>.<\/p>\n\n\n\n<p><strong>Tikslin\u0117 auditorija<\/strong>: Specialistai, kuriems reikia specialiai pritaikyt\u0173 angl\u0173 kalbos \u012fg\u016bd\u017ei\u0173 konkre\u010dioms pareigoms ir pramon\u0117s \u0161akoms.<\/p>\n\n\n\n<p><\/p>\n\n\n\n<h3 class=\"wp-block-heading\"><a>TEBL: EAP ir EOP integravimas verslo mokymui<\/a><\/h3>\n\n\n\n<p>TEBL unikaliai sujungia EAP ir EOP privalumus, kad patenkint\u0173 skirtingus verslo student\u0173 ir specialist\u0173 poreikius. \u0160i integracija u\u017etikrina, kad besimokantieji \u012fgyt\u0173 ir akademini\u0173, ir praktini\u0173 kalbos \u012fg\u016bd\u017ei\u0173, b\u016btin\u0173 s\u0117kmei.<\/p>\n\n\n\n<h4 class=\"wp-block-heading\">I\u0161 EAP:<\/h4>\n\n\n\n<ul class=\"wp-block-list\">\n<li><strong>Akademiniai verslo studij\u0173 \u012fg\u016bd\u017eiai<\/strong>: TEBL apima verslo studijoms b\u016btinus akademin\u0117s angl\u0173 kalbos \u012fg\u016bd\u017eius, tokius kaip verslo tekst\u0173 analiz\u0117, akademini\u0173 darb\u0173 ra\u0161ymas ir tyrim\u0173 rezultat\u0173 pristatymas.<\/li>\n\n\n\n<li><strong>Moksliniai tyrimai ir teorijos taikymas<\/strong>: Besimokantieji susipa\u017e\u012fsta su moksline literat\u016bra, taiko verslo teorijas ir dalyvauja mokslin\u0117se diskusijose, kurios yra labai svarbios akademiniam ir profesiniam tobul\u0117jimui.<\/li>\n<\/ul>\n\n\n\n<h4 class=\"wp-block-heading\">I\u0161 EOP:<\/h4>\n\n\n\n<ul class=\"wp-block-list\">\n<li><strong>Praktinis verslo bendravimas<\/strong>: TEBL akcentuoja praktinius kalbos \u012fg\u016bd\u017eius, reikalingus verslo pasaulyje, \u012fskaitant ataskait\u0173 rengim\u0105, profesionali\u0173 elektronini\u0173 lai\u0161k\u0173 ra\u0161ym\u0105, derybas d\u0117l sandori\u0173 ir pristatymus.<\/li>\n\n\n\n<li><strong>Pramonei b\u016bdingas \u017eodynas<\/strong>: D\u0117mesys sutelkiamas \u012f terminologij\u0105 ir kalbos vartojim\u0105, b\u016bding\u0105 \u012fvairioms verslo sritims, kad b\u016bt\u0173 galima veiksmingai bendrauti profesiniame kontekste.<\/li>\n<\/ul>\n\n\n\n<h3 class=\"wp-block-heading\"><a>TEBL nauda b\u016bsimiems verslo studentams<\/a><\/h3>\n\n\n\n<p>Verslo studentai, prie\u0161 prad\u0117dami studijas, gali gauti daug naudos i\u0161 TEBL kurso per\u017ei\u016bros. Pagrindiniai privalumai:<\/p>\n\n\n\n<p><strong>Patobulinti bendravimo \u012fg\u016bd\u017eiai<\/strong><\/p>\n\n\n\n<p><strong>Verslui skirtas \u017eodynas<\/strong>: TEBL kursuose daugiausia d\u0117mesio skiriama angl\u0173 kalbos \u017eodynui ir terminologijai, b\u016bdingai verslo kontekstui. Tai padeda studentams suprasti ir efektyviai vartoti kalb\u0105 studijuojant ir siekiant b\u016bsimos karjeros.<\/p>\n\n\n\n<p><strong>Efektyvus ra\u0161ymas<\/strong>: Mokiniai i\u0161moksta ai\u0161kiai ir glaustai ra\u0161yti verslo ataskaitas, elektroninius lai\u0161kus ir kitus dokumentus, kurie yra labai svarb\u016bs tiek akademin\u0117je, tiek profesin\u0117je aplinkoje.<\/p>\n\n\n\n<p><strong>Pristatymo \u012fg\u016bd\u017eiai<\/strong>: TEBL kursuose da\u017enai mokoma, kaip \u012ftaigiai ir ai\u0161kiai pristatyti id\u0117jas - tai labai svarbus verslo student\u0173 \u012fg\u016bdis.<\/p>\n\n\n\n<p><strong>Didesnis pasitik\u0117jimas savimi<\/strong><\/p>\n\n\n\n<p><strong>Suma\u017einti kalbos barjerai<\/strong>: Mokiniai, kuriems angl\u0173 kalba n\u0117ra gimtoji, gali suma\u017einti su kalba susijus\u012f nerim\u0105 ir aktyviau dalyvauti klas\u0117s diskusijose, grupiniuose projektuose ir pristatymuose.<\/p>\n\n\n\n<p><strong>Pasirengimas<\/strong>: Tur\u0117dami tvirtus verslo angl\u0173 kalbos pagrindus, studentai gali dr\u0105siau prad\u0117ti studijas, nes \u017eino, kad yra pasireng\u0119 susidoroti su kalbos reikalavimais.<\/p>\n\n\n\n<p><strong>Potencial\u016bs akademiniai rezultatai<\/strong><\/p>\n\n\n\n<p><strong>Supratimas<\/strong>: Gali pad\u0117ti geriau suprasti paskaitas, skaitomus tekstus ir u\u017eduotis, kuriose da\u017enai vartojama sud\u0117tinga verslo terminologija.<\/p>\n\n\n\n<p><strong>Su\u017ead\u0117tuv\u0117s<\/strong>: Gali pad\u0117ti geriau \u012fsitraukti \u012f kurso med\u017eiag\u0105 ir diskusijas, tod\u0117l mokymosi patirtis bus turtingesn\u0117.<\/p>\n\n\n\n<p><strong>Profesinis pasirengimas<\/strong><\/p>\n\n\n\n<p><strong>Sta\u017euot\u0117s ir darbo vietos<\/strong>: \u012e daugel\u012f verslo program\u0173 \u012ftrauktos sta\u017euot\u0117s ir darbo vietos. Mok\u0117dami verslo angl\u0173 kalb\u0105, studentai gali tapti konkurencingesniais kandidatais \u012f \u0161ias galimybes.<\/p>\n\n\n\n<p><strong>Tinklo k\u016brimas<\/strong>: Geb\u0117jimas veiksmingai bendrauti verslo aplinkoje padeda studentams kurti profesinius tinklus, kurie yra labai svarb\u016bs siekiant karjeros.<\/p>\n\n\n\n<p><strong>Holistinis mokymasis<\/strong><\/p>\n\n\n\n<p><strong>Tarpdisciplininis supratimas<\/strong>: Verslo studijose da\u017enai integruojamos \u012fvairi\u0173 disciplin\u0173, pavyzd\u017eiui, ekonomikos, rinkodaros, finans\u0173 ir vadybos, s\u0105vokos. TEBL kursai padeda studentams suprasti ir i\u0161reik\u0161ti \u0161ias tarpdalykines s\u0105sajas angl\u0173 kalba.<\/p>\n\n\n\n<p><strong>Pasaulin\u0117 perspektyva<\/strong>: Verslas tampa vis globalesnis. Verslo angl\u0173 kalbos \u017einios leid\u017eia studentams nagrin\u0117ti tarptautinius atvejus, bendradarbiauti su kolegomis i\u0161 \u012fvairi\u0173 \u0161ali\u0173 ir suprasti pasaulines verslo tendencijas.<\/p>\n\n\n\n<p><strong>Judrus mokymosi metodas<\/strong><\/p>\n\n\n\n<p><strong>Prisitaikymas<\/strong>: TEBL akcentuoja lankst\u0173 mokym\u0105si, tod\u0117l studentai i\u0161moksta greitai prisitaikyti prie naujos informacijos ir situacij\u0173, o tai labai svarbu spar\u010diai besikei\u010dian\u010diame verslo pasaulyje.<\/p>\n\n\n\n<p><strong>Nuolatinis tobulinimas<\/strong>: Kartotinis judraus mokymosi pob\u016bdis skatina studentus nuolat tobulinti savo kalbinius \u012fg\u016bd\u017eius, kad jie neatsilikt\u0173 nuo besikei\u010dian\u010dios verslo praktikos.<\/p>\n\n\n\n<p><strong>Laiko taupymas mokantis naudingos verslo angl\u0173 kalbos<\/strong><\/p>\n\n\n\n<p><strong>Koncentruotas mokymasis<\/strong>: U\u017euot skyr\u0119 laiko bendrinei angl\u0173 kalbai, mokiniai gali sutelkti d\u0117mes\u012f \u012f konkre\u010dius kalbos \u012fg\u016bd\u017eius, reikalingus verslui, tod\u0117l mokymosi procesas tampa efektyvesnis.<\/p>\n\n\n\n<p><strong>Praktinis taikymas<\/strong>: TEBL kursuose studentai gali i\u0161 karto prad\u0117ti taikyti verslo angl\u0173 kalb\u0105, atlikdami praktines u\u017eduotis ir spr\u0119sdami realaus pasaulio scenarijus, tod\u0117l \u012fgyti \u012fg\u016bd\u017eiai yra tiesiogiai susij\u0119 su j\u0173 studijomis ir b\u016bsima karjera.<\/p>\n\n\n\n<p><strong>I\u0161sami pagrindini\u0173 verslo tem\u0173 ap\u017evalga<\/strong><\/p>\n\n\n\n<p><strong>Plati \u017eini\u0173 baz\u0117<\/strong>: Rinkdamiesi i\u0161 daugyb\u0117s pagrindini\u0173 verslo tem\u0173, studentai \u012fgyja plat\u0173 supratim\u0105 apie esmines verslo s\u0105vokas, kurios gali b\u016bti pagrindas pa\u017eangesn\u0117ms studijoms.<\/p>\n\n\n\n<p><strong>Dabartinis aktualumas<\/strong>: Nagrin\u0117jamos temos atitinka svarbiausius \u0161iandienos verslo klausimus, tod\u0117l studentai yra gerai informuoti apie \u0161iuolaikin\u0119 verslo praktik\u0105 ir tendencijas.<\/p>\n\n\n\n<p><\/p>\n\n\n\n<h3 class=\"wp-block-heading\"><a>Pavyzdin\u0117s TEBL kurso temos b\u016bsimiems MBA studentams<\/a><\/h3>\n\n\n\n<ul class=\"wp-block-list\">\n<li>Verslo tikslai<\/li>\n\n\n\n<li>Vadovavimas ir valdymas<\/li>\n\n\n\n<li>Ekonomikos kalba<\/li>\n\n\n\n<li>Apskaitos kalba<\/li>\n\n\n\n<li>Finans\u0173 kalba<\/li>\n\n\n\n<li>Tiekimo grandin\u0117s kalba<\/li>\n\n\n\n<li>Operacij\u0173 valdymo kalba<\/li>\n\n\n\n<li>\u017dmogi\u0161k\u0173j\u0173 i\u0161tekli\u0173 valdymo kalba<\/li>\n\n\n\n<li>Pardavim\u0173 valdymo kalba<\/li>\n\n\n\n<li>Rinkodaros kalba<\/li>\n<\/ul>\n\n\n\n<p><\/p>\n\n\n\n<figure class=\"wp-block-image size-full\"><img loading=\"lazy\" decoding=\"async\" width=\"600\" height=\"300\" src=\"https:\/\/tebl.education\/wp-content\/uploads\/2024\/06\/TEBL-logo-600x300-1.png\" alt=\"TEBL Angl\u0173 kalbos kaip verslo kalbos mokymas\" class=\"wp-image-19\" srcset=\"https:\/\/tebl.education\/wp-content\/uploads\/2024\/06\/TEBL-logo-600x300-1.png 600w, https:\/\/tebl.education\/wp-content\/uploads\/2024\/06\/TEBL-logo-600x300-1-300x150.png 300w, https:\/\/tebl.education\/wp-content\/uploads\/2024\/06\/TEBL-logo-600x300-1-18x9.png 18w\" sizes=\"auto, (max-width: 600px) 100vw, 600px\" \/><figcaption class=\"wp-element-caption\">TEBL Angl\u0173 kalbos kaip verslo kalbos mokymas<\/figcaption><\/figure>","protected":false},"excerpt":{"rendered":"<p>TEBL is a Business English Teaching Method to Help Business People Learn English In the contemporary global business environment, English has emerged as the lingua franca of commerce, making proficiency in business-specific English essential for both academic success and professional advancement. Teaching English as a Business Language (TEBL) was developed to address this need by [&hellip;]<\/p>","protected":false},"author":1,"featured_media":76,"parent":0,"menu_order":0,"comment_status":"closed","ping_status":"closed","template":"","meta":{"footnotes":""},"class_list":["post-21","page","type-page","status-publish","has-post-thumbnail","hentry"],"_links":{"self":[{"href":"https:\/\/tebl.education\/lt\/wp-json\/wp\/v2\/pages\/21","targetHints":{"allow":["GET"]}}],"collection":[{"href":"https:\/\/tebl.education\/lt\/wp-json\/wp\/v2\/pages"}],"about":[{"href":"https:\/\/tebl.education\/lt\/wp-json\/wp\/v2\/types\/page"}],"author":[{"embeddable":true,"href":"https:\/\/tebl.education\/lt\/wp-json\/wp\/v2\/users\/1"}],"replies":[{"embeddable":true,"href":"https:\/\/tebl.education\/lt\/wp-json\/wp\/v2\/comments?post=21"}],"version-history":[{"count":5,"href":"https:\/\/tebl.education\/lt\/wp-json\/wp\/v2\/pages\/21\/revisions"}],"predecessor-version":[{"id":153,"href":"https:\/\/tebl.education\/lt\/wp-json\/wp\/v2\/pages\/21\/revisions\/153"}],"wp:featuredmedia":[{"embeddable":true,"href":"https:\/\/tebl.education\/lt\/wp-json\/wp\/v2\/media\/76"}],"wp:attachment":[{"href":"https:\/\/tebl.education\/lt\/wp-json\/wp\/v2\/media?parent=21"}],"curies":[{"name":"wp","href":"https:\/\/api.w.org\/{rel}","templated":true}]}}