{"id":56,"date":"2024-06-23T15:33:26","date_gmt":"2024-06-23T19:33:26","guid":{"rendered":"https:\/\/tebl.education\/?page_id=56"},"modified":"2024-06-25T09:52:33","modified_gmt":"2024-06-25T13:52:33","slug":"teach-english-accounting-language","status":"publish","type":"page","link":"https:\/\/tebl.education\/lt\/teach-english-accounting-language\/","title":{"rendered":"Angl\u0173 apskaitos kalbos mokymas"},"content":{"rendered":"<p><\/p>\n\n\n\n<h1 class=\"wp-block-heading\"><a>4 skyrius: Apskaitos kalbos \u012fvaldymas per TEBL siekiantiems MBA studentams<\/a><\/h1>\n\n\n\n<h2 class=\"wp-block-heading\"><a>\u012evadas \u012f apskaitos kalb\u0105 verslo kontekste<\/a><\/h2>\n\n\n\n<p>T\u0119sdami pasiruo\u0161imo kelion\u0119 su \"Teaching English as a Business Language\" (TEBL), \u0161iame skyriuje gilinat\u0117s \u012f apskaitos kalbos pagrindus - kertin\u012f akmen\u012f, padedant\u012f suprasti verslo operacijas ir finans\u0173 valdym\u0105. Art\u0117jant MBA studijoms, apskaitos termin\u0173 ir s\u0105vok\u0173 mok\u0117jimas yra b\u016btinas ne tik siekiant akademin\u0117s s\u0117km\u0117s, bet ir praktinio pritaikymo bet kokiame versle.<\/p>\n\n\n\n<h2 class=\"wp-block-heading\"><a>Apskaitos pagrind\u0173 supratimas<\/a><\/h2>\n\n\n\n<h3 class=\"wp-block-heading\"><a>Apskaitos vaidmuo versle<\/a><\/h3>\n\n\n\n<p>Apskaita da\u017enai vadinama \"verslo kalba\", nes joje pateikiama pagrindin\u0117 informacija apie finansinius sandorius, turt\u0105, \u012fsipareigojimus ir kt., kuri yra labai svarbi priimant sprendimus. Naudodamiesi TEBL, i\u0161moksite, kaip efektyviai i\u0161reik\u0161ti \u0161ias s\u0105vokas angl\u0173 kalba, taip pasiruo\u0161dami diskusijoms, ataskaitoms ir analiz\u0117ms, su kuriomis susidursite verslo mokykloje.<\/p>\n\n\n\n<h3 class=\"wp-block-heading\"><a>TEBL po\u017ei\u016bris \u012f apskaitos kalb\u0105<\/a><\/h3>\n\n\n\n<p>TEBL padeda geriau suprasti apskait\u0105, integruodama kalbos mokym\u0105si su praktin\u0117mis apskaitos u\u017eduotimis, tod\u0117l gal\u0117site dr\u0105siai orientuotis sud\u0117tingose finansini\u0173 ataskait\u0173, buhalterin\u0117s apskaitos praktikos ir atitikties standart\u0173 srityse.<\/p>\n\n\n\n<h2 class=\"wp-block-heading\"><a>TEBL apskaitos kalbos \u012fvaldymo metodika<\/a><\/h2>\n\n\n\n<h3 class=\"wp-block-heading\"><a>Kurso turinys ir strukt\u016bra<\/a><\/h3>\n\n\n\n<p>Mokymo programa kruop\u0161\u010diai parengta taip, kad apimt\u0173:<\/p>\n\n\n\n<ul class=\"wp-block-list\">\n<li><strong>Pagrindiniai apskaitos principai<\/strong>: Suprasti visuotinai pripa\u017eintus apskaitos principus (GAAP) ir kaip jais vadovaujamasi rengiant finansines ataskaitas.<\/li>\n\n\n\n<li><strong>Finansin\u0117s ataskaitos<\/strong>: I\u0161mokti skaityti ir interpretuoti balansus, pelno (nuostolio) ataskaitas, pinig\u0173 sraut\u0173 ataskaitas ir nepaskirstytojo pelno ataskaitas.<\/li>\n\n\n\n<li><strong>Buhalterin\u0117s apskaitos metodai<\/strong>: Vienkartin\u0117s ir dvejybin\u0117s apskaitos atskyrimas ir j\u0173 taikymo supratimas.<\/li>\n<\/ul>\n\n\n\n<h3 class=\"wp-block-heading\"><a>Mokymosi tikslai<\/a><\/h3>\n\n\n\n<p>\u0160io skyriaus pabaigoje tur\u0117tum\u0117te geb\u0117ti:<\/p>\n\n\n\n<ul class=\"wp-block-list\">\n<li>Aptarkite finansin\u0117s apskaitos ir valdymo apskaitos principus.<\/li>\n\n\n\n<li>Parengti pagrindines finansines ataskaitas ir paai\u0161kinti j\u0173 sudedam\u0105sias dalis.<\/li>\n\n\n\n<li>Taikyti apskaitos terminus rengiant ir analizuojant finansines ataskaitas.<\/li>\n<\/ul>\n\n\n\n<h2 class=\"wp-block-heading\"><a>\u017dodyno pl\u0117timas: Pagrindiniai apskaitos terminai<\/a><\/h2>\n\n\n\n<p>Svarbi apskaitos kalbos \u012fsisavinimo dalis - susipa\u017einti su \u017eodynu, kuris kasdien vartojamas finans\u0173 skyriuose ir diskusijose.<\/p>\n\n\n\n<h3 class=\"wp-block-heading\"><a>Pagrindin\u0117s \u017eodyno temos:<\/a><\/h3>\n\n\n\n<ul class=\"wp-block-list\">\n<li><strong>Turtas ir \u012fsipareigojimai<\/strong>: Suprasti, kas sudaro \u012fmon\u0117s turt\u0105 ir \u012fsipareigojimus ir kaip jie pateikiami ataskaitose.<\/li>\n\n\n\n<li><strong>Nuosavas kapitalas<\/strong>: Su\u017einokite apie \u012fvairias nuosavo kapitalo formas, \u012fskaitant paprast\u0105sias akcijas, nepaskirstyt\u0105j\u012f peln\u0105, ir kaip jos veikia \u012fmon\u0117s balans\u0105.<\/li>\n\n\n\n<li><strong>Pajamos ir i\u0161laidos<\/strong>: I\u0161nagrin\u0117kite, kaip \u012fmon\u0117s registruoja ir valdo pajamas bei s\u0105naudas ir daro \u012ftak\u0105 grynosioms pajamoms.<\/li>\n<\/ul>\n\n\n\n<h2 class=\"wp-block-heading\"><a>Interaktyvus mokymasis per TEBL<\/a><\/h2>\n\n\n\n<h3 class=\"wp-block-heading\"><a>Praktiniai apskaitos pratimai<\/a><\/h3>\n\n\n\n<p>Atlikite u\u017eduotis, susijusias su \u017eurnalo \u012fra\u0161ais, did\u017eiosios knygos tvarkymu ir finansini\u0173 ataskait\u0173 rengimu. \u0160ios u\u017eduotys pad\u0117s prakti\u0161kai pritaikyti apskaitos \u017einias, \u012ftvirtinti i\u0161mokt\u0105 \u017eodyn\u0105 ir s\u0105vokas.<\/p>\n\n\n\n<h3 class=\"wp-block-heading\"><a>Atvej\u0173 tyrimai<\/a><\/h3>\n\n\n\n<p>analizuoti i\u0161samius atvej\u0173 tyrimus, kuriuose pateikiami real\u016bs apskaitos scenarijai. Aptarkite priimtus finansinius sprendimus, taikomus atskaitomyb\u0117s standartus ir \u0161i\u0173 sprendim\u0173 poveik\u012f verslo operacijoms bei atitik\u010diai teis\u0117s akt\u0173 reikalavimams.<\/p>\n\n\n\n<h2 class=\"wp-block-heading\"><a>Apskaitos kalbos taikymas rengiantis MBA<\/a><\/h2>\n\n\n\n<h3 class=\"wp-block-heading\"><a>Apskaitos diskusij\u0173 integravimas \u012f pasirengim\u0105 MBA studijoms<\/a><\/h3>\n\n\n\n<p>Pasinaudokite TEBL \u012fgytais apskaitos \u012fg\u016bd\u017eiais, kad gal\u0117tum\u0117te tobul\u0117ti MBA studijose, ypa\u010d su finansais susijusiuose kursuose ir kursuose, kuriuose reikia gerai suprasti verslo operacijas.<\/p>\n\n\n\n<h3 class=\"wp-block-heading\"><a>Strateginis apskaitos taikymas priimant verslo sprendimus<\/a><\/h3>\n\n\n\n<p>I\u0161mokti taikyti apskaitos informacij\u0105 strateginiams verslo sprendimams priimti. Tai apima biud\u017eeto sudarym\u0105, finansines prognozes ir investicij\u0173 analiz\u0119 - visa tai labai svarbu veiksmingam verslo valdymui.<\/p>\n\n\n\n<h3 class=\"wp-block-heading\"><a>I\u0161pl\u0117stin\u0117 finansin\u0117 analiz\u0117 ir atskaitomyb\u0117 su TEBL<\/a><\/h3>\n\n\n\n<p>Remdamiesi pagrindin\u0117mis \u017einiomis, TEBL mokysit\u0117s sud\u0117tingesni\u0173 finansin\u0117s analiz\u0117s ir atskaitomyb\u0117s aspekt\u0173. \u0160is pa\u017eangus supratimas yra labai svarbus analizuojant \u012fmoni\u0173 veikl\u0105, priimant investicinius sprendimus ir teikiant strategines konsultacijas.<\/p>\n\n\n\n<h4 class=\"wp-block-heading\">I\u0161sami finansini\u0173 ataskait\u0173 analiz\u0117<\/h4>\n\n\n\n<p>I\u0161mokite atlikti santykini\u0173 rodikli\u0173 analiz\u0119, tendencij\u0173 analiz\u0119, vertikali\u0105j\u0105 ir horizontali\u0105j\u0105 finansini\u0173 ataskait\u0173 analiz\u0119. TEBL seminaruose gal\u0117site atlikti praktines u\u017eduotis, kad \u012fvaldytum\u0117te \u0161ias analizes, kurios yra labai svarbios ai\u0161kinantis \u012fmon\u0117s finansin\u0119 b\u016bkl\u0119 ir veiklos efektyvum\u0105.<\/p>\n\n\n\n<h4 class=\"wp-block-heading\">Prognozavimo ir biud\u017eeto sudarymo metodai<\/h4>\n\n\n\n<p>Prognozavimas ir biud\u017eeto sudarymas yra labai svarb\u016bs kiekvieno verslo vadovo \u012fg\u016bd\u017eiai. Naudodamiesi TEBL i\u0161moksite prognozuoti b\u016bsimas pajamas ir i\u0161laidas bei rengti strateginius verslo tikslus atitinkan\u010dius biud\u017eetus. \u0160\u012f skyri\u0173 sudaro:<\/p>\n\n\n\n<ul class=\"wp-block-list\">\n<li><strong>Kapitalo biud\u017eeto sudarymas<\/strong>: Suprasti tokius metodus kaip NPV (grynoji dabartin\u0117 vert\u0117) ir IRR (vidin\u0117 gr\u0105\u017eos norma), kad b\u016bt\u0173 galima \u012fvertinti investavimo galimybes.<\/li>\n\n\n\n<li><strong>Veiklos biud\u017eeto sudarymas<\/strong>: Su\u017einokite, kaip parengti veiklos biud\u017eetus, kurie atspind\u0117t\u0173 taktinius \u012fvairi\u0173 verslo padalini\u0173 tikslus.<\/li>\n<\/ul>\n\n\n\n<h3 class=\"wp-block-heading\"><a>Apskaitos integravimas su strateginiu verslo planavimu<\/a><\/h3>\n\n\n\n<p>TEBL u\u017etikrina, kad j\u016bs\u0173 apskaitos \u012fg\u016bd\u017eiai b\u016bt\u0173 ne tik teoriniai, bet ir pritaikomi strateginiam verslo planavimui.<\/p>\n\n\n\n<h4 class=\"wp-block-heading\">Strateginis i\u0161laid\u0173 valdymas<\/h4>\n\n\n\n<p>I\u0161nagrin\u0117kite strateginio s\u0105naud\u0173 valdymo koncepcij\u0105, kuri padeda nustatyti s\u0105naudas lemian\u010dius veiksnius ir \u012fgyvendinti s\u0105naud\u0173 kontrol\u0117s strategijas, didinan\u010dias pelningum\u0105, nesuma\u017einant kokyb\u0117s ir klient\u0173 pasitenkinimo.<\/p>\n\n\n\n<h4 class=\"wp-block-heading\">Veiklos matavimas<\/h4>\n\n\n\n<p>Su\u017einokite, kaip naudoti apskaitos informacij\u0105 veiklos vertinimui. Suprasti \u012fvairias veiklos vertinimo priemones, pavyzd\u017eiui, subalansuot\u0173 rodikli\u0173 korteles ir ekonomin\u0119 prid\u0117tin\u0119 vert\u0119 (EVA), kurios padeda \u012fvertinti \u012fmon\u0117s veiklos efektyvum\u0105.<\/p>\n\n\n\n<h2 class=\"wp-block-heading\"><a>Praktinio taikymo projektai TEBL<\/a><\/h2>\n\n\n\n<p>TEBL apima pagrindinius projektus, kuri\u0173 metu apskaitos \u017einias reikia pritaikyti realaus verslo scenarijams, kad gal\u0117tum\u0117te dirbti su sud\u0117tingais finansiniais duomenimis ir efektyviai prisid\u0117ti prie verslo strategijos diskusij\u0173.<\/p>\n\n\n\n<h3 class=\"wp-block-heading\"><a>\u012emon\u0117s finansinio audito modeliavimas<\/a><\/h3>\n\n\n\n<p>Dalyvaukite simuliacijose, imituojan\u010diose finansin\u012f audit\u0105. I\u0161bandysite, kaip tikrinti finansinius dokumentus, u\u017etikrinti, kad b\u016bt\u0173 laikomasi apskaitos standart\u0173, ir pateikti i\u0161vadas imituojan\u010dioms valdyboms ar reguliavimo institucijoms.<\/p>\n\n\n\n<h3 class=\"wp-block-heading\"><a>Verslo pl\u0117tros finansinis planavimas<\/a><\/h3>\n\n\n\n<p>Dalyvaukite hipotetini\u0173 verslo pl\u0117tros scenarij\u0173 planavimo pratybose. \u0160ie projektai pad\u0117s jums taikyti biud\u017eeto sudarymo ir prognozavimo metodus verslo pl\u0117tros plan\u0173 \u012fgyvendinamumui nustatyti.<\/p>\n\n\n\n<h2 class=\"wp-block-heading\"><a>Pasirengimas eti\u0161kam finans\u0173 valdymui<\/a><\/h2>\n\n\n\n<p>Apskaitoje labai svarb\u016bs etiniai aspektai. TEBL nagrin\u0117ja etinius finansin\u0117s atskaitomyb\u0117s ir valdymo aspektus, rengia jus atsakingam vadovavimui.<\/p>\n\n\n\n<h3 class=\"wp-block-heading\"><a>\u012emoni\u0173 valdymas ir etika<\/a><\/h3>\n\n\n\n<p>Suprasti apskaitos vaidmen\u012f \u012fmoni\u0173 valdyme. I\u0161nagrin\u0117kite tokias temas kaip suk\u010diavimo prevencija, eti\u0161ka atskaitomyb\u0117 ir finans\u0173 pareig\u016bn\u0173 atsakomyb\u0117 siekiant u\u017etikrinti finansini\u0173 ataskait\u0173 skaidrum\u0105 ir s\u0105\u017einingum\u0105.<\/p>\n\n\n\n<h3 class=\"wp-block-heading\"><a>Atitikties ir reguliavimo sistemos<\/a><\/h3>\n\n\n\n<p>Su\u017einokite apie \u012fvairius atitikties klausimus ir reguliavimo sistemas, reglamentuojan\u010dias finansin\u0117s atskaitomyb\u0117s ir audito praktik\u0105. \u0160ios \u017einios yra b\u016btinos, kad gal\u0117tum\u0117te susigaudyti sud\u0117tingose \u012fvairi\u0173 \u0161ali\u0173 ir pramon\u0117s \u0161ak\u0173 finansin\u0117se taisykl\u0117se.<\/p>\n\n\n\n<h3 class=\"wp-block-heading\"><a>I\u0161pl\u0117stin\u0117 integracija su kitomis verslo disciplinomis per TEBL<\/a><\/h3>\n\n\n\n<p>Remdamiesi savo buhalterin\u0117s apskaitos \u017einiomis, TEBL padeda geriau suprasti, kaip buhalterin\u0117 apskaita skland\u017eiai integruojasi su kitomis pagrindin\u0117mis verslo disciplinomis. \u0160is integruotas po\u017ei\u016bris yra labai svarbus MBA studentams, kurie siekia vadov\u0173 pareig\u0173, reikalaujan\u010di\u0173 holistinio po\u017ei\u016brio \u012f verslo operacijas.<\/p>\n\n\n\n<h4 class=\"wp-block-heading\">Apskaita ir \u012fmoni\u0173 finansai<\/h4>\n\n\n\n<p>I\u0161nagrin\u0117kite apskaitos ir \u012fmoni\u0173 finans\u0173 s\u0105sajas, daugiausia d\u0117mesio skirdami tam, kaip apskaitos informacija daro \u012ftak\u0105 finansini\u0173 sprendim\u0173 pri\u0117mimui. Suprasite, kaip vertinti finansin\u0119 b\u016bkl\u0119 pagal balans\u0105 ir pelno (nuostolio) ataskait\u0105, kad gal\u0117tum\u0117te priimti pagr\u012fstus sprendimus d\u0117l investicij\u0173, finansavimo ir dividend\u0173.<\/p>\n\n\n\n<h4 class=\"wp-block-heading\">Apskaita ir rizikos valdymas<\/h4>\n\n\n\n<p>Su\u017einokite, koks svarbus vaidmuo tenka apskaitai nustatant, vertinant ir valdant rizik\u0105. I\u0161nagrin\u0117kite \u012fvairius rizikos vertinimo modelius ir supraskite, kaip finansiniai duomenys gali signalizuoti apie galim\u0105 rizik\u0105 ir suteikti \u012f\u017evalg\u0173 apie rizikos ma\u017einimo strategijas.<\/p>\n\n\n\n<h4 class=\"wp-block-heading\">Apskaita ir verslo strategija<\/h4>\n\n\n\n<p>I\u0161nagrin\u0117kite, kaip strateginiai verslo sprendimai grind\u017eiami patikimais apskaitos principais. Dalyvaukite strateginio planavimo imitavimo veikloje, kur naudodami apskaitos duomenis prognozuosite verslo scenarijus, vertinsite strategines iniciatyvas ir verslo rezultatus.<\/p>\n\n\n\n<h2 class=\"wp-block-heading\"><a>TEBL remiami bendradarbiavimo projektai<\/a><\/h2>\n\n\n\n<p>Kad dar labiau \u012ftvirtintum\u0117te savo supratim\u0105 apie apskait\u0105 visapusi\u0161kame verslo kontekste, TEBL pristato bendradarbiavimo projektus, kuriuose dalyvauja \u012fvairi\u0173 sri\u010di\u0173 komandos.<\/p>\n\n\n\n<h3 class=\"wp-block-heading\"><a>Tarp\u017einybin\u0117s finansin\u0117s strategijos sesijos<\/a><\/h3>\n\n\n\n<p>Dalyvaukite seminaruose, kuriuose skirting\u0173 verslo specializacij\u0173 studentai kartu rengia i\u0161samias verslo strategijas. \u0160ie u\u017esi\u0117mimai padeda suprasti apskaitos informacijos vaidmen\u012f platesniame verslo planavime ir vykdyme.<\/p>\n\n\n\n<h3 class=\"wp-block-heading\"><a>Realaus verslo konsultacijos<\/a><\/h3>\n\n\n\n<p>dalyvauti konsultacij\u0173 projektuose su realiomis ar imituojamomis \u012fmon\u0117mis, siekiant teikti apskaitos ir finansines konsultacijas. \u0160ie projektai pad\u0117s jums pritaikyti \u012fgytas \u017einias realioje aplinkoje ir paruo\u0161 jus konsultanto ir patar\u0117jo pareigoms, kurias galite u\u017eimti po magistro laipsnio \u012fgijimo.<\/p>\n\n\n\n<h2 class=\"wp-block-heading\"><a>Pasirengimas pasauliniams verslo i\u0161\u0161\u016bkiams<\/a><\/h2>\n\n\n\n<p>Globalizacija kelia unikali\u0173 i\u0161\u0161\u016bki\u0173 ir galimybi\u0173 apskaitos srityje. TEBL parengia jus kompetentingai ir u\u017etikrintai juos \u012fveikti.<\/p>\n\n\n\n<h3 class=\"wp-block-heading\"><a>Tarptautiniai apskaitos standartai<\/a><\/h3>\n\n\n\n<p>\u012fgyti \u017eini\u0173 apie Tarptautinius finansin\u0117s atskaitomyb\u0117s standartus (TFAS) ir j\u0173 skirtumus nuo Jungtin\u0117se Amerikos Valstijose taikom\u0173 visuotinai pripa\u017eint\u0173 apskaitos princip\u0173 (GAAP). \u0160i\u0173 standart\u0173 supratimas yra labai svarbus dirbant tarptautin\u0117se korporacijose arba bendradarbiaujant su jomis.<\/p>\n\n\n\n<h3 class=\"wp-block-heading\"><a>Tarpvalstybiniai finansiniai sandoriai<\/a><\/h3>\n\n\n\n<p>Su\u017einokite apie tarpvalstybini\u0173 sandori\u0173 finansines ir mokestines pasekmes. I\u0161nagrin\u0117kite valiut\u0173 kurs\u0173 poveik\u012f finansinei atskaitomybei ir strategijas, kurias \u012fmon\u0117s naudoja apsidraudimui nuo valiutos rizikos.<\/p>\n\n\n\n<h2 class=\"wp-block-heading\"><a>I\u0161vados: Strateginis vadovavimas finansams pasitelkiant TEBL<\/a><\/h2>\n\n\n\n<h3 class=\"wp-block-heading\">&nbsp;<\/h3>\n\n\n\n<h3 class=\"wp-block-heading\"><a>Pasiruo\u0161imas b\u016bsimiems skyriams<\/a><\/h3>\n\n\n\n<p>Kai pereisite prie kit\u0173 skyri\u0173, tik\u0117kit\u0117s, kad \u0161\u012f pagrind\u0105 papildysite gilesn\u0117mis \u012f\u017evalgomis apie finansus.<strong> Kalba<\/strong>. TEBL ir toliau jus konsultuos \u0161iomis pa\u017eangiomis temomis, u\u017etikrindama, kad j\u016bs\u0173 verslo angl\u0173 kalba ir praktiniai verslo \u012fg\u016bd\u017eiai tobul\u0117t\u0173 kartu.<\/p>\n\n\n\n<h2 class=\"wp-block-heading\">&nbsp;<\/h2>\n\n\n\n<h2 class=\"wp-block-heading\"><a>Verslo apskaitos \u017eod\u017ei\u0173 \u017eodynas<\/a><\/h2>\n\n\n\n<figure class=\"wp-block-table\"><table><thead><tr><td><strong>Terminas<\/strong><\/td><td><strong>Apra\u0161ymas<\/strong><\/td><\/tr><\/thead><tbody><tr><td>Turtas<\/td><td>Verslo kontroliuojami i\u0161tekliai, i\u0161 kuri\u0173 tikimasi ekonomin\u0117s naudos ateityje.<\/td><\/tr><tr><td>Balansai<\/td><td>Finansin\u0117s ataskaitos, kuriose parodoma \u012fmon\u0117s finansin\u0117 b\u016bkl\u0117 tam tikru metu, i\u0161samiai nurodant turt\u0105, \u012fsipareigojimus ir nuosav\u0105 kapital\u0105.<\/td><\/tr><tr><td>Buhalterin\u0117 apskaita<\/td><td>Sistemingas vis\u0173 \u012fmon\u0117s finansini\u0173 operacij\u0173 registravimas ir organizavimas.<\/td><\/tr><tr><td>Biud\u017eeto sudarymas<\/td><td>B\u016bsim\u0173 pajam\u0173 prognozavimo ir l\u0117\u0161\u0173 paskirstymo \u012fvairioms i\u0161laidoms procesas.<\/td><\/tr><tr><td>Verslo strategija<\/td><td>Strukt\u016brizuotas planas, kuriame nurodoma, kaip organizacija ketina panaudoti savo i\u0161teklius, kad pasiekt\u0173 u\u017esibr\u0117\u017etus tikslus ir sustiprint\u0173 savo pad\u0117t\u012f rinkoje.<\/td><\/tr><tr><td>Kapitalo biud\u017eeto sudarymas<\/td><td>Investicij\u0173 \u012f reik\u0161ming\u0105 turt\u0105 planavimo ir vertinimo proced\u016bra, taikant tokius metodus kaip NPV ir IRR.<\/td><\/tr><tr><td>Pinig\u0173 sraut\u0173 ataskaitos<\/td><td>Ataskaitos, kuriose i\u0161samiai apra\u0161omos \u012fmon\u0117s pinig\u0173 \u012fplaukos ir i\u0161mokos, nurodant jos operacijas, investicijas ir finansin\u0119 veikl\u0105.<\/td><\/tr><tr><td>Atitiktis<\/td><td>\u012estatym\u0173, taisykli\u0173, gairi\u0173 ir standart\u0173, susijusi\u0173 su verslo operacijomis, laikymasis.<\/td><\/tr><tr><td>\u012emoni\u0173 finansai<\/td><td>Finans\u0173 sritis, susijusi su tuo, kaip \u012fmon\u0117s tvarko finansavimo \u0161altinius, kapitalo strukt\u016brizavim\u0105 ir investicinius sprendimus.<\/td><\/tr><tr><td>\u012emoni\u0173 valdymas<\/td><td>Taisykli\u0173, gairi\u0173, praktikos ir proces\u0173, naudojam\u0173 \u012fmonei vadovauti ir kontroliuoti, sistema.<\/td><\/tr><tr><td>I\u0161laid\u0173 valdymas<\/td><td>Organizacijos biud\u017eeto planavimo ir kontrol\u0117s strategija, akcentuojanti i\u0161laid\u0173 efektyvum\u0105.<\/td><\/tr><tr><td>Dvigubo \u012fra\u0161o buhalterin\u0117 apskaita<\/td><td>Buhalterin\u0117s apskaitos sistema, kai kiekviena finansin\u0117 operacija apima atitinkamus ir prie\u0161ingus \u012fra\u0161us dviejose skirtingose s\u0105skaitose.<\/td><\/tr><tr><td>Ekonomin\u0117 prid\u0117tin\u0117 vert\u0117 (EVA)<\/td><td>Metrika, naudojama \u012fmon\u0117s finansiniams rezultatams vertinti, pagr\u012fsta likutiniu turtu, apskai\u010diuotu i\u0161 veiklos pelno at\u0117mus kapitalo s\u0105naudas.<\/td><\/tr><tr><td>Nuosavas kapitalas<\/td><td>\u012emon\u0117s nuosavyb\u0117s vert\u0117, paprastai i\u0161reik\u0161ta akcinink\u0173 turimomis akcijomis.<\/td><\/tr><tr><td>I\u0161laidos<\/td><td>S\u0105naudos, kurias \u012fmon\u0117 patiria vykdydama savo veikl\u0105, kad gaut\u0173 pajam\u0173.<\/td><\/tr><tr><td>Finansin\u0117 apskaita<\/td><td>Apskaitos sritis, kurioje daugiausia d\u0117mesio skiriama su verslu susijusi\u0173 finansini\u0173 sandori\u0173 apibendrinimui, analizei ir ataskait\u0173 teikimui.<\/td><\/tr><tr><td>Finansin\u0117 analiz\u0117<\/td><td>\u012emoni\u0173, projekt\u0173, biud\u017eet\u0173 ir kit\u0173 finansini\u0173 subjekt\u0173 tyrimas, siekiant nustatyti, ar investicijos yra tinkamos.<\/td><\/tr><tr><td>Finansinis auditas<\/td><td>Nepriklausomas auditorius tikrina \u012fmon\u0117s finansines ataskaitas ir su jomis susijusi\u0105 informacij\u0105.<\/td><\/tr><tr><td>Finansinis prognozavimas<\/td><td>B\u016bsim\u0173 finansini\u0173 rezultat\u0173 prognozavimo procesas naudojant istorinius ir dabartinius duomenis.<\/td><\/tr><tr><td>Finans\u0173 valdymas<\/td><td>Administracin\u0117 veikla, susijusi su finansini\u0173 \u012fsipareigojim\u0173 planavimu, organizavimu, vadovavimu ir kontrole organizacijoje.<\/td><\/tr><tr><td>Finansin\u0117 atskaitomyb\u0117<\/td><td>Dokument\u0173, atspindin\u010di\u0173 \u012fmon\u0117s finansin\u0119 b\u016bkl\u0119 suinteresuotosioms \u0161alims, pvz., vadovybei, investuotojams ir reguliavimo institucijoms, k\u016brimo procesas.<\/td><\/tr><tr><td>Finansin\u0117s ataskaitos<\/td><td>Dokumentai, kuriuose fiksuojama \u012fmon\u0117s, asmens ar kito subjekto finansin\u0117 veikla ir s\u0105lygos.<\/td><\/tr><tr><td>GAAP (visuotinai pripa\u017einti apskaitos principai)<\/td><td>Apskaitos princip\u0173, standart\u0173 ir proced\u016br\u0173 rinkinys, kur\u012f \u012fmon\u0117s naudoja savo finansin\u0117ms ataskaitoms sudaryti.<\/td><\/tr><tr><td>Horizontalioji analiz\u0117<\/td><td>Finansin\u0117s analiz\u0117s metodas, kuriuo lyginami keli\u0173 laikotarpi\u0173 finansiniai duomenys, siekiant nustatyti tendencijas.<\/td><\/tr><tr><td>Pelno (nuostoli\u0173) ataskaitos<\/td><td>Ataskaitos, kuriose pateikiama i\u0161sami informacija apie \u012fmon\u0117s peln\u0105, nurodant pajamas, at\u0117mus parduot\u0173 preki\u0173 s\u0105naudas ir kitas i\u0161laidas per tam tikr\u0105 laikotarp\u012f.<\/td><\/tr><tr><td>IRR (vidin\u0117 gr\u0105\u017eos norma)<\/td><td>Finansinis rodiklis, naudojamas potenciali\u0173 investicij\u0173 pelningumui \u012fvertinti remiantis tik\u0117tinomis gr\u0105\u017eos normomis.<\/td><\/tr><tr><td>\u012era\u0161ai \u017eurnale<\/td><td>\u012era\u0161ai, kuriuose registruojamos visos verslo operacijos apskaitos sistemoje debetuojant ir kredituojant.<\/td><\/tr><tr><td>Did\u017eiosios knygos prie\u017ei\u016bra<\/td><td>Reguliariai atnaujinamas ir tvarkomas apskaitos registras, kuriame registruojamos visos ekonomin\u0117s operacijos.<\/td><\/tr><tr><td>\u012esipareigojimai<\/td><td>Skolos arba finansiniai \u012fsipareigojimai, kuriuos \u012fmon\u0117 turi kitiems.<\/td><\/tr><tr><td>Vadybin\u0117 apskaita<\/td><td>Apskaitos metod\u0173 naudojimas siekiant pateikti informacij\u0105 vadovams sprendim\u0173 pri\u0117mimo tikslais.<\/td><\/tr><tr><td>Grynosios pajamos<\/td><td>Bendras \u012fmon\u0117s pelnas, i\u0161 vis\u0173 pajam\u0173 at\u0117mus visas i\u0161laidas ir mokes\u010dius.<\/td><\/tr><tr><td>NPV (grynoji dabartin\u0117 vert\u0117)<\/td><td>Finansinis metodas, taikomas siekiant nustatyti vis\u0173 b\u016bsim\u0173j\u0173 pinig\u0173 sraut\u0173, kuriuos sukurs projektas, dabartin\u0119 vert\u0119, at\u0117mus pradines investicijas.<\/td><\/tr><tr><td>Veiklos biud\u017eeto sudarymas<\/td><td>Biud\u017eet\u0173, atspindin\u010di\u0173 kasdienes \u012fmon\u0117s veiklai reikalingas i\u0161laidas, sudarymas.<\/td><\/tr><tr><td>Veiklos matavimas<\/td><td>Pa\u017eangos, padarytos siekiant nustatyt\u0173 tiksl\u0173, vertinimo procesas naudojant finansines ir nefinansines priemones.<\/td><\/tr><tr><td>Santyki\u0173 analiz\u0117<\/td><td>Analiz\u0117s metodas, kur\u012f taikant naudojami i\u0161 \u012fmon\u0117s finansini\u0173 ataskait\u0173 gauti rodikliai, siekiant \u012fvertinti tokius aspektus kaip likvidumas, pelningumas ir mokumas.<\/td><\/tr><tr><td>Reguliavimo sistemos<\/td><td>Reglament\u0173 ir vykdymo u\u017etikrinimo mechanizm\u0173, reglamentuojan\u010di\u0173 konkre\u010di\u0105 pramon\u0117s \u0161ak\u0105 ar veikl\u0105, visuma.<\/td><\/tr><tr><td>Pajamos<\/td><td>Pajamos, gaunamos i\u0161 \u012fprastin\u0117s verslo veiklos, paprastai i\u0161 preki\u0173 ir paslaug\u0173 pardavimo.<\/td><\/tr><tr><td>Rizikos valdymas<\/td><td>Rizikos identifikavimo, vertinimo ir prioritet\u0173 nustatymo procesas, taip pat i\u0161tekli\u0173 panaudojimas rizikai suma\u017einti, steb\u0117ti ir su\u0161velninti.<\/td><\/tr><tr><td>Strateginis i\u0161laid\u0173 valdymas<\/td><td>I\u0161laid\u0173 valdymas ir ma\u017einimas, siekiant pagerinti projekto ar veiklos ekonomin\u012f efektyvum\u0105.<\/td><\/tr><tr><td>Tendencij\u0173 analiz\u0117<\/td><td>Informacijos rinkimas, siekiant nustatyti modelius ar tendencijas, da\u017eniausiai naudojamas atliekant finansin\u0119 analiz\u0119.<\/td><\/tr><tr><td>Vertikalioji analiz\u0117<\/td><td>Finansini\u0173 ataskait\u0173 analiz\u0117s metodas, kai kiekvienas \u012fra\u0161as pateikiamas kaip kito reik\u0161mingo skai\u010diaus procentin\u0117 dalis.<\/td><\/tr><\/tbody><\/table><\/figure>\n\n\n\n<h2 class=\"wp-block-heading\">&nbsp;<\/h2>\n\n\n\n<h2 class=\"wp-block-heading\"><a>Naudingi i\u0161tekliai:  Apskaitos \u017eod\u017eiai versle<\/a><\/h2>\n\n\n\n<p><a href=\"https:\/\/en.wikipedia.org\/wiki\/Accounting\">https:\/\/en.wikipedia.org\/wiki\/Accounting<\/a><\/p>","protected":false},"excerpt":{"rendered":"<p>Chapter 4: Mastering Accounting Language Through TEBL for Aspiring MBA Students Introduction to Accounting Language in Business Contexts Continuing your preparatory journey with Teaching English as a Business Language (TEBL), this chapter dives into the fundamentals of accounting language\u2014a cornerstone for understanding business operations and financial management. As you approach your MBA studies, proficiency in [&hellip;]<\/p>","protected":false},"author":1,"featured_media":88,"parent":0,"menu_order":0,"comment_status":"closed","ping_status":"closed","template":"","meta":{"footnotes":""},"class_list":["post-56","page","type-page","status-publish","has-post-thumbnail","hentry"],"_links":{"self":[{"href":"https:\/\/tebl.education\/lt\/wp-json\/wp\/v2\/pages\/56","targetHints":{"allow":["GET"]}}],"collection":[{"href":"https:\/\/tebl.education\/lt\/wp-json\/wp\/v2\/pages"}],"about":[{"href":"https:\/\/tebl.education\/lt\/wp-json\/wp\/v2\/types\/page"}],"author":[{"embeddable":true,"href":"https:\/\/tebl.education\/lt\/wp-json\/wp\/v2\/users\/1"}],"replies":[{"embeddable":true,"href":"https:\/\/tebl.education\/lt\/wp-json\/wp\/v2\/comments?post=56"}],"version-history":[{"count":1,"href":"https:\/\/tebl.education\/lt\/wp-json\/wp\/v2\/pages\/56\/revisions"}],"predecessor-version":[{"id":57,"href":"https:\/\/tebl.education\/lt\/wp-json\/wp\/v2\/pages\/56\/revisions\/57"}],"wp:featuredmedia":[{"embeddable":true,"href":"https:\/\/tebl.education\/lt\/wp-json\/wp\/v2\/media\/88"}],"wp:attachment":[{"href":"https:\/\/tebl.education\/lt\/wp-json\/wp\/v2\/media?parent=56"}],"curies":[{"name":"wp","href":"https:\/\/api.w.org\/{rel}","templated":true}]}}