{"id":96,"date":"2024-06-25T11:41:13","date_gmt":"2024-06-25T15:41:13","guid":{"rendered":"https:\/\/tebl.education\/?page_id=96"},"modified":"2024-06-25T11:41:15","modified_gmt":"2024-06-25T15:41:15","slug":"tebl-author","status":"publish","type":"page","link":"https:\/\/tebl.education\/lt\/tebl-author\/","title":{"rendered":"TEBL Autorius"},"content":{"rendered":"<p><\/p>\n\n\n\n<p>Angl\u0173 kalbos kaip verslo kalbos mokym\u0105 (Teaching English as a Business Language, TEBL) 2017 m. suk\u016br\u0117 profesorius Thomas Hormaza Dow, Monrealyje gyvenantis Kanados verslo judrumo tyr\u0117jas ir pedagogas. Profesorius Hormaza Dow, suvokdamas specializuoto angl\u0173 kalbos mokymo, pritaikyto verslo pasauliui, poreik\u012f, remdamasis savo akademine ir verslo patirtimi, suk\u016br\u0117 TEBL. Jis d\u0117st\u0117 Champlaino koled\u017ee, Jorko universitete ir Konkordijos universitete, skait\u0117 prane\u0161imus tokiose institucijose kaip McGill ir Toronto universitetas.<\/p>\n\n\n\n<p>Profesorius Hormaza Dow u\u017etikrino, kad TEBL b\u016bt\u0173 \u012fsi\u0161aknij\u0119s \u0161vietimo judrume, jis taik\u0117 judri\u0105 mokymo ir mokymosi praktik\u0105 kuriant ir pl\u0117tojant \u0161\u012f verslo angl\u0173 kalbos mokymo metod\u0105.<\/p>\n\n\n\n<p>Jo dalyvavimas \"Agile\" bendruomen\u0117je, \u012fskaitant dalyvavim\u0105 kuriant ir pasira\u0161ant \u012fvairius \"Agile\" manifestus, tur\u0117jo \u012ftakos dinami\u0161kam ir lanks\u010diam TEBL po\u017ei\u016briui, skirtam prisitaikyti prie greit\u0173 verslo poky\u010di\u0173. Profesorius Hormaza Dow, dirb\u0119s rinkodaros ir technologini\u0173 projekt\u0173 valdymo srityje didel\u0117se korporacijose ir baig\u0119s verslo ir \u0161vietimo technologij\u0173 studijas Konkordijos universitete, pareng\u0117 TEBL mokymo program\u0105, kurioje derinama angl\u0173 kalba akademiniams tikslams (angl. English for Academic Purposes, EAP) ir angl\u0173 kalba profesiniams tikslams (angl. English for Occupational Purposes, EOP). Nuo pat savo veiklos prad\u017eios TEBL \u012fsitvirtino organizacijose ir priva\u010diose vadov\u0173 pamokose, nuolat tobul\u0117dama, kad atitikt\u0173 \u0161iuolaikinius verslo poreikius realiame pasaulyje.<\/p>","protected":false},"excerpt":{"rendered":"<p>Teaching English as a Business Language (TEBL) was created in 2017 by Professor Thomas Hormaza Dow, a Canadian Business Agility Researcher and Educator based in Montreal. Recognizing a need for specialized English instruction tailored for the Business World, Professor Hormaza Dow drew on his Academic and Corporate experiences to develop TEBL. He has taught at [&hellip;]<\/p>","protected":false},"author":1,"featured_media":0,"parent":0,"menu_order":0,"comment_status":"closed","ping_status":"closed","template":"","meta":{"footnotes":""},"class_list":["post-96","page","type-page","status-publish","hentry"],"_links":{"self":[{"href":"https:\/\/tebl.education\/lt\/wp-json\/wp\/v2\/pages\/96","targetHints":{"allow":["GET"]}}],"collection":[{"href":"https:\/\/tebl.education\/lt\/wp-json\/wp\/v2\/pages"}],"about":[{"href":"https:\/\/tebl.education\/lt\/wp-json\/wp\/v2\/types\/page"}],"author":[{"embeddable":true,"href":"https:\/\/tebl.education\/lt\/wp-json\/wp\/v2\/users\/1"}],"replies":[{"embeddable":true,"href":"https:\/\/tebl.education\/lt\/wp-json\/wp\/v2\/comments?post=96"}],"version-history":[{"count":1,"href":"https:\/\/tebl.education\/lt\/wp-json\/wp\/v2\/pages\/96\/revisions"}],"predecessor-version":[{"id":97,"href":"https:\/\/tebl.education\/lt\/wp-json\/wp\/v2\/pages\/96\/revisions\/97"}],"wp:attachment":[{"href":"https:\/\/tebl.education\/lt\/wp-json\/wp\/v2\/media?parent=96"}],"curies":[{"name":"wp","href":"https:\/\/api.w.org\/{rel}","templated":true}]}}