{"id":21,"date":"2024-06-23T14:24:21","date_gmt":"2024-06-23T18:24:21","guid":{"rendered":"https:\/\/tebl.education\/?page_id=21"},"modified":"2024-07-24T11:09:26","modified_gmt":"2024-07-24T15:09:26","slug":"about-tebl","status":"publish","type":"page","link":"https:\/\/tebl.education\/pl\/","title":{"rendered":"O TEBL"},"content":{"rendered":"<p><\/p>\n\n\n\n<h2 class=\"wp-block-heading\">TEBL to metoda nauczania j\u0119zyka angielskiego w biznesie, kt\u00f3ra pomaga ludziom biznesu uczy\u0107 si\u0119 angielskiego<\/h2>\n\n\n\n<p><\/p>\n\n\n\n<p>We wsp\u00f3\u0142czesnym globalnym \u015brodowisku biznesowym j\u0119zyk angielski sta\u0142 si\u0119 lingua franca handlu, co sprawia, \u017ce bieg\u0142o\u015b\u0107 w j\u0119zyku angielskim specyficznym dla biznesu jest niezb\u0119dna zar\u00f3wno dla sukcesu akademickiego, jak i awansu zawodowego. Nauczanie j\u0119zyka angielskiego jako j\u0119zyka biznesu (TEBL) zosta\u0142o opracowane w celu zaspokojenia tej potrzeby poprzez integracj\u0119 element\u00f3w j\u0119zyka angielskiego do cel\u00f3w akademickich (EAP) i j\u0119zyka angielskiego do cel\u00f3w zawodowych (EOP). To innowacyjne podej\u015bcie zapewnia, \u017ce uczniowie nabywaj\u0105 niezb\u0119dne umiej\u0119tno\u015bci j\u0119zykowe zar\u00f3wno do zastosowa\u0144 akademickich, jak i praktycznych w kontek\u015bcie biznesowym.<\/p>\n\n\n\n<p>TEBL oferuje kompleksowy program nauczania, kt\u00f3ry k\u0142adzie nacisk na jako\u015b\u0107, profesjonalizm i szacunek, zapewniaj\u0105c anga\u017cuj\u0105ce i aktualne do\u015bwiadczenie edukacyjne dostarczane przez wykwalifikowanych i do\u015bwiadczonych nauczycieli. Program koncentruje si\u0119 na przekazywaniu s\u0142ownictwa specyficznego dla biznesu, skutecznym pisaniu i umiej\u0119tno\u015bciach prezentacji, zwi\u0119kszaj\u0105c w ten spos\u00f3b kompetencje komunikacyjne. Ponadto TEBL pomaga prze\u0142ama\u0107 bariery j\u0119zykowe, zwi\u0119kszy\u0107 pewno\u015b\u0107 siebie uczni\u00f3w i poprawi\u0107 wyniki w nauce poprzez zwi\u0119kszenie zrozumienia i zaanga\u017cowania w materia\u0142y szkoleniowe. <\/p>\n\n\n\n<p>Przygotowuj\u0105c student\u00f3w do gotowo\u015bci zawodowej, TEBL oferuje przewag\u0119 konkurencyjn\u0105 w zakresie zapewniania sta\u017cy, miejsc pracy i mo\u017cliwo\u015bci nawi\u0105zywania kontakt\u00f3w. Promuje holistyczne uczenie si\u0119 poprzez w\u0142\u0105czanie interdyscyplinarnych koncepcji biznesowych i wspieranie globalnej perspektywy. Zwinne podej\u015bcie do uczenia si\u0119 TEBL zapewnia zdolno\u015b\u0107 adaptacji i ci\u0105g\u0142e doskonalenie umiej\u0119tno\u015bci j\u0119zykowych, utrzymuj\u0105c uczni\u00f3w na bie\u017c\u0105co ze zmieniaj\u0105cymi si\u0119 praktykami biznesowymi. Ostatecznie TEBL zapewnia ukierunkowane do\u015bwiadczenie edukacyjne z praktycznymi zastosowaniami, co czyni go niezb\u0119dnym elementem wsp\u00f3\u0142czesnej edukacji biznesowej.<\/p>\n\n\n\n<p>TEBL to metodologia nauczania idealnie po\u0142\u0105czona z profesjonalnymi studiami biznesowymi (min. <em>BCom<\/em> Stopie\u0144 naukowy) i\/lub r\u00f3wnowa\u017cne 2-3 lata do\u015bwiadczenia zawodowego, a tak\u017ce jedno lub wi\u0119cej po\u015bwiadcze\u0144 w zakresie nauczania j\u0119zyka angielskiego, takich jak poni\u017csze:<\/p>\n\n\n\n<p><\/p>\n\n\n\n<h3 class=\"wp-block-heading\">1. TESOL (nauczanie j\u0119zyka angielskiego dla os\u00f3b pos\u0142uguj\u0105cych si\u0119 innymi j\u0119zykami)<\/h3>\n\n\n\n<p><strong>Definicja:<\/strong> TESOL to og\u00f3lny termin, kt\u00f3ry obejmuje zar\u00f3wno nauczanie j\u0119zyka angielskiego jako drugiego j\u0119zyka (ESL), jak i nauczanie j\u0119zyka angielskiego jako j\u0119zyka obcego (EFL). Jest cz\u0119sto u\u017cywany zamiennie z TESL i TEFL, ale technicznie obejmuje oba.<\/p>\n\n\n\n<p><strong>Opis:<\/strong> Certyfikat TESOL jest przeznaczony dla nauczycieli, kt\u00f3rzy chc\u0105 uczy\u0107 j\u0119zyka angielskiego osoby nieb\u0119d\u0105ce rodzimymi u\u017cytkownikami j\u0119zyka, zar\u00f3wno w krajach angloj\u0119zycznych (ESL), jak i za granic\u0105 (EFL). Programy TESOL zazwyczaj obejmuj\u0105 szkolenie w zakresie przyswajania j\u0119zyka, metodologii nauczania, planowania lekcji i zarz\u0105dzania klas\u0105.<\/p>\n\n\n\n<h3 class=\"wp-block-heading\">2. TESL (nauczanie j\u0119zyka angielskiego jako drugiego j\u0119zyka)<\/h3>\n\n\n\n<p><strong>Definicja:<\/strong> TESL koncentruje si\u0119 na nauczaniu j\u0119zyka angielskiego os\u00f3b nieb\u0119d\u0105cych rodzimymi u\u017cytkownikami j\u0119zyka, mieszkaj\u0105cych w kraju angloj\u0119zycznym.<\/p>\n\n\n\n<p><strong>Opis:<\/strong> Certyfikat TESL jest idealny dla nauczycieli, kt\u00f3rzy planuj\u0105 pracowa\u0107 z imigrantami lub mi\u0119dzynarodowymi studentami w krajach, w kt\u00f3rych angielski jest j\u0119zykiem dominuj\u0105cym. Program zazwyczaj obejmuje adaptacj\u0119 kulturow\u0105, zaawansowan\u0105 gramatyk\u0119 i techniki nauczania j\u0119zyka angielskiego w wieloj\u0119zycznych klasach.<\/p>\n\n\n\n<h3 class=\"wp-block-heading\">3. TEFL (nauczanie j\u0119zyka angielskiego jako j\u0119zyka obcego)<\/h3>\n\n\n\n<p><strong>Definicja:<\/strong> TEFL zajmuje si\u0119 nauczaniem j\u0119zyka angielskiego dla os\u00f3b nieb\u0119d\u0105cych rodzimymi u\u017cytkownikami j\u0119zyka w krajach, w kt\u00f3rych angielski nie jest j\u0119zykiem podstawowym.<\/p>\n\n\n\n<p><strong>Opis:<\/strong> Certyfikat TEFL jest przeznaczony dla tych, kt\u00f3rzy chc\u0105 uczy\u0107 angielskiego za granic\u0105. Szkolenie cz\u0119sto obejmuje instrukcje dotycz\u0105ce dostosowywania metod nauczania do r\u00f3\u017cnych kontekst\u00f3w kulturowych, opracowywania program\u00f3w nauczania i praktycznego do\u015bwiadczenia w nauczaniu.<\/p>\n\n\n\n<h3 class=\"wp-block-heading\">4. TEYA (nauczanie j\u0119zyka angielskiego m\u0142odych doros\u0142ych)<\/h3>\n\n\n\n<p><strong>Definicja:<\/strong> TEYA specjalizuje si\u0119 w nauczaniu j\u0119zyka angielskiego m\u0142odych doros\u0142ych, zazwyczaj w wieku studenckim.<\/p>\n\n\n\n<p><strong>Opis:<\/strong> Certyfikat TEYA koncentruje si\u0119 na psychologii m\u0142odych doros\u0142ych, technikach nauczania dostosowanych do wieku i dzia\u0142aniach, kt\u00f3re anga\u017cuj\u0105 m\u0142odych doros\u0142ych.<\/p>\n\n\n\n<h3 class=\"wp-block-heading\">5. CELTA (certyfikat w zakresie nauczania j\u0119zyka angielskiego dla doros\u0142ych)<\/h3>\n\n\n\n<p><strong>Definicja:<\/strong> CELTA to uznawany na ca\u0142ym \u015bwiecie certyfikat uprawniaj\u0105cy do nauczania j\u0119zyka angielskiego doros\u0142ych.<\/p>\n\n\n\n<p><strong>Opis:<\/strong> Administrowany przez Cambridge Assessment English, CELTA jest wysoko ceniony i powszechnie uznawany. Kurs obejmuje rygorystyczne po\u0142\u0105czenie teorii i praktycznego do\u015bwiadczenia w nauczaniu, koncentruj\u0105c si\u0119 na zasadach uczenia si\u0119 doros\u0142ych, rozwoju umiej\u0119tno\u015bci j\u0119zykowych i skutecznych strategiach nauczania.<\/p>\n\n\n\n<h3 class=\"wp-block-heading\">6. DELTA (dyplom z nauczania j\u0119zyka angielskiego dla doros\u0142ych)<\/h3>\n\n\n\n<p><strong>Definicja:<\/strong> DELTA to zaawansowana kwalifikacja dla do\u015bwiadczonych nauczycieli j\u0119zyka angielskiego.<\/p>\n\n\n\n<p><strong>Opis:<\/strong> DELTA, r\u00f3wnie\u017c administrowany przez Cambridge Assessment English, jest kwalifikacj\u0105 wy\u017cszego poziomu, kt\u00f3ra opiera si\u0119 na umiej\u0119tno\u015bciach nabytych przez CELTA lub r\u00f3wnowa\u017cne do\u015bwiadczenie. Obejmuje modu\u0142y dotycz\u0105ce teorii i praktyki, rozwoju zawodowego i specjalizacji w obszarach takich jak angielski biznesowy lub angielski do cel\u00f3w akademickich.<\/p>\n\n\n\n<h3 class=\"wp-block-heading\">7. TEFLi (TEFL International)<\/h3>\n\n\n\n<p><strong>Definicja:<\/strong> Certyfikaty TEFLi s\u0105 oferowane przez r\u00f3\u017cne organizacje i instytucje na ca\u0142ym \u015bwiecie, zapewniaj\u0105c standardowe szkolenia w zakresie nauczania j\u0119zyka angielskiego za granic\u0105.<\/p>\n\n\n\n<p><strong>Opis:<\/strong> Programy TEFLi zazwyczaj oferuj\u0105 po\u0142\u0105czenie szkole\u0144 online i osobistych, w tym zarz\u0105dzanie klas\u0105, planowanie lekcji i praktyk\u0119 nauczania. Jako\u015b\u0107 i rozpoznawalno\u015b\u0107 certyfikat\u00f3w TEFLi mo\u017ce si\u0119 r\u00f3\u017cni\u0107, dlatego wa\u017cne jest, aby wybra\u0107 renomowanego dostawc\u0119.<\/p>\n\n\n\n<h3 class=\"wp-block-heading\">8. TEFLA (Nauczanie j\u0119zyka angielskiego jako j\u0119zyka obcego dla doros\u0142ych)<\/h3>\n\n\n\n<p><strong>Definicja:<\/strong> TEFLA to inny termin u\u017cywany w odniesieniu do certyfikat\u00f3w koncentruj\u0105cych si\u0119 na nauczaniu j\u0119zyka angielskiego doros\u0142ych uczni\u00f3w, cz\u0119sto zamiennie z TEFL.<\/p>\n\n\n\n<p><strong>Opis:<\/strong> Programy TEFLA k\u0142ad\u0105 nacisk na zasady edukacji doros\u0142ych, projektowanie program\u00f3w nauczania dla doros\u0142ych uczni\u00f3w oraz techniki anga\u017cowania doros\u0142ych uczni\u00f3w w proces uczenia si\u0119.<\/p>\n\n\n\n<h3 class=\"wp-block-heading\">9. EFL (angielski jako j\u0119zyk obcy)<\/h3>\n\n\n\n<p><strong>Definicja:<\/strong> EFL odnosi si\u0119 do nauczania j\u0119zyka angielskiego dla os\u00f3b nieb\u0119d\u0105cych rodzimymi u\u017cytkownikami j\u0119zyka w krajach, w kt\u00f3rych angielski nie jest j\u0119zykiem podstawowym.<\/p>\n\n\n\n<p><strong>Opis:<\/strong> Certyfikaty EFL, takie jak TEFL, przygotowuj\u0105 nauczycieli do pracy w r\u00f3\u017cnych \u015brodowiskach kulturowych, koncentruj\u0105c si\u0119 na umiej\u0119tno\u015bciach j\u0119zykowych, metodologii nauczania i wra\u017cliwo\u015bci kulturowej.<\/p>\n\n\n\n<h3 class=\"wp-block-heading\">10. ESL (angielski jako drugi j\u0119zyk)<\/h3>\n\n\n\n<p><strong>Definicja:<\/strong> ESL koncentruje si\u0119 na nauczaniu j\u0119zyka angielskiego dla os\u00f3b nieb\u0119d\u0105cych rodzimymi u\u017cytkownikami j\u0119zyka w krajach angloj\u0119zycznych.<\/p>\n\n\n\n<p><strong>Opis:<\/strong> Podobnie jak w przypadku TESL, certyfikaty ESL wyposa\u017caj\u0105 nauczycieli w umiej\u0119tno\u015bci pomagaj\u0105ce uczniom w integracji ze \u015brodowiskiem angloj\u0119zycznym, k\u0142ad\u0105c nacisk na nauk\u0119 j\u0119zyka, adaptacj\u0119 kulturow\u0105 i praktyczne u\u017cycie j\u0119zyka. <\/p>\n\n\n\n<p><\/p>\n\n\n\n<p><\/p>\n\n\n\n<figure class=\"wp-block-embed is-type-video is-provider-youtube wp-block-embed-youtube wp-embed-aspect-16-9 wp-has-aspect-ratio\"><div class=\"wp-block-embed__wrapper\">\n<iframe loading=\"lazy\" title=\"TEBL Teaching English Business Language Wprowadzenie - Ewolucja zwinnej edukacji\" width=\"580\" height=\"326\" src=\"https:\/\/www.youtube.com\/embed\/lzNj70cY47c?feature=oembed\" frameborder=\"0\" allow=\"accelerometer; autoplay; clipboard-write; encrypted-media; gyroscope; picture-in-picture; web-share\" referrerpolicy=\"strict-origin-when-cross-origin\" allowfullscreen><\/iframe>\n<\/div><figcaption class=\"wp-element-caption\">Film wprowadzaj\u0105cy do TEBL<\/figcaption><\/figure>\n\n\n\n<p><\/p>\n\n\n\n<h3 class=\"wp-block-heading\"><a>S\u0142owa kluczowe<\/a><\/h3>\n\n\n\n<ul class=\"wp-block-list\">\n<li>Nauczanie j\u0119zyka angielskiego jako j\u0119zyka biznesowego (TEBL)<\/li>\n\n\n\n<li>Angielski do okre\u015blonych cel\u00f3w (ESP)<\/li>\n\n\n\n<li>Angielski dla cel\u00f3w akademickich (EAP)<\/li>\n\n\n\n<li>Angielski do cel\u00f3w zawodowych (EOP)<\/li>\n\n\n\n<li>Angielski biznesowy<\/li>\n\n\n\n<li>Sukces akademicki<\/li>\n\n\n\n<li>Gotowo\u015b\u0107 zawodowa<\/li>\n\n\n\n<li>Globalny biznes<\/li>\n<\/ul>\n\n\n\n<h3 class=\"wp-block-heading\"><a>Misja<\/a><\/h3>\n\n\n\n<ul class=\"wp-block-list\">\n<li><strong>Nauczanie angielskiego jako j\u0119zyka biznesowego<\/strong><\/li>\n<\/ul>\n\n\n\n<h3 class=\"wp-block-heading\"><a>Wizja<\/a><\/h3>\n\n\n\n<ul class=\"wp-block-list\">\n<li><strong>Wspieranie sukcesu w biznesie poprzez ukierunkowan\u0105 znajomo\u015b\u0107 j\u0119zyka angielskiego<\/strong><\/li>\n<\/ul>\n\n\n\n<h3 class=\"wp-block-heading\"><a>Warto\u015bci<\/a><\/h3>\n\n\n\n<ul class=\"wp-block-list\">\n<li><strong>Jako\u015b\u0107<\/strong>: Anga\u017cuj\u0105cy, aktualny i skuteczny program nauczania oparty na sprawdzonych podstawach edukacyjnych, umo\u017cliwiaj\u0105cy nauk\u0119.<\/li>\n\n\n\n<li><strong>Profesjonalizm<\/strong>: Koncentracja na j\u0119zyku angielskim do konkretnych cel\u00f3w, prowadzona przez wykwalifikowanych (ESL, TESL, TESOL, TEFL, cz\u0142onk\u00f3w IATEFL) i do\u015bwiadczonych nauczycieli biznesu i j\u0119zyka angielskiego.<\/li>\n\n\n\n<li><strong>Znaczenie<\/strong>: Szacunek dla ucznia i skupienie si\u0119 na stosowanym biznesowym j\u0119zyku angielskim, umo\u017cliwiaj\u0105c uczniom szybkie wykorzystanie wiedzy i umiej\u0119tno\u015bci potrzebnych w prawdziwym \u015bwiecie biznesu.<\/li>\n<\/ul>\n\n\n\n<p><\/p>\n\n\n\n<p>We wsp\u00f3\u0142czesnym globalnym \u015brodowisku biznesowym j\u0119zyk angielski sta\u0142 si\u0119 lingua franca handlu, co wymaga bieg\u0142ej znajomo\u015bci j\u0119zyka angielskiego specyficznego dla biznesu, zar\u00f3wno w celu osi\u0105gni\u0119cia sukcesu akademickiego, jak i awansu zawodowego. Nauczanie j\u0119zyka angielskiego jako j\u0119zyka biznesowego (TEBL) reprezentuje specjalistyczne podej\u015bcie w szerszych ramach j\u0119zyka angielskiego do okre\u015blonych cel\u00f3w (ESP). Integruj\u0105c elementy zar\u00f3wno angielskiego do cel\u00f3w akademickich (EAP), jak i angielskiego do cel\u00f3w zawodowych (EOP), TEBL oferuje kompleksowe rozwi\u0105zanie dostosowane do potrzeb student\u00f3w i profesjonalist\u00f3w biznesowych.<\/p>\n\n\n\n<h3 class=\"wp-block-heading\"><a>Zrozumienie ESP, EAP i EOP<\/a><\/h3>\n\n\n\n<p>Angielski do okre\u015blonych cel\u00f3w (ESP) to ukierunkowane podej\u015bcie do nauczania j\u0119zyka, kt\u00f3re zaspokaja specyficzne potrzeby j\u0119zykowe uczni\u00f3w w okre\u015blonych dziedzinach, w tym w \u015brodowisku akademickim i r\u00f3\u017cnych dziedzinach zawodowych. ESP tradycyjnie dzieli si\u0119 na dwie g\u0142\u00f3wne ga\u0142\u0119zie:<\/p>\n\n\n\n<p><strong>Angielski dla cel\u00f3w akademickich (EAP)<\/strong><\/p>\n\n\n\n<p><strong>Koncentracja<\/strong>: EAP koncentruje si\u0119 na umiej\u0119tno\u015bciach j\u0119zykowych niezb\u0119dnych do osi\u0105gni\u0119cia sukcesu akademickiego, takich jak pisanie prac naukowych, udzia\u0142 w seminariach i rozumienie wyk\u0142ad\u00f3w akademickich.<\/p>\n\n\n\n<p><strong>Czasopisma i badania<\/strong>: Znacz\u0105ce badania w zakresie EAP s\u0105 publikowane w czasopismach takich jak <em>Angielski dla okre\u015blonych cel\u00f3w<\/em> i <em>Journal of English for Academic Purposes<\/em>. Nacisk na EAP w ramach ESP wynika z powi\u0105zania wielu badaczy ESP z instytucjami akademickimi i silnego zapotrzebowania na umiej\u0119tno\u015bci EAP w\u015br\u00f3d student\u00f3w.<\/p>\n\n\n\n<p><strong>Docelowi odbiorcy<\/strong>: Studenci i pracownicy naukowi, kt\u00f3rzy potrzebuj\u0105 zaawansowanej znajomo\u015bci j\u0119zyka angielskiego, aby rozwija\u0107 si\u0119 w swoich dzia\u0142aniach edukacyjnych.<\/p>\n\n\n\n<p><strong>Angielski do cel\u00f3w zawodowych (EOP)<\/strong><\/p>\n\n\n\n<p><strong>Koncentracja<\/strong>: EOP odnosi si\u0119 do umiej\u0119tno\u015bci j\u0119zykowych potrzebnych w \u015brodowisku zawodowym i miejscu pracy, w tym do konkretnych r\u00f3l biznesowych, takich jak marketing, finanse i zasoby ludzkie.<\/p>\n\n\n\n<p><strong>Czasopisma i badania<\/strong>: Chocia\u017c nie ma dedykowanego czasopisma po\u015bwi\u0119conego wy\u0142\u0105cznie EOP, odpowiednie badania mo\u017cna znale\u017a\u0107 w publikacjach takich jak <em>Angielski dla okre\u015blonych cel\u00f3w<\/em>.<\/p>\n\n\n\n<p><strong>Docelowi odbiorcy<\/strong>: Profesjonali\u015bci, kt\u00f3rzy potrzebuj\u0105 umiej\u0119tno\u015bci j\u0119zyka angielskiego dostosowanych do ich konkretnych r\u00f3l zawodowych i bran\u017c.<\/p>\n\n\n\n<p><\/p>\n\n\n\n<h3 class=\"wp-block-heading\"><a>TEBL: Integracja EAP i EOP dla edukacji biznesowej<\/a><\/h3>\n\n\n\n<p>TEBL w unikalny spos\u00f3b \u0142\u0105czy mocne strony EAP i EOP, aby zaspokoi\u0107 r\u00f3\u017cne potrzeby student\u00f3w biznesu i profesjonalist\u00f3w. Ta integracja zapewnia, \u017ce uczniowie zdobywaj\u0105 zar\u00f3wno akademickie, jak i praktyczne umiej\u0119tno\u015bci j\u0119zykowe niezb\u0119dne do odniesienia sukcesu.<\/p>\n\n\n\n<h4 class=\"wp-block-heading\">Z EAP:<\/h4>\n\n\n\n<ul class=\"wp-block-list\">\n<li><strong>Umiej\u0119tno\u015bci akademickie dla studi\u00f3w biznesowych<\/strong>: TEBL obejmuje akademickie umiej\u0119tno\u015bci j\u0119zyka angielskiego niezb\u0119dne w studiach biznesowych, takie jak analizowanie tekst\u00f3w biznesowych, pisanie artyku\u0142\u00f3w akademickich i prezentowanie wynik\u00f3w bada\u0144.<\/li>\n\n\n\n<li><strong>Badania i zastosowanie teorii<\/strong>: Uczniowie anga\u017cuj\u0105 si\u0119 w literatur\u0119 akademick\u0105, stosuj\u0105 teorie biznesowe i uczestnicz\u0105 w dyskusjach naukowych, co ma kluczowe znaczenie dla rozwoju akademickiego i zawodowego.<\/li>\n<\/ul>\n\n\n\n<h4 class=\"wp-block-heading\">Z EOP:<\/h4>\n\n\n\n<ul class=\"wp-block-list\">\n<li><strong>Praktyczna komunikacja biznesowa<\/strong>: TEBL k\u0142adzie nacisk na praktyczne umiej\u0119tno\u015bci j\u0119zykowe wymagane w \u015bwiecie biznesu, w tym sporz\u0105dzanie raport\u00f3w, pisanie profesjonalnych e-maili, negocjowanie um\u00f3w i prowadzenie prezentacji.<\/li>\n\n\n\n<li><strong>S\u0142ownictwo bran\u017cowe<\/strong>: Koncentruje si\u0119 na terminologii i u\u017cywaniu j\u0119zyka specyficznego dla r\u00f3\u017cnych r\u00f3l biznesowych, umo\u017cliwiaj\u0105c skuteczn\u0105 komunikacj\u0119 w kontek\u015bcie zawodowym.<\/li>\n<\/ul>\n\n\n\n<h3 class=\"wp-block-heading\"><a>Korzy\u015bci z TEBL dla przysz\u0142ych student\u00f3w biznesu<\/a><\/h3>\n\n\n\n<p>Studenci biznesu mog\u0105 znacznie zyska\u0107 na przegl\u0105dzie kursu TEBL przed rozpocz\u0119ciem studi\u00f3w. Kluczowe korzy\u015bci obejmuj\u0105:<\/p>\n\n\n\n<p><strong>Ulepszone umiej\u0119tno\u015bci komunikacyjne<\/strong><\/p>\n\n\n\n<p><strong>S\u0142ownictwo biznesowe<\/strong>: Kursy TEBL koncentruj\u0105 si\u0119 na nauczaniu angielskiego s\u0142ownictwa i terminologii specyficznej dla kontekstu biznesowego. Pomaga to uczniom zrozumie\u0107 i skutecznie u\u017cywa\u0107 j\u0119zyka podczas studi\u00f3w i przysz\u0142ej kariery.<\/p>\n\n\n\n<p><strong>Skuteczne pisanie<\/strong>: Uczniowie ucz\u0105 si\u0119 pisa\u0107 jasne i zwi\u0119z\u0142e raporty biznesowe, e-maile i inne dokumenty, kt\u00f3re s\u0105 kluczowymi umiej\u0119tno\u015bciami zar\u00f3wno w \u015brodowisku akademickim, jak i zawodowym.<\/p>\n\n\n\n<p><strong>Umiej\u0119tno\u015bci prezentacji<\/strong>: Kursy TEBL cz\u0119sto obejmuj\u0105 szkolenie w zakresie prezentowania pomys\u0142\u00f3w w spos\u00f3b pewny i jasny, co jest istotn\u0105 umiej\u0119tno\u015bci\u0105 dla student\u00f3w biznesu.<\/p>\n\n\n\n<p><strong>Zwi\u0119kszona pewno\u015b\u0107 siebie<\/strong><\/p>\n\n\n\n<p><strong>Zmniejszone bariery j\u0119zykowe<\/strong>: Studenci, dla kt\u00f3rych j\u0119zyk angielski nie jest j\u0119zykiem ojczystym, mog\u0105 zmniejszy\u0107 niepok\u00f3j zwi\u0105zany z j\u0119zykiem i aktywniej uczestniczy\u0107 w dyskusjach klasowych, projektach grupowych i prezentacjach.<\/p>\n\n\n\n<p><strong>Gotowo\u015b\u0107<\/strong>: Maj\u0105c solidne podstawy biznesowego j\u0119zyka angielskiego, studenci mog\u0105 podchodzi\u0107 do swoich studi\u00f3w z wi\u0119ksz\u0105 pewno\u015bci\u0105 siebie, wiedz\u0105c, \u017ce s\u0105 przygotowani do radzenia sobie z wymaganiami j\u0119zykowymi zwi\u0105zanymi z ich zaj\u0119ciami.<\/p>\n\n\n\n<p><strong>Potencjalne wyniki w nauce<\/strong><\/p>\n\n\n\n<p><strong>Zrozumienie<\/strong>: Mo\u017ce skutkowa\u0107 lepszym zrozumieniem wyk\u0142ad\u00f3w, lektur i zada\u0144, kt\u00f3re cz\u0119sto wykorzystuj\u0105 z\u0142o\u017con\u0105 terminologi\u0119 biznesow\u0105.<\/p>\n\n\n\n<p><strong>Zaanga\u017cowanie<\/strong>: Mo\u017ce zapewni\u0107 wi\u0119ksz\u0105 zdolno\u015b\u0107 do g\u0142\u0119bszego zaanga\u017cowania si\u0119 w materia\u0142y szkoleniowe i dyskusje, prowadz\u0105c do bogatszego do\u015bwiadczenia edukacyjnego.<\/p>\n\n\n\n<p><strong>Gotowo\u015b\u0107 zawodowa<\/strong><\/p>\n\n\n\n<p><strong>Sta\u017ce i miejsca pracy<\/strong>: Wiele program\u00f3w biznesowych obejmuje sta\u017ce i praktyki zawodowe jako cz\u0119\u015b\u0107 programu nauczania. Bieg\u0142a znajomo\u015b\u0107 biznesowego j\u0119zyka angielskiego mo\u017ce sprawi\u0107, \u017ce studenci b\u0119d\u0105 bardziej konkurencyjnymi kandydatami na te mo\u017cliwo\u015bci.<\/p>\n\n\n\n<p><strong>Tworzenie sieci<\/strong>: Umiej\u0119tno\u015b\u0107 skutecznego komunikowania si\u0119 w \u015brodowisku biznesowym pomaga uczniom budowa\u0107 profesjonalne sieci kontakt\u00f3w, kt\u00f3re s\u0105 niezb\u0119dne do rozwoju kariery.<\/p>\n\n\n\n<p><strong>Holistyczne uczenie si\u0119<\/strong><\/p>\n\n\n\n<p><strong>Interdyscyplinarne zrozumienie<\/strong>: Studia biznesowe cz\u0119sto integruj\u0105 koncepcje z r\u00f3\u017cnych dyscyplin, takich jak ekonomia, marketing, finanse i zarz\u0105dzanie. Kursy TEBL pomagaj\u0105 uczniom zrozumie\u0107 i wyrazi\u0107 te interdyscyplinarne powi\u0105zania w j\u0119zyku angielskim.<\/p>\n\n\n\n<p><strong>Globalna perspektywa<\/strong>: Biznes staje si\u0119 coraz bardziej globalny. Opanowanie biznesowego j\u0119zyka angielskiego pozwala studentom anga\u017cowa\u0107 si\u0119 w mi\u0119dzynarodowe studia przypadk\u00f3w, wsp\u00f3\u0142pracowa\u0107 z r\u00f3wie\u015bnikami z r\u00f3\u017cnych kraj\u00f3w i rozumie\u0107 globalne trendy biznesowe.<\/p>\n\n\n\n<p><strong>Zwinne podej\u015bcie do nauki<\/strong><\/p>\n\n\n\n<p><strong>Zdolno\u015b\u0107 adaptacji<\/strong>: TEBL k\u0142adzie nacisk na zwinn\u0105 edukacj\u0119, co oznacza, \u017ce uczniowie ucz\u0105 si\u0119 szybko dostosowywa\u0107 do nowych informacji i sytuacji, co jest kluczow\u0105 umiej\u0119tno\u015bci\u0105 w szybko zmieniaj\u0105cym si\u0119 \u015bwiecie biznesu.<\/p>\n\n\n\n<p><strong>Ci\u0105g\u0142e doskonalenie<\/strong>: Iteracyjny charakter zwinnego uczenia si\u0119 zach\u0119ca uczni\u00f3w do ci\u0105g\u0142ego doskonalenia swoich umiej\u0119tno\u015bci j\u0119zykowych, utrzymuj\u0105c ich na bie\u017c\u0105co ze zmieniaj\u0105cymi si\u0119 praktykami biznesowymi.<\/p>\n\n\n\n<p><strong>Oszcz\u0119dno\u015b\u0107 czasu dzi\u0119ki nauce przydatnego biznesowego j\u0119zyka angielskiego<\/strong><\/p>\n\n\n\n<p><strong>Ukierunkowana nauka<\/strong>: Zamiast sp\u0119dza\u0107 czas na nauce og\u00f3lnego angielskiego, uczniowie mog\u0105 skoncentrowa\u0107 si\u0119 na konkretnych umiej\u0119tno\u015bciach j\u0119zykowych potrzebnych w biznesie, dzi\u0119ki czemu ich proces uczenia si\u0119 jest bardziej efektywny.<\/p>\n\n\n\n<p><strong>Praktyczne zastosowanie<\/strong>: Kursy TEBL umo\u017cliwiaj\u0105 studentom natychmiastowe rozpocz\u0119cie stosowania biznesowego j\u0119zyka angielskiego poprzez praktyczne \u0107wiczenia i rzeczywiste scenariusze, zapewniaj\u0105c, \u017ce umiej\u0119tno\u015bci, kt\u00f3rych si\u0119 ucz\u0105, s\u0105 bezpo\u015brednio zwi\u0105zane z ich studiami i przysz\u0142\u0105 karier\u0105.<\/p>\n\n\n\n<p><strong>Kompleksowy przegl\u0105d kluczowych temat\u00f3w biznesowych<\/strong><\/p>\n\n\n\n<p><strong>Szeroka baza wiedzy<\/strong>: Wybieraj\u0105c z listy wielu podstawowych temat\u00f3w biznesowych, studenci zyskuj\u0105 szerokie zrozumienie podstawowych koncepcji biznesowych, kt\u00f3re mog\u0105 s\u0142u\u017cy\u0107 jako podstawa do bardziej zaawansowanych studi\u00f3w.<\/p>\n\n\n\n<p><strong>Aktualne znaczenie<\/strong>: Poruszane tematy s\u0105 dostosowane do najwa\u017cniejszych wsp\u00f3\u0142czesnych zagadnie\u0144 biznesowych, dzi\u0119ki czemu studenci s\u0105 dobrze poinformowani o wsp\u00f3\u0142czesnych praktykach i trendach biznesowych.<\/p>\n\n\n\n<p><\/p>\n\n\n\n<h3 class=\"wp-block-heading\"><a>Przyk\u0142adowe tematy w kursie TEBL dla przysz\u0142ych student\u00f3w MBA<\/a><\/h3>\n\n\n\n<ul class=\"wp-block-list\">\n<li>Cele biznesowe<\/li>\n\n\n\n<li>Przyw\u00f3dztwo i zarz\u0105dzanie<\/li>\n\n\n\n<li>Ekonomia J\u0119zyk<\/li>\n\n\n\n<li>J\u0119zyk rachunkowo\u015bci<\/li>\n\n\n\n<li>J\u0119zyk finans\u00f3w<\/li>\n\n\n\n<li>J\u0119zyk \u0142a\u0144cucha dostaw<\/li>\n\n\n\n<li>J\u0119zyk zarz\u0105dzania operacjami<\/li>\n\n\n\n<li>J\u0119zyk zarz\u0105dzania zasobami ludzkimi<\/li>\n\n\n\n<li>J\u0119zyk zarz\u0105dzania sprzeda\u017c\u0105<\/li>\n\n\n\n<li>J\u0119zyk marketingowy<\/li>\n<\/ul>\n\n\n\n<p><\/p>\n\n\n\n<figure class=\"wp-block-image size-full\"><img loading=\"lazy\" decoding=\"async\" width=\"600\" height=\"300\" src=\"https:\/\/tebl.education\/wp-content\/uploads\/2024\/06\/TEBL-logo-600x300-1.png\" alt=\"TEBL Nauczanie j\u0119zyka angielskiego jako j\u0119zyka biznesowego\" class=\"wp-image-19\" srcset=\"https:\/\/tebl.education\/wp-content\/uploads\/2024\/06\/TEBL-logo-600x300-1.png 600w, https:\/\/tebl.education\/wp-content\/uploads\/2024\/06\/TEBL-logo-600x300-1-300x150.png 300w, https:\/\/tebl.education\/wp-content\/uploads\/2024\/06\/TEBL-logo-600x300-1-18x9.png 18w\" sizes=\"auto, (max-width: 600px) 100vw, 600px\" \/><figcaption class=\"wp-element-caption\">TEBL Nauczanie j\u0119zyka angielskiego jako j\u0119zyka biznesowego<\/figcaption><\/figure>","protected":false},"excerpt":{"rendered":"<p>TEBL is a Business English Teaching Method to Help Business People Learn English In the contemporary global business environment, English has emerged as the lingua franca of commerce, making proficiency in business-specific English essential for both academic success and professional advancement. Teaching English as a Business Language (TEBL) was developed to address this need by [&hellip;]<\/p>","protected":false},"author":1,"featured_media":76,"parent":0,"menu_order":0,"comment_status":"closed","ping_status":"closed","template":"","meta":{"footnotes":""},"class_list":["post-21","page","type-page","status-publish","has-post-thumbnail","hentry"],"_links":{"self":[{"href":"https:\/\/tebl.education\/pl\/wp-json\/wp\/v2\/pages\/21","targetHints":{"allow":["GET"]}}],"collection":[{"href":"https:\/\/tebl.education\/pl\/wp-json\/wp\/v2\/pages"}],"about":[{"href":"https:\/\/tebl.education\/pl\/wp-json\/wp\/v2\/types\/page"}],"author":[{"embeddable":true,"href":"https:\/\/tebl.education\/pl\/wp-json\/wp\/v2\/users\/1"}],"replies":[{"embeddable":true,"href":"https:\/\/tebl.education\/pl\/wp-json\/wp\/v2\/comments?post=21"}],"version-history":[{"count":5,"href":"https:\/\/tebl.education\/pl\/wp-json\/wp\/v2\/pages\/21\/revisions"}],"predecessor-version":[{"id":153,"href":"https:\/\/tebl.education\/pl\/wp-json\/wp\/v2\/pages\/21\/revisions\/153"}],"wp:featuredmedia":[{"embeddable":true,"href":"https:\/\/tebl.education\/pl\/wp-json\/wp\/v2\/media\/76"}],"wp:attachment":[{"href":"https:\/\/tebl.education\/pl\/wp-json\/wp\/v2\/media?parent=21"}],"curies":[{"name":"wp","href":"https:\/\/api.w.org\/{rel}","templated":true}]}}