{"id":96,"date":"2024-06-25T11:41:13","date_gmt":"2024-06-25T15:41:13","guid":{"rendered":"https:\/\/tebl.education\/?page_id=96"},"modified":"2024-06-25T11:41:15","modified_gmt":"2024-06-25T15:41:15","slug":"tebl-author","status":"publish","type":"page","link":"https:\/\/tebl.education\/ro\/tebl-author\/","title":{"rendered":"TEBL Autor"},"content":{"rendered":"<p><\/p>\n\n\n\n<p>Teaching English as a Business Language (TEBL) a fost creat \u00een 2017 de profesorul Thomas Hormaza Dow, un cercet\u0103tor \u0219i educator canadian \u00een domeniul agilit\u0103\u021bii afacerilor, cu sediul \u00een Montreal. Recunosc\u00e2nd o nevoie de instruire specializat\u0103 \u00een limba englez\u0103 adaptat\u0103 pentru lumea afacerilor, profesorul Hormaza Dow s-a bazat pe experien\u021bele sale academice \u0219i corporative pentru a dezvolta TEBL. El a predat la Champlain College, York University \u0219i Concordia University \u0219i a vorbit la institu\u021bii precum McGill \u0219i University of Toronto.<\/p>\n\n\n\n<p>Profesorul Hormaza Dow s-a asigurat c\u0103 TEBL va fi \u00eenr\u0103d\u0103cinat \u00een Agilitatea Educa\u021biei, a aplicat practicile Agile de predare \u0219i \u00eenv\u0103\u021bare \u00een crearea \u0219i evolu\u021bia acestei abord\u0103ri educa\u021bionale \u00een limba englez\u0103 de afaceri.<\/p>\n\n\n\n<p>Implicarea sa \u00een comunitatea Agile, inclusiv \u00een calitate de co-creator \u0219i semnatar al diferitelor Manifeste Agile, a influen\u021bat abordarea dinamic\u0103 \u0219i flexibil\u0103 a TEBL, conceput\u0103 pentru a se adapta la schimb\u0103rile rapide din afaceri. Datorit\u0103 experien\u021bei sale \u00een marketing \u0219i managementul proiectelor tehnologice \u00een cadrul marilor corpora\u021bii, precum \u0219i a cercet\u0103rii sale universitare \u00een afaceri \u0219i tehnologie educa\u021bional\u0103 la Universitatea Concordia, profesorul Hormaza Dow a conceput programa TEBL pentru a combina engleza \u00een scopuri academice (EAP) \u0219i engleza \u00een scopuri profesionale (EOP). De la lansarea sa, TEBL a c\u00e2\u0219tigat trac\u021biune \u00een organiza\u021bii \u0219i \u00een medita\u021bii private pentru executivi, evolu\u00e2nd continuu pentru a satisface nevoile moderne de afaceri pentru lumea real\u0103.<\/p>","protected":false},"excerpt":{"rendered":"<p>Teaching English as a Business Language (TEBL) was created in 2017 by Professor Thomas Hormaza Dow, a Canadian Business Agility Researcher and Educator based in Montreal. Recognizing a need for specialized English instruction tailored for the Business World, Professor Hormaza Dow drew on his Academic and Corporate experiences to develop TEBL. He has taught at [&hellip;]<\/p>","protected":false},"author":1,"featured_media":0,"parent":0,"menu_order":0,"comment_status":"closed","ping_status":"closed","template":"","meta":{"footnotes":""},"class_list":["post-96","page","type-page","status-publish","hentry"],"_links":{"self":[{"href":"https:\/\/tebl.education\/ro\/wp-json\/wp\/v2\/pages\/96","targetHints":{"allow":["GET"]}}],"collection":[{"href":"https:\/\/tebl.education\/ro\/wp-json\/wp\/v2\/pages"}],"about":[{"href":"https:\/\/tebl.education\/ro\/wp-json\/wp\/v2\/types\/page"}],"author":[{"embeddable":true,"href":"https:\/\/tebl.education\/ro\/wp-json\/wp\/v2\/users\/1"}],"replies":[{"embeddable":true,"href":"https:\/\/tebl.education\/ro\/wp-json\/wp\/v2\/comments?post=96"}],"version-history":[{"count":1,"href":"https:\/\/tebl.education\/ro\/wp-json\/wp\/v2\/pages\/96\/revisions"}],"predecessor-version":[{"id":97,"href":"https:\/\/tebl.education\/ro\/wp-json\/wp\/v2\/pages\/96\/revisions\/97"}],"wp:attachment":[{"href":"https:\/\/tebl.education\/ro\/wp-json\/wp\/v2\/media?parent=96"}],"curies":[{"name":"wp","href":"https:\/\/api.w.org\/{rel}","templated":true}]}}