{"id":96,"date":"2024-06-25T11:41:13","date_gmt":"2024-06-25T15:41:13","guid":{"rendered":"https:\/\/tebl.education\/?page_id=96"},"modified":"2024-06-25T11:41:15","modified_gmt":"2024-06-25T15:41:15","slug":"tebl-author","status":"publish","type":"page","link":"https:\/\/tebl.education\/sk\/tebl-author\/","title":{"rendered":"TEBL Autor"},"content":{"rendered":"<p><\/p>\n\n\n\n<p>V\u00fdu\u010dbu angli\u010dtiny ako obchodn\u00e9ho jazyka (TEBL) vytvoril v roku 2017 profesor Thomas Hormaza Dow, kanadsk\u00fd v\u00fdskumn\u00edk a pedag\u00f3g v oblasti obchodnej agility so s\u00eddlom v Montreale. Profesor Hormaza Dow si uvedomil potrebu \u0161pecializovanej v\u00fdu\u010dby angli\u010dtiny prisp\u00f4sobenej pre svet biznisu a pri v\u00fdvoji TEBL vyu\u017eil svoje akademick\u00e9 a firemn\u00e9 sk\u00fasenosti. Vyu\u010doval na Champlain College, York University a Concordia University a predn\u00e1\u0161al na in\u0161tit\u00faci\u00e1ch ako McGill a University of Toronto.<\/p>\n\n\n\n<p>Profesor Hormaza Dow zabezpe\u010dil, aby TEBL bola zakorenen\u00e1 v agilite vzdel\u00e1vania, aplikoval agiln\u00e9 postupy vyu\u010dovania a u\u010denia pri tvorbe a v\u00fdvoji tohto vzdel\u00e1vacieho pr\u00edstupu k obchodnej angli\u010dtine.<\/p>\n\n\n\n<p>Jeho zapojenie do agilnej komunity, vr\u00e1tane spoluautorstva a podp\u00edsania r\u00f4znych agiln\u00fdch manifestov, ovplyvnilo dynamick\u00fd a flexibiln\u00fd pr\u00edstup spolo\u010dnosti TEBL, ktor\u00fd bol navrhnut\u00fd tak, aby sa prisp\u00f4sobil r\u00fdchlym zmen\u00e1m v podnikan\u00ed. Profesor Hormaza Dow, ktor\u00fd m\u00e1 sk\u00fasenosti s riaden\u00edm marketingov\u00fdch a technologick\u00fdch projektov vo ve\u013ek\u00fdch korpor\u00e1ci\u00e1ch a s postgradu\u00e1lnym v\u00fdskumom v oblasti obchodn\u00fdch a vzdel\u00e1vac\u00edch technol\u00f3gi\u00ed na Concordia University, vytvoril u\u010debn\u00e9 osnovy TEBL tak, aby kombinovali angli\u010dtinu pre akademick\u00e9 \u00fa\u010dely (EAP) a angli\u010dtinu pre pracovn\u00e9 \u00fa\u010dely (EOP). Od svojho uvedenia na trh sa TEBL presadila v organiz\u00e1ci\u00e1ch a v s\u00fakromnom dou\u010dovan\u00ed pre ved\u00facich pracovn\u00edkov, pri\u010dom sa neust\u00e1le vyv\u00edja, aby sp\u013a\u0148ala modern\u00e9 potreby podnikania pre re\u00e1lny svet.<\/p>","protected":false},"excerpt":{"rendered":"<p>Teaching English as a Business Language (TEBL) was created in 2017 by Professor Thomas Hormaza Dow, a Canadian Business Agility Researcher and Educator based in Montreal. Recognizing a need for specialized English instruction tailored for the Business World, Professor Hormaza Dow drew on his Academic and Corporate experiences to develop TEBL. He has taught at [&hellip;]<\/p>","protected":false},"author":1,"featured_media":0,"parent":0,"menu_order":0,"comment_status":"closed","ping_status":"closed","template":"","meta":{"footnotes":""},"class_list":["post-96","page","type-page","status-publish","hentry"],"_links":{"self":[{"href":"https:\/\/tebl.education\/sk\/wp-json\/wp\/v2\/pages\/96","targetHints":{"allow":["GET"]}}],"collection":[{"href":"https:\/\/tebl.education\/sk\/wp-json\/wp\/v2\/pages"}],"about":[{"href":"https:\/\/tebl.education\/sk\/wp-json\/wp\/v2\/types\/page"}],"author":[{"embeddable":true,"href":"https:\/\/tebl.education\/sk\/wp-json\/wp\/v2\/users\/1"}],"replies":[{"embeddable":true,"href":"https:\/\/tebl.education\/sk\/wp-json\/wp\/v2\/comments?post=96"}],"version-history":[{"count":1,"href":"https:\/\/tebl.education\/sk\/wp-json\/wp\/v2\/pages\/96\/revisions"}],"predecessor-version":[{"id":97,"href":"https:\/\/tebl.education\/sk\/wp-json\/wp\/v2\/pages\/96\/revisions\/97"}],"wp:attachment":[{"href":"https:\/\/tebl.education\/sk\/wp-json\/wp\/v2\/media?parent=96"}],"curies":[{"name":"wp","href":"https:\/\/api.w.org\/{rel}","templated":true}]}}