{"id":21,"date":"2024-06-23T14:24:21","date_gmt":"2024-06-23T18:24:21","guid":{"rendered":"https:\/\/tebl.education\/?page_id=21"},"modified":"2024-07-24T11:09:26","modified_gmt":"2024-07-24T15:09:26","slug":"about-tebl","status":"publish","type":"page","link":"https:\/\/tebl.education\/sl\/","title":{"rendered":"O dru\u017ebi TEBL"},"content":{"rendered":"<p><\/p>\n\n\n\n<h2 class=\"wp-block-heading\">TEBL je metoda pou\u010devanja poslovne angle\u0161\u010dine, ki pomaga poslovne\u017eem pri u\u010denju angle\u0161\u010dine<\/h2>\n\n\n\n<p><\/p>\n\n\n\n<p>V sodobnem globalnem poslovnem okolju je angle\u0161\u010dina postala poslovni jezik, zato je znanje poslovne angle\u0161\u010dine bistvenega pomena za akademski uspeh in poklicno napredovanje. Pou\u010devanje angle\u0161\u010dine kot poslovnega jezika (Teaching English as a Business Language - TEBL) je bilo razvito za izpolnitev te potrebe z vklju\u010devanjem elementov angle\u0161\u010dine za akademske namene (EAP) in angle\u0161\u010dine za poklicne namene (EOP). Ta inovativni pristop zagotavlja, da u\u010denci pridobijo potrebne jezikovne spretnosti za akademsko in prakti\u010dno uporabo v poslovnem okolju.<\/p>\n\n\n\n<p>TEBL ponuja celovit u\u010dni na\u010drt, ki poudarja kakovost, strokovnost in spo\u0161tovanje ter zagotavlja zanimivo in sodobno izobra\u017eevalno izku\u0161njo, ki jo izvajajo usposobljeni in izku\u0161eni pedagogi. Program se osredoto\u010da na posredovanje poslovno specifi\u010dnega besedi\u0161\u010da, u\u010dinkovitega pisanja in predstavitvenih spretnosti ter tako izbolj\u0161uje komunikacijske kompetence. Poleg tega TEBL pomaga odpraviti jezikovne ovire, pove\u010dati samozavest \u0161tudentov in izbolj\u0161ati u\u010dno uspe\u0161nost z bolj\u0161im razumevanjem in vklju\u010devanjem v u\u010dno gradivo. <\/p>\n\n\n\n<p>S pripravo u\u010dencev na poklicno pripravljenost jim TEBL ponuja konkuren\u010dne prednosti pri zagotavljanju pripravni\u0161tev, delovnih mest in prilo\u017enosti za mre\u017eenje. Z vklju\u010devanjem interdisciplinarnih poslovnih konceptov in spodbujanjem globalne perspektive spodbuja celostno u\u010denje. Sprotni u\u010dni pristop TEBL zagotavlja prilagodljivost in nenehno izbolj\u0161evanje jezikovnih spretnosti, s \u010dimer \u0161tudenti sledijo razvijajo\u010dim se poslovnim praksam. Kon\u010dno TEBL zagotavlja osredoto\u010deno u\u010dno izku\u0161njo s prakti\u010dno uporabo, zato je nepogre\u0161ljiv del sodobnega poslovnega izobra\u017eevanja.<\/p>\n\n\n\n<p>TEBL je metodologija pou\u010devanja, ki jo je najbolje kombinirati s strokovnimi poslovnimi \u0161tudijami (minimalno <em>BCom<\/em> diploma) in\/ali enakovredne 2-3 leta delovnih izku\u0161enj ter eno ali ve\u010d pooblastil za pou\u010devanje angle\u0161\u010dine, kot so:<\/p>\n\n\n\n<p><\/p>\n\n\n\n<h3 class=\"wp-block-heading\">1. TESOL (pou\u010devanje angle\u0161\u010dine za govorce drugih jezikov)<\/h3>\n\n\n\n<p><strong>Opredelitev:<\/strong> TESOL je krovni pojem, ki zajema tako pou\u010devanje angle\u0161\u010dine kot drugega jezika (ESL) kot pou\u010devanje angle\u0161\u010dine kot tujega jezika (EFL). Pogosto se uporablja izmeni\u010dno z izrazoma TESL in TEFL, vendar tehni\u010dno zajema oba.<\/p>\n\n\n\n<p><strong>Opis:<\/strong> Certifikat TESOL je namenjen u\u010diteljem, ki \u017eelijo pou\u010devati angle\u0161\u010dino tujce v angle\u0161ko govore\u010dih dr\u017eavah (ESL) ali v tujini (EFL). Programi TESOL obi\u010dajno vklju\u010dujejo usposabljanje na podro\u010dju usvajanja jezika, metodologij pou\u010devanja, na\u010drtovanja pouka in vodenja razreda.<\/p>\n\n\n\n<h3 class=\"wp-block-heading\">2. TESL (pou\u010devanje angle\u0161\u010dine kot drugega jezika)<\/h3>\n\n\n\n<p><strong>Opredelitev:<\/strong> TESL se osredoto\u010da na pou\u010devanje angle\u0161\u010dine za tujce, ki \u017eivijo v angle\u0161ko govore\u010di dr\u017eavi.<\/p>\n\n\n\n<p><strong>Opis:<\/strong> Certifikat TESL je idealen za u\u010ditelje, ki nameravajo delati s priseljenci ali mednarodnimi \u0161tudenti v dr\u017eavah, kjer je prevladujo\u010di jezik angle\u0161\u010dina. Program obi\u010dajno zajema kulturno prilagajanje, napredno slovnico in tehnike pou\u010devanja angle\u0161\u010dine v ve\u010djezi\u010dnih razredih.<\/p>\n\n\n\n<h3 class=\"wp-block-heading\">3. TEFL (pou\u010devanje angle\u0161\u010dine kot tujega jezika)<\/h3>\n\n\n\n<p><strong>Opredelitev:<\/strong> TEFL se ukvarja s pou\u010devanjem angle\u0161\u010dine za osebe, ki jim angle\u0161\u010dina ni materni jezik, v dr\u017eavah, kjer angle\u0161\u010dina ni primarni jezik.<\/p>\n\n\n\n<p><strong>Opis:<\/strong> Certifikat TEFL je namenjen vsem, ki \u017eelijo pou\u010devati angle\u0161\u010dino v tujini. Usposabljanje pogosto vklju\u010duje navodila za prilagajanje u\u010dnih metod razli\u010dnim kulturnim okoljem, pripravo u\u010dnih na\u010drtov in prakti\u010dne izku\u0161nje s pou\u010devanjem.<\/p>\n\n\n\n<h3 class=\"wp-block-heading\">4. TEYA (pou\u010devanje angle\u0161\u010dine za mlade odrasle)<\/h3>\n\n\n\n<p><strong>Opredelitev:<\/strong> TEYA je specializirana za pou\u010devanje angle\u0161\u010dine za mlade odrasle, ki so ponavadi stari ve\u010d let.<\/p>\n\n\n\n<p><strong>Opis:<\/strong> Certifikat TEYA se osredoto\u010da na psihologijo mladih odraslih, starosti primerne tehnike pou\u010devanja in dejavnosti, ki pritegnejo mlade odrasle.<\/p>\n\n\n\n<h3 class=\"wp-block-heading\">5. CELTA (certifikat za pou\u010devanje angle\u0161\u010dine za odrasle)<\/h3>\n\n\n\n<p><strong>Opredelitev:<\/strong> CELTA je mednarodno priznan certifikat za pou\u010devanje angle\u0161\u010dine za odrasle.<\/p>\n\n\n\n<p><strong>Opis:<\/strong> Certifikat CELTA, ki ga izdaja podjetje Cambridge Assessment English, je zelo cenjen in splo\u0161no priznan. Te\u010daj vklju\u010duje strogo kombinacijo teorije in prakti\u010dnih pedago\u0161kih izku\u0161enj ter se osredoto\u010da na na\u010dela u\u010denja odraslih, razvoj jezikovnih spretnosti in u\u010dinkovite strategije pou\u010devanja.<\/p>\n\n\n\n<h3 class=\"wp-block-heading\">6. DELTA (diploma iz pou\u010devanja angle\u0161kega jezika za odrasle)<\/h3>\n\n\n\n<p><strong>Opredelitev:<\/strong> DELTA je napredna kvalifikacija za izku\u0161ene u\u010ditelje angle\u0161kega jezika.<\/p>\n\n\n\n<p><strong>Opis:<\/strong> Kvalifikacija DELTA, ki jo prav tako izdaja Cambridge Assessment English, je vi\u0161ja stopnja kvalifikacije, ki nadgrajuje znanje, pridobljeno z maturo CELTA ali enakovrednimi izku\u0161njami. Vklju\u010duje module o teoriji in praksi, strokovnem razvoju ter specializacije na podro\u010djih, kot sta poslovna angle\u0161\u010dina ali angle\u0161\u010dina za akademske namene.<\/p>\n\n\n\n<h3 class=\"wp-block-heading\">7. TEFLi (TEFL International)<\/h3>\n\n\n\n<p><strong>Opredelitev:<\/strong> Certifikate TEFLi ponujajo razli\u010dne organizacije in ustanove po vsem svetu, ki zagotavljajo standardizirano usposabljanje za pou\u010devanje angle\u0161\u010dine v tujini.<\/p>\n\n\n\n<p><strong>Opis:<\/strong> Programi TEFLi obi\u010dajno ponujajo kombinacijo spletnega in osebnega usposabljanja, vklju\u010dno z vodenjem razreda, na\u010drtovanjem pouka in u\u010dno prakso. Kakovost in priznavanje certifikatov TEFLi se lahko razlikujeta, zato je pomembno, da izberete uglednega ponudnika.<\/p>\n\n\n\n<h3 class=\"wp-block-heading\">8. TEFLA (pou\u010devanje angle\u0161\u010dine kot tujega jezika za odrasle)<\/h3>\n\n\n\n<p><strong>Opredelitev:<\/strong> TEFLA je \u0161e en izraz, ki se uporablja za certifikate, usmerjene v pou\u010devanje angle\u0161\u010dine za odrasle u\u010dence, in je pogosto zamenljiv s TEFL.<\/p>\n\n\n\n<p><strong>Opis:<\/strong> Programi TEFLA poudarjajo na\u010dela izobra\u017eevanja odraslih, oblikovanje u\u010dnih na\u010drtov za odrasle u\u010dence in tehnike vklju\u010devanja odraslih u\u010dencev v u\u010dni proces.<\/p>\n\n\n\n<h3 class=\"wp-block-heading\">9. EFL (angle\u0161\u010dina kot tuji jezik)<\/h3>\n\n\n\n<p><strong>Opredelitev:<\/strong> EFL se nana\u0161a na pou\u010devanje angle\u0161\u010dine za tiste, ki jim angle\u0161\u010dina ni materni jezik, v dr\u017eavah, kjer angle\u0161\u010dina ni primarni jezik.<\/p>\n\n\n\n<p><strong>Opis:<\/strong> Certifikati EFL, kot je TEFL, pripravljajo u\u010ditelje na delo v razli\u010dnih kulturnih okoljih, pri \u010demer se osredoto\u010dajo na jezikovno znanje, metodologije pou\u010devanja in kulturno ob\u010dutljivost.<\/p>\n\n\n\n<h3 class=\"wp-block-heading\">10. ESL (angle\u0161\u010dina kot drugi jezik)<\/h3>\n\n\n\n<p><strong>Opredelitev:<\/strong> ESL se osredoto\u010da na pou\u010devanje angle\u0161\u010dine za tujce v angle\u0161ko govore\u010dih dr\u017eavah.<\/p>\n\n\n\n<p><strong>Opis:<\/strong> Podobno kot TESL tudi ESL certifikati u\u010diteljem omogo\u010dajo, da u\u010dencem pomagajo pri vklju\u010devanju v angle\u0161ko govore\u010de okolje, pri \u010demer poudarjajo pridobivanje jezika, kulturno prilagajanje in prakti\u010dno uporabo jezika. <\/p>\n\n\n\n<p><\/p>\n\n\n\n<p><\/p>\n\n\n\n<figure class=\"wp-block-embed is-type-video is-provider-youtube wp-block-embed-youtube wp-embed-aspect-16-9 wp-has-aspect-ratio\"><div class=\"wp-block-embed__wrapper\">\n<iframe loading=\"lazy\" title=\"TEBL Uvod v pou\u010devanje angle\u0161kega poslovnega jezika - Razvoj agilnega izobra\u017eevanja\" width=\"580\" height=\"326\" src=\"https:\/\/www.youtube.com\/embed\/lzNj70cY47c?feature=oembed\" frameborder=\"0\" allow=\"accelerometer; autoplay; clipboard-write; encrypted-media; gyroscope; picture-in-picture; web-share\" referrerpolicy=\"strict-origin-when-cross-origin\" allowfullscreen><\/iframe>\n<\/div><figcaption class=\"wp-element-caption\">Uvodni videoposnetek TEBL<\/figcaption><\/figure>\n\n\n\n<p><\/p>\n\n\n\n<h3 class=\"wp-block-heading\"><a>Klju\u010dne besede<\/a><\/h3>\n\n\n\n<ul class=\"wp-block-list\">\n<li>Pou\u010devanje angle\u0161\u010dine kot poslovnega jezika (TEBL)<\/li>\n\n\n\n<li>Angle\u0161\u010dina za posebne namene (ESP)<\/li>\n\n\n\n<li>Angle\u0161\u010dina za akademske namene (EAP)<\/li>\n\n\n\n<li>Angle\u0161\u010dina za poklicne namene (EOP)<\/li>\n\n\n\n<li>Poslovna angle\u0161\u010dina<\/li>\n\n\n\n<li>Akademski uspeh<\/li>\n\n\n\n<li>Strokovna pripravljenost<\/li>\n\n\n\n<li>Globalno poslovanje<\/li>\n<\/ul>\n\n\n\n<h3 class=\"wp-block-heading\"><a>Misija<\/a><\/h3>\n\n\n\n<ul class=\"wp-block-list\">\n<li><strong>Pou\u010devanje angle\u0161\u010dine kot poslovnega jezika<\/strong><\/li>\n<\/ul>\n\n\n\n<h3 class=\"wp-block-heading\"><a>Vizija<\/a><\/h3>\n\n\n\n<ul class=\"wp-block-list\">\n<li><strong>Omogo\u010danje poslovnega uspeha s ciljno usmerjenim znanjem angle\u0161\u010dine<\/strong><\/li>\n<\/ul>\n\n\n\n<h3 class=\"wp-block-heading\"><a>Vrednosti<\/a><\/h3>\n\n\n\n<ul class=\"wp-block-list\">\n<li><strong>Kakovost<\/strong>: Privla\u010den, sodoben in u\u010dinkovit u\u010dni na\u010drt, ki temelji na preizku\u0161enih izobra\u017eevalnih temeljih in omogo\u010da u\u010denje.<\/li>\n\n\n\n<li><strong>Strokovnost<\/strong>: Poudarek je na angle\u0161\u010dini za posebne namene, ki jo pou\u010dujejo usposobljeni (\u010dlani ESL, TESL, TESOL, TEFL, IATEFL) in izku\u0161eni poslovni in angle\u0161ki u\u010ditelji.<\/li>\n\n\n\n<li><strong>Ustreznost<\/strong>: spo\u0161tuje u\u010denca in se osredoto\u010da na uporabno poslovno angle\u0161\u010dino, kar u\u010dencem omogo\u010da, da hitro uporabijo znanje in spretnosti, ki jih potrebujejo v resni\u010dnem poslovnem svetu.<\/li>\n<\/ul>\n\n\n\n<p><\/p>\n\n\n\n<p>V sodobnem globalnem poslovnem okolju je angle\u0161\u010dina postala poslovni jezik, zato je za akademski uspeh in poklicno napredovanje potrebno znanje poslovne angle\u0161\u010dine. Pou\u010devanje angle\u0161\u010dine kot poslovnega jezika (Teaching English as a Business Language - TEBL) predstavlja specializiran pristop v \u0161ir\u0161em okviru angle\u0161\u010dine za posebne namene (English for Specific Purposes - ESP). S povezovanjem elementov iz angle\u0161\u010dine za akademske namene (EAP) in angle\u0161\u010dine za poklicne namene (EOP) TEBL ponuja celovito re\u0161itev, prilagojeno potrebam poslovnih \u0161tudentov in strokovnjakov.<\/p>\n\n\n\n<h3 class=\"wp-block-heading\"><a>Razumevanje ESP, EAP in EOP<\/a><\/h3>\n\n\n\n<p>Angle\u0161\u010dina za posebne namene (ang. English for Specific Purposes - ESP) je ciljno usmerjen pristop k pou\u010devanju jezika, ki obravnava posebne jezikovne potrebe u\u010dencev na dolo\u010denih podro\u010djih, vklju\u010dno z akademskim in razli\u010dnimi poklicnimi podro\u010dji. ESP se tradicionalno deli na dve glavni podro\u010dji:<\/p>\n\n\n\n<p><strong>Angle\u0161\u010dina za akademske namene (EAP)<\/strong><\/p>\n\n\n\n<p><strong>Focus<\/strong>: EAP se osredoto\u010da na jezikovne spretnosti, potrebne za akademski uspeh, kot so pisanje raziskovalnih \u010dlankov, sodelovanje na seminarjih in razumevanje akademskih predavanj.<\/p>\n\n\n\n<p><strong>\u010casopisi in raziskave<\/strong>: Pomembne raziskave na podro\u010dju EAP so objavljene v revijah, kot so <em>Angle\u0161\u010dina za posebne namene<\/em> in <em>\u010casopis za angle\u0161\u010dino za akademske namene<\/em>. Poudarek na EAP v okviru ESP je posledica povezanosti \u0161tevilnih raziskovalcev ESP z akademskimi ustanovami in velike potrebe po znanju EAP med \u0161tudenti.<\/p>\n\n\n\n<p><strong>Ciljna publika<\/strong>: \u0160tudentje in akademiki, ki za uspe\u0161no izobra\u017eevanje potrebujejo napredno znanje angle\u0161\u010dine.<\/p>\n\n\n\n<p><strong>Angle\u0161\u010dina za poklicne namene (EOP)<\/strong><\/p>\n\n\n\n<p><strong>Focus<\/strong>: EOP obravnava jezikovne spretnosti, ki so potrebne na poklicnem in delovnem mestu, vklju\u010dno s posebnimi poslovnimi vlogami, kot so tr\u017eenje, finance in \u010dlove\u0161ki viri.<\/p>\n\n\n\n<p><strong>\u010casopisi in raziskave<\/strong>: \u010ceprav ni posebne revije, ki bi se ukvarjala izklju\u010dno z EOP, je mogo\u010de ustrezne raziskave najti v publikacijah, kot so <em>Angle\u0161\u010dina za posebne namene<\/em>.<\/p>\n\n\n\n<p><strong>Ciljna publika<\/strong>: Strokovnjaki, ki potrebujejo prilagojeno znanje angle\u0161kega jezika za svoje specifi\u010dno delovno mesto in panogo.<\/p>\n\n\n\n<p><\/p>\n\n\n\n<h3 class=\"wp-block-heading\"><a>TEBL: Povezovanje EAP in EOP za poslovno izobra\u017eevanje<\/a><\/h3>\n\n\n\n<p>TEBL edinstveno zdru\u017euje prednosti EAP in EOP, da bi zadovoljil razli\u010dne potrebe poslovnih \u0161tudentov in strokovnjakov. To povezovanje zagotavlja, da u\u010denci pridobijo akademske in prakti\u010dne jezikovne spretnosti, ki so potrebne za uspeh.<\/p>\n\n\n\n<h4 class=\"wp-block-heading\">Iz programa EAP:<\/h4>\n\n\n\n<ul class=\"wp-block-list\">\n<li><strong>Akademske spretnosti za poslovne \u0161tudije<\/strong>: TEBL vklju\u010duje akademske angle\u0161ke spretnosti, ki so bistvene za poslovne \u0161tudije, kot so analiza poslovnih besedil, pisanje akademskih \u010dlankov in predstavljanje rezultatov raziskav.<\/li>\n\n\n\n<li><strong>Raziskave in uporaba teorije<\/strong>: U\u010denci se ukvarjajo z znanstveno literaturo, uporabljajo poslovne teorije in sodelujejo v znanstvenih razpravah, kar je klju\u010dnega pomena za akademski in strokovni razvoj.<\/li>\n<\/ul>\n\n\n\n<h4 class=\"wp-block-heading\">Iz EOP:<\/h4>\n\n\n\n<ul class=\"wp-block-list\">\n<li><strong>Prakti\u010dno poslovno komuniciranje<\/strong>: TEBL poudarja prakti\u010dne jezikovne spretnosti, potrebne v poslovnem svetu, vklju\u010dno s pripravo poro\u010dil, sestavljanjem strokovnih elektronskih sporo\u010dil, pogajanji o poslih in predstavitvami.<\/li>\n\n\n\n<li><strong>Besedi\u0161\u010de, specifi\u010dno za panogo<\/strong>: Osredoto\u010da se na terminologijo in rabo jezika, zna\u010dilno za razli\u010dne poslovne vloge, kar omogo\u010da u\u010dinkovito sporazumevanje v strokovnem kontekstu.<\/li>\n<\/ul>\n\n\n\n<h3 class=\"wp-block-heading\"><a>Prednosti TEBL za bodo\u010de \u0161tudente poslovnih ved<\/a><\/h3>\n\n\n\n<p>\u0160tudentje poslovnih ved lahko veliko pridobijo s pregledom predmeta TEBL pred za\u010detkom \u0161tudija. Glavne prednosti so:<\/p>\n\n\n\n<p><strong>Izbolj\u0161ane komunikacijske spretnosti<\/strong><\/p>\n\n\n\n<p><strong>Besedi\u0161\u010de, specifi\u010dno za podjetja<\/strong>: Te\u010daji TEBL se osredoto\u010dajo na pou\u010devanje angle\u0161kega besedi\u0161\u010da in terminologije, zna\u010dilne za poslovni kontekst. To \u0161tudentom pomaga pri razumevanju in u\u010dinkoviti uporabi jezika pri \u0161tudiju in prihodnji poklicni poti.<\/p>\n\n\n\n<p><strong>U\u010dinkovito pisanje<\/strong>: U\u010denci se nau\u010dijo pisati jasna in jedrnata poslovna poro\u010dila, elektronska sporo\u010dila in druge dokumente, ki so klju\u010dnega pomena tako v akademskem kot poklicnem okolju.<\/p>\n\n\n\n<p><strong>Spretnosti predstavitve<\/strong>: Te\u010daji TEBL pogosto vklju\u010dujejo usposabljanje za samozavestno in jasno predstavitev idej, kar je za \u0161tudente poslovnih ved bistvena spretnost.<\/p>\n\n\n\n<p><strong>Ve\u010dja samozavest<\/strong><\/p>\n\n\n\n<p><strong>Zmanj\u0161anje jezikovnih ovir<\/strong>: U\u010denci, ki jim angle\u0161\u010dina ni materni jezik, lahko zmanj\u0161ajo jezikovno tesnobo in aktivneje sodelujejo v razrednih razpravah, skupinskih projektih in predstavitvah.<\/p>\n\n\n\n<p><strong>Pripravljenost<\/strong>: S trdnimi temelji poslovne angle\u0161\u010dine se lahko \u0161tudenti bolj samozavestno lotijo \u0161tudija, saj vedo, da so pripravljeni obvladati jezikovne zahteve pri \u0161tudiju.<\/p>\n\n\n\n<p><strong>Potencialna akademska uspe\u0161nost<\/strong><\/p>\n\n\n\n<p><strong>Razumevanje<\/strong>: Lahko pripomore k bolj\u0161emu razumevanju predavanj, branja in nalog, ki pogosto uporabljajo zapleteno poslovno terminologijo.<\/p>\n\n\n\n<p><strong>Zaro\u010ditev<\/strong>: Lahko zagotovi ve\u010djo sposobnost za bolj poglobljeno vklju\u010devanje v gradivo in razprave, kar vodi k bogatej\u0161i u\u010dni izku\u0161nji.<\/p>\n\n\n\n<p><strong>Strokovna pripravljenost<\/strong><\/p>\n\n\n\n<p><strong>Pripravni\u0161tva in zaposlitve<\/strong>: \u0160tevilni poslovni programi vklju\u010dujejo pripravni\u0161tva in zaposlitve kot del u\u010dnega na\u010drta. Z znanjem poslovne angle\u0161\u010dine lahko \u0161tudenti postanejo bolj konkuren\u010dni kandidati za te prilo\u017enosti.<\/p>\n\n\n\n<p><strong>Mre\u017eenje<\/strong>: Sposobnost u\u010dinkovitega komuniciranja v poslovnem okolju \u0161tudentom pomaga pri vzpostavljanju poklicnih mre\u017e, ki so bistvene za razvoj kariere.<\/p>\n\n\n\n<p><strong>Celostno u\u010denje<\/strong><\/p>\n\n\n\n<p><strong>Interdisciplinarno razumevanje<\/strong>: Poslovne \u0161tudije pogosto vklju\u010dujejo koncepte iz razli\u010dnih podro\u010dij, kot so ekonomija, tr\u017eenje, finance in upravljanje. Te\u010daji TEBL \u0161tudentom pomagajo razumeti in izraziti te interdisciplinarne povezave v angle\u0161\u010dini.<\/p>\n\n\n\n<p><strong>Globalna perspektiva<\/strong>: Poslovanje postaja vse bolj globalno. Obvladovanje poslovne angle\u0161\u010dine \u0161tudentom omogo\u010da, da se ukvarjajo z mednarodnimi \u0161tudijami primerov, sodelujejo z vrstniki iz razli\u010dnih dr\u017eav in razumejo svetovne poslovne trende.<\/p>\n\n\n\n<p><strong>Agilni pristop k u\u010denju<\/strong><\/p>\n\n\n\n<p><strong>Prilagodljivost<\/strong>: TEBL poudarja agilno izobra\u017eevanje, kar pomeni, da se \u0161tudenti nau\u010dijo hitro prilagajati novim informacijam in situacijam, kar je klju\u010dna ve\u0161\u010dina v hitrem poslovnem svetu.<\/p>\n\n\n\n<p><strong>Stalno izbolj\u0161evanje<\/strong>: Iterativna narava agilnega u\u010denja spodbuja \u0161tudente k nenehnemu izbolj\u0161evanju jezikovnega znanja in jih ohranja na teko\u010dem z razvijajo\u010dimi se poslovnimi praksami.<\/p>\n\n\n\n<p><strong>Prihranek \u010dasa z u\u010denjem koristne poslovne angle\u0161\u010dine<\/strong><\/p>\n\n\n\n<p><strong>Usmerjeno u\u010denje<\/strong>: U\u010denci se lahko namesto splo\u0161ni angle\u0161\u010dini posvetijo specifi\u010dnim jezikovnim spretnostim, ki so potrebne za poslovanje, in tako je njihov u\u010dni proces u\u010dinkovitej\u0161i.<\/p>\n\n\n\n<p><strong>Prakti\u010dna uporaba<\/strong>: Te\u010daji TEBL \u0161tudentom omogo\u010dajo, da s prakti\u010dnimi vajami in scenariji iz resni\u010dnega sveta takoj za\u010dnejo uporabljati poslovno angle\u0161\u010dino, kar zagotavlja, da so nau\u010dena znanja neposredno povezana s \u0161tudijem in prihodnjo kariero.<\/p>\n\n\n\n<p><strong>Celovit pregled klju\u010dnih poslovnih tem<\/strong><\/p>\n\n\n\n<p><strong>\u0160iroka baza znanja<\/strong>: Z izbiro med \u0161tevilnimi osnovnimi poslovnimi temami \u0161tudenti pridobijo \u0161iroko razumevanje bistvenih poslovnih konceptov, ki lahko slu\u017eijo kot osnova za naprednej\u0161e \u0161tudije.<\/p>\n\n\n\n<p><strong>Trenutni pomen<\/strong>: Obravnavane teme so usklajene z najpomembnej\u0161imi poslovnimi vpra\u0161anji dana\u0161njega \u010dasa, kar zagotavlja, da so \u0161tudenti dobro obve\u0161\u010deni o sodobnih poslovnih praksah in trendih.<\/p>\n\n\n\n<p><\/p>\n\n\n\n<h3 class=\"wp-block-heading\"><a>Primeri tem v okviru predmeta TEBL za bodo\u010de \u0161tudente MBA<\/a><\/h3>\n\n\n\n<ul class=\"wp-block-list\">\n<li>Poslovni cilji<\/li>\n\n\n\n<li>Vodenje in upravljanje<\/li>\n\n\n\n<li>Ekonomija Jezik<\/li>\n\n\n\n<li>Jezik ra\u010dunovodstva<\/li>\n\n\n\n<li>Finan\u010dni jezik<\/li>\n\n\n\n<li>Jezik oskrbovalne verige<\/li>\n\n\n\n<li>Jezik upravljanja operacij<\/li>\n\n\n\n<li>Upravljanje \u010dlove\u0161kih virov Jezik<\/li>\n\n\n\n<li>Jezik upravljanja prodaje<\/li>\n\n\n\n<li>Jezik tr\u017eenja<\/li>\n<\/ul>\n\n\n\n<p><\/p>\n\n\n\n<figure class=\"wp-block-image size-full\"><img loading=\"lazy\" decoding=\"async\" width=\"600\" height=\"300\" src=\"https:\/\/tebl.education\/wp-content\/uploads\/2024\/06\/TEBL-logo-600x300-1.png\" alt=\"TEBL Pou\u010devanje angle\u0161\u010dine kot poslovnega jezika\" class=\"wp-image-19\" srcset=\"https:\/\/tebl.education\/wp-content\/uploads\/2024\/06\/TEBL-logo-600x300-1.png 600w, https:\/\/tebl.education\/wp-content\/uploads\/2024\/06\/TEBL-logo-600x300-1-300x150.png 300w, https:\/\/tebl.education\/wp-content\/uploads\/2024\/06\/TEBL-logo-600x300-1-18x9.png 18w\" sizes=\"auto, (max-width: 600px) 100vw, 600px\" \/><figcaption class=\"wp-element-caption\">TEBL Pou\u010devanje angle\u0161\u010dine kot poslovnega jezika<\/figcaption><\/figure>","protected":false},"excerpt":{"rendered":"<p>TEBL is a Business English Teaching Method to Help Business People Learn English In the contemporary global business environment, English has emerged as the lingua franca of commerce, making proficiency in business-specific English essential for both academic success and professional advancement. Teaching English as a Business Language (TEBL) was developed to address this need by [&hellip;]<\/p>","protected":false},"author":1,"featured_media":76,"parent":0,"menu_order":0,"comment_status":"closed","ping_status":"closed","template":"","meta":{"footnotes":""},"class_list":["post-21","page","type-page","status-publish","has-post-thumbnail","hentry"],"_links":{"self":[{"href":"https:\/\/tebl.education\/sl\/wp-json\/wp\/v2\/pages\/21","targetHints":{"allow":["GET"]}}],"collection":[{"href":"https:\/\/tebl.education\/sl\/wp-json\/wp\/v2\/pages"}],"about":[{"href":"https:\/\/tebl.education\/sl\/wp-json\/wp\/v2\/types\/page"}],"author":[{"embeddable":true,"href":"https:\/\/tebl.education\/sl\/wp-json\/wp\/v2\/users\/1"}],"replies":[{"embeddable":true,"href":"https:\/\/tebl.education\/sl\/wp-json\/wp\/v2\/comments?post=21"}],"version-history":[{"count":5,"href":"https:\/\/tebl.education\/sl\/wp-json\/wp\/v2\/pages\/21\/revisions"}],"predecessor-version":[{"id":153,"href":"https:\/\/tebl.education\/sl\/wp-json\/wp\/v2\/pages\/21\/revisions\/153"}],"wp:featuredmedia":[{"embeddable":true,"href":"https:\/\/tebl.education\/sl\/wp-json\/wp\/v2\/media\/76"}],"wp:attachment":[{"href":"https:\/\/tebl.education\/sl\/wp-json\/wp\/v2\/media?parent=21"}],"curies":[{"name":"wp","href":"https:\/\/api.w.org\/{rel}","templated":true}]}}