{"id":96,"date":"2024-06-25T11:41:13","date_gmt":"2024-06-25T15:41:13","guid":{"rendered":"https:\/\/tebl.education\/?page_id=96"},"modified":"2024-06-25T11:41:15","modified_gmt":"2024-06-25T15:41:15","slug":"tebl-author","status":"publish","type":"page","link":"https:\/\/tebl.education\/sl\/tebl-author\/","title":{"rendered":"TEBL Avtor"},"content":{"rendered":"<p><\/p>\n\n\n\n<p>Program Teaching English as a Business Language (TEBL) je leta 2017 ustanovil profesor Thomas Hormaza Dow, kanadski raziskovalec in izobra\u017eevalec na podro\u010dju poslovne agilnosti s sede\u017eem v Montrealu. Profesor Hormaza Dow je prepoznal potrebo po specializiranem pou\u010devanju angle\u0161\u010dine, prilagojenem poslovnemu svetu, zato je pri razvoju programa TEBL uporabil svoje akademske in podjetni\u0161ke izku\u0161nje. Pou\u010deval je na Champlain College, Univerzi York in Univerzi Concordia ter govoril na ustanovah, kot sta McGill in Univerza v Torontu.<\/p>\n\n\n\n<p>Profesor Hormaza Dow je zagotovil, da bo TEBL ukoreninjen v agilnosti izobra\u017eevanja, pri oblikovanju in razvoju tega izobra\u017eevalnega pristopa poslovne angle\u0161\u010dine pa je uporabil agilne prakse pou\u010devanja in u\u010denja.<\/p>\n\n\n\n<p>Njegovo sodelovanje v agilni skupnosti, med drugim kot soustvarjalec in podpisnik razli\u010dnih agilnih manifestov, je vplivalo na dinami\u010den in prilagodljiv pristop podjetja TEBL, ki se prilagaja hitrim poslovnim spremembam. Profesor Hormaza Dow je s svojim znanjem s podro\u010dja tr\u017eenja in vodenja tehnolo\u0161kih projektov v velikih korporacijah ter podiplomskim raziskovanjem na podro\u010dju poslovne in izobra\u017eevalne tehnologije na univerzi Concordia oblikoval u\u010dni na\u010drt TEBL, ki zdru\u017euje angle\u0161\u010dino za akademske namene (EAP) in angle\u0161\u010dino za poklicne namene (EOP). Od svojega za\u010detka se je TEBL uveljavil v organizacijah in pri zasebnem pou\u010devanju za vodstvene delavce ter se nenehno razvija, da bi izpolnjeval sodobne poslovne potrebe v resni\u010dnem svetu.<\/p>","protected":false},"excerpt":{"rendered":"<p>Teaching English as a Business Language (TEBL) was created in 2017 by Professor Thomas Hormaza Dow, a Canadian Business Agility Researcher and Educator based in Montreal. Recognizing a need for specialized English instruction tailored for the Business World, Professor Hormaza Dow drew on his Academic and Corporate experiences to develop TEBL. He has taught at [&hellip;]<\/p>","protected":false},"author":1,"featured_media":0,"parent":0,"menu_order":0,"comment_status":"closed","ping_status":"closed","template":"","meta":{"footnotes":""},"class_list":["post-96","page","type-page","status-publish","hentry"],"_links":{"self":[{"href":"https:\/\/tebl.education\/sl\/wp-json\/wp\/v2\/pages\/96","targetHints":{"allow":["GET"]}}],"collection":[{"href":"https:\/\/tebl.education\/sl\/wp-json\/wp\/v2\/pages"}],"about":[{"href":"https:\/\/tebl.education\/sl\/wp-json\/wp\/v2\/types\/page"}],"author":[{"embeddable":true,"href":"https:\/\/tebl.education\/sl\/wp-json\/wp\/v2\/users\/1"}],"replies":[{"embeddable":true,"href":"https:\/\/tebl.education\/sl\/wp-json\/wp\/v2\/comments?post=96"}],"version-history":[{"count":1,"href":"https:\/\/tebl.education\/sl\/wp-json\/wp\/v2\/pages\/96\/revisions"}],"predecessor-version":[{"id":97,"href":"https:\/\/tebl.education\/sl\/wp-json\/wp\/v2\/pages\/96\/revisions\/97"}],"wp:attachment":[{"href":"https:\/\/tebl.education\/sl\/wp-json\/wp\/v2\/media?parent=96"}],"curies":[{"name":"wp","href":"https:\/\/api.w.org\/{rel}","templated":true}]}}