{"id":10,"date":"2024-06-23T14:07:24","date_gmt":"2024-06-23T18:07:24","guid":{"rendered":"https:\/\/tebl.education\/?page_id=10"},"modified":"2024-06-25T09:16:06","modified_gmt":"2024-06-25T13:16:06","slug":"tebl-agile-education","status":"publish","type":"page","link":"https:\/\/tebl.education\/tr\/tebl-agile-education\/","title":{"rendered":"E\u011fitim Felsefesi: \u00c7evik E\u011fitim"},"content":{"rendered":"<p>\u00c7evik E\u011fitim \u0130lkelerinin TEBL Program\u0131n\u0131n Farkl\u0131 Boyutlar\u0131na Dahil Edilmesi:<\/p>\n\n\n\n<h3 class=\"wp-block-heading\"><a>1. M\u00fcfredat Tasar\u0131m\u0131 ve Sunumu<\/a><\/h3>\n\n\n\n<ul class=\"wp-block-list\">\n<li><strong>Uyarlanabilir M\u00fcfredat<\/strong>: \u00c7evik e\u011fitim, uyarlanabilirli\u011fe \u00f6ncelik vererek, TEBL'in ortaya \u00e7\u0131kan i\u015f trendlerine, \u00f6\u011frenci geri bildirimlerine ve e\u011fitim sonu\u00e7lar\u0131na yan\u0131t olarak m\u00fcfredat\u0131n\u0131 de\u011fi\u015ftirmesine olanak tan\u0131r. Bu, i\u00e7eri\u011fin ilgili ve etkili kalmas\u0131n\u0131 sa\u011flar.<\/li>\n\n\n\n<li><strong>Yinelemeli \u00d6\u011frenme D\u00f6ng\u00fcleri<\/strong>: TEBL, \u00e7evik sprint metodolojisini yans\u0131tarak \u00f6\u011frenme s\u00fcre\u00e7lerinde s\u00fcrekli iyile\u015ftirmeye olanak tan\u0131yan k\u0131sa, yinelemeli d\u00f6ng\u00fcler kullan\u0131r.<\/li>\n\n\n\n<li><strong>Yal\u0131n \u00d6\u011frenme Materyalleri<\/strong>: \u00d6\u011frencileri a\u015f\u0131r\u0131 zorlamadan temel i\u00e7eri\u011fi vurgulayan TEBL'in m\u00fcfredat\u0131, \u00e7evik metodolojilerin yal\u0131n yakla\u015f\u0131m\u0131n\u0131 yans\u0131tarak en etkili materyallere odaklan\u0131r.<\/li>\n\n\n\n<li><strong>Tam Zaman\u0131nda \u00d6\u011frenme<\/strong>: Bu yakla\u015f\u0131m, \u00f6\u011frencilere ilgili bilgileri tam ihtiya\u00e7 duyduklar\u0131 anda sa\u011flayarak \u00f6\u011frenme s\u00fcrecini daha verimli ve acil ihtiya\u00e7lar\u0131na veya projelerine do\u011frudan uygulanabilir hale getirir.<\/li>\n<\/ul>\n\n\n\n<h3 class=\"wp-block-heading\"><a>2. \u00d6\u011frenci Merkezli \u00d6\u011frenme<\/a><\/h3>\n\n\n\n<ul class=\"wp-block-list\">\n<li><strong>Ki\u015fiselle\u015ftirilmi\u015f \u00d6\u011frenme Yollar\u0131<\/strong>: \u00c7evik e\u011fitim, \u00f6\u011frenme deneyiminin ki\u015fiselle\u015ftirilmesini destekler. TEBL, her bir \u00f6\u011frencinin kariyer hedeflerine ve beceri seviyelerine hitap eden ki\u015fiselle\u015ftirilmi\u015f yollar sunar.<\/li>\n\n\n\n<li><strong>\u0130\u015fbirli\u011fine Dayal\u0131 \u00d6\u011frenme<\/strong>: TEBL, \u00e7evik metodolojilerin temel y\u00f6nleri olan ekip \u00e7al\u0131\u015fmas\u0131n\u0131 ve akran \u00f6\u011frenimini te\u015fvik eder, farkl\u0131 etkile\u015fimler ve bak\u0131\u015f a\u00e7\u0131lar\u0131 yoluyla anlay\u0131\u015f\u0131 geli\u015ftirir.<\/li>\n\n\n\n<li><strong>Dil Becerilerinin H\u0131zl\u0131 Prototiplenmesi<\/strong>: \u00d6\u011frenciler dil becerilerini pratik ba\u011flamlarda h\u0131zl\u0131 bir \u015fekilde uygular, yeteneklerini ger\u00e7ek zamanl\u0131 olarak test eder ve geli\u015ftirir.<\/li>\n\n\n\n<li><strong>De\u011fer Odakl\u0131 \u00d6\u011frenme<\/strong>: TEBL'in her y\u00f6n\u00fc, do\u011frudan uygulanabilir dil becerilerinden a\u011f olu\u015fturma ve profesyonel geli\u015fim f\u0131rsatlar\u0131na kadar \u00f6\u011frencilere en \u00fcst d\u00fczeyde de\u011fer katmak i\u00e7in tasarlanm\u0131\u015ft\u0131r.<\/li>\n<\/ul>\n\n\n\n<h3 class=\"wp-block-heading\"><a>3. De\u011ferlendirme ve Geri Bildirim<\/a><\/h3>\n\n\n\n<ul class=\"wp-block-list\">\n<li><strong>S\u00fcrekli De\u011ferlendirme<\/strong>: \u00c7evik e\u011fitim, ilerlemenin d\u00fczenli olarak kontrol edilmesini i\u00e7erir ve TEBL, \u00f6\u011frencilerin ilerlemesini izlemek ve gelecekteki \u00f6\u011frenme stratejilerine rehberlik etmek i\u00e7in s\u00fcrekli de\u011ferlendirmeler i\u00e7erir.<\/li>\n\n\n\n<li><strong>D\u00fczenli Geri Bildirim D\u00f6ng\u00fcleri<\/strong>: Geri bildirim, \u00e7evik y\u00f6ntemlerin ve TEBL'in ayr\u0131lmaz bir par\u00e7as\u0131d\u0131r ve \u00f6\u011frencilerin ilerlemelerini ve geli\u015fim alanlar\u0131n\u0131 s\u00fcrekli olarak anlamalar\u0131n\u0131 sa\u011flar.<\/li>\n\n\n\n<li><strong>Yans\u0131tma ve S\u00fcrekli \u0130yile\u015ftirme<\/strong>: TEBL'de yans\u0131t\u0131c\u0131 uygulamalar te\u015fvik edilmekte ve \u00f6\u011frencilerin \u00f6\u011frendiklerini i\u00e7selle\u015ftirmelerine ve bunlar\u0131 profesyonel ve akademik aray\u0131\u015flar\u0131na nas\u0131l uygulayabileceklerine olanak sa\u011flanmaktad\u0131r.<\/li>\n<\/ul>\n\n\n\n<h3 class=\"wp-block-heading\"><a>4. Teknoloji Entegrasyonu<\/a><\/h3>\n\n\n\n<ul class=\"wp-block-list\">\n<li><strong>Dil \u00d6\u011frenme Uygulamalar\u0131n\u0131n Entegrasyonu<\/strong>: TEBL, aral\u0131kl\u0131 tekrar\u0131, etkile\u015fimli \u00f6\u011frenmeyi ve daha fazlas\u0131n\u0131 destekleyen uygulamalar da dahil olmak \u00fczere modern e\u011fitim teknolojilerini entegre eder.<\/li>\n\n\n\n<li><strong>Sanal Ger\u00e7eklik Sim\u00fclasyonlar\u0131<\/strong>: Bunlar, dil becerilerinin uygulanabilece\u011fi i\u015f ortamlar\u0131n\u0131 sim\u00fcle eden s\u00fcr\u00fckleyici \u00f6\u011frenme deneyimleri i\u00e7in kullan\u0131l\u0131r.<\/li>\n\n\n\n<li><strong>\u0130\u015fbirli\u011fine Dayal\u0131 Ara\u00e7 ve Platformlar\u0131n Kullan\u0131m\u0131<\/strong>: \u0130\u015fbirli\u011fine dayal\u0131 yazma platformlar\u0131 ve ileti\u015fim uygulamalar\u0131 gibi ara\u00e7lar modern, etkile\u015fimli bir \u00f6\u011frenme ortam\u0131n\u0131 kolayla\u015ft\u0131r\u0131r.<\/li>\n<\/ul>\n\n\n\n<h3 class=\"wp-block-heading\"><a>5. Ger\u00e7ek D\u00fcnya Uygulamas\u0131<\/a><\/h3>\n\n\n\n<ul class=\"wp-block-list\">\n<li><strong>\u00c7apraz Fonksiyonel Beceri Geli\u015ftirme<\/strong>: TEBL'de \u00f6\u011frenme yaln\u0131zca dille s\u0131n\u0131rl\u0131 de\u011fildir, dil \u00f6\u011frenimi yoluyla i\u015fle ilgili di\u011fer becerilerin geli\u015ftirilmesini de i\u00e7erir.<\/li>\n\n\n\n<li><strong>Payda\u015f Kat\u0131l\u0131m\u0131<\/strong>: \u0130\u015f d\u00fcnyas\u0131 payda\u015flar\u0131n\u0131n do\u011frudan kat\u0131l\u0131m\u0131, \u00f6\u011fretim materyalinin konuyla ilgili olmas\u0131n\u0131 ve i\u015f d\u00fcnyas\u0131n\u0131n ger\u00e7ek ihtiya\u00e7lar\u0131n\u0131 kar\u015f\u0131lamas\u0131n\u0131 sa\u011flar.<\/li>\n\n\n\n<li><strong>\u015eirketlerle Ortakl\u0131klar<\/strong>: Bu ortakl\u0131klar, \u00f6\u011frenciler i\u00e7in ger\u00e7ek d\u00fcnya ba\u011flamlar\u0131 ve zorluklar\u0131 sa\u011flayarak \u00f6\u011frenme deneyiminin pratikli\u011fini art\u0131r\u0131r.<\/li>\n<\/ul>\n\n\n\n<h3 class=\"wp-block-heading\"><a>6. \u00c7evik \u00d6\u011fretim Metodolojileri<\/a><\/h3>\n\n\n\n<ul class=\"wp-block-list\">\n<li><strong>K\u0131sa, Odaklanm\u0131\u015f \u00d6\u011frenme Sprintleri<\/strong>: TEBL kurslar\u0131, yo\u011funla\u015ft\u0131r\u0131lm\u0131\u015f \u00f6\u011frenme, geri bildirim ve revizyon patlamalar\u0131na olanak tan\u0131yan k\u0131sa b\u00f6l\u00fcmler halinde yap\u0131land\u0131r\u0131lm\u0131\u015ft\u0131r.<\/li>\n\n\n\n<li><strong>Hedeflerin D\u00fczenli Olarak G\u00f6zden Ge\u00e7irilmesi ve Uyarlanmas\u0131<\/strong>: Kurslar, i\u015f ortam\u0131ndaki de\u011fi\u015fiklikleri yans\u0131tacak \u015fekilde d\u00fczenli olarak g\u00fcncellenmekte, g\u00fcncelli\u011fini ve etkinli\u011fini korumaktad\u0131r.<\/li>\n\n\n\n<li><strong>Grup Projelerine Vurgu<\/strong>: Grup projeleri, aktif kat\u0131l\u0131m\u0131 ve becerilerin pratik uygulamas\u0131n\u0131 te\u015fvik ederek dinamik \u00f6\u011frenme deneyimlerini kolayla\u015ft\u0131r\u0131r.<\/li>\n<\/ul>\n\n\n\n<h3 class=\"wp-block-heading\"><a>7. \u0130\u015f D\u00fcnyas\u0131na \u00d6zel Dil Becerileri<\/a><\/h3>\n\n\n\n<ul class=\"wp-block-list\">\n<li><strong>G\u00fcncel \u0130\u015f Haberleri ve Vaka \u00c7al\u0131\u015fmalar\u0131n\u0131n Dahil Edilmesi<\/strong>: Bu, m\u00fcfredat\u0131 g\u00fcncel ve ilgili tutarak \u00f6\u011frencilere dil becerilerinin ger\u00e7ek i\u015f d\u00fcnyas\u0131nda nas\u0131l uyguland\u0131\u011f\u0131na dair ba\u011flam sa\u011flar.<\/li>\n\n\n\n<li><strong>\u0130\u015f Ba\u011flam\u0131nda Rol Oynama Al\u0131\u015ft\u0131rmalar\u0131<\/strong>: Bu al\u0131\u015ft\u0131rmalar ger\u00e7ek i\u015f senaryolar\u0131n\u0131 sim\u00fcle ederek \u00f6\u011frencilerin dil ve i\u015f becerilerini geli\u015ftirmelerine ve pratik yapmalar\u0131na olanak tan\u0131r.<\/li>\n\n\n\n<li><strong>Pratik \u0130\u015f \u0130ngilizcesi Becerilerine Odaklan\u0131n<\/strong>: \u00d6\u011frencilerin \u00f6\u011frendiklerini do\u011frudan kendi profesyonel ortamlar\u0131na uygulayabilmelerini sa\u011flar.<\/li>\n<\/ul>\n\n\n\n<h3 class=\"wp-block-heading\"><a>8. S\u00fcrekli \u0130yile\u015ftirme ve Adaptasyon<\/a><\/h3>\n\n\n\n<ul class=\"wp-block-list\">\n<li><strong>D\u00fczenli Retrospektifler<\/strong>: Neler \u00f6\u011frenildi\u011fini ve nelerin geli\u015ftirilebilece\u011fini g\u00f6zden ge\u00e7irmek i\u00e7in retrospektiflerin \u00e7evik uygulamas\u0131n\u0131 yans\u0131tan yans\u0131t\u0131c\u0131 oturumlar d\u00fczenlenir.<\/li>\n\n\n\n<li><strong>\u00d6z De\u011ferlendirme ve Akran De\u011ferlendirmesi<\/strong>: Bu s\u00fcre\u00e7ler, s\u00fcrekli geli\u015fim i\u00e7in kritik \u00f6neme sahip olan ki\u015fisel hesap verebilirli\u011fi ve topluluk \u00f6\u011frenimini te\u015fvik eder.<\/li>\n\n\n\n<li><strong>G\u00fcncel \u0130\u015f Uygulamalar\u0131n\u0131 Yans\u0131tacak H\u0131zl\u0131 G\u00fcncellemeler<\/strong>: M\u00fcfredat, en son i\u015f uygulamalar\u0131n\u0131 ve dil kullan\u0131mlar\u0131n\u0131 yans\u0131tt\u0131\u011f\u0131ndan emin olmak i\u00e7in d\u00fczenli olarak g\u00fcncellenmektedir.<\/li>\n<\/ul>\n\n\n\n<p>\u00c7evik ilkelerin TEBL program\u0131na bu kapsaml\u0131 entegrasyonu, \u00f6\u011frencilerin yaln\u0131zca etkili bir \u015fekilde \u00f6\u011frenmelerini de\u011fil, ayn\u0131 zamanda becerilerini dinamik ve geli\u015fen i\u015f ortamlar\u0131nda kullanmaya haz\u0131r olmalar\u0131n\u0131 sa\u011flar.<\/p>\n\n\n\n<p><\/p>","protected":false},"excerpt":{"rendered":"<p>Agile Education Principles incorporation across Different Aspects of the TEBL Program: 1. Curriculum Design and Delivery 2. Student-Centered Learning 3. Assessment and Feedback 4. Technology Integration 5. Real-World Application 6. Agile Teaching Methodologies 7. Business-Specific Language Skills 8. Continuous Improvement and Adaptation This comprehensive integration of agile principles into the TEBL program ensures that students [&hellip;]<\/p>","protected":false},"author":1,"featured_media":78,"parent":0,"menu_order":0,"comment_status":"closed","ping_status":"closed","template":"","meta":{"footnotes":""},"class_list":["post-10","page","type-page","status-publish","has-post-thumbnail","hentry"],"_links":{"self":[{"href":"https:\/\/tebl.education\/tr\/wp-json\/wp\/v2\/pages\/10","targetHints":{"allow":["GET"]}}],"collection":[{"href":"https:\/\/tebl.education\/tr\/wp-json\/wp\/v2\/pages"}],"about":[{"href":"https:\/\/tebl.education\/tr\/wp-json\/wp\/v2\/types\/page"}],"author":[{"embeddable":true,"href":"https:\/\/tebl.education\/tr\/wp-json\/wp\/v2\/users\/1"}],"replies":[{"embeddable":true,"href":"https:\/\/tebl.education\/tr\/wp-json\/wp\/v2\/comments?post=10"}],"version-history":[{"count":1,"href":"https:\/\/tebl.education\/tr\/wp-json\/wp\/v2\/pages\/10\/revisions"}],"predecessor-version":[{"id":17,"href":"https:\/\/tebl.education\/tr\/wp-json\/wp\/v2\/pages\/10\/revisions\/17"}],"wp:featuredmedia":[{"embeddable":true,"href":"https:\/\/tebl.education\/tr\/wp-json\/wp\/v2\/media\/78"}],"wp:attachment":[{"href":"https:\/\/tebl.education\/tr\/wp-json\/wp\/v2\/media?parent=10"}],"curies":[{"name":"wp","href":"https:\/\/api.w.org\/{rel}","templated":true}]}}