{"id":39,"date":"2024-06-23T14:45:30","date_gmt":"2024-06-23T18:45:30","guid":{"rendered":"https:\/\/tebl.education\/?page_id=39"},"modified":"2024-06-25T09:44:03","modified_gmt":"2024-06-25T13:44:03","slug":"teach-english-business-goals","status":"publish","type":"page","link":"https:\/\/tebl.education\/tr\/i\u0307ngi\u0307li\u0307zce-ogretmek-i\u0307s-hedefleri\u0307\/","title":{"rendered":"\u0130ngilizce \u00d6\u011fretin \u0130\u015f Hedefleri"},"content":{"rendered":"<p><\/p>\n\n\n\n<h1 class=\"wp-block-heading\"><a>B\u00f6l\u00fcm 1: TEBL Arac\u0131l\u0131\u011f\u0131yla \u0130\u015f Hedefleri Sanat\u0131nda Uzmanla\u015fmak<\/a><\/h1>\n\n\n\n<h2 class=\"wp-block-heading\"><a>MBA Adaylar\u0131 i\u00e7in TEBL'e Giri\u015f<\/a><\/h2>\n\n\n\n<p>Sizi bir MBA program\u0131nda ba\u015far\u0131l\u0131 olman\u0131z i\u00e7in gerekli olan i\u015f \u0130ngilizcesi yeterlili\u011fiyle donatmak \u00fczere tasarlanan \u0130\u015f Dili Olarak \u0130ngilizce \u00d6\u011fretimi (TEBL) y\u00f6ntemiyle haz\u0131rl\u0131k yolculu\u011funuza ho\u015f geldiniz. Bu b\u00f6l\u00fcm, sadece gelecekteki \u00e7al\u0131\u015fmalar\u0131n\u0131z\u0131 y\u00f6nlendirmek i\u00e7in de\u011fil, ayn\u0131 zamanda karma\u015f\u0131k i\u015f d\u00fcnyas\u0131nda ba\u015far\u0131l\u0131 olmak i\u00e7in de kritik olan etkili hedef belirlemenin temel becerilerini ortaya koymaktad\u0131r.<\/p>\n\n\n\n<h2 class=\"wp-block-heading\"><a>\u0130\u015fletmelerde Hedef Belirlemenin Stratejik \u00d6nemi<\/a><\/h2>\n\n\n\n<h3 class=\"wp-block-heading\"><a>Neden Hedefler Belirlenir?<\/a><\/h3>\n\n\n\n<p>Hedefler, profesyonelleri ba\u015far\u0131ya do\u011fru y\u00f6nlendiren, izlenecek net bir yol ve ula\u015f\u0131lacak kilometre ta\u015flar\u0131 sunan pusulalard\u0131r. MBA adaylar\u0131 i\u00e7in, iyi tan\u0131mlanm\u0131\u015f hedefler belirlemek, haz\u0131rl\u0131\u011f\u0131n\u0131z\u0131 yap\u0131land\u0131rmak ve i\u015fletme okulunun zorlu akademik ve dilsel taleplerini kar\u015f\u0131laman\u0131z\u0131 sa\u011flamak i\u00e7in \u00e7ok \u00f6nemlidir.<\/p>\n\n\n\n<h3 class=\"wp-block-heading\"><a>Hedef Belirleme Yoluyla Profesyonel Geli\u015fim<\/a><\/h3>\n\n\n\n<p>Etkili hedef belirleme, MBA'in rekabet\u00e7i ve h\u0131zl\u0131 tempolu ortam\u0131 i\u00e7in gerekli olan ki\u015fisel ve profesyonel geli\u015fimi kolayla\u015ft\u0131r\u0131r. \u00d6\u011freniminize \u00f6ncelik vermenize, zaman\u0131 etkili bir \u015fekilde y\u00f6netmenize ve kariyer hedeflerinizle uyumlu kalman\u0131za yard\u0131mc\u0131 olur.<\/p>\n\n\n\n<h2 class=\"wp-block-heading\"><a>TEBL'in Etkili Hedef Belirleme Yakla\u015f\u0131m\u0131<\/a><\/h2>\n\n\n\n<p>TEBL, i\u015f \u0130ngilizcesinde uzmanla\u015fmay\u0131 ama\u00e7layan ve ana dili \u0130ngilizce olmayanlar i\u00e7in \u00f6zellikle etkili olan \u00f6zel stratejiler sunar.<\/p>\n\n\n\n<h3 class=\"wp-block-heading\"><a>TEBL ile SMART Hedefler Yeniden G\u00f6zden Ge\u00e7irildi<\/a><\/h3>\n\n\n\n<p>TEBL y\u00f6ntemini kullanarak, SMART hedefleri \u00e7er\u00e7evesini i\u015f \u0130ngilizcesi \u00f6\u011frenme konusundaki \u00f6zel ihtiya\u00e7lar\u0131n\u0131za uyacak \u015fekilde uyarl\u0131yoruz:<\/p>\n\n\n\n<ul class=\"wp-block-list\">\n<li><strong>Spesifik<\/strong>: Hedefler, dil yeterlili\u011finizde neyi ba\u015farmay\u0131 ama\u00e7lad\u0131\u011f\u0131n\u0131z\u0131 tam olarak tan\u0131mlamal\u0131d\u0131r.<\/li>\n\n\n\n<li><strong>\u00d6l\u00e7\u00fclebilir<\/strong>: \u0130\u015f ileti\u015fimindeki geli\u015fmelerinizi \u00f6l\u00e7mek i\u00e7in kriterler belirleyin.<\/li>\n\n\n\n<li><strong>Ula\u015f\u0131labilir<\/strong>: Mevcut yeterlili\u011finiz ve ay\u0131rabilece\u011finiz zaman g\u00f6z \u00f6n\u00fcne al\u0131nd\u0131\u011f\u0131nda hedeflerin ger\u00e7ek\u00e7i oldu\u011fundan emin olun.<\/li>\n\n\n\n<li><strong>\u0130lgili<\/strong>: Hedeflerinizi, hedefledi\u011finiz MBA program\u0131n\u0131n \u00f6zel gereksinimleriyle uyumlu hale getirin.<\/li>\n\n\n\n<li><strong>Zamana ba\u011fl\u0131<\/strong>: Haz\u0131rl\u0131\u011f\u0131n\u0131z\u0131 yolunda tutmak ve s\u00fcrekli ilerlemeyi motive etmek i\u00e7in son tarihler belirleyin.<\/li>\n<\/ul>\n\n\n\n<h3 class=\"wp-block-heading\"><a>TEBL ile Geli\u015ftirilmi\u015f SPIRIT \u00c7er\u00e7evesi<\/a><\/h3>\n\n\n\n<p>TEBL, geleneksel hedef belirleme yakla\u015f\u0131m\u0131n\u0131 SPIRIT \u00e7er\u00e7evesiyle geli\u015ftirerek daha dinamik ve i\u015f \u0130ngilizcesi \u00f6\u011frenmenin zorluklar\u0131yla uyumlu hale getirir:<\/p>\n\n\n\n<ul class=\"wp-block-list\">\n<li><strong>Spesifik<\/strong>: \u00d6\u011frenme tarz\u0131n\u0131za ve ihtiya\u00e7lar\u0131n\u0131za g\u00f6re uyarlanm\u0131\u015f ayr\u0131nt\u0131l\u0131 hedefler.<\/li>\n\n\n\n<li><strong>\u00d6d\u00fcller<\/strong>: Dil kilometre ta\u015flar\u0131na ula\u015fmay\u0131 motive eden ve \u00f6d\u00fcllendiren te\u015fvikler.<\/li>\n\n\n\n<li><strong>Bireysel<\/strong>: Ge\u00e7mi\u015finize, isteklerinize ve kariyer hedeflerinize g\u00f6re ki\u015fiselle\u015ftirilmi\u015f.<\/li>\n\n\n\n<li><strong>\u0130nceleme<\/strong>: TEBL'in yap\u0131land\u0131r\u0131lm\u0131\u015f geri bildirim mekanizmalar\u0131 arac\u0131l\u0131\u011f\u0131yla d\u00fczenli de\u011ferlendirme.<\/li>\n\n\n\n<li><strong>\u0130lham verici<\/strong>: \u0130ngilizceyi i\u015f hayat\u0131nda g\u00fc\u00e7l\u00fc bir ara\u00e7 olarak kullanma arzular\u0131n\u0131zla \u00f6rt\u00fc\u015fen hedefler.<\/li>\n\n\n\n<li><strong>Zamana Ba\u011fl\u0131<\/strong>: MBA programlar\u0131na giri\u015f i\u00e7in zaman \u00e7izelgenize uyan net son tarihler.<\/li>\n<\/ul>\n\n\n\n<h2 class=\"wp-block-heading\"><a>MBA Haz\u0131rl\u0131\u011f\u0131n\u0131zda TEBL Hedef Belirleme Y\u00f6nteminin Uygulanmas\u0131<\/a><\/h2>\n\n\n\n<h3 class=\"wp-block-heading\"><a>TEBL'i \u00c7al\u0131\u015fma Rutininize Entegre Etme<\/a><\/h3>\n\n\n\n<p>TEBL metodolojilerini benimsemek, g\u00fcnl\u00fck \u00e7al\u0131\u015fma rutinlerinize yap\u0131land\u0131r\u0131lm\u0131\u015f entegrasyonu i\u00e7erir ve her hedefin i\u015f \u0130ngilizcesinde uzmanla\u015fmaya do\u011frudan katk\u0131da bulunmas\u0131n\u0131 sa\u011flar.<\/p>\n\n\n\n<h4 class=\"wp-block-heading\">S\u0131n\u0131f Aktiviteleri<\/h4>\n\n\n\n<p>\u0130leri d\u00fczeyde \u0130ngilizce ileti\u015fim gerektiren ger\u00e7ek i\u015f senaryolar\u0131n\u0131 sim\u00fcle eden TEBL'e \u00f6zg\u00fc etkinliklerden yararlan\u0131n. Bunlar, i\u015fletme okulunda kar\u015f\u0131la\u015faca\u011f\u0131n\u0131z yayg\u0131n ileti\u015fim ortamlar\u0131na g\u00f6re uyarlanm\u0131\u015f m\u00fczakereler, sunumlar veya \u0130ngilizce i\u015f teklifleri haz\u0131rlamay\u0131 i\u00e7erebilir.<\/p>\n\n\n\n<h4 class=\"wp-block-heading\">\u0130nteraktif TEBL At\u00f6lyeleri<\/h4>\n\n\n\n<p>\u00d6zellikle i\u015f jargonu, resmi yaz\u0131 ve ikna edici konu\u015fma gibi alanlara odaklanan at\u00f6lye \u00e7al\u0131\u015fmalar\u0131na kat\u0131l\u0131n. Bunlar sadece ak\u0131c\u0131l\u0131\u011f\u0131 de\u011fil, ayn\u0131 zamanda i\u015f ba\u011flamlar\u0131nda dilin stratejik kullan\u0131m\u0131n\u0131 da geli\u015ftirmek i\u00e7in tasarlanm\u0131\u015ft\u0131r.<\/p>\n\n\n\n<h3 class=\"wp-block-heading\"><a>TEBL Taraf\u0131ndan \u00d6nerilen Teknoloji ve Ara\u00e7lar<\/a><\/h3>\n\n\n\n<p>TEBL \u00f6\u011frenme \u00e7\u0131kt\u0131lar\u0131n\u0131 destekleyen teknolojiyi benimseyin:<\/p>\n\n\n\n<ul class=\"wp-block-list\">\n<li><strong>Dil \u00d6\u011frenme Uygulamalar\u0131<\/strong>: \u0130\u015f ileti\u015fimi konusunda \u00f6zel mod\u00fcller sunan Duolingo for Business English veya Babbel gibi.<\/li>\n\n\n\n<li><strong>Proje Y\u00f6netim Ara\u00e7lar\u0131<\/strong>: Dil \u00f6\u011frenme projelerinizi y\u00f6netmek ve hedeflerinize do\u011fru ilerlemeyi izlemek i\u00e7in kullan\u0131labilecek Asana veya Trello gibi.<\/li>\n<\/ul>\n\n\n\n<h2 class=\"wp-block-heading\"><a>TEBL Vaka \u00c7al\u0131\u015fmas\u0131: MBA Kabul Ba\u015far\u0131s\u0131nda Uygulama<\/a><\/h2>\n\n\n\n<h3 class=\"wp-block-heading\"><a>Senaryo MBA Kabul Haz\u0131rl\u0131\u011f\u0131<\/a><\/h3>\n\n\n\n<p>\u0130ngilizce konu\u015fmayan bir ge\u00e7mi\u015ften gelen ve \u0130ngilizce ileti\u015fim becerilerini geli\u015ftirerek ba\u015fvurular\u0131nda ve sonraki m\u00fclakatlar\u0131nda ba\u015far\u0131l\u0131 olmay\u0131 hedefleyen bir MBA \u00f6\u011frencisi d\u00fc\u015f\u00fcn\u00fcn.<\/p>\n\n\n\n<h4 class=\"wp-block-heading\">TEBL-SMART Hedef \u00d6rne\u011finin Uygulanmas\u0131<\/h4>\n\n\n\n<ul class=\"wp-block-list\">\n<li><strong>Spesifik<\/strong>: En iyi MBA programlar\u0131n\u0131n dil yeterlili\u011fi gereksinimlerini kar\u015f\u0131lamak i\u00e7in 7.5 IELTS puan\u0131 al\u0131n.<\/li>\n\n\n\n<li><strong>\u00d6l\u00e7\u00fclebilir<\/strong>: D\u00fczenli al\u0131\u015ft\u0131rma testleri ve geri bildirim oturumlar\u0131 ile ilerlemeyi takip edin.<\/li>\n\n\n\n<li><strong>Ula\u015f\u0131labilir<\/strong>: MBA adaylar\u0131 i\u00e7in \u00f6zel olarak haz\u0131rlanm\u0131\u015f 6 ayl\u0131k yo\u011fun bir TEBL program\u0131na kat\u0131l\u0131n.<\/li>\n\n\n\n<li><strong>\u0130lgili<\/strong>: K\u00fcresel MBA programlar\u0131n\u0131n kabul kriterleri ile do\u011frudan uyumludur.<\/li>\n\n\n\n<li><strong>Zamana ba\u011fl\u0131<\/strong>: Yakla\u015fan kabul d\u00f6ng\u00fcs\u00fc i\u00e7in haz\u0131rl\u0131klar\u0131 zaman\u0131nda tamamlay\u0131n.<\/li>\n<\/ul>\n\n\n\n<h3 class=\"wp-block-heading\"><a>Sonu\u00e7 ve Yans\u0131ma<\/a><\/h3>\n\n\n\n<p>Haz\u0131rl\u0131k sonras\u0131nda \u00f6\u011frenci, TEBL'in yap\u0131land\u0131r\u0131lm\u0131\u015f g\u00f6zden ge\u00e7irme s\u00fcrecini kullanarak belirlenen hedefler kar\u015f\u0131s\u0131ndaki ba\u015far\u0131lar\u0131n\u0131 g\u00f6zden ge\u00e7irir, gerekti\u011finde \u00f6\u011frenme stratejilerini ayarlar ve MBA yolculu\u011fu boyunca s\u00fcrekli geli\u015fim i\u00e7in daha fazla hedef belirler.<\/p>\n\n\n\n<h2 class=\"wp-block-heading\"><a>Hedeflerin \u00d6tesine Ge\u00e7mek: Temel MBA Haz\u0131rl\u0131k Becerileri<\/a><\/h2>\n\n\n\n<p>TEBL, dil yeterlili\u011fine ek olarak, MBA programlar\u0131n\u0131n \u00e7ok de\u011fer verdi\u011fi anahtar nitelikler olan ele\u015ftirel d\u00fc\u015f\u00fcnme, analitik beceriler ve a\u011f kurma becerilerinin geli\u015ftirilmesini de te\u015fvik etmektedir.<\/p>\n\n\n\n<h3 class=\"wp-block-heading\"><a>TEBL Arac\u0131l\u0131\u011f\u0131yla Kritik ve Analitik Becerilerin Geli\u015ftirilmesi<\/a><\/h3>\n\n\n\n<p>MBA vaka \u00e7al\u0131\u015fmalar\u0131 ve ara\u015ft\u0131rma tart\u0131\u015fmalar\u0131nda size fayda sa\u011flayacak daha derin bir analitik yakla\u015f\u0131m\u0131 te\u015fvik ederek karma\u015f\u0131k i\u015f kavramlar\u0131n\u0131 anlaman\u0131z\u0131 zorlayan TEBL etkinliklerine kat\u0131l\u0131n.<\/p>\n\n\n\n<h3 class=\"wp-block-heading\"><a>Etkili \u0130leti\u015fim Becerilerinin Geli\u015ftirilmesi<\/a><\/h3>\n\n\n\n<p>Etkili ileti\u015fim, genellikle fikirleri sunman\u0131z, noktalar\u0131 tart\u0131\u015fman\u0131z ve sonu\u00e7lar\u0131 etkili bir \u015fekilde m\u00fczakere etmeniz gereken MBA programlar\u0131nda ba\u015far\u0131 i\u00e7in kritik \u00f6neme sahiptir. TEBL at\u00f6lye \u00e7al\u0131\u015fmalar\u0131, hem s\u00f6zl\u00fc hem de yaz\u0131l\u0131 ileti\u015fim becerilerinizi geli\u015ftirmeye odaklanarak karma\u015f\u0131k fikirleri \u0130ngilizce olarak net ve ikna edici bir \u015fekilde ifade edebilmenizi sa\u011flar.<\/p>\n\n\n\n<h3 class=\"wp-block-heading\"><a>K\u00fcresel Bir A\u011f Olu\u015fturmak<\/a><\/h3>\n\n\n\n<p>A\u011f kurma, MBA deneyiminin \u00f6nemli bir y\u00f6n\u00fcd\u00fcr. TEBL, uluslararas\u0131 konferanslara, \u00e7evrimi\u00e7i forumlara ve d\u00fcnyan\u0131n d\u00f6rt bir yan\u0131ndan meslekta\u015flarla ortak projelere kat\u0131l\u0131m yoluyla bu becerinin erken geli\u015fimini te\u015fvik eder. Bu, yaln\u0131zca dil becerilerinizi geli\u015ftirmekle kalmaz, ayn\u0131 zamanda farkl\u0131 i\u015f k\u00fclt\u00fcrlerine ili\u015fkin anlay\u0131\u015f\u0131n\u0131z\u0131 da geni\u015fletir.<\/p>\n\n\n\n<h2 class=\"wp-block-heading\"><a>\u0130\u015fletme Okulunda Uzun Vadeli Ba\u015far\u0131 i\u00e7in TEBL Stratejileri<\/a><\/h2>\n\n\n\n<p>TEBL sizi sadece MBA'in dil boyutuna haz\u0131rlamakla kalmaz; sizi uzun vadeli akademik ve profesyonel ba\u015far\u0131 i\u00e7in stratejilerle donat\u0131r.<\/p>\n\n\n\n<h3 class=\"wp-block-heading\"><a>S\u00fcrekli \u0130yile\u015ftirme ve Ya\u015fam Boyu \u00d6\u011frenme<\/a><\/h3>\n\n\n\n<p>MBA yolculu\u011funuz boyunca a\u015famal\u0131 hedefler belirleyerek TEBL'in s\u00fcrekli geli\u015fim felsefesini benimseyin. Bu, temel i\u015f ileti\u015fiminden m\u00fczakere ve liderlik ileti\u015fim becerilerinde ustala\u015fmaya kadar ilerlemeyi i\u00e7erebilir.<\/p>\n\n\n\n<h3 class=\"wp-block-heading\"><a>Yeni \u0130\u015f Trendlerine Uyum Sa\u011flama<\/a><\/h3>\n\n\n\n<p>TEBL'in s\u00fcrekli e\u011fitim mod\u00fclleri ve kaynaklar\u0131 arac\u0131l\u0131\u011f\u0131yla en son i\u015f trendleri ve kelime da\u011farc\u0131\u011f\u0131 ile g\u00fcncel kal\u0131n. Bu proaktif yakla\u015f\u0131m, s\u00fcrekli geli\u015fen i\u015f d\u00fcnyas\u0131nda rekabet\u00e7i ve ilgili kalman\u0131z\u0131 sa\u011flar.<\/p>\n\n\n\n<h3 class=\"wp-block-heading\"><a>B\u00fcy\u00fcme i\u00e7in Geri Bildirimden Yararlanma<\/a><\/h3>\n\n\n\n<p>Geri bildirim, TEBL y\u00f6nteminin temel ta\u015flar\u0131ndan biridir. E\u011fitmenler ve akranlarla yap\u0131lan d\u00fczenli geri bildirim oturumlar\u0131, iyile\u015ftirme alanlar\u0131n\u0131 belirlemenize, stratejilerinizi geli\u015ftirmenize ve ileti\u015fim becerilerinizi etkili bir \u015fekilde geli\u015ftirmenize yard\u0131mc\u0131 olur.<\/p>\n\n\n\n<h2 class=\"wp-block-heading\"><a>Sonu\u00e7: MBA Haz\u0131rl\u0131\u011f\u0131na Giden TEBL Yolu<\/a><\/h2>\n\n\n\n<p>Bu b\u00f6l\u00fcm\u00fc bitirirken ve haz\u0131rl\u0131\u011f\u0131n\u0131zda ilerlerken, burada \u00f6\u011frendi\u011finiz hedef belirleme becerileri ve stratejilerinin sadece bir ba\u015flang\u0131\u00e7 oldu\u011funu unutmay\u0131n. Kapsaml\u0131 TEBL yakla\u015f\u0131m\u0131 sizi sadece dilsel olarak haz\u0131rlamak i\u00e7in de\u011fil, ayn\u0131 zamanda MBA ba\u015far\u0131s\u0131 ve \u00f6tesi i\u00e7in gerekli stratejik d\u00fc\u015f\u00fcnme ve ileti\u015fim becerileriyle donatmak i\u00e7in tasarlanm\u0131\u015ft\u0131r.<\/p>\n\n\n\n<h3 class=\"wp-block-heading\"><a>\u00d6nemli Noktalar\u0131n \u00d6zeti<\/a><\/h3>\n\n\n\n<ul class=\"wp-block-list\">\n<li><strong>TEBL ile Hedef Belirleme<\/strong>: SMART ve SPIRIT \u00e7er\u00e7evelerini kullanarak etkili, \u00f6zel hedeflerin nas\u0131l belirlenece\u011fini ele ald\u0131k ve MBA i\u00e7in haz\u0131rl\u0131\u011f\u0131n\u0131z\u0131 geli\u015ftirdik.<\/li>\n\n\n\n<li><strong>TEBL Stratejilerinin Entegre Edilmesi<\/strong>: TEBL'i g\u00fcnl\u00fck \u00e7al\u0131\u015fmalar\u0131n\u0131za entegre etmeyi, \u0130ngilizce yeterlili\u011finizi ve i\u015f ileti\u015fimi becerilerinizi geli\u015ftirmek i\u00e7in metodolojilerini kullanmay\u0131 \u00f6\u011frendiniz.<\/li>\n\n\n\n<li><strong>Vaka \u00c7al\u0131\u015fmas\u0131 \u0130\u00e7g\u00f6r\u00fcleri<\/strong>: Vaka \u00e7al\u0131\u015fmas\u0131, TEBL-SMART hedeflerini uygulaman\u0131n MBA kabul\u00fcn\u00fcz\u00fc do\u011frudan nas\u0131l destekledi\u011fini ve akademik ve profesyonel yolculu\u011funuzda s\u00fcrekli ba\u015far\u0131y\u0131 nas\u0131l sa\u011flad\u0131\u011f\u0131n\u0131 g\u00f6stermi\u015ftir.<\/li>\n<\/ul>\n\n\n\n<h3 class=\"wp-block-heading\"><a>\u0130leriye Bakmak<\/a><\/h3>\n\n\n\n<p>Bu kitapta ilerledik\u00e7e, her b\u00f6l\u00fcm bu temeller \u00fczerine in\u015fa edilecek, belirli i\u015f ileti\u015fimi becerilerini ve geli\u015fmi\u015f TEBL stratejilerini ke\u015ffedecektir. TEBL ile \u00e7\u0131kt\u0131\u011f\u0131n\u0131z bu yolculuk, \u00f6\u011frenme yakla\u015f\u0131m\u0131n\u0131z\u0131 de\u011fi\u015ftirecek, sizi MBA program\u0131n\u0131zda ve k\u00fcresel i\u015f arenas\u0131ndaki gelecekteki kariyerinizde ba\u015far\u0131ya haz\u0131rlayacakt\u0131r. TEBL'in sizi m\u00fckemmelle\u015ftirecek ara\u00e7larla donatm\u0131\u015f olmas\u0131n\u0131n verdi\u011fi g\u00fcvenle \u00f6n\u00fcn\u00fczdeki zorluklar\u0131 kucaklay\u0131n.<\/p>\n\n\n\n<h2 class=\"wp-block-heading\">&nbsp;<\/h2>\n\n\n\n<h2 class=\"wp-block-heading\"><a>\u0130\u015f D\u00fcnyas\u0131nda Hedef Belirleme S\u00f6zl\u00fc\u011f\u00fc<\/a><\/h2>\n\n\n\n<figure class=\"wp-block-table\"><table><thead><tr><td><strong>D\u00f6nem<\/strong><\/td><td><strong>A\u00e7\u0131klama<\/strong><\/td><\/tr><\/thead><tbody><tr><td><strong>Eylem Plan\u0131<\/strong><\/td><td>Belirli bir hedefe ula\u015fmak i\u00e7in gereken ad\u0131mlar\u0131 \u00f6zetleyen ayr\u0131nt\u0131l\u0131 bir plan.<\/td><\/tr><tr><td><strong>K\u0131yaslama<\/strong><\/td><td>Bir ki\u015finin i\u015f s\u00fcre\u00e7lerini ve performans \u00f6l\u00e7\u00fcmlerini sekt\u00f6r\u00fcn en iyileri veya en iyi uygulamalar\u0131yla kar\u015f\u0131la\u015ft\u0131rma s\u00fcreci.<\/td><\/tr><tr><td><strong>Ba\u011fl\u0131l\u0131k<\/strong><\/td><td>Bir amaca, faaliyete vb. adanm\u0131\u015f olma durumu veya niteli\u011fi, hedeflere ula\u015fmak i\u00e7in \u00e7ok \u00f6nemlidir.<\/td><\/tr><tr><td><strong>S\u00fcrekli \u0130yile\u015ftirme<\/strong><\/td><td>Genellikle i\u015f hedeflerinin bir par\u00e7as\u0131 olan \u00fcr\u00fcnleri, hizmetleri veya s\u00fcre\u00e7leri iyile\u015ftirmeye y\u00f6nelik devam eden bir \u00e7aba.<\/td><\/tr><tr><td><strong>Verimlilik<\/strong><\/td><td>Bir i\u015fi en az zaman ve \u00e7aba harcayarak ba\u015farma becerisi.<\/td><\/tr><tr><td><strong>Geri bildirim<\/strong><\/td><td>Bir \u00fcr\u00fcne verilen tepkiler, bir ki\u015finin bir g\u00f6revi yerine getirme performans\u0131 vb. hakk\u0131nda, iyile\u015ftirme i\u00e7in temel olarak kullan\u0131lan bilgiler.<\/td><\/tr><tr><td><strong>Hedef<\/strong><\/td><td>Bir ki\u015fi veya sistemin belirli bir zaman dilimi i\u00e7inde ula\u015fmay\u0131 hedefledi\u011fi belirli, planl\u0131 bir ama\u00e7.<\/td><\/tr><tr><td><strong>Hedef Taahh\u00fcd\u00fc<\/strong><\/td><td>Bir hedefe ula\u015fma kararl\u0131l\u0131\u011f\u0131, genellikle hedefe ula\u015fman\u0131n beklenen sonu\u00e7lar\u0131n\u0131n \u00f6nemi ile artar.<\/td><\/tr><tr><td><strong>Hedef Odakl\u0131l\u0131k<\/strong><\/td><td>Bir bireyin performans veya \u00f6\u011frenme hedefleri gibi belirli hedef t\u00fcrlerini tercih etme veya benimseme e\u011filimi veya e\u011filimi.<\/td><\/tr><tr><td><strong>Hedef Belirleme<\/strong><\/td><td>Spesifik, \u00f6l\u00e7\u00fclebilir ve zaman hedefli hedeflerin belirlenmesi s\u00fcreci.<\/td><\/tr><tr><td><strong>M\u00fcdahale<\/strong><\/td><td>Bir hedefe y\u00f6nelik olarak bir s\u00fcreci veya performans\u0131 iyile\u015ftirmek i\u00e7in yap\u0131lan eylemler, genellikle e\u011fitim ve organizasyon ortamlar\u0131nda kullan\u0131l\u0131r.<\/td><\/tr><tr><td><strong>Anahtar Performans G\u00f6stergesi (KPI)<\/strong><\/td><td>Bir \u015firketin temel i\u015f hedeflerine ne kadar etkili bir \u015fekilde ula\u015ft\u0131\u011f\u0131n\u0131 g\u00f6steren \u00f6l\u00e7\u00fclebilir bir de\u011fer.<\/td><\/tr><tr><td><strong>\u00d6\u011frenme Hedefleri<\/strong><\/td><td>Hedefler, anl\u0131k performans sonu\u00e7lar\u0131ndan ziyade bilgi veya beceri edinmeye odaklan\u0131r.<\/td><\/tr><tr><td><strong>Kilometre Ta\u015f\u0131<\/strong><\/td><td>Bir projenin geli\u015fiminde, bir hedefe do\u011fru net bir ba\u015far\u0131y\u0131 ve ilerlemeyi temsil eden \u00f6nemli bir nokta.<\/td><\/tr><tr><td><strong>Motivasyon<\/strong><\/td><td>Bir ki\u015finin bir \u015feyi yapmaya y\u00f6nelik genel arzusu veya isteklili\u011fi, hedeflere ula\u015fmada \u00e7ok \u00f6nemlidir.<\/td><\/tr><tr><td><strong>Ama\u00e7<\/strong><\/td><td>Bir ki\u015fi veya sistemin belirli bir zaman dilimi i\u00e7inde net, \u00f6l\u00e7\u00fclebilir ad\u0131mlarla ula\u015fmay\u0131 hedefledi\u011fi belirli bir sonu\u00e7.<\/td><\/tr><tr><td><strong>Performans Hedefleri<\/strong><\/td><td>Bir kurulu\u015f veya birey d\u00fczeyinde belirli performans kriterlerini kar\u015f\u0131lamay\u0131 ama\u00e7layan hedefler.<\/td><\/tr><tr><td><strong>Kal\u0131c\u0131l\u0131k<\/strong><\/td><td>\u00d6zellikle engeller kar\u015f\u0131s\u0131nda bir hedefe ula\u015fmak i\u00e7in gerekli olan s\u00fcrekli \u00e7aba.<\/td><\/tr><tr><td><strong>Planlama<\/strong><\/td><td>Hedeflerin belirlenmesi ve bunlara ula\u015fmak i\u00e7in gereken eylemlerin belirlenmesi de dahil olmak \u00fczere bir \u015fey i\u00e7in plan yapma s\u00fcreci.<\/td><\/tr><tr><td><strong>\u00d6z Yeterlilik<\/strong><\/td><td>Ki\u015finin belirli durumlarda ba\u015far\u0131l\u0131 olabilece\u011fine veya bir g\u00f6revi yerine getirebilece\u011fine dair inanc\u0131, hedefe ula\u015fmak i\u00e7in \u00e7ok \u00f6nemlidir.<\/td><\/tr><tr><td><strong>AKILLI Kriterler<\/strong><\/td><td>Spesifik, \u00d6l\u00e7\u00fclebilir, Ula\u015f\u0131labilir, \u0130lgili ve Zamana Ba\u011fl\u0131 hedefler belirlemek i\u00e7in bir \u00e7er\u00e7eve.<\/td><\/tr><tr><td><strong>Stratejik Planlama<\/strong><\/td><td>Gelecekte arzu edilen bir sonucun aktif olarak haz\u0131rlanmas\u0131 ve bu geni\u015f hedefin bir plana d\u00f6n\u00fc\u015ft\u00fcr\u00fclmesine y\u00f6nelik sistematik bir s\u00fcre\u00e7.<\/td><\/tr><tr><td><strong>Uzatma Hedefleri<\/strong><\/td><td>Bir bireyi veya kurulu\u015fu mevcut yeteneklerinin \u00f6tesine iten son derece zorlu veya iddial\u0131 hedefler.<\/td><\/tr><tr><td><strong>Alt Hedefler<\/strong><\/td><td>Daha \u00f6nemli, uzun vadeli hedeflere ula\u015fmaya yard\u0131mc\u0131 olmak i\u00e7in belirlenen ara hedefler.<\/td><\/tr><tr><td><strong>\u00dcst Hedefler<\/strong><\/td><td>Hiyerar\u015fide daha \u00fcst s\u0131ralarda yer alan, daha soyut ve do\u011frudan eyleme ge\u00e7irilebilir olmas\u0131 gerekmeyen hedefler.<\/td><\/tr><\/tbody><\/table><\/figure>\n\n\n\n<h2 class=\"wp-block-heading\">&nbsp;<\/h2>\n\n\n\n<h2 class=\"wp-block-heading\"><a>Yararl\u0131 Kaynaklar:  \u0130\u015f D\u00fcnyas\u0131nda Hedef Belirleme S\u00f6zc\u00fckleri<\/a><\/h2>\n\n\n\n<p><a href=\"https:\/\/en.wikipedia.org\/wiki\/Goal_setting\">https:\/\/en.wikipedia.org\/wiki\/Goal_setting<\/a><\/p>","protected":false},"excerpt":{"rendered":"<p>Chapter 1: Mastering the Art of Business Goals Through TEBL Introduction to TEBL for MBA Aspirants Welcome to your preparatory journey through the Teaching English as a Business Language (TEBL) method, designed to equip you with the business English proficiency necessary for success in an MBA program. This chapter lays the foundational skills of effective [&hellip;]<\/p>","protected":false},"author":1,"featured_media":85,"parent":0,"menu_order":0,"comment_status":"closed","ping_status":"closed","template":"","meta":{"footnotes":""},"class_list":["post-39","page","type-page","status-publish","has-post-thumbnail","hentry"],"_links":{"self":[{"href":"https:\/\/tebl.education\/tr\/wp-json\/wp\/v2\/pages\/39","targetHints":{"allow":["GET"]}}],"collection":[{"href":"https:\/\/tebl.education\/tr\/wp-json\/wp\/v2\/pages"}],"about":[{"href":"https:\/\/tebl.education\/tr\/wp-json\/wp\/v2\/types\/page"}],"author":[{"embeddable":true,"href":"https:\/\/tebl.education\/tr\/wp-json\/wp\/v2\/users\/1"}],"replies":[{"embeddable":true,"href":"https:\/\/tebl.education\/tr\/wp-json\/wp\/v2\/comments?post=39"}],"version-history":[{"count":1,"href":"https:\/\/tebl.education\/tr\/wp-json\/wp\/v2\/pages\/39\/revisions"}],"predecessor-version":[{"id":40,"href":"https:\/\/tebl.education\/tr\/wp-json\/wp\/v2\/pages\/39\/revisions\/40"}],"wp:featuredmedia":[{"embeddable":true,"href":"https:\/\/tebl.education\/tr\/wp-json\/wp\/v2\/media\/85"}],"wp:attachment":[{"href":"https:\/\/tebl.education\/tr\/wp-json\/wp\/v2\/media?parent=39"}],"curies":[{"name":"wp","href":"https:\/\/api.w.org\/{rel}","templated":true}]}}