{"id":96,"date":"2024-06-25T11:41:13","date_gmt":"2024-06-25T15:41:13","guid":{"rendered":"https:\/\/tebl.education\/?page_id=96"},"modified":"2024-06-25T11:41:15","modified_gmt":"2024-06-25T15:41:15","slug":"tebl-author","status":"publish","type":"page","link":"https:\/\/tebl.education\/tr\/tebl-author\/","title":{"rendered":"TEBL Yazar"},"content":{"rendered":"<p><\/p>\n\n\n\n<p>Teaching English as a Business Language (TEBL), Montreal'de ya\u015fayan Kanadal\u0131 \u0130\u015f \u00c7evikli\u011fi Ara\u015ft\u0131rmac\u0131s\u0131 ve E\u011fitimcisi Profes\u00f6r Thomas Hormaza Dow taraf\u0131ndan 2017 y\u0131l\u0131nda kuruldu. \u0130\u015f d\u00fcnyas\u0131na y\u00f6nelik \u00f6zel \u0130ngilizce e\u011fitimine duyulan ihtiyac\u0131 fark eden Profes\u00f6r Hormaza Dow, TEBL'i geli\u015ftirmek i\u00e7in Akademik ve Kurumsal deneyimlerinden yararland\u0131. Champlain College, York \u00dcniversitesi ve Concordia \u00dcniversitesi'nde ders vermi\u015f, McGill ve Toronto \u00dcniversitesi gibi kurumlarda konu\u015fmalar yapm\u0131\u015ft\u0131r.<\/p>\n\n\n\n<p>Profes\u00f6r Hormaza Dow, TEBL'in E\u011fitim \u00c7evikli\u011fine dayanmas\u0131n\u0131 sa\u011flam\u0131\u015f, bu \u0130\u015f \u0130ngilizcesi E\u011fitim Yakla\u015f\u0131m\u0131n\u0131n Olu\u015fturulmas\u0131nda ve Geli\u015ftirilmesinde \u00c7evik \u00d6\u011fretme ve \u00d6\u011frenme Uygulamalar\u0131n\u0131 uygulam\u0131\u015ft\u0131r.<\/p>\n\n\n\n<p>\u00c7e\u015fitli Agile Manifestolar\u0131n\u0131n ortak yarat\u0131c\u0131s\u0131 ve imzac\u0131s\u0131 olmak da dahil olmak \u00fczere Agile toplulu\u011funa kat\u0131l\u0131m\u0131, TEBL'nin h\u0131zl\u0131 i\u015f de\u011fi\u015fikliklerine uyum sa\u011flamak i\u00e7in tasarlanm\u0131\u015f dinamik ve esnek yakla\u015f\u0131m\u0131n\u0131 etkiledi. Profes\u00f6r Hormaza Dow, B\u00fcy\u00fck \u015eirketlerde Pazarlama ve Teknoloji Proje Y\u00f6netimi alan\u0131ndaki ge\u00e7mi\u015fi ve Concordia \u00dcniversitesi'nde \u0130\u015fletme ve E\u011fitim Teknolojileri alan\u0131ndaki Lisans\u00fcst\u00fc Ara\u015ft\u0131rmas\u0131 ile TEBL'in m\u00fcfredat\u0131n\u0131 Akademik Ama\u00e7l\u0131 \u0130ngilizce (EAP) ve Mesleki Ama\u00e7l\u0131 \u0130ngilizceyi (EOP) birle\u015ftirecek \u015fekilde haz\u0131rlad\u0131. Lansman\u0131ndan bu yana TEBL, Ger\u00e7ek D\u00fcnya i\u00e7in modern \u0130\u015f \u0130htiya\u00e7lar\u0131n\u0131 kar\u015f\u0131lamak \u00fczere s\u00fcrekli geli\u015ferek Kurulu\u015flarda ve Y\u00f6neticiler i\u00e7in \u00d6zel \u00d6zel Derslerde ilgi g\u00f6rm\u00fc\u015ft\u00fcr.<\/p>","protected":false},"excerpt":{"rendered":"<p>Teaching English as a Business Language (TEBL) was created in 2017 by Professor Thomas Hormaza Dow, a Canadian Business Agility Researcher and Educator based in Montreal. Recognizing a need for specialized English instruction tailored for the Business World, Professor Hormaza Dow drew on his Academic and Corporate experiences to develop TEBL. He has taught at [&hellip;]<\/p>","protected":false},"author":1,"featured_media":0,"parent":0,"menu_order":0,"comment_status":"closed","ping_status":"closed","template":"","meta":{"footnotes":""},"class_list":["post-96","page","type-page","status-publish","hentry"],"_links":{"self":[{"href":"https:\/\/tebl.education\/tr\/wp-json\/wp\/v2\/pages\/96","targetHints":{"allow":["GET"]}}],"collection":[{"href":"https:\/\/tebl.education\/tr\/wp-json\/wp\/v2\/pages"}],"about":[{"href":"https:\/\/tebl.education\/tr\/wp-json\/wp\/v2\/types\/page"}],"author":[{"embeddable":true,"href":"https:\/\/tebl.education\/tr\/wp-json\/wp\/v2\/users\/1"}],"replies":[{"embeddable":true,"href":"https:\/\/tebl.education\/tr\/wp-json\/wp\/v2\/comments?post=96"}],"version-history":[{"count":1,"href":"https:\/\/tebl.education\/tr\/wp-json\/wp\/v2\/pages\/96\/revisions"}],"predecessor-version":[{"id":97,"href":"https:\/\/tebl.education\/tr\/wp-json\/wp\/v2\/pages\/96\/revisions\/97"}],"wp:attachment":[{"href":"https:\/\/tebl.education\/tr\/wp-json\/wp\/v2\/media?parent=96"}],"curies":[{"name":"wp","href":"https:\/\/api.w.org\/{rel}","templated":true}]}}