{"id":10,"date":"2024-06-23T14:07:24","date_gmt":"2024-06-23T18:07:24","guid":{"rendered":"https:\/\/tebl.education\/?page_id=10"},"modified":"2024-06-25T09:16:06","modified_gmt":"2024-06-25T13:16:06","slug":"tebl-agile-education","status":"publish","type":"page","link":"https:\/\/tebl.education\/vi\/giao-duc-linh-hoat-tebl\/","title":{"rendered":"Tri\u1ebft l\u00fd gi\u00e1o d\u1ee5c: Gi\u00e1o d\u1ee5c linh ho\u1ea1t"},"content":{"rendered":"<p>Vi\u1ec7c k\u1ebft h\u1ee3p c\u00e1c Nguy\u00ean t\u1eafc Gi\u00e1o d\u1ee5c Agile tr\u00ean c\u00e1c kh\u00eda c\u1ea1nh kh\u00e1c nhau c\u1ee7a Ch\u01b0\u01a1ng tr\u00ecnh TEBL:<\/p>\n\n\n\n<h3 class=\"wp-block-heading\"><a>1. Thi\u1ebft k\u1ebf v\u00e0 cung c\u1ea5p ch\u01b0\u01a1ng tr\u00ecnh gi\u1ea3ng d\u1ea1y<\/a><\/h3>\n\n\n\n<ul class=\"wp-block-list\">\n<li><strong>Ch\u01b0\u01a1ng tr\u00ecnh gi\u1ea3ng d\u1ea1y th\u00edch \u1ee9ng<\/strong>: Gi\u00e1o d\u1ee5c linh ho\u1ea1t \u01b0u ti\u00ean kh\u1ea3 n\u0103ng th\u00edch \u1ee9ng, cho ph\u00e9p TEBL s\u1eeda \u0111\u1ed5i ch\u01b0\u01a1ng tr\u00ecnh gi\u1ea3ng d\u1ea1y c\u1ee7a m\u00ecnh \u0111\u1ec3 \u0111\u00e1p \u1ee9ng c\u00e1c xu h\u01b0\u1edbng kinh doanh m\u1edbi n\u1ed5i, ph\u1ea3n h\u1ed3i c\u1ee7a sinh vi\u00ean v\u00e0 k\u1ebft qu\u1ea3 gi\u00e1o d\u1ee5c. \u0110i\u1ec1u n\u00e0y \u0111\u1ea3m b\u1ea3o n\u1ed9i dung v\u1eabn c\u00f3 li\u00ean quan v\u00e0 hi\u1ec7u qu\u1ea3.<\/li>\n\n\n\n<li><strong>Chu k\u1ef3 h\u1ecdc t\u1eadp l\u1eb7p \u0111i l\u1eb7p l\u1ea1i<\/strong>: TEBL s\u1eed d\u1ee5ng c\u00e1c chu tr\u00ecnh ng\u1eafn, l\u1eb7p \u0111i l\u1eb7p l\u1ea1i cho ph\u00e9p c\u1ea3i ti\u1ebfn li\u00ean t\u1ee5c trong qu\u00e1 tr\u00ecnh h\u1ecdc t\u1eadp, ph\u1ea3n \u00e1nh ph\u01b0\u01a1ng ph\u00e1p ch\u1ea1y n\u01b0\u1edbc r\u00fat c\u1ee7a Agile.<\/li>\n\n\n\n<li><strong>T\u00e0i li\u1ec7u h\u1ecdc t\u1eadp tinh g\u1ecdn<\/strong>: Nh\u1ea5n m\u1ea1nh v\u00e0o n\u1ed9i dung thi\u1ebft y\u1ebfu m\u00e0 kh\u00f4ng g\u00e2y qu\u00e1 t\u1ea3i cho h\u1ecdc sinh, ch\u01b0\u01a1ng tr\u00ecnh gi\u1ea3ng d\u1ea1y c\u1ee7a TEBL t\u1eadp trung v\u00e0o c\u00e1c t\u00e0i li\u1ec7u hi\u1ec7u qu\u1ea3 nh\u1ea5t, ph\u1ea3n \u00e1nh c\u00e1ch ti\u1ebfp c\u1eadn tinh g\u1ecdn c\u1ee7a c\u00e1c ph\u01b0\u01a1ng ph\u00e1p linh ho\u1ea1t.<\/li>\n\n\n\n<li><strong>H\u1ecdc t\u1eadp \u0111\u00fang l\u00fac<\/strong>: C\u00e1ch ti\u1ebfp c\u1eadn n\u00e0y cung c\u1ea5p cho sinh vi\u00ean th\u00f4ng tin li\u00ean quan m\u1ed9t c\u00e1ch ch\u00ednh x\u00e1c khi c\u1ea7n thi\u1ebft, gi\u00fap qu\u00e1 tr\u00ecnh h\u1ecdc t\u1eadp hi\u1ec7u qu\u1ea3 h\u01a1n v\u00e0 c\u00f3 th\u1ec3 \u00e1p d\u1ee5ng tr\u1ef1c ti\u1ebfp v\u00e0o nhu c\u1ea7u ho\u1eb7c d\u1ef1 \u00e1n tr\u01b0\u1edbc m\u1eaft c\u1ee7a h\u1ecd.<\/li>\n<\/ul>\n\n\n\n<h3 class=\"wp-block-heading\"><a>2. H\u1ecdc t\u1eadp l\u1ea5y h\u1ecdc sinh l\u00e0m trung t\u00e2m<\/a><\/h3>\n\n\n\n<ul class=\"wp-block-list\">\n<li><strong>L\u1ed9 tr\u00ecnh h\u1ecdc t\u1eadp \u0111\u01b0\u1ee3c c\u00e1 nh\u00e2n h\u00f3a<\/strong>: Gi\u00e1o d\u1ee5c linh ho\u1ea1t h\u1ed7 tr\u1ee3 t\u00f9y ch\u1ec9nh tr\u1ea3i nghi\u1ec7m h\u1ecdc t\u1eadp. TEBL cung c\u1ea5p c\u00e1c l\u1ed9 tr\u00ecnh \u0111\u01b0\u1ee3c c\u00e1 nh\u00e2n h\u00f3a nh\u1eb1m \u0111\u00e1p \u1ee9ng m\u1ee5c ti\u00eau ngh\u1ec1 nghi\u1ec7p v\u00e0 tr\u00ecnh \u0111\u1ed9 k\u1ef9 n\u0103ng c\u1ee7a t\u1eebng h\u1ecdc sinh.<\/li>\n\n\n\n<li><strong>H\u1ecdc t\u1eadp c\u00f3 t\u00ednh h\u1ee3p t\u00e1c<\/strong>: TEBL khuy\u1ebfn kh\u00edch l\u00e0m vi\u1ec7c nh\u00f3m v\u00e0 h\u1ecdc h\u1ecfi l\u1eabn nhau, v\u1ed1n l\u00e0 nh\u1eefng kh\u00eda c\u1ea1nh ch\u00ednh c\u1ee7a c\u00e1c ph\u01b0\u01a1ng ph\u00e1p linh ho\u1ea1t, n\u00e2ng cao s\u1ef1 hi\u1ec3u bi\u1ebft th\u00f4ng qua c\u00e1c t\u01b0\u01a1ng t\u00e1c v\u00e0 quan \u0111i\u1ec3m \u0111a d\u1ea1ng.<\/li>\n\n\n\n<li><strong>Nguy\u00ean m\u1eabu nhanh ch\u00f3ng c\u1ee7a k\u1ef9 n\u0103ng ng\u00f4n ng\u1eef<\/strong>: H\u1ecdc sinh \u00e1p d\u1ee5ng c\u00e1c k\u1ef9 n\u0103ng ng\u00f4n ng\u1eef m\u1ed9t c\u00e1ch nhanh ch\u00f3ng trong b\u1ed1i c\u1ea3nh th\u1ef1c t\u1ebf, ki\u1ec3m tra v\u00e0 ho\u00e0n thi\u1ec7n kh\u1ea3 n\u0103ng c\u1ee7a m\u00ecnh trong th\u1eddi gian th\u1ef1c.<\/li>\n\n\n\n<li><strong>H\u1ecdc t\u1eadp theo \u0111\u1ecbnh h\u01b0\u1edbng gi\u00e1 tr\u1ecb<\/strong>: M\u1ecdi kh\u00eda c\u1ea1nh c\u1ee7a TEBL \u0111\u01b0\u1ee3c thi\u1ebft k\u1ebf \u0111\u1ec3 t\u1ed1i \u0111a h\u00f3a gi\u00e1 tr\u1ecb cho sinh vi\u00ean, t\u1eeb c\u00e1c k\u1ef9 n\u0103ng ng\u00f4n ng\u1eef c\u00f3 th\u1ec3 \u00e1p d\u1ee5ng tr\u1ef1c ti\u1ebfp \u0111\u1ebfn c\u00e1c c\u01a1 h\u1ed9i k\u1ebft n\u1ed1i v\u00e0 ph\u00e1t tri\u1ec3n ngh\u1ec1 nghi\u1ec7p.<\/li>\n<\/ul>\n\n\n\n<h3 class=\"wp-block-heading\"><a>3. \u0110\u00e1nh gi\u00e1 v\u00e0 ph\u1ea3n h\u1ed3i<\/a><\/h3>\n\n\n\n<ul class=\"wp-block-list\">\n<li><strong>\u0110\u00e1nh gi\u00e1 li\u00ean t\u1ee5c<\/strong>: Gi\u00e1o d\u1ee5c linh ho\u1ea1t bao g\u1ed3m vi\u1ec7c ki\u1ec3m tra ti\u1ebfn \u0111\u1ed9 th\u01b0\u1eddng xuy\u00ean v\u00e0 TEBL k\u1ebft h\u1ee3p c\u00e1c \u0111\u00e1nh gi\u00e1 li\u00ean t\u1ee5c \u0111\u1ec3 theo d\u00f5i ti\u1ebfn b\u1ed9 c\u1ee7a h\u1ecdc sinh v\u00e0 h\u01b0\u1edbng d\u1eabn c\u00e1c chi\u1ebfn l\u01b0\u1ee3c h\u1ecdc t\u1eadp trong t\u01b0\u01a1ng lai.<\/li>\n\n\n\n<li><strong>V\u00f2ng ph\u1ea3n h\u1ed3i th\u01b0\u1eddng xuy\u00ean<\/strong>: Ph\u1ea3n h\u1ed3i l\u00e0 kh\u00f4ng th\u1ec3 thi\u1ebfu \u0111\u1ed1i v\u1edbi c\u00e1c ph\u01b0\u01a1ng ph\u00e1p linh ho\u1ea1t v\u00e0 TEBL, gi\u00fap sinh vi\u00ean hi\u1ec3u \u0111\u01b0\u1ee3c ti\u1ebfn tr\u00ecnh c\u1ee7a m\u00ecnh v\u00e0 c\u00e1c l\u0129nh v\u1ef1c c\u1ea7n c\u1ea3i thi\u1ec7n li\u00ean t\u1ee5c.<\/li>\n\n\n\n<li><strong>Suy ng\u1eabm v\u00e0 c\u1ea3i ti\u1ebfn li\u00ean t\u1ee5c<\/strong>: Th\u1ef1c h\u00e0nh ph\u1ea3n \u00e1nh \u0111\u01b0\u1ee3c khuy\u1ebfn kh\u00edch trong TEBL, cho ph\u00e9p sinh vi\u00ean ti\u1ebfp thu nh\u1eefng g\u00ec \u0111\u00e3 h\u1ecdc v\u00e0 c\u00e1ch h\u1ecd c\u00f3 th\u1ec3 \u00e1p d\u1ee5ng n\u00f3 v\u00e0o m\u1ee5c ti\u00eau h\u1ecdc t\u1eadp v\u00e0 ngh\u1ec1 nghi\u1ec7p c\u1ee7a m\u00ecnh.<\/li>\n<\/ul>\n\n\n\n<h3 class=\"wp-block-heading\"><a>4. T\u00edch h\u1ee3p c\u00f4ng ngh\u1ec7<\/a><\/h3>\n\n\n\n<ul class=\"wp-block-list\">\n<li><strong>T\u00edch h\u1ee3p c\u00e1c \u1ee9ng d\u1ee5ng h\u1ecdc ng\u00f4n ng\u1eef<\/strong>: TEBL t\u00edch h\u1ee3p c\u00e1c c\u00f4ng ngh\u1ec7 gi\u00e1o d\u1ee5c hi\u1ec7n \u0111\u1ea1i, bao g\u1ed3m c\u00e1c \u1ee9ng d\u1ee5ng h\u1ed7 tr\u1ee3 l\u1eb7p l\u1ea1i ng\u1eaft qu\u00e3ng, h\u1ecdc t\u1eadp t\u01b0\u01a1ng t\u00e1c, v.v.<\/li>\n\n\n\n<li><strong>M\u00f4 ph\u1ecfng th\u1ef1c t\u1ebf \u1ea3o<\/strong>: Ch\u00fang \u0111\u01b0\u1ee3c s\u1eed d\u1ee5ng \u0111\u1ec3 mang l\u1ea1i tr\u1ea3i nghi\u1ec7m h\u1ecdc t\u1eadp phong ph\u00fa, m\u00f4 ph\u1ecfng m\u00f4i tr\u01b0\u1eddng kinh doanh n\u01a1i c\u00e1c k\u1ef9 n\u0103ng ng\u00f4n ng\u1eef c\u00f3 th\u1ec3 \u0111\u01b0\u1ee3c th\u1ef1c h\u00e0nh.<\/li>\n\n\n\n<li><strong>S\u1eed d\u1ee5ng c\u00e1c c\u00f4ng c\u1ee5 v\u00e0 n\u1ec1n t\u1ea3ng c\u1ed9ng t\u00e1c<\/strong>: C\u00e1c c\u00f4ng c\u1ee5 nh\u01b0 n\u1ec1n t\u1ea3ng vi\u1ebft c\u1ed9ng t\u00e1c v\u00e0 \u1ee9ng d\u1ee5ng giao ti\u1ebfp t\u1ea1o \u0111i\u1ec1u ki\u1ec7n thu\u1eadn l\u1ee3i cho m\u00f4i tr\u01b0\u1eddng h\u1ecdc t\u1eadp t\u01b0\u01a1ng t\u00e1c, hi\u1ec7n \u0111\u1ea1i.<\/li>\n<\/ul>\n\n\n\n<h3 class=\"wp-block-heading\"><a>5. \u1ee8ng d\u1ee5ng trong th\u1ebf gi\u1edbi th\u1ef1c<\/a><\/h3>\n\n\n\n<ul class=\"wp-block-list\">\n<li><strong>Ph\u00e1t tri\u1ec3n k\u1ef9 n\u0103ng \u0111a ch\u1ee9c n\u0103ng<\/strong>: Vi\u1ec7c h\u1ecdc TEBL kh\u00f4ng ch\u1ec9 ri\u00eang v\u1edbi ng\u00f4n ng\u1eef m\u00e0 c\u00f2n bao g\u1ed3m vi\u1ec7c ph\u00e1t tri\u1ec3n c\u00e1c k\u1ef9 n\u0103ng kh\u00e1c li\u00ean quan \u0111\u1ebfn kinh doanh th\u00f4ng qua vi\u1ec7c h\u1ecdc ng\u00f4n ng\u1eef.<\/li>\n\n\n\n<li><strong>S\u1ef1 tham gia c\u1ee7a c\u00e1c b\u00ean li\u00ean quan<\/strong>: S\u1ef1 tham gia tr\u1ef1c ti\u1ebfp c\u1ee7a c\u00e1c b\u00ean li\u00ean quan trong kinh doanh \u0111\u1ea3m b\u1ea3o r\u1eb1ng t\u00e0i li\u1ec7u gi\u1ea3ng d\u1ea1y ph\u00f9 h\u1ee3p v\u00e0 \u0111\u00e1p \u1ee9ng nhu c\u1ea7u th\u1ef1c t\u1ebf c\u1ee7a th\u1ebf gi\u1edbi kinh doanh.<\/li>\n\n\n\n<li><strong>H\u1ee3p t\u00e1c v\u1edbi c\u00e1c c\u00f4ng ty<\/strong>: Nh\u1eefng m\u1ed1i quan h\u1ec7 h\u1ee3p t\u00e1c n\u00e0y cung c\u1ea5p b\u1ed1i c\u1ea3nh v\u00e0 th\u00e1ch th\u1ee9c trong th\u1ebf gi\u1edbi th\u1ef1c cho sinh vi\u00ean, n\u00e2ng cao t\u00ednh th\u1ef1c ti\u1ec5n c\u1ee7a tr\u1ea3i nghi\u1ec7m h\u1ecdc t\u1eadp.<\/li>\n<\/ul>\n\n\n\n<h3 class=\"wp-block-heading\"><a>6. Ph\u01b0\u01a1ng ph\u00e1p gi\u1ea3ng d\u1ea1y linh ho\u1ea1t<\/a><\/h3>\n\n\n\n<ul class=\"wp-block-list\">\n<li><strong>Sprints h\u1ecdc t\u1eadp ng\u1eafn, t\u1eadp trung<\/strong>: C\u00e1c kh\u00f3a h\u1ecdc TEBL \u0111\u01b0\u1ee3c c\u1ea5u tr\u00fac th\u00e0nh c\u00e1c ph\u00e2n \u0111o\u1ea1n ng\u1eafn cho ph\u00e9p t\u1eadp trung v\u00e0o c\u00e1c \u0111\u1ee3t h\u1ecdc t\u1eadp, ph\u1ea3n h\u1ed3i v\u00e0 \u00f4n t\u1eadp.<\/li>\n\n\n\n<li><strong>\u0110\u00e1nh gi\u00e1 th\u01b0\u1eddng xuy\u00ean v\u00e0 \u0111i\u1ec1u ch\u1ec9nh c\u00e1c m\u1ee5c ti\u00eau<\/strong>: C\u00e1c kh\u00f3a h\u1ecdc \u0111\u01b0\u1ee3c c\u1eadp nh\u1eadt th\u01b0\u1eddng xuy\u00ean \u0111\u1ec3 ph\u1ea3n \u00e1nh nh\u1eefng thay \u0111\u1ed5i trong m\u00f4i tr\u01b0\u1eddng kinh doanh, duy tr\u00ec t\u00ednh ph\u00f9 h\u1ee3p v\u00e0 hi\u1ec7u qu\u1ea3.<\/li>\n\n\n\n<li><strong>Nh\u1ea5n m\u1ea1nh v\u00e0o c\u00e1c d\u1ef1 \u00e1n nh\u00f3m<\/strong>: C\u00e1c d\u1ef1 \u00e1n nh\u00f3m t\u1ea1o \u0111i\u1ec1u ki\u1ec7n cho tr\u1ea3i nghi\u1ec7m h\u1ecdc t\u1eadp n\u0103ng \u0111\u1ed9ng, khuy\u1ebfn kh\u00edch s\u1ef1 tham gia t\u00edch c\u1ef1c v\u00e0 \u00e1p d\u1ee5ng c\u00e1c k\u1ef9 n\u0103ng v\u00e0o th\u1ef1c t\u1ebf.<\/li>\n<\/ul>\n\n\n\n<h3 class=\"wp-block-heading\"><a>7. K\u1ef9 n\u0103ng ng\u00f4n ng\u1eef d\u00e0nh ri\u00eang cho doanh nghi\u1ec7p<\/a><\/h3>\n\n\n\n<ul class=\"wp-block-list\">\n<li><strong>K\u1ebft h\u1ee3p c\u00e1c tin t\u1ee9c kinh doanh hi\u1ec7n t\u1ea1i v\u00e0 nghi\u00ean c\u1ee9u \u0111i\u1ec3n h\u00ecnh<\/strong>: \u0110i\u1ec1u n\u00e0y gi\u00fap ch\u01b0\u01a1ng tr\u00ecnh gi\u1ea3ng d\u1ea1y lu\u00f4n \u0111\u01b0\u1ee3c c\u1eadp nh\u1eadt v\u00e0 ph\u00f9 h\u1ee3p, cung c\u1ea5p cho sinh vi\u00ean b\u1ed1i c\u1ea3nh v\u1ec1 c\u00e1ch \u00e1p d\u1ee5ng k\u1ef9 n\u0103ng ng\u00f4n ng\u1eef c\u1ee7a h\u1ecd trong th\u1ebf gi\u1edbi kinh doanh th\u1ef1c t\u1ebf.<\/li>\n\n\n\n<li><strong>B\u00e0i t\u1eadp nh\u1eadp vai trong b\u1ed1i c\u1ea3nh kinh doanh<\/strong>: Nh\u1eefng b\u00e0i t\u1eadp n\u00e0y m\u00f4 ph\u1ecfng c\u00e1c t\u00ecnh hu\u1ed1ng kinh doanh th\u1ef1c t\u1ebf, cho ph\u00e9p sinh vi\u00ean th\u1ef1c h\u00e0nh v\u00e0 trau d\u1ed3i ng\u00f4n ng\u1eef c\u0169ng nh\u01b0 k\u1ef9 n\u0103ng kinh doanh.<\/li>\n\n\n\n<li><strong>T\u1eadp trung v\u00e0o c\u00e1c k\u1ef9 n\u0103ng ti\u1ebfng Anh th\u01b0\u01a1ng m\u1ea1i th\u1ef1c t\u1ebf<\/strong>: \u0110\u1ea3m b\u1ea3o r\u1eb1ng sinh vi\u00ean c\u00f3 th\u1ec3 \u00e1p d\u1ee5ng tr\u1ef1c ti\u1ebfp nh\u1eefng g\u00ec h\u1ecdc \u0111\u01b0\u1ee3c v\u00e0o m\u00f4i tr\u01b0\u1eddng chuy\u00ean nghi\u1ec7p c\u1ee7a m\u00ecnh.<\/li>\n<\/ul>\n\n\n\n<h3 class=\"wp-block-heading\"><a>8. C\u1ea3i ti\u1ebfn v\u00e0 th\u00edch \u1ee9ng li\u00ean t\u1ee5c<\/a><\/h3>\n\n\n\n<ul class=\"wp-block-list\">\n<li><strong>H\u1ed3i t\u01b0\u1edfng th\u01b0\u1eddng xuy\u00ean<\/strong>: C\u00e1c bu\u1ed5i ph\u1ea3n \u00e1nh \u0111\u01b0\u1ee3c t\u1ed5 ch\u1ee9c \u0111\u1ec3 xem x\u00e9t nh\u1eefng g\u00ec \u0111\u00e3 h\u1ecdc \u0111\u01b0\u1ee3c v\u00e0 nh\u1eefng g\u00ec c\u00f3 th\u1ec3 c\u1ea3i thi\u1ec7n, ph\u1ea3n \u00e1nh c\u00e1ch th\u1ef1c h\u00e0nh h\u1ed3i c\u1ee9u linh ho\u1ea1t.<\/li>\n\n\n\n<li><strong>T\u1ef1 \u0111\u00e1nh gi\u00e1 v\u00e0 \u0111\u00e1nh gi\u00e1 ngang h\u00e0ng<\/strong>: C\u00e1c quy tr\u00ecnh n\u00e0y khuy\u1ebfn kh\u00edch tr\u00e1ch nhi\u1ec7m c\u00e1 nh\u00e2n v\u00e0 h\u1ecdc t\u1eadp c\u1ee7a c\u1ed9ng \u0111\u1ed3ng, r\u1ea5t quan tr\u1ecdng \u0111\u1ec3 c\u1ea3i ti\u1ebfn li\u00ean t\u1ee5c.<\/li>\n\n\n\n<li><strong>C\u1eadp nh\u1eadt nhanh \u0111\u1ec3 ph\u1ea3n \u00e1nh th\u1ef1c ti\u1ec5n kinh doanh hi\u1ec7n t\u1ea1i<\/strong>: Ch\u01b0\u01a1ng tr\u00ecnh gi\u1ea3ng d\u1ea1y \u0111\u01b0\u1ee3c c\u1eadp nh\u1eadt th\u01b0\u1eddng xuy\u00ean \u0111\u1ec3 \u0111\u1ea3m b\u1ea3o ph\u1ea3n \u00e1nh th\u1ef1c ti\u1ec5n kinh doanh v\u00e0 c\u00e1ch s\u1eed d\u1ee5ng ng\u00f4n ng\u1eef m\u1edbi nh\u1ea5t.<\/li>\n<\/ul>\n\n\n\n<p>S\u1ef1 t\u00edch h\u1ee3p to\u00e0n di\u1ec7n c\u00e1c nguy\u00ean t\u1eafc linh ho\u1ea1t n\u00e0y v\u00e0o ch\u01b0\u01a1ng tr\u00ecnh TEBL \u0111\u1ea3m b\u1ea3o r\u1eb1ng sinh vi\u00ean kh\u00f4ng ch\u1ec9 h\u1ecdc hi\u1ec7u qu\u1ea3 m\u00e0 c\u00f2n s\u1eb5n s\u00e0ng s\u1eed d\u1ee5ng c\u00e1c k\u1ef9 n\u0103ng c\u1ee7a m\u00ecnh trong m\u00f4i tr\u01b0\u1eddng kinh doanh n\u0103ng \u0111\u1ed9ng v\u00e0 ph\u00e1t tri\u1ec3n.<\/p>\n\n\n\n<p><\/p>","protected":false},"excerpt":{"rendered":"<p>Agile Education Principles incorporation across Different Aspects of the TEBL Program: 1. Curriculum Design and Delivery 2. Student-Centered Learning 3. Assessment and Feedback 4. Technology Integration 5. Real-World Application 6. Agile Teaching Methodologies 7. Business-Specific Language Skills 8. Continuous Improvement and Adaptation This comprehensive integration of agile principles into the TEBL program ensures that students [&hellip;]<\/p>","protected":false},"author":1,"featured_media":78,"parent":0,"menu_order":0,"comment_status":"closed","ping_status":"closed","template":"","meta":{"footnotes":""},"class_list":["post-10","page","type-page","status-publish","has-post-thumbnail","hentry"],"_links":{"self":[{"href":"https:\/\/tebl.education\/vi\/wp-json\/wp\/v2\/pages\/10","targetHints":{"allow":["GET"]}}],"collection":[{"href":"https:\/\/tebl.education\/vi\/wp-json\/wp\/v2\/pages"}],"about":[{"href":"https:\/\/tebl.education\/vi\/wp-json\/wp\/v2\/types\/page"}],"author":[{"embeddable":true,"href":"https:\/\/tebl.education\/vi\/wp-json\/wp\/v2\/users\/1"}],"replies":[{"embeddable":true,"href":"https:\/\/tebl.education\/vi\/wp-json\/wp\/v2\/comments?post=10"}],"version-history":[{"count":1,"href":"https:\/\/tebl.education\/vi\/wp-json\/wp\/v2\/pages\/10\/revisions"}],"predecessor-version":[{"id":17,"href":"https:\/\/tebl.education\/vi\/wp-json\/wp\/v2\/pages\/10\/revisions\/17"}],"wp:featuredmedia":[{"embeddable":true,"href":"https:\/\/tebl.education\/vi\/wp-json\/wp\/v2\/media\/78"}],"wp:attachment":[{"href":"https:\/\/tebl.education\/vi\/wp-json\/wp\/v2\/media?parent=10"}],"curies":[{"name":"wp","href":"https:\/\/api.w.org\/{rel}","templated":true}]}}