{"id":96,"date":"2024-06-25T11:41:13","date_gmt":"2024-06-25T15:41:13","guid":{"rendered":"https:\/\/tebl.education\/?page_id=96"},"modified":"2024-06-25T11:41:15","modified_gmt":"2024-06-25T15:41:15","slug":"tebl-author","status":"publish","type":"page","link":"https:\/\/tebl.education\/vi\/tac-gia-tebl\/","title":{"rendered":"T\u00e1c gi\u1ea3 TEBL"},"content":{"rendered":"<p><\/p>\n\n\n\n<p>D\u1ea1y ti\u1ebfng Anh nh\u01b0 m\u1ed9t ng\u00f4n ng\u1eef kinh doanh (TEBL) \u0111\u01b0\u1ee3c s\u00e1ng l\u1eadp v\u00e0o n\u0103m 2017 b\u1edfi Gi\u00e1o s\u01b0 Thomas Hormaza Dow, m\u1ed9t nh\u00e0 nghi\u00ean c\u1ee9u v\u00e0 nh\u00e0 gi\u00e1o d\u1ee5c v\u1ec1 t\u00ednh linh ho\u1ea1t trong kinh doanh ng\u01b0\u1eddi Canada c\u00f3 tr\u1ee5 s\u1edf t\u1ea1i Montreal. Nh\u1eadn th\u1ea5y nhu c\u1ea7u gi\u1ea3ng d\u1ea1y ti\u1ebfng Anh chuy\u00ean ng\u00e0nh ph\u00f9 h\u1ee3p v\u1edbi Th\u1ebf gi\u1edbi Kinh doanh, Gi\u00e1o s\u01b0 Hormaza Dow \u0111\u00e3 v\u1eadn d\u1ee5ng kinh nghi\u1ec7m H\u1ecdc thu\u1eadt v\u00e0 Doanh nghi\u1ec7p c\u1ee7a m\u00ecnh \u0111\u1ec3 ph\u00e1t tri\u1ec3n TEBL. \u00d4ng \u0111\u00e3 gi\u1ea3ng d\u1ea1y t\u1ea1i Cao \u0111\u1eb3ng Champlain, \u0110\u1ea1i h\u1ecdc York v\u00e0 \u0110\u1ea1i h\u1ecdc Concordia, \u0111\u1ed3ng th\u1eddi ph\u00e1t bi\u1ec3u t\u1ea1i c\u00e1c h\u1ecdc vi\u1ec7n nh\u01b0 McGill v\u00e0 \u0110\u1ea1i h\u1ecdc Toronto.<\/p>\n\n\n\n<p>Gi\u00e1o s\u01b0 Hormaza Dow \u0111\u1ea3m b\u1ea3o TEBL s\u1ebd b\u1eaft ngu\u1ed3n t\u1eeb Gi\u00e1o d\u1ee5c linh ho\u1ea1t. \u00d4ng \u0111\u00e3 \u00e1p d\u1ee5ng Th\u1ef1c h\u00e0nh D\u1ea1y v\u00e0 H\u1ecdc Agile trong qu\u00e1 tr\u00ecnh h\u00ecnh th\u00e0nh v\u00e0 ph\u00e1t tri\u1ec3n Ph\u01b0\u01a1ng ph\u00e1p gi\u00e1o d\u1ee5c ti\u1ebfng Anh th\u01b0\u01a1ng m\u1ea1i n\u00e0y.<\/p>\n\n\n\n<p>S\u1ef1 tham gia c\u1ee7a \u00f4ng v\u00e0o c\u1ed9ng \u0111\u1ed3ng Agile, bao g\u1ed3m c\u1ea3 vai tr\u00f2 l\u00e0 ng\u01b0\u1eddi \u0111\u1ed3ng s\u00e1ng t\u1ea1o v\u00e0 ng\u01b0\u1eddi k\u00fd k\u1ebft nhi\u1ec1u Tuy\u00ean ng\u00f4n Agile kh\u00e1c nhau, \u0111\u00e3 \u1ea3nh h\u01b0\u1edfng \u0111\u1ebfn c\u00e1ch ti\u1ebfp c\u1eadn n\u0103ng \u0111\u1ed9ng v\u00e0 linh ho\u1ea1t c\u1ee7a TEBL, \u0111\u01b0\u1ee3c thi\u1ebft k\u1ebf \u0111\u1ec3 th\u00edch \u1ee9ng v\u1edbi nh\u1eefng thay \u0111\u1ed5i nhanh ch\u00f3ng trong kinh doanh. V\u1edbi n\u1ec1n t\u1ea3ng v\u1ec1 Ti\u1ebfp th\u1ecb v\u00e0 Qu\u1ea3n l\u00fd D\u1ef1 \u00e1n C\u00f4ng ngh\u1ec7 t\u1ea1i c\u00e1c T\u1eadp \u0111o\u00e0n l\u1edbn v\u00e0 Nghi\u00ean c\u1ee9u sau \u0111\u1ea1i h\u1ecdc v\u1ec1 C\u00f4ng ngh\u1ec7 Gi\u00e1o d\u1ee5c v\u00e0 Kinh doanh t\u1ea1i \u0110\u1ea1i h\u1ecdc Concordia, Gi\u00e1o s\u01b0 Hormaza Dow \u0111\u00e3 x\u00e2y d\u1ef1ng ch\u01b0\u01a1ng tr\u00ecnh gi\u1ea3ng d\u1ea1y c\u1ee7a TEBL \u0111\u1ec3 k\u1ebft h\u1ee3p Ti\u1ebfng Anh cho M\u1ee5c \u0111\u00edch H\u1ecdc thu\u1eadt (EAP) v\u00e0 Ti\u1ebfng Anh cho M\u1ee5c \u0111\u00edch Ngh\u1ec1 nghi\u1ec7p (EOP). K\u1ec3 t\u1eeb khi ra m\u1eaft, TEBL \u0111\u00e3 \u0111\u1ea1t \u0111\u01b0\u1ee3c s\u1ee9c h\u00fat trong c\u00e1c T\u1ed5 ch\u1ee9c v\u00e0 D\u1ea1y k\u00e8m ri\u00eang cho Gi\u00e1m \u0111\u1ed1c \u0111i\u1ec1u h\u00e0nh, li\u00ean t\u1ee5c ph\u00e1t tri\u1ec3n \u0111\u1ec3 \u0111\u00e1p \u1ee9ng Nhu c\u1ea7u Kinh doanh hi\u1ec7n \u0111\u1ea1i cho Th\u1ebf gi\u1edbi Th\u1ef1c.<\/p>","protected":false},"excerpt":{"rendered":"<p>Teaching English as a Business Language (TEBL) was created in 2017 by Professor Thomas Hormaza Dow, a Canadian Business Agility Researcher and Educator based in Montreal. Recognizing a need for specialized English instruction tailored for the Business World, Professor Hormaza Dow drew on his Academic and Corporate experiences to develop TEBL. He has taught at [&hellip;]<\/p>","protected":false},"author":1,"featured_media":0,"parent":0,"menu_order":0,"comment_status":"closed","ping_status":"closed","template":"","meta":{"footnotes":""},"class_list":["post-96","page","type-page","status-publish","hentry"],"_links":{"self":[{"href":"https:\/\/tebl.education\/vi\/wp-json\/wp\/v2\/pages\/96","targetHints":{"allow":["GET"]}}],"collection":[{"href":"https:\/\/tebl.education\/vi\/wp-json\/wp\/v2\/pages"}],"about":[{"href":"https:\/\/tebl.education\/vi\/wp-json\/wp\/v2\/types\/page"}],"author":[{"embeddable":true,"href":"https:\/\/tebl.education\/vi\/wp-json\/wp\/v2\/users\/1"}],"replies":[{"embeddable":true,"href":"https:\/\/tebl.education\/vi\/wp-json\/wp\/v2\/comments?post=96"}],"version-history":[{"count":1,"href":"https:\/\/tebl.education\/vi\/wp-json\/wp\/v2\/pages\/96\/revisions"}],"predecessor-version":[{"id":97,"href":"https:\/\/tebl.education\/vi\/wp-json\/wp\/v2\/pages\/96\/revisions\/97"}],"wp:attachment":[{"href":"https:\/\/tebl.education\/vi\/wp-json\/wp\/v2\/media?parent=96"}],"curies":[{"name":"wp","href":"https:\/\/api.w.org\/{rel}","templated":true}]}}